{"id":10726,"date":"2025-09-02T08:40:26","date_gmt":"2025-09-02T06:40:26","guid":{"rendered":"https:\/\/www.kohlverlag.de\/themen\/?page_id=10726"},"modified":"2025-11-05T10:11:16","modified_gmt":"2025-11-05T09:11:16","slug":"differenzierung-im-deutschunterricht","status":"publish","type":"page","link":"https:\/\/www.kohlverlag.de\/themen\/differenzierung-im-unterricht\/differenzierung-im-deutschunterricht\/","title":{"rendered":"Differenzierung im Deutschunterricht"},"content":{"rendered":"\n<div class=\"section-main gb-element-fc48e669\">\n<div class=\"container-main width-main\">\n<div class=\"container-flex gb-element-ee77c04b\">\n<div class=\"col-70\">\n<p class=\"gb-text gb-text-3409c613\">Redaktionelle Auswahl zum Thema:<\/p>\n\n\n\n<h2 id=\"differenzierung-im-deutschunterricht-in-der-grundschule\" class=\"gb-text mb-2rem\">Differenzierung im Deutschunterricht <br><mark style=\"background-color:rgba(0, 0, 0, 0)\" class=\"has-inline-color has-brand-primary-color\">in der Grundschule<\/mark><\/h2>\n\n\n\n<div class=\"mb-4rem gb-element-5a454fd0\">\n<p class=\"gb-text-efbeb463\"><span class=\"gb-shape\"><svg aria-hidden=\"true\" role=\"img\" height=\"1em\" width=\"1em\" viewBox=\"0 0 448 512\" xmlns=\"http:\/\/www.w3.org\/2000\/svg\"><path fill=\"currentColor\" d=\"M400 480H48c-26.51 0-48-21.49-48-48V80c0-26.51 21.49-48 48-48h352c26.51 0 48 21.49 48 48v352c0 26.51-21.49 48-48 48zm-204.686-98.059l184-184c6.248-6.248 6.248-16.379 0-22.627l-22.627-22.627c-6.248-6.248-16.379-6.249-22.628 0L184 302.745l-70.059-70.059c-6.248-6.248-16.379-6.248-22.628 0l-22.627 22.627c-6.248 6.248-6.248 16.379 0 22.627l104 104c6.249 6.25 16.379 6.25 22.628.001z\"><\/path><\/svg><\/span><span class=\"gb-text\">Spielerische und kindgerechte \u00dcbungen, die auf verschiedene Lernst\u00e4nde eingehen<\/span><\/p>\n\n\n\n<p class=\"gb-text-766250ea\"><span class=\"gb-shape\"><svg aria-hidden=\"true\" role=\"img\" height=\"1em\" width=\"1em\" viewBox=\"0 0 448 512\" xmlns=\"http:\/\/www.w3.org\/2000\/svg\"><path fill=\"currentColor\" d=\"M400 480H48c-26.51 0-48-21.49-48-48V80c0-26.51 21.49-48 48-48h352c26.51 0 48 21.49 48 48v352c0 26.51-21.49 48-48 48zm-204.686-98.059l184-184c6.248-6.248 6.248-16.379 0-22.627l-22.627-22.627c-6.248-6.248-16.379-6.249-22.628 0L184 302.745l-70.059-70.059c-6.248-6.248-16.379-6.248-22.628 0l-22.627 22.627c-6.248 6.248-6.248 16.379 0 22.627l104 104c6.249 6.25 16.379 6.25 22.628.001z\"><\/path><\/svg><\/span><span class=\"gb-text\">Rechtschreibung, Lesen und Schreiben differenziert \u00fcben<\/span><\/p>\n\n\n\n<p class=\"gb-text-579a2e58\"><span class=\"gb-shape\"><svg aria-hidden=\"true\" role=\"img\" height=\"1em\" width=\"1em\" viewBox=\"0 0 448 512\" xmlns=\"http:\/\/www.w3.org\/2000\/svg\"><path fill=\"currentColor\" d=\"M400 480H48c-26.51 0-48-21.49-48-48V80c0-26.51 21.49-48 48-48h352c26.51 0 48 21.49 48 48v352c0 26.51-21.49 48-48 48zm-204.686-98.059l184-184c6.248-6.248 6.248-16.379 0-22.627l-22.627-22.627c-6.248-6.248-16.379-6.249-22.628 0L184 302.745l-70.059-70.059c-6.248-6.248-16.379-6.248-22.628 0l-22.627 22.627c-6.248 6.248-6.248 16.379 0 22.627l104 104c6.249 6.25 16.379 6.25 22.628.001z\"><\/path><\/svg><\/span><span class=\"gb-text\">Materialien, die ohne lange Vorbereitung sofort einsetzbar sind<\/span><\/p>\n\n\n\n<p class=\"gb-text-511f0ca8\"><span class=\"gb-shape\"><svg aria-hidden=\"true\" role=\"img\" height=\"1em\" width=\"1em\" viewBox=\"0 0 448 512\" xmlns=\"http:\/\/www.w3.org\/2000\/svg\"><path fill=\"currentColor\" d=\"M400 480H48c-26.51 0-48-21.49-48-48V80c0-26.51 21.49-48 48-48h352c26.51 0 48 21.49 48 48v352c0 26.51-21.49 48-48 48zm-204.686-98.059l184-184c6.248-6.248 6.248-16.379 0-22.627l-22.627-22.627c-6.248-6.248-16.379-6.249-22.628 0L184 302.745l-70.059-70.059c-6.248-6.248-16.379-6.248-22.628 0l-22.627 22.627c-6.248 6.248-6.248 16.379 0 22.627l104 104c6.249 6.25 16.379 6.25 22.628.001z\"><\/path><\/svg><\/span><span class=\"gb-text\">Selbstst\u00e4ndiges Arbeiten durch klare Strukturen und motivierende Aufgaben<\/span><\/p>\n<\/div>\n<\/div>\n\n\n\n<div class=\"col-30 gb-element-438b359d\">\n<img loading=\"lazy\" decoding=\"async\" width=\"476\" height=\"700\" class=\"gb-media-2dee19b7\" alt=\"\" src=\"https:\/\/www.kohlverlag.de\/themen\/wp-content\/uploads\/2025\/07\/portrait26.webp\" title=\"portrait26\" srcset=\"https:\/\/www.kohlverlag.de\/themen\/wp-content\/uploads\/2025\/07\/portrait26.webp 476w, https:\/\/www.kohlverlag.de\/themen\/wp-content\/uploads\/2025\/07\/portrait26-204x300.webp 204w\" sizes=\"auto, (max-width: 476px) 100vw, 476px\" \/>\n<\/div>\n<\/div>\n\n\n\n<div class=\"box-padding-40 border-radius mb-4rem gb-element-b013640f\">\n<div class=\"container-flex gb-element-c6463f29\">\n<div class=\"col-25 box-padding-20 border-radius verlauf-rot gb-element-d2426585\">\n<p class=\"gb-text font-h3 gb-text-531bcf98\">Von der Redaktion empfohlen<\/p>\n<\/div>\n\n\n\n<div class=\"col-75 gb-element-134ac143\">\n<div><div class=\"gb-looper-08c98a5a\">\n<div class=\"gb-loop-item border-radius box-padding-20 gb-loop-item-1419745b post-13221 produkt type-produkt status-publish has-post-thumbnail hentry artikelnummer-p12404 fach-deutsch klasse-klasse-3 klasse-klasse-4 klasse-klasse-5 klasse-klasse-6 schulform-grundschule schulform-sekundarstufe-i thema-aufsatz thema-bildanlaesse thema-bildergeschichten thema-erzaehlanlaesse thema-freies-schreiben thema-kreatives-schreiben\">\n\n<\/div>\n\n<div class=\"gb-loop-item border-radius box-padding-20 gb-loop-item-1419745b post-12121 produkt type-produkt status-publish has-post-thumbnail hentry artikelnummer-p12062 fach-deutsch klasse-klasse-4 schulform-foerderschule schulform-grundschule thema-gross-und-kleinschreibung thema-mitlaute thema-rechtschreibung thema-vokale\">\n\n<\/div>\n\n<div class=\"gb-loop-item border-radius box-padding-20 gb-loop-item-1419745b post-10891 produkt type-produkt status-publish has-post-thumbnail hentry artikelnummer-p11822 fach-deutsch klasse-klasse-3 klasse-klasse-4 schulform-grundschule thema-brueder-grimm thema-fabeln thema-lerneinheiten thema-lesetexte thema-literaturunterricht thema-maerchen thema-wochenplan\">\n\n<\/div>\n<\/div><\/div>\n<\/div>\n<\/div>\n<\/div>\n\n\n\n<div class=\"box-padding-40 border-radius mb-4rem gb-element-03537106\">\n<div class=\"container-flex gb-element-91ca91bd\">\n<div class=\"col-70\">\n<div><div class=\"gb-looper-d4e3809d\">\n<div class=\"gb-loop-item border-radius box-padding-20 gb-loop-item-ed82c815 post-11477 produkt type-produkt status-publish has-post-thumbnail hentry artikelnummer-p12482 fach-deutsch klasse-klasse-3 klasse-klasse-4 schulform-grundschule thema-aufgabenkarten thema-brueder-grimm thema-differenzierung thema-fabeln thema-literaturunterricht thema-maerchen thema-maerchenmerkmale thema-personenbeschreibung thema-selbstlernzeit thema-stationskarten\">\n\n<\/div>\n\n<div class=\"gb-loop-item border-radius box-padding-20 gb-loop-item-ed82c815 post-11933 produkt type-produkt status-publish has-post-thumbnail hentry artikelnummer-p11858 fach-deutsch klasse-klasse-3 klasse-klasse-4 schulform-grundschule thema-abschreiben thema-diktate thema-legasthenie thema-lese-rechtschreib-schwaeche thema-rechtschreibung\">\n\n<\/div>\n\n<div class=\"gb-loop-item border-radius box-padding-20 gb-loop-item-ed82c815 post-13307 produkt type-produkt status-publish has-post-thumbnail hentry artikelnummer-p12509 fach-deutsch klasse-klasse-3 klasse-klasse-4 produktgruppe-stationenlernen schulform-grundschule thema-grammatik thema-leseverstaendnis thema-rechtschreibung thema-zeichensetzung\">\n\n<\/div>\n<\/div><\/div>\n<\/div>\n\n\n\n<div class=\"col-25 box-padding-20 border-radius border-dotted gb-element-c9c15f40\">\n<p class=\"gb-text font-h3 gb-text-d1a4dd32\">Beliebte Produkte<\/p>\n\n\n\n<a class=\"gb-text button-primary gb-text-470f4b9f\" href=\"\/grundschule\/?order=topseller&#038;p=1&#038;properties=7af5a41b6b1a4610b89a06e0bc54fc55%7C053e5787b1fb4f928aedb8efc563f4b8\">Alle Produkte<\/a>\n<\/div>\n<\/div>\n<\/div>\n\n\n\n<div class=\"box-padding-40 border-radius mb-4rem gb-element-60df2682\">\n<div class=\"container-flex gb-element-2b660aa8\">\n<div class=\"col-70 gb-element-8e56ec55\">\n<div><div class=\"gb-looper-b08f3798\">\n<div class=\"gb-loop-item border-radius box-padding-20 gb-loop-item-8c8389ce post-12680 produkt type-produkt status-publish has-post-thumbnail hentry artikelnummer-p12653 fach-deutsch klasse-klasse-3 klasse-klasse-4 schulform-grundschule thema-aufsatz thema-bildanlaesse thema-bildergeschichten thema-erzaehlanlaesse thema-freies-schreiben thema-kreatives-schreiben\">\n\n<\/div>\n\n<div class=\"gb-loop-item border-radius box-padding-20 gb-loop-item-8c8389ce post-12089 produkt type-produkt status-publish has-post-thumbnail hentry artikelnummer-p11956 fach-deutsch klasse-klasse-4 produktgruppe-grammatik-fuer-die-grundschule schulform-foerderschule schulform-grundschule thema-futur thema-gegenwart thema-grammatik thema-grundlagen thema-perfekt thema-praesens thema-praeteritum thema-vergangenheit thema-zeitformen\">\n\n<\/div>\n\n<div class=\"gb-loop-item border-radius box-padding-20 gb-loop-item-8c8389ce post-12276 produkt type-produkt status-publish has-post-thumbnail hentry artikelnummer-p12060 fach-deutsch klasse-klasse-4 produktgruppe-grammatik-fuer-die-grundschule schulform-foerderschule schulform-grundschule thema-4-faelle thema-akkusativ thema-dativ thema-deklination thema-genitiv thema-grammatik thema-grundlagen thema-nominativ\">\n\n<\/div>\n<\/div><\/div>\n<\/div>\n\n\n\n<div class=\"col-25 box-padding-20 border-radius border-dotted gb-element-d9223b46\">\n<p class=\"gb-text font-h3 gb-text-8c982efe\">Neuheiten<\/p>\n\n\n\n<a class=\"gb-text button-primary gb-text-cce460f5\" href=\"\/grundschule\/?order=neuheiten&#038;p=1&#038;properties=7af5a41b6b1a4610b89a06e0bc54fc55%7C053e5787b1fb4f928aedb8efc563f4b8\">Alle Produkte<\/a>\n<\/div>\n<\/div>\n<\/div>\n<\/div>\n<\/div>\n\n\n\n<div class=\"section-main gb-element-243bfbd3\">\n<div class=\"container-main width-main\">\n<div class=\"container-flex gb-element-1227fa15\">\n<div class=\"col-70\">\n<p class=\"gb-text gb-text-e31e15e2\">Redaktionelle Auswahl zum Thema:<\/p>\n\n\n\n<h2 id=\"differenzierung-im-deutschunterricht-in-der-sekundarstufe\" class=\"gb-text mb-2rem\">Differenzierung im Deutschunterricht <br><mark style=\"background-color:rgba(0, 0, 0, 0)\" class=\"has-inline-color has-brand-primary-color\">in der Sekundarstufe<\/mark><\/h2>\n\n\n\n<div class=\"mb-4rem gb-element-6d78d06d\">\n<p class=\"gb-text-97e2cb57\"><span class=\"gb-shape\"><svg aria-hidden=\"true\" role=\"img\" height=\"1em\" width=\"1em\" viewBox=\"0 0 448 512\" xmlns=\"http:\/\/www.w3.org\/2000\/svg\"><path fill=\"currentColor\" d=\"M400 480H48c-26.51 0-48-21.49-48-48V80c0-26.51 21.49-48 48-48h352c26.51 0 48 21.49 48 48v352c0 26.51-21.49 48-48 48zm-204.686-98.059l184-184c6.248-6.248 6.248-16.379 0-22.627l-22.627-22.627c-6.248-6.248-16.379-6.249-22.628 0L184 302.745l-70.059-70.059c-6.248-6.248-16.379-6.248-22.628 0l-22.627 22.627c-6.248 6.248-6.248 16.379 0 22.627l104 104c6.249 6.25 16.379 6.25 22.628.001z\"><\/path><\/svg><\/span><span class=\"gb-text\">Abgestufte Aufgabenformate f\u00fcr verschiedene Leistungsniveaus<\/span><\/p>\n\n\n\n<p class=\"gb-text-09977084\"><span class=\"gb-shape\"><svg aria-hidden=\"true\" role=\"img\" height=\"1em\" width=\"1em\" viewBox=\"0 0 448 512\" xmlns=\"http:\/\/www.w3.org\/2000\/svg\"><path fill=\"currentColor\" d=\"M400 480H48c-26.51 0-48-21.49-48-48V80c0-26.51 21.49-48 48-48h352c26.51 0 48 21.49 48 48v352c0 26.51-21.49 48-48 48zm-204.686-98.059l184-184c6.248-6.248 6.248-16.379 0-22.627l-22.627-22.627c-6.248-6.248-16.379-6.249-22.628 0L184 302.745l-70.059-70.059c-6.248-6.248-16.379-6.248-22.628 0l-22.627 22.627c-6.248 6.248-6.248 16.379 0 22.627l104 104c6.249 6.25 16.379 6.25 22.628.001z\"><\/path><\/svg><\/span><span class=\"gb-text\">\u00dcbungen zu Grammatik, Rechtschreibung, Aufsatz und Textverst\u00e4ndnis<\/span><\/p>\n\n\n\n<p class=\"gb-text-416c49a4\"><span class=\"gb-shape\"><svg aria-hidden=\"true\" role=\"img\" height=\"1em\" width=\"1em\" viewBox=\"0 0 448 512\" xmlns=\"http:\/\/www.w3.org\/2000\/svg\"><path fill=\"currentColor\" d=\"M400 480H48c-26.51 0-48-21.49-48-48V80c0-26.51 21.49-48 48-48h352c26.51 0 48 21.49 48 48v352c0 26.51-21.49 48-48 48zm-204.686-98.059l184-184c6.248-6.248 6.248-16.379 0-22.627l-22.627-22.627c-6.248-6.248-16.379-6.249-22.628 0L184 302.745l-70.059-70.059c-6.248-6.248-16.379-6.248-22.628 0l-22.627 22.627c-6.248 6.248-6.248 16.379 0 22.627l104 104c6.249 6.25 16.379 6.25 22.628.001z\"><\/path><\/svg><\/span><span class=\"gb-text\">F\u00f6rderung von schw\u00e4cheren Sch\u00fclern und gleichzeitige Herausforderung f\u00fcr leistungsstarke Jugendliche<\/span><\/p>\n\n\n\n<p class=\"gb-text-9e377c8e\"><span class=\"gb-shape\"><svg aria-hidden=\"true\" role=\"img\" height=\"1em\" width=\"1em\" viewBox=\"0 0 448 512\" xmlns=\"http:\/\/www.w3.org\/2000\/svg\"><path fill=\"currentColor\" d=\"M400 480H48c-26.51 0-48-21.49-48-48V80c0-26.51 21.49-48 48-48h352c26.51 0 48 21.49 48 48v352c0 26.51-21.49 48-48 48zm-204.686-98.059l184-184c6.248-6.248 6.248-16.379 0-22.627l-22.627-22.627c-6.248-6.248-16.379-6.249-22.628 0L184 302.745l-70.059-70.059c-6.248-6.248-16.379-6.248-22.628 0l-22.627 22.627c-6.248 6.248-6.248 16.379 0 22.627l104 104c6.249 6.25 16.379 6.25 22.628.001z\"><\/path><\/svg><\/span><span class=\"gb-text\">Kopiervorlagen, die flexibel einsetzbar sind \u2013 von der Differenzierung im Regelunterricht bis zur F\u00f6rderung im F\u00f6rderunterricht<\/span><\/p>\n<\/div>\n<\/div>\n\n\n\n<div class=\"col-30 gb-element-b86eebbb\">\n<img loading=\"lazy\" decoding=\"async\" width=\"476\" height=\"700\" class=\"gb-media-d8666b60\" alt=\"\" src=\"https:\/\/www.kohlverlag.de\/themen\/wp-content\/uploads\/2025\/07\/portrait22.webp\" title=\"portrait22\" srcset=\"https:\/\/www.kohlverlag.de\/themen\/wp-content\/uploads\/2025\/07\/portrait22.webp 476w, https:\/\/www.kohlverlag.de\/themen\/wp-content\/uploads\/2025\/07\/portrait22-204x300.webp 204w\" sizes=\"auto, (max-width: 476px) 100vw, 476px\" \/>\n<\/div>\n<\/div>\n\n\n\n<div class=\"box-padding-40 border-radius mb-4rem gb-element-0a17e12e\">\n<div class=\"container-flex gb-element-24ba2877\">\n<div class=\"col-25 box-padding-20 border-radius verlauf-rot gb-element-f01cfc3d\">\n<p class=\"gb-text font-h3 gb-text-f7e62dde\">Von der Redaktion empfohlen<\/p>\n<\/div>\n\n\n\n<div class=\"col-75 gb-element-bc0d0848\">\n<div><div class=\"gb-looper-ed8cf971\">\n<div class=\"gb-loop-item border-radius box-padding-20 gb-loop-item-005c7ec4 post-11650 produkt type-produkt status-publish has-post-thumbnail hentry artikelnummer-p12654 fach-deutsch klasse-klasse-5 klasse-klasse-6 klasse-klasse-7 schulform-sekundarstufe-i thema-aufsatz thema-bildanlaesse thema-bildergeschichten thema-erzaehlanlaesse thema-freies-schreiben thema-kreatives-schreiben\">\n\n<\/div>\n\n<div class=\"gb-loop-item border-radius box-padding-20 gb-loop-item-005c7ec4 post-12829 produkt type-produkt status-publish has-post-thumbnail hentry artikelnummer-p11760 fach-deutsch klasse-klasse-10 klasse-klasse-5 klasse-klasse-6 klasse-klasse-7 klasse-klasse-8 klasse-klasse-9 schulform-sekundarstufe-i thema-aktiv thema-futur thema-grammatik thema-grundlagen thema-passiv thema-perfekt thema-plusquamperfekt thema-praesens thema-praeteritum thema-rechtschreibung thema-zeitformen\">\n\n<\/div>\n\n<div class=\"gb-loop-item border-radius box-padding-20 gb-loop-item-005c7ec4 post-12449 produkt type-produkt status-publish has-post-thumbnail hentry artikelnummer-p11886 fach-deutsch klasse-klasse-5 klasse-klasse-6 schulform-sekundarstufe-i thema-abschreiben thema-diktate thema-grammatik thema-legasthenie thema-lese-rechtschreib-schwaeche thema-rechtschreibung\">\n\n<\/div>\n<\/div><\/div>\n<\/div>\n<\/div>\n<\/div>\n\n\n\n<div class=\"box-padding-40 border-radius mb-4rem gb-element-37d6b5fa\">\n<div class=\"container-flex mb-4rem gb-element-9a52df99\">\n<div class=\"col-75\">\n<div><div class=\"gb-looper-b1e646ee\">\n<div class=\"gb-loop-item border-radius box-padding-20 gb-loop-item-77e7134e post-12184 produkt type-produkt status-publish has-post-thumbnail hentry artikelnummer-p12393 fach-deutsch klasse-klasse-5 klasse-klasse-6 schulform-sekundarstufe-i thema-aufgabenkarten thema-aufsatz thema-differenzierung thema-fabeln thema-freies-schreiben thema-kreatives-schreiben thema-maerchen thema-personenbeschreibung thema-selbstlernzeit\">\n\n<\/div>\n\n<div class=\"gb-loop-item border-radius box-padding-20 gb-loop-item-77e7134e post-13057 produkt type-produkt status-publish has-post-thumbnail hentry artikelnummer-p12296 fach-deutsch klasse-klasse-5 klasse-klasse-6 klasse-klasse-7 schulform-sekundarstufe-i thema-aufgabenkarten thema-differenzierung thema-grammatik thema-rechtschreibung thema-selbstlernzeit thema-zeichensetzung\">\n\n<\/div>\n\n<div class=\"gb-loop-item border-radius box-padding-20 gb-loop-item-77e7134e post-11508 produkt type-produkt status-publish has-post-thumbnail hentry artikelnummer-p11792 fach-deutsch klasse-klasse-5 klasse-klasse-6 schulform-sekundarstufe-i thema-aufsatz thema-fabeln thema-freies-schreiben thema-grammatik thema-kreatives-schreiben thema-lerneinheiten thema-lesekompetenz thema-lesetexte thema-maerchen thema-rechtschreibung thema-selbststaendiges-arbeiten thema-wochenplan\">\n\n<\/div>\n<\/div><\/div>\n<\/div>\n\n\n\n<div class=\"col-25 box-padding-20 border-radius border-dotted gb-element-5e105d44\">\n<p class=\"gb-text font-h3 gb-text-df2eab3c\">Beliebte Produkte<\/p>\n\n\n\n<a class=\"gb-text button-primary gb-text-8c210008\" href=\"\/sekundarstufe\/?order=topseller&#038;p=1&#038;properties=7af5a41b6b1a4610b89a06e0bc54fc55%7C053e5787b1fb4f928aedb8efc563f4b8\">Alle Produkte<\/a>\n<\/div>\n<\/div>\n<\/div>\n\n\n\n<div class=\"box-padding-40 border-radius mb-4rem gb-element-fe2509ad\">\n<div class=\"container-flex mb-4rem gb-element-3dbd0a10\">\n<div class=\"col-75 gb-element-ea497a6f\">\n<div><div class=\"gb-looper-4d132a9b\">\n<div class=\"gb-loop-item border-radius box-padding-20 gb-loop-item-2ec564ce post-11519 produkt type-produkt status-publish has-post-thumbnail hentry artikelnummer-p12914 fach-deutsch klasse-klasse-5 klasse-klasse-6 schulform-sekundarstufe-i thema-andersen thema-aufgabenkarten thema-aufsatz thema-differenzierung thema-fabeln thema-freies-schreiben thema-kreatives-schreiben thema-maerchen thema-personenbeschreibung thema-selbstlernzeit\">\n\n<\/div>\n\n<div class=\"gb-loop-item border-radius box-padding-20 gb-loop-item-2ec564ce post-12045 produkt type-produkt status-publish has-post-thumbnail hentry artikelnummer-p12916 fach-deutsch klasse-klasse-5 schulform-sekundarstufe-i thema-adjektive thema-grammatik thema-hauptsaetze thema-haeusliches-ueben thema-kommasetzung thema-konjunktionen thema-nebensaetze thema-objekt thema-praedikat thema-praepositionen thema-selbstlernzeit thema-selbststaendiges-arbeiten thema-subjekt thema-uebungen thema-verben thema-woertliche-rede\">\n\n<\/div>\n\n<div class=\"gb-loop-item border-radius box-padding-20 gb-loop-item-2ec564ce post-11895 produkt type-produkt status-publish has-post-thumbnail hentry artikelnummer-p12729 fach-deutsch klasse-klasse-5 schulform-sekundarstufe-i thema-grammatik thema-haeusliches-ueben thema-nachhilfe thema-rechtschreibung thema-selbstlernzeit thema-zeichensetzung\">\n\n<\/div>\n<\/div><\/div>\n<\/div>\n\n\n\n<div class=\"col-25 box-padding-20 border-radius border-dotted gb-element-14f6315d\">\n<p class=\"gb-text font-h3 gb-text-637d915a\">Neuheiten<\/p>\n\n\n\n<a class=\"gb-text button-primary gb-text-7ccdb2cf\" href=\"\/sekundarstufe\/?order=neuheiten&#038;p=1&#038;properties=7af5a41b6b1a4610b89a06e0bc54fc55%7C053e5787b1fb4f928aedb8efc563f4b8\">Alle Produkte<\/a>\n<\/div>\n<\/div>\n<\/div>\n<\/div>\n<\/div>\n","protected":false},"excerpt":{"rendered":"<p>Redaktionelle Auswahl zum Thema: Differenzierung im Deutschunterricht in der Grundschule Spielerische und kindgerechte \u00dcbungen, die auf verschiedene Lernst\u00e4nde eingehen Rechtschreibung, Lesen und Schreiben differenziert \u00fcben Materialien, die ohne lange Vorbereitung sofort einsetzbar sind Selbstst\u00e4ndiges Arbeiten durch klare Strukturen und motivierende Aufgaben Von der Redaktion empfohlen Beliebte Produkte Alle Produkte Neuheiten Alle Produkte Redaktionelle Auswahl zum &#8230; <a title=\"Differenzierung im Deutschunterricht\" class=\"read-more\" href=\"https:\/\/www.kohlverlag.de\/themen\/differenzierung-im-unterricht\/differenzierung-im-deutschunterricht\/\" aria-label=\"Mehr Informationen \u00fcber Differenzierung im Deutschunterricht\">Weiterlesen<\/a><\/p>\n","protected":false},"author":1,"featured_media":10148,"parent":10714,"menu_order":0,"comment_status":"closed","ping_status":"closed","template":"","meta":{"_acf_changed":false,"footnotes":""},"artikelnummer":[],"autorenname":[],"fach":[],"klasse":[],"produktgruppe":[],"schulform":[],"thema":[],"elementvorlage":[102],"vorlage-hero":[4869],"class_list":{"0":"post-10726","1":"page","2":"type-page","3":"status-publish","4":"has-post-thumbnail","6":"elementvorlage-landingpage","7":"vorlage-hero-portrait"},"acf":[],"_links":{"self":[{"href":"https:\/\/www.kohlverlag.de\/themen\/wp-json\/wp\/v2\/pages\/10726","targetHints":{"allow":["GET"]}}],"collection":[{"href":"https:\/\/www.kohlverlag.de\/themen\/wp-json\/wp\/v2\/pages"}],"about":[{"href":"https:\/\/www.kohlverlag.de\/themen\/wp-json\/wp\/v2\/types\/page"}],"author":[{"embeddable":true,"href":"https:\/\/www.kohlverlag.de\/themen\/wp-json\/wp\/v2\/users\/1"}],"replies":[{"embeddable":true,"href":"https:\/\/www.kohlverlag.de\/themen\/wp-json\/wp\/v2\/comments?post=10726"}],"version-history":[{"count":79,"href":"https:\/\/www.kohlverlag.de\/themen\/wp-json\/wp\/v2\/pages\/10726\/revisions"}],"predecessor-version":[{"id":13398,"href":"https:\/\/www.kohlverlag.de\/themen\/wp-json\/wp\/v2\/pages\/10726\/revisions\/13398"}],"up":[{"embeddable":true,"href":"https:\/\/www.kohlverlag.de\/themen\/wp-json\/wp\/v2\/pages\/10714"}],"wp:featuredmedia":[{"embeddable":true,"href":"https:\/\/www.kohlverlag.de\/themen\/wp-json\/wp\/v2\/media\/10148"}],"wp:attachment":[{"href":"https:\/\/www.kohlverlag.de\/themen\/wp-json\/wp\/v2\/media?parent=10726"}],"wp:term":[{"taxonomy":"artikelnummer","embeddable":true,"href":"https:\/\/www.kohlverlag.de\/themen\/wp-json\/wp\/v2\/artikelnummer?post=10726"},{"taxonomy":"autorenname","embeddable":true,"href":"https:\/\/www.kohlverlag.de\/themen\/wp-json\/wp\/v2\/autorenname?post=10726"},{"taxonomy":"fach","embeddable":true,"href":"https:\/\/www.kohlverlag.de\/themen\/wp-json\/wp\/v2\/fach?post=10726"},{"taxonomy":"klasse","embeddable":true,"href":"https:\/\/www.kohlverlag.de\/themen\/wp-json\/wp\/v2\/klasse?post=10726"},{"taxonomy":"produktgruppe","embeddable":true,"href":"https:\/\/www.kohlverlag.de\/themen\/wp-json\/wp\/v2\/produktgruppe?post=10726"},{"taxonomy":"schulform","embeddable":true,"href":"https:\/\/www.kohlverlag.de\/themen\/wp-json\/wp\/v2\/schulform?post=10726"},{"taxonomy":"thema","embeddable":true,"href":"https:\/\/www.kohlverlag.de\/themen\/wp-json\/wp\/v2\/thema?post=10726"},{"taxonomy":"elementvorlage","embeddable":true,"href":"https:\/\/www.kohlverlag.de\/themen\/wp-json\/wp\/v2\/elementvorlage?post=10726"},{"taxonomy":"vorlage-hero","embeddable":true,"href":"https:\/\/www.kohlverlag.de\/themen\/wp-json\/wp\/v2\/vorlage-hero?post=10726"}],"curies":[{"name":"wp","href":"https:\/\/api.w.org\/{rel}","templated":true}]}}