{"id":10841,"date":"2025-09-10T09:14:07","date_gmt":"2025-09-10T07:14:07","guid":{"rendered":"https:\/\/www.kohlverlag.de\/themen\/?page_id=10841"},"modified":"2025-11-05T10:11:17","modified_gmt":"2025-11-05T09:11:17","slug":"differenzierung-im-englischunterricht","status":"publish","type":"page","link":"https:\/\/www.kohlverlag.de\/themen\/differenzierung-im-unterricht\/differenzierung-im-englischunterricht\/","title":{"rendered":"Differenzierung im Englischunterricht"},"content":{"rendered":"\n<div class=\"section-main gb-element-243bfbd3\">\n<div class=\"container-main width-main\">\n<div class=\"container-flex gb-element-1227fa15\">\n<div class=\"col-70\">\n<p class=\"gb-text gb-text-e31e15e2\">Redaktionelle Auswahl zum Thema:<\/p>\n\n\n\n<h2 id=\"differenzierung-im-englischunterricht-in-der-grundschule\" class=\"gb-text mb-2rem\">Differenzierung im Englischunterricht <br><mark style=\"background-color:rgba(0, 0, 0, 0)\" class=\"has-inline-color has-brand-primary-color\">in der Grundschule<\/mark><\/h2>\n\n\n\n<div class=\"mb-4rem gb-element-6d78d06d\">\n<p class=\"gb-text-97e2cb57\"><span class=\"gb-shape\"><svg aria-hidden=\"true\" role=\"img\" height=\"1em\" width=\"1em\" viewBox=\"0 0 448 512\" xmlns=\"http:\/\/www.w3.org\/2000\/svg\"><path fill=\"currentColor\" d=\"M400 480H48c-26.51 0-48-21.49-48-48V80c0-26.51 21.49-48 48-48h352c26.51 0 48 21.49 48 48v352c0 26.51-21.49 48-48 48zm-204.686-98.059l184-184c6.248-6.248 6.248-16.379 0-22.627l-22.627-22.627c-6.248-6.248-16.379-6.249-22.628 0L184 302.745l-70.059-70.059c-6.248-6.248-16.379-6.248-22.628 0l-22.627 22.627c-6.248 6.248-6.248 16.379 0 22.627l104 104c6.249 6.25 16.379 6.25 22.628.001z\"><\/path><\/svg><\/span><span class=\"gb-text\">Spielerische Einf\u00fchrung in Wortschatz und einfache Satzmuster auf unterschiedlichen Niveaus<\/span><\/p>\n\n\n\n<p class=\"gb-text-09977084\"><span class=\"gb-shape\"><svg aria-hidden=\"true\" role=\"img\" height=\"1em\" width=\"1em\" viewBox=\"0 0 448 512\" xmlns=\"http:\/\/www.w3.org\/2000\/svg\"><path fill=\"currentColor\" d=\"M400 480H48c-26.51 0-48-21.49-48-48V80c0-26.51 21.49-48 48-48h352c26.51 0 48 21.49 48 48v352c0 26.51-21.49 48-48 48zm-204.686-98.059l184-184c6.248-6.248 6.248-16.379 0-22.627l-22.627-22.627c-6.248-6.248-16.379-6.249-22.628 0L184 302.745l-70.059-70.059c-6.248-6.248-16.379-6.248-22.628 0l-22.627 22.627c-6.248 6.248-6.248 16.379 0 22.627l104 104c6.249 6.25 16.379 6.25 22.628.001z\"><\/path><\/svg><\/span><span class=\"gb-text\">Bildgest\u00fctzte \u00dcbungen, die das Verstehen erleichtern und Spa\u00df machen<\/span><\/p>\n\n\n\n<p class=\"gb-text-416c49a4\"><span class=\"gb-shape\"><svg aria-hidden=\"true\" role=\"img\" height=\"1em\" width=\"1em\" viewBox=\"0 0 448 512\" xmlns=\"http:\/\/www.w3.org\/2000\/svg\"><path fill=\"currentColor\" d=\"M400 480H48c-26.51 0-48-21.49-48-48V80c0-26.51 21.49-48 48-48h352c26.51 0 48 21.49 48 48v352c0 26.51-21.49 48-48 48zm-204.686-98.059l184-184c6.248-6.248 6.248-16.379 0-22.627l-22.627-22.627c-6.248-6.248-16.379-6.249-22.628 0L184 302.745l-70.059-70.059c-6.248-6.248-16.379-6.248-22.628 0l-22.627 22.627c-6.248 6.248-6.248 16.379 0 22.627l104 104c6.249 6.25 16.379 6.25 22.628.001z\"><\/path><\/svg><\/span><span class=\"gb-text\">Wiederholungs- und \u00dcbungseinheiten in verschiedenen Schwierigkeitsgraden<\/span><\/p>\n\n\n\n<p class=\"gb-text-9e377c8e\"><span class=\"gb-shape\"><svg aria-hidden=\"true\" role=\"img\" height=\"1em\" width=\"1em\" viewBox=\"0 0 448 512\" xmlns=\"http:\/\/www.w3.org\/2000\/svg\"><path fill=\"currentColor\" d=\"M400 480H48c-26.51 0-48-21.49-48-48V80c0-26.51 21.49-48 48-48h352c26.51 0 48 21.49 48 48v352c0 26.51-21.49 48-48 48zm-204.686-98.059l184-184c6.248-6.248 6.248-16.379 0-22.627l-22.627-22.627c-6.248-6.248-16.379-6.249-22.628 0L184 302.745l-70.059-70.059c-6.248-6.248-16.379-6.248-22.628 0l-22.627 22.627c-6.248 6.248-6.248 16.379 0 22.627l104 104c6.249 6.25 16.379 6.25 22.628.001z\"><\/path><\/svg><\/span><span class=\"gb-text\">Klar strukturierte Arbeitsbl\u00e4tter f\u00fcr eigenst\u00e4ndiges Arbeiten<\/span><\/p>\n<\/div>\n<\/div>\n\n\n\n<div class=\"col-30 gb-element-b86eebbb\">\n<img loading=\"lazy\" decoding=\"async\" width=\"476\" height=\"700\" class=\"gb-media-d8666b60\" alt=\"\" src=\"https:\/\/www.kohlverlag.de\/themen\/wp-content\/uploads\/2025\/07\/portrait23.webp\" title=\"portrait23\" srcset=\"https:\/\/www.kohlverlag.de\/themen\/wp-content\/uploads\/2025\/07\/portrait23.webp 476w, https:\/\/www.kohlverlag.de\/themen\/wp-content\/uploads\/2025\/07\/portrait23-204x300.webp 204w\" sizes=\"auto, (max-width: 476px) 100vw, 476px\" \/>\n<\/div>\n<\/div>\n\n\n\n<div class=\"box-padding-40 border-radius mb-4rem gb-element-0a17e12e\">\n<div class=\"container-flex gb-element-24ba2877\">\n<div class=\"col-25 box-padding-20 border-radius verlauf-rot gb-element-f01cfc3d\">\n<p class=\"gb-text font-h3 gb-text-f7e62dde\">Von der Redaktion empfohlen<\/p>\n<\/div>\n\n\n\n<div class=\"col-75 gb-element-bc0d0848\">\n<div><div class=\"gb-looper-ed8cf971\">\n<div class=\"gb-loop-item border-radius box-padding-20 gb-loop-item-005c7ec4 post-12408 produkt type-produkt status-publish has-post-thumbnail hentry artikelnummer-p12104 fach-englisch klasse-klasse-1 klasse-klasse-2 klasse-klasse-3 klasse-klasse-4 schulform-grundschule thema-bild-wort-zuordnung thema-vokabeln thema-wort-bild-zuordnung thema-wortfelder thema-zuordnen\">\n\n<\/div>\n\n<div class=\"gb-loop-item border-radius box-padding-20 gb-loop-item-005c7ec4 post-12540 produkt type-produkt status-publish has-post-thumbnail hentry artikelnummer-p12657 fach-englisch klasse-klasse-2 klasse-klasse-3 klasse-klasse-4 schulform-grundschule thema-bild-wort-zuordnung thema-vokabeln thema-wort-bild-zuordnung thema-wortfelder thema-zuordnen\">\n\n<\/div>\n\n<div class=\"gb-loop-item border-radius box-padding-20 gb-loop-item-005c7ec4 post-12925 produkt type-produkt status-publish has-post-thumbnail hentry artikelnummer-p12628 fach-deutsch fach-englisch klasse-3-6-jahre klasse-klasse-1 klasse-klasse-2 klasse-klasse-3 klasse-klasse-4 klasse-klasse-5 schulform-fruehes-lernen schulform-grundschule schulform-kindergarten schulform-sekundarstufe-i schulform-vorschule thema-bildergeschichten thema-deutsch-als-zweitsprache thema-geschichten thema-sprachfoerderung thema-vokabeln thema-wortschatz\">\n\n<\/div>\n<\/div><\/div>\n<\/div>\n<\/div>\n<\/div>\n\n\n\n<div class=\"box-padding-40 border-radius mb-4rem gb-element-37d6b5fa\">\n<div class=\"container-flex mb-4rem gb-element-9a52df99\">\n<div class=\"col-75\">\n<div><div class=\"gb-looper-b1e646ee\">\n<div class=\"gb-loop-item border-radius box-padding-20 gb-loop-item-77e7134e post-12876 produkt type-produkt status-publish has-post-thumbnail hentry artikelnummer-p12512 fach-englisch klasse-klasse-2 klasse-klasse-3 klasse-klasse-4 schulform-grundschule thema-aufgabenkarten thema-differenzierung thema-selbstlernzeit\">\n\n<\/div>\n\n<div class=\"gb-loop-item border-radius box-padding-20 gb-loop-item-77e7134e post-12511 produkt type-produkt status-publish has-post-thumbnail hentry artikelnummer-p11958 fach-englisch klasse-klasse-1 klasse-klasse-2 klasse-klasse-3 klasse-klasse-4 schulform-grundschule thema-aufgabenkarten thema-differenzierung thema-selbstlernzeit\">\n\n<\/div>\n\n<div class=\"gb-loop-item border-radius box-padding-20 gb-loop-item-77e7134e post-12992 produkt type-produkt status-publish has-post-thumbnail hentry artikelnummer-p12132 fach-englisch klasse-klasse-2 klasse-klasse-3 klasse-klasse-4 schulform-grundschule thema-aufgabenkarten thema-differenzierung thema-selbstlernzeit\">\n\n<\/div>\n<\/div><\/div>\n<\/div>\n\n\n\n<div class=\"col-25 box-padding-20 border-radius border-dotted gb-element-5e105d44\">\n<p class=\"gb-text font-h3 gb-text-df2eab3c\">Beliebte Produkte<\/p>\n\n\n\n<a class=\"gb-text button-primary gb-text-8c210008\" href=\"\/grundschule\/?order=topseller&#038;p=1&#038;properties=a2237fbb510148e8bf32568c5ec957e3%7C053e5787b1fb4f928aedb8efc563f4b8\">Alle Produkte<\/a>\n<\/div>\n<\/div>\n<\/div>\n<\/div>\n<\/div>\n\n\n\n<div class=\"section-main gb-element-006fe236\">\n<div class=\"container-main width-main\">\n<div class=\"container-flex gb-element-8ccfdd72\">\n<div class=\"col-70\">\n<p class=\"gb-text gb-text-66a83862\">Redaktionelle Auswahl zum Thema:<\/p>\n\n\n\n<h2 id=\"differenzierung-im-englischunterricht-in-der-sekundarstufe\" class=\"gb-text mb-2rem\">Differenzierung im Englischunterricht <br><mark style=\"background-color:rgba(0, 0, 0, 0)\" class=\"has-inline-color has-brand-primary-color\">in der Sekundarstufe<\/mark><\/h2>\n\n\n\n<div class=\"mb-4rem gb-element-272c4fc8\">\n<p class=\"gb-text-348b2446\"><span class=\"gb-shape\"><svg aria-hidden=\"true\" role=\"img\" height=\"1em\" width=\"1em\" viewBox=\"0 0 448 512\" xmlns=\"http:\/\/www.w3.org\/2000\/svg\"><path fill=\"currentColor\" d=\"M400 480H48c-26.51 0-48-21.49-48-48V80c0-26.51 21.49-48 48-48h352c26.51 0 48 21.49 48 48v352c0 26.51-21.49 48-48 48zm-204.686-98.059l184-184c6.248-6.248 6.248-16.379 0-22.627l-22.627-22.627c-6.248-6.248-16.379-6.249-22.628 0L184 302.745l-70.059-70.059c-6.248-6.248-16.379-6.248-22.628 0l-22.627 22.627c-6.248 6.248-6.248 16.379 0 22.627l104 104c6.249 6.25 16.379 6.25 22.628.001z\"><\/path><\/svg><\/span><span class=\"gb-text\">Aufgaben zu Wortschatz, Grammatik, Leseverstehen und Schreiben in abgestuften Schwierigkeitsstufen<\/span><\/p>\n\n\n\n<p class=\"gb-text-a72e1c3b\"><span class=\"gb-shape\"><svg aria-hidden=\"true\" role=\"img\" height=\"1em\" width=\"1em\" viewBox=\"0 0 448 512\" xmlns=\"http:\/\/www.w3.org\/2000\/svg\"><path fill=\"currentColor\" d=\"M400 480H48c-26.51 0-48-21.49-48-48V80c0-26.51 21.49-48 48-48h352c26.51 0 48 21.49 48 48v352c0 26.51-21.49 48-48 48zm-204.686-98.059l184-184c6.248-6.248 6.248-16.379 0-22.627l-22.627-22.627c-6.248-6.248-16.379-6.249-22.628 0L184 302.745l-70.059-70.059c-6.248-6.248-16.379-6.248-22.628 0l-22.627 22.627c-6.248 6.248-6.248 16.379 0 22.627l104 104c6.249 6.25 16.379 6.25 22.628.001z\"><\/path><\/svg><\/span><span class=\"gb-text\">Materialien, die schw\u00e4cheren Sch\u00fclern Sicherheit geben und leistungsstarke Sch\u00fcler gezielt fordern<\/span><\/p>\n\n\n\n<p class=\"gb-text-a41e6f8c\"><span class=\"gb-shape\"><svg aria-hidden=\"true\" role=\"img\" height=\"1em\" width=\"1em\" viewBox=\"0 0 448 512\" xmlns=\"http:\/\/www.w3.org\/2000\/svg\"><path fill=\"currentColor\" d=\"M400 480H48c-26.51 0-48-21.49-48-48V80c0-26.51 21.49-48 48-48h352c26.51 0 48 21.49 48 48v352c0 26.51-21.49 48-48 48zm-204.686-98.059l184-184c6.248-6.248 6.248-16.379 0-22.627l-22.627-22.627c-6.248-6.248-16.379-6.249-22.628 0L184 302.745l-70.059-70.059c-6.248-6.248-16.379-6.248-22.628 0l-22.627 22.627c-6.248 6.248-6.248 16.379 0 22.627l104 104c6.249 6.25 16.379 6.25 22.628.001z\"><\/path><\/svg><\/span><span class=\"gb-text\">Differenzierte \u00dcbungen f\u00fcr Alltagssprache und Pr\u00fcfungsvorbereitung<\/span><\/p>\n\n\n\n<p class=\"gb-text-375bc136\"><span class=\"gb-shape\"><svg aria-hidden=\"true\" role=\"img\" height=\"1em\" width=\"1em\" viewBox=\"0 0 448 512\" xmlns=\"http:\/\/www.w3.org\/2000\/svg\"><path fill=\"currentColor\" d=\"M400 480H48c-26.51 0-48-21.49-48-48V80c0-26.51 21.49-48 48-48h352c26.51 0 48 21.49 48 48v352c0 26.51-21.49 48-48 48zm-204.686-98.059l184-184c6.248-6.248 6.248-16.379 0-22.627l-22.627-22.627c-6.248-6.248-16.379-6.249-22.628 0L184 302.745l-70.059-70.059c-6.248-6.248-16.379-6.248-22.628 0l-22.627 22.627c-6.248 6.248-6.248 16.379 0 22.627l104 104c6.249 6.25 16.379 6.25 22.628.001z\"><\/path><\/svg><\/span><span class=\"gb-text\">Sofort einsetzbare Kopiervorlagen, die sich flexibel in den Unterricht integrieren lassen<\/span><\/p>\n<\/div>\n<\/div>\n\n\n\n<div class=\"col-30 gb-element-f6144036\">\n<img loading=\"lazy\" decoding=\"async\" width=\"476\" height=\"700\" class=\"gb-media-00c3bfaa\" alt=\"\" src=\"https:\/\/www.kohlverlag.de\/themen\/wp-content\/uploads\/2025\/07\/portrait22.webp\" title=\"portrait22\" srcset=\"https:\/\/www.kohlverlag.de\/themen\/wp-content\/uploads\/2025\/07\/portrait22.webp 476w, https:\/\/www.kohlverlag.de\/themen\/wp-content\/uploads\/2025\/07\/portrait22-204x300.webp 204w\" sizes=\"auto, (max-width: 476px) 100vw, 476px\" \/>\n<\/div>\n<\/div>\n\n\n\n<div class=\"box-padding-40 border-radius mb-4rem gb-element-7305f4c5\">\n<div class=\"container-flex gb-element-ab81f2ed\">\n<div class=\"col-25 box-padding-20 border-radius verlauf-rot gb-element-a566f8b6\">\n<p class=\"gb-text font-h3 gb-text-f1506872\">Von der Redaktion empfohlen<\/p>\n<\/div>\n\n\n\n<div class=\"col-50 gb-element-c54a09a3\">\n<div><div class=\"gb-looper-121f419e\">\n<div class=\"gb-loop-item border-radius box-padding-20 gb-loop-item-3467690d post-13288 produkt type-produkt status-publish has-post-thumbnail hentry artikelnummer-p12370 fach-englisch klasse-klasse-10 klasse-klasse-11 klasse-klasse-12 klasse-klasse-13 klasse-klasse-6 klasse-klasse-7 klasse-klasse-8 klasse-klasse-9 produktgruppe-englische-grammatik-kurz-knapp schulform-sekundarstufe-i schulform-sekundarstufe-ii thema-grammatik thema-if-clauses\">\n\n<\/div>\n\n<div class=\"gb-loop-item border-radius box-padding-20 gb-loop-item-3467690d post-11542 produkt type-produkt status-publish has-post-thumbnail hentry artikelnummer-p12168 fach-englisch klasse-klasse-10 klasse-klasse-11 klasse-klasse-12 klasse-klasse-13 klasse-klasse-7 klasse-klasse-8 klasse-klasse-9 schulform-sekundarstufe-i schulform-sekundarstufe-ii thema-alltagskompetenz thema-dialoge thema-wortschatz thema-wortschatzuebungen\">\n\n<\/div>\n<\/div><\/div>\n<\/div>\n<\/div>\n<\/div>\n\n\n\n<div class=\"box-padding-40 border-radius mb-4rem gb-element-893306a3\">\n<div class=\"container-flex mb-4rem gb-element-0c36866d\">\n<div class=\"col-75 gb-element-1ce33881\">\n<div><div class=\"gb-looper-873a4b0d\">\n<div class=\"gb-loop-item border-radius box-padding-20 gb-loop-item-1954d47a post-12000 produkt type-produkt status-publish has-post-thumbnail hentry artikelnummer-p12740 fach-englisch klasse-klasse-5 klasse-klasse-6 klasse-klasse-7 schulform-sekundarstufe-i thema-aufgabenkarten thema-differenzierung thema-selbstlernzeit\">\n\n<\/div>\n\n<div class=\"gb-loop-item border-radius box-padding-20 gb-loop-item-1954d47a post-11732 produkt type-produkt status-publish has-post-thumbnail hentry artikelnummer-p11538 fach-englisch klasse-klasse-10 klasse-klasse-5 klasse-klasse-6 klasse-klasse-7 klasse-klasse-8 klasse-klasse-9 schulform-sekundarstufe-i thema-aufgabenkarten thema-differenzierung thema-selbstlernzeit thema-zeiten\">\n\n<\/div>\n\n<div class=\"gb-loop-item border-radius box-padding-20 gb-loop-item-1954d47a post-11753 produkt type-produkt status-publish has-post-thumbnail hentry artikelnummer-p11539 fach-englisch klasse-klasse-10 klasse-klasse-5 klasse-klasse-6 klasse-klasse-7 klasse-klasse-8 klasse-klasse-9 schulform-sekundarstufe-i thema-aufgabenkarten thema-differenzierung thema-selbstlernzeit thema-zeiten\">\n\n<\/div>\n<\/div><\/div>\n<\/div>\n\n\n\n<div class=\"col-25 box-padding-20 border-radius border-dotted gb-element-55ef0a0b\">\n<p class=\"gb-text font-h3 gb-text-2845e162\">Beliebte Produkte<\/p>\n\n\n\n<a class=\"gb-text button-primary gb-text-bcb82088\" href=\"\/sekundarstufe\/?order=neuheiten&#038;p=1&#038;properties=a2237fbb510148e8bf32568c5ec957e3%7C053e5787b1fb4f928aedb8efc563f4b8\">Alle Produkte<\/a>\n<\/div>\n<\/div>\n<\/div>\n<\/div>\n<\/div>\n","protected":false},"excerpt":{"rendered":"<p>Redaktionelle Auswahl zum Thema: Differenzierung im Englischunterricht in der Grundschule Spielerische Einf\u00fchrung in Wortschatz und einfache Satzmuster auf unterschiedlichen Niveaus Bildgest\u00fctzte \u00dcbungen, die das Verstehen erleichtern und Spa\u00df machen Wiederholungs- und \u00dcbungseinheiten in verschiedenen Schwierigkeitsgraden Klar strukturierte Arbeitsbl\u00e4tter f\u00fcr eigenst\u00e4ndiges Arbeiten Von der Redaktion empfohlen Beliebte Produkte Alle Produkte Redaktionelle Auswahl zum Thema: Differenzierung im &#8230; <a title=\"Differenzierung im Englischunterricht\" class=\"read-more\" href=\"https:\/\/www.kohlverlag.de\/themen\/differenzierung-im-unterricht\/differenzierung-im-englischunterricht\/\" aria-label=\"Mehr Informationen \u00fcber Differenzierung im Englischunterricht\">Weiterlesen<\/a><\/p>\n","protected":false},"author":1,"featured_media":10148,"parent":10714,"menu_order":0,"comment_status":"closed","ping_status":"closed","template":"","meta":{"_acf_changed":false,"footnotes":""},"artikelnummer":[],"autorenname":[],"fach":[],"klasse":[],"produktgruppe":[],"schulform":[],"thema":[],"elementvorlage":[102],"vorlage-hero":[4869],"class_list":{"0":"post-10841","1":"page","2":"type-page","3":"status-publish","4":"has-post-thumbnail","6":"elementvorlage-landingpage","7":"vorlage-hero-portrait"},"acf":[],"_links":{"self":[{"href":"https:\/\/www.kohlverlag.de\/themen\/wp-json\/wp\/v2\/pages\/10841","targetHints":{"allow":["GET"]}}],"collection":[{"href":"https:\/\/www.kohlverlag.de\/themen\/wp-json\/wp\/v2\/pages"}],"about":[{"href":"https:\/\/www.kohlverlag.de\/themen\/wp-json\/wp\/v2\/types\/page"}],"author":[{"embeddable":true,"href":"https:\/\/www.kohlverlag.de\/themen\/wp-json\/wp\/v2\/users\/1"}],"replies":[{"embeddable":true,"href":"https:\/\/www.kohlverlag.de\/themen\/wp-json\/wp\/v2\/comments?post=10841"}],"version-history":[{"count":14,"href":"https:\/\/www.kohlverlag.de\/themen\/wp-json\/wp\/v2\/pages\/10841\/revisions"}],"predecessor-version":[{"id":13399,"href":"https:\/\/www.kohlverlag.de\/themen\/wp-json\/wp\/v2\/pages\/10841\/revisions\/13399"}],"up":[{"embeddable":true,"href":"https:\/\/www.kohlverlag.de\/themen\/wp-json\/wp\/v2\/pages\/10714"}],"wp:featuredmedia":[{"embeddable":true,"href":"https:\/\/www.kohlverlag.de\/themen\/wp-json\/wp\/v2\/media\/10148"}],"wp:attachment":[{"href":"https:\/\/www.kohlverlag.de\/themen\/wp-json\/wp\/v2\/media?parent=10841"}],"wp:term":[{"taxonomy":"artikelnummer","embeddable":true,"href":"https:\/\/www.kohlverlag.de\/themen\/wp-json\/wp\/v2\/artikelnummer?post=10841"},{"taxonomy":"autorenname","embeddable":true,"href":"https:\/\/www.kohlverlag.de\/themen\/wp-json\/wp\/v2\/autorenname?post=10841"},{"taxonomy":"fach","embeddable":true,"href":"https:\/\/www.kohlverlag.de\/themen\/wp-json\/wp\/v2\/fach?post=10841"},{"taxonomy":"klasse","embeddable":true,"href":"https:\/\/www.kohlverlag.de\/themen\/wp-json\/wp\/v2\/klasse?post=10841"},{"taxonomy":"produktgruppe","embeddable":true,"href":"https:\/\/www.kohlverlag.de\/themen\/wp-json\/wp\/v2\/produktgruppe?post=10841"},{"taxonomy":"schulform","embeddable":true,"href":"https:\/\/www.kohlverlag.de\/themen\/wp-json\/wp\/v2\/schulform?post=10841"},{"taxonomy":"thema","embeddable":true,"href":"https:\/\/www.kohlverlag.de\/themen\/wp-json\/wp\/v2\/thema?post=10841"},{"taxonomy":"elementvorlage","embeddable":true,"href":"https:\/\/www.kohlverlag.de\/themen\/wp-json\/wp\/v2\/elementvorlage?post=10841"},{"taxonomy":"vorlage-hero","embeddable":true,"href":"https:\/\/www.kohlverlag.de\/themen\/wp-json\/wp\/v2\/vorlage-hero?post=10841"}],"curies":[{"name":"wp","href":"https:\/\/api.w.org\/{rel}","templated":true}]}}