{"id":10863,"date":"2025-09-10T09:50:58","date_gmt":"2025-09-10T07:50:58","guid":{"rendered":"https:\/\/www.kohlverlag.de\/themen\/?page_id=10863"},"modified":"2025-11-05T10:11:19","modified_gmt":"2025-11-05T09:11:19","slug":"differenzierung-im-mathematikunterricht","status":"publish","type":"page","link":"https:\/\/www.kohlverlag.de\/themen\/differenzierung-im-unterricht\/differenzierung-im-mathematikunterricht\/","title":{"rendered":"Differenzierung im Mathematikunterricht"},"content":{"rendered":"\n<div class=\"section-main gb-element-fc48e669\">\n<div class=\"container-main width-main\">\n<div class=\"container-flex gb-element-ee77c04b\">\n<div class=\"col-70\">\n<p class=\"gb-text gb-text-3409c613\">Redaktionelle Auswahl zum Thema:<\/p>\n\n\n\n<h2 id=\"differenzierung-im-mathematikunterricht-in-der-grundschule\" class=\"gb-text mb-2rem\">Differenzierung im Mathematikunterricht <br><mark style=\"background-color:rgba(0, 0, 0, 0)\" class=\"has-inline-color has-brand-primary-color\">in der Grundschule<\/mark><\/h2>\n\n\n\n<div class=\"mb-4rem gb-element-5a454fd0\">\n<p class=\"gb-text-efbeb463\"><span class=\"gb-shape\"><svg aria-hidden=\"true\" role=\"img\" height=\"1em\" width=\"1em\" viewBox=\"0 0 448 512\" xmlns=\"http:\/\/www.w3.org\/2000\/svg\"><path fill=\"currentColor\" d=\"M400 480H48c-26.51 0-48-21.49-48-48V80c0-26.51 21.49-48 48-48h352c26.51 0 48 21.49 48 48v352c0 26.51-21.49 48-48 48zm-204.686-98.059l184-184c6.248-6.248 6.248-16.379 0-22.627l-22.627-22.627c-6.248-6.248-16.379-6.249-22.628 0L184 302.745l-70.059-70.059c-6.248-6.248-16.379-6.248-22.628 0l-22.627 22.627c-6.248 6.248-6.248 16.379 0 22.627l104 104c6.249 6.25 16.379 6.25 22.628.001z\"><\/path><\/svg><\/span><span class=\"gb-text\">Abgestufte \u00dcbungen zu Grundrechenarten, Zahlenverst\u00e4ndnis und Textaufgaben<\/span><\/p>\n\n\n\n<p class=\"gb-text-766250ea\"><span class=\"gb-shape\"><svg aria-hidden=\"true\" role=\"img\" height=\"1em\" width=\"1em\" viewBox=\"0 0 448 512\" xmlns=\"http:\/\/www.w3.org\/2000\/svg\"><path fill=\"currentColor\" d=\"M400 480H48c-26.51 0-48-21.49-48-48V80c0-26.51 21.49-48 48-48h352c26.51 0 48 21.49 48 48v352c0 26.51-21.49 48-48 48zm-204.686-98.059l184-184c6.248-6.248 6.248-16.379 0-22.627l-22.627-22.627c-6.248-6.248-16.379-6.249-22.628 0L184 302.745l-70.059-70.059c-6.248-6.248-16.379-6.248-22.628 0l-22.627 22.627c-6.248 6.248-6.248 16.379 0 22.627l104 104c6.249 6.25 16.379 6.25 22.628.001z\"><\/path><\/svg><\/span><span class=\"gb-text\">Materialien, die schw\u00e4chere Sch\u00fcler f\u00f6rdern und leistungsstarke Kinder fordern<\/span><\/p>\n\n\n\n<p class=\"gb-text-579a2e58\"><span class=\"gb-shape\"><svg aria-hidden=\"true\" role=\"img\" height=\"1em\" width=\"1em\" viewBox=\"0 0 448 512\" xmlns=\"http:\/\/www.w3.org\/2000\/svg\"><path fill=\"currentColor\" d=\"M400 480H48c-26.51 0-48-21.49-48-48V80c0-26.51 21.49-48 48-48h352c26.51 0 48 21.49 48 48v352c0 26.51-21.49 48-48 48zm-204.686-98.059l184-184c6.248-6.248 6.248-16.379 0-22.627l-22.627-22.627c-6.248-6.248-16.379-6.249-22.628 0L184 302.745l-70.059-70.059c-6.248-6.248-16.379-6.248-22.628 0l-22.627 22.627c-6.248 6.248-6.248 16.379 0 22.627l104 104c6.249 6.25 16.379 6.25 22.628.001z\"><\/path><\/svg><\/span><span class=\"gb-text\">Spielerische Aufgabenformate, die Mathe spannend und zug\u00e4nglich machen<\/span><\/p>\n\n\n\n<p class=\"gb-text-511f0ca8\"><span class=\"gb-shape\"><svg aria-hidden=\"true\" role=\"img\" height=\"1em\" width=\"1em\" viewBox=\"0 0 448 512\" xmlns=\"http:\/\/www.w3.org\/2000\/svg\"><path fill=\"currentColor\" d=\"M400 480H48c-26.51 0-48-21.49-48-48V80c0-26.51 21.49-48 48-48h352c26.51 0 48 21.49 48 48v352c0 26.51-21.49 48-48 48zm-204.686-98.059l184-184c6.248-6.248 6.248-16.379 0-22.627l-22.627-22.627c-6.248-6.248-16.379-6.249-22.628 0L184 302.745l-70.059-70.059c-6.248-6.248-16.379-6.248-22.628 0l-22.627 22.627c-6.248 6.248-6.248 16.379 0 22.627l104 104c6.249 6.25 16.379 6.25 22.628.001z\"><\/path><\/svg><\/span><span class=\"gb-text\">Klar strukturierte Kopiervorlagen, die sofort im Unterricht einsetzbar sind<\/span><\/p>\n<\/div>\n<\/div>\n\n\n\n<div class=\"col-30 gb-element-438b359d\">\n<img loading=\"lazy\" decoding=\"async\" width=\"476\" height=\"700\" class=\"gb-media-2dee19b7\" alt=\"\" src=\"https:\/\/www.kohlverlag.de\/themen\/wp-content\/uploads\/2025\/07\/portrait26.webp\" title=\"portrait26\" srcset=\"https:\/\/www.kohlverlag.de\/themen\/wp-content\/uploads\/2025\/07\/portrait26.webp 476w, https:\/\/www.kohlverlag.de\/themen\/wp-content\/uploads\/2025\/07\/portrait26-204x300.webp 204w\" sizes=\"auto, (max-width: 476px) 100vw, 476px\" \/>\n<\/div>\n<\/div>\n\n\n\n<div class=\"box-padding-40 border-radius mb-4rem gb-element-b013640f\">\n<div class=\"container-flex gb-element-c6463f29\">\n<div class=\"col-25 box-padding-20 border-radius verlauf-rot gb-element-d2426585\">\n<p class=\"gb-text font-h3 gb-text-531bcf98\">Von der Redaktion empfohlen<\/p>\n<\/div>\n\n\n\n<div class=\"col-75 gb-element-134ac143\">\n<div><div class=\"gb-looper-08c98a5a\">\n<div class=\"gb-loop-item border-radius box-padding-20 gb-loop-item-1419745b post-11841 produkt type-produkt status-publish has-post-thumbnail hentry artikelnummer-p12680 fach-mathematik klasse-klasse-3 klasse-klasse-4 schulform-grundschule thema-addition thema-aufgabenkarten thema-differenzierung thema-division thema-grundrechenarten thema-multiplikation thema-selbstlernzeit thema-subtraktion\">\n\n<\/div>\n\n<div class=\"gb-loop-item border-radius box-padding-20 gb-loop-item-1419745b post-12996 produkt type-produkt status-publish has-post-thumbnail hentry artikelnummer-p12682 fach-mathematik klasse-klasse-1 klasse-klasse-2 klasse-klasse-3 klasse-klasse-4 schulform-foerderschule schulform-grundschule thema-haeusliches-ueben thema-raetsel thema-vertretungsstunden thema-zusatzmaterial\">\n\n<\/div>\n\n<div class=\"gb-loop-item border-radius box-padding-20 gb-loop-item-1419745b post-12207 produkt type-produkt status-publish has-post-thumbnail hentry artikelnummer-p11557 fach-mathematik klasse-klasse-3 klasse-klasse-4 schulform-grundschule thema-aufgabenkarten thema-differenzierung thema-geometrie thema-selbstlernzeit\">\n\n<\/div>\n<\/div><\/div>\n<\/div>\n<\/div>\n<\/div>\n\n\n\n<div class=\"box-padding-40 border-radius mb-4rem gb-element-03537106\">\n<div class=\"container-flex gb-element-91ca91bd\">\n<div class=\"col-70\">\n<div><div class=\"gb-looper-d4e3809d\">\n<div class=\"gb-loop-item border-radius box-padding-20 gb-loop-item-ed82c815 post-11952 produkt type-produkt status-publish has-post-thumbnail hentry artikelnummer-p12681 fach-mathematik klasse-klasse-3 klasse-klasse-4 schulform-grundschule thema-aufgabenkarten thema-differenzierung thema-masseinheiten thema-selbstlernzeit\">\n\n<\/div>\n\n<div class=\"gb-loop-item border-radius box-padding-20 gb-loop-item-ed82c815 post-11233 produkt type-produkt status-publish has-post-thumbnail hentry artikelnummer-p11398 fach-mathematik klasse-klasse-4 schulform-grundschule thema-addition thema-aufgabenkarten thema-differenzierung thema-division thema-einmaleins thema-geometrie thema-grundrechenarten thema-masseinheiten thema-multiplikation thema-selbstlernzeit thema-subtraktion\">\n\n<\/div>\n\n<div class=\"gb-loop-item border-radius box-padding-20 gb-loop-item-ed82c815 post-11173 produkt type-produkt status-publish has-post-thumbnail hentry artikelnummer-p11946 fach-mathematik klasse-klasse-5 klasse-klasse-6 klasse-klasse-7 schulform-sekundarstufe-i thema-aufgabenkarten thema-differenzierung thema-prozentrechnung thema-selbstlernzeit\">\n\n<\/div>\n<\/div><\/div>\n<\/div>\n\n\n\n<div class=\"col-25 box-padding-20 border-radius border-dotted gb-element-c9c15f40\">\n<p class=\"gb-text font-h3 gb-text-d1a4dd32\">Beliebte Produkte<\/p>\n\n\n\n<a class=\"gb-text button-primary gb-text-470f4b9f\" href=\"\/grundschule\/?order=topseller&#038;p=1&#038;properties=e631e3fdf9e4431db7dbef70ed8005f4%7C053e5787b1fb4f928aedb8efc563f4b8\">Alle Produkte<\/a>\n<\/div>\n<\/div>\n<\/div>\n\n\n\n<div class=\"box-padding-40 border-radius mb-4rem gb-element-60df2682\">\n<div class=\"container-flex gb-element-2b660aa8\">\n<div class=\"col-70 gb-element-8e56ec55\">\n<div><div class=\"gb-looper-b08f3798\">\n<div class=\"gb-loop-item border-radius box-padding-20 gb-loop-item-8c8389ce post-11101 produkt type-produkt status-publish has-post-thumbnail hentry artikelnummer-p13213 fach-deutsch fach-mathematik klasse-klasse-2 klasse-klasse-3 klasse-klasse-4 schulform-foerderschule schulform-grundschule thema-aufmerksamkeitstraining thema-basiskompetenzen thema-differenzierung thema-lesekompetenz thema-rechengeschichten thema-sachaufgaben thema-sinnerfassendes-lesen thema-zahlenbeziehungen\">\n\n<\/div>\n\n<div class=\"gb-loop-item border-radius box-padding-20 gb-loop-item-8c8389ce post-11340 produkt type-produkt status-publish has-post-thumbnail hentry artikelnummer-p12866 fach-mathematik klasse-klasse-3 klasse-klasse-4 schulform-grundschule thema-aufgabenkarten thema-differenzierung thema-masseinheiten thema-selbstlernzeit thema-textaufgaben\">\n\n<\/div>\n\n<div class=\"gb-loop-item border-radius box-padding-20 gb-loop-item-8c8389ce post-11011 produkt type-produkt status-publish has-post-thumbnail hentry artikelnummer-p13146 fach-mathematik klasse-klasse-2 klasse-klasse-3 klasse-klasse-4 schulform-foerderschule schulform-grundschule thema-konzentration thema-rechenschwaeche thema-zahlenbeziehungen thema-zahlenraumerfassung thema-zahlenverstaendnis thema-zehneruebergang\">\n\n<\/div>\n<\/div><\/div>\n<\/div>\n\n\n\n<div class=\"col-25 box-padding-20 border-radius border-dotted gb-element-d9223b46\">\n<p class=\"gb-text font-h3 gb-text-8c982efe\">Neuheiten<\/p>\n\n\n\n<a class=\"gb-text button-primary gb-text-cce460f5\" href=\"\/grundschule\/?order=neuheiten&#038;p=1&#038;properties=e631e3fdf9e4431db7dbef70ed8005f4%7C053e5787b1fb4f928aedb8efc563f4b8\">Alle Produkte<\/a>\n<\/div>\n<\/div>\n<\/div>\n<\/div>\n<\/div>\n\n\n\n<div class=\"section-main gb-element-243bfbd3\">\n<div class=\"container-main width-main\">\n<div class=\"container-flex gb-element-1227fa15\">\n<div class=\"col-70\">\n<p class=\"gb-text gb-text-e31e15e2\">Redaktionelle Auswahl zum Thema:<\/p>\n\n\n\n<h2 id=\"differenzierung-im-mathematikunterricht-in-der-sekundarstufe\" class=\"gb-text mb-2rem\">Differenzierung im Mathematikunterricht <br><mark style=\"background-color:rgba(0, 0, 0, 0)\" class=\"has-inline-color has-brand-primary-color\">in der Sekundarstufe<\/mark><\/h2>\n\n\n\n<div class=\"mb-4rem gb-element-6d78d06d\">\n<p class=\"gb-text-97e2cb57\"><span class=\"gb-shape\"><svg aria-hidden=\"true\" role=\"img\" height=\"1em\" width=\"1em\" viewBox=\"0 0 448 512\" xmlns=\"http:\/\/www.w3.org\/2000\/svg\"><path fill=\"currentColor\" d=\"M400 480H48c-26.51 0-48-21.49-48-48V80c0-26.51 21.49-48 48-48h352c26.51 0 48 21.49 48 48v352c0 26.51-21.49 48-48 48zm-204.686-98.059l184-184c6.248-6.248 6.248-16.379 0-22.627l-22.627-22.627c-6.248-6.248-16.379-6.249-22.628 0L184 302.745l-70.059-70.059c-6.248-6.248-16.379-6.248-22.628 0l-22.627 22.627c-6.248 6.248-6.248 16.379 0 22.627l104 104c6.249 6.25 16.379 6.25 22.628.001z\"><\/path><\/svg><\/span><span class=\"gb-text\">Differenzierte Aufgaben zu Algebra, Geometrie, Bruchrechnung und Gleichungen<\/span><\/p>\n\n\n\n<p class=\"gb-text-09977084\"><span class=\"gb-shape\"><svg aria-hidden=\"true\" role=\"img\" height=\"1em\" width=\"1em\" viewBox=\"0 0 448 512\" xmlns=\"http:\/\/www.w3.org\/2000\/svg\"><path fill=\"currentColor\" d=\"M400 480H48c-26.51 0-48-21.49-48-48V80c0-26.51 21.49-48 48-48h352c26.51 0 48 21.49 48 48v352c0 26.51-21.49 48-48 48zm-204.686-98.059l184-184c6.248-6.248 6.248-16.379 0-22.627l-22.627-22.627c-6.248-6.248-16.379-6.249-22.628 0L184 302.745l-70.059-70.059c-6.248-6.248-16.379-6.248-22.628 0l-22.627 22.627c-6.248 6.248-6.248 16.379 0 22.627l104 104c6.249 6.25 16.379 6.25 22.628.001z\"><\/path><\/svg><\/span><span class=\"gb-text\">Materialien auf mehreren Niveaustufen \u2013 von Basis\u00fcbungen bis zu komplexeren Aufgabenstellungen<\/span><\/p>\n\n\n\n<p class=\"gb-text-416c49a4\"><span class=\"gb-shape\"><svg aria-hidden=\"true\" role=\"img\" height=\"1em\" width=\"1em\" viewBox=\"0 0 448 512\" xmlns=\"http:\/\/www.w3.org\/2000\/svg\"><path fill=\"currentColor\" d=\"M400 480H48c-26.51 0-48-21.49-48-48V80c0-26.51 21.49-48 48-48h352c26.51 0 48 21.49 48 48v352c0 26.51-21.49 48-48 48zm-204.686-98.059l184-184c6.248-6.248 6.248-16.379 0-22.627l-22.627-22.627c-6.248-6.248-16.379-6.249-22.628 0L184 302.745l-70.059-70.059c-6.248-6.248-16.379-6.248-22.628 0l-22.627 22.627c-6.248 6.248-6.248 16.379 0 22.627l104 104c6.249 6.25 16.379 6.25 22.628.001z\"><\/path><\/svg><\/span><span class=\"gb-text\">F\u00f6rderung von Selbstst\u00e4ndigkeit durch klar gegliederte \u00dcbungsformate<\/span><\/p>\n\n\n\n<p class=\"gb-text-9e377c8e\"><span class=\"gb-shape\"><svg aria-hidden=\"true\" role=\"img\" height=\"1em\" width=\"1em\" viewBox=\"0 0 448 512\" xmlns=\"http:\/\/www.w3.org\/2000\/svg\"><path fill=\"currentColor\" d=\"M400 480H48c-26.51 0-48-21.49-48-48V80c0-26.51 21.49-48 48-48h352c26.51 0 48 21.49 48 48v352c0 26.51-21.49 48-48 48zm-204.686-98.059l184-184c6.248-6.248 6.248-16.379 0-22.627l-22.627-22.627c-6.248-6.248-16.379-6.249-22.628 0L184 302.745l-70.059-70.059c-6.248-6.248-16.379-6.248-22.628 0l-22.627 22.627c-6.248 6.248-6.248 16.379 0 22.627l104 104c6.249 6.25 16.379 6.25 22.628.001z\"><\/path><\/svg><\/span><span class=\"gb-text\">Flexibel einsetzbare Arbeitsbl\u00e4tter f\u00fcr Regelunterricht, F\u00f6rderstunden oder Hausaufgaben<\/span><\/p>\n<\/div>\n<\/div>\n\n\n\n<div class=\"col-30 gb-element-b86eebbb\">\n<img loading=\"lazy\" decoding=\"async\" width=\"476\" height=\"700\" class=\"gb-media-d8666b60\" alt=\"\" src=\"https:\/\/www.kohlverlag.de\/themen\/wp-content\/uploads\/2025\/07\/portrait22.webp\" title=\"portrait22\" srcset=\"https:\/\/www.kohlverlag.de\/themen\/wp-content\/uploads\/2025\/07\/portrait22.webp 476w, https:\/\/www.kohlverlag.de\/themen\/wp-content\/uploads\/2025\/07\/portrait22-204x300.webp 204w\" sizes=\"auto, (max-width: 476px) 100vw, 476px\" \/>\n<\/div>\n<\/div>\n\n\n\n<div class=\"box-padding-40 border-radius mb-4rem gb-element-0a17e12e\">\n<div class=\"container-flex gb-element-24ba2877\">\n<div class=\"col-25 box-padding-20 border-radius verlauf-rot gb-element-f01cfc3d\">\n<p class=\"gb-text font-h3 gb-text-f7e62dde\">Von der Redaktion empfohlen<\/p>\n<\/div>\n\n\n\n<div class=\"col-75 gb-element-bc0d0848\">\n<div><div class=\"gb-looper-ed8cf971\">\n<div class=\"gb-loop-item border-radius box-padding-20 gb-loop-item-005c7ec4 post-12973 produkt type-produkt status-publish has-post-thumbnail hentry artikelnummer-p11565 fach-mathematik klasse-klasse-10 klasse-klasse-5 klasse-klasse-6 klasse-klasse-7 klasse-klasse-8 klasse-klasse-9 schulform-sekundarstufe-i thema-aufgabenkarten thema-differenzierung thema-geometrie thema-pythagoras thema-satz-des-pythagoras thema-selbstlernzeit\">\n\n<\/div>\n\n<div class=\"gb-loop-item border-radius box-padding-20 gb-loop-item-005c7ec4 post-12393 produkt type-produkt status-publish has-post-thumbnail hentry artikelnummer-p11591 fach-mathematik klasse-klasse-5 schulform-sekundarstufe-i thema-aufgabenkarten thema-differenzierung thema-geometrie thema-grundrechenarten thema-runden thema-sachaufgaben thema-selbstlernzeit thema-selbststaendiges-arbeiten thema-wiederholung\">\n\n<\/div>\n\n<div class=\"gb-loop-item border-radius box-padding-20 gb-loop-item-005c7ec4 post-12183 produkt type-produkt status-publish has-post-thumbnail hentry artikelnummer-p12926 fach-mathematik klasse-klasse-10 klasse-klasse-9 schulform-sekundarstufe-i thema-aufgabenkarten thema-differenzierung thema-funktionen thema-quadratische-funktionen thema-selbstlernzeit thema-selbststaendiges-arbeiten thema-wiederholung\">\n\n<\/div>\n<\/div><\/div>\n<\/div>\n<\/div>\n<\/div>\n\n\n\n<div class=\"box-padding-40 border-radius mb-4rem gb-element-37d6b5fa\">\n<div class=\"container-flex mb-4rem gb-element-9a52df99\">\n<div class=\"col-75\">\n<div><div class=\"gb-looper-b1e646ee\">\n<div class=\"gb-loop-item border-radius box-padding-20 gb-loop-item-77e7134e post-12309 produkt type-produkt status-publish has-post-thumbnail hentry artikelnummer-p12755 fach-mathematik klasse-klasse-5 klasse-klasse-6 schulform-sekundarstufe-i thema-aufgabenkarten thema-differenzierung thema-masseinheiten thema-selbstlernzeit thema-selbststaendiges-arbeiten\">\n\n<\/div>\n\n<div class=\"gb-loop-item border-radius box-padding-20 gb-loop-item-77e7134e post-10905 produkt type-produkt status-publish has-post-thumbnail hentry artikelnummer-p13025 fach-mathematik klasse-klasse-5 produktgruppe-mathe-training-zur-wiederholung-und-festigung schulform-sekundarstufe-i thema-differenzierung thema-selbstlernzeit thema-vertretungsstunden thema-zusatzmaterial\">\n\n<\/div>\n\n<div class=\"gb-loop-item border-radius box-padding-20 gb-loop-item-77e7134e post-12387 produkt type-produkt status-publish has-post-thumbnail hentry artikelnummer-p12502 fach-mathematik klasse-klasse-5 klasse-klasse-6 schulform-sekundarstufe-i thema-geometrie thema-wochenplan\">\n\n<\/div>\n<\/div><\/div>\n<\/div>\n\n\n\n<div class=\"col-25 box-padding-20 border-radius border-dotted gb-element-5e105d44\">\n<p class=\"gb-text font-h3 gb-text-df2eab3c\">Beliebte Produkte<\/p>\n\n\n\n<a class=\"gb-text button-primary gb-text-8c210008\" href=\"\/sekundarstufe\/?order=topseller&#038;p=1&#038;properties=e631e3fdf9e4431db7dbef70ed8005f4%7C053e5787b1fb4f928aedb8efc563f4b8\">Alle Produkte<\/a>\n<\/div>\n<\/div>\n<\/div>\n\n\n\n<div class=\"box-padding-40 border-radius mb-4rem gb-element-fe2509ad\">\n<div class=\"container-flex mb-4rem gb-element-3dbd0a10\">\n<div class=\"col-75 gb-element-ea497a6f\">\n<div><div class=\"gb-looper-4d132a9b\">\n<div class=\"gb-loop-item border-radius box-padding-20 gb-loop-item-2ec564ce post-11693 produkt type-produkt status-publish has-post-thumbnail hentry artikelnummer-p12751 fach-mathematik klasse-klasse-5 klasse-klasse-6 klasse-klasse-7 schulform-sekundarstufe-i thema-klapustri-regel thema-mathe-regeln\">\n\n<\/div>\n\n<div class=\"gb-loop-item border-radius box-padding-20 gb-loop-item-2ec564ce post-11085 produkt type-produkt status-publish has-post-thumbnail hentry artikelnummer-p13028 fach-mathematik klasse-klasse-10 produktgruppe-mathe-training-zur-wiederholung-und-festigung schulform-sekundarstufe-i thema-differenzierung thema-selbstlernzeit thema-vertretungsstunden thema-zusatzmaterial\">\n\n<\/div>\n\n<div class=\"gb-loop-item border-radius box-padding-20 gb-loop-item-2ec564ce post-11022 produkt type-produkt status-publish has-post-thumbnail hentry artikelnummer-p13027 fach-mathematik klasse-klasse-9 produktgruppe-mathe-training-zur-wiederholung-und-festigung schulform-sekundarstufe-i thema-differenzierung thema-selbstlernzeit thema-vertretungsstunden thema-zusatzmaterial\">\n\n<\/div>\n<\/div><\/div>\n<\/div>\n\n\n\n<div class=\"col-25 box-padding-20 border-radius border-dotted gb-element-14f6315d\">\n<p class=\"gb-text font-h3 gb-text-637d915a\">Neuheiten<\/p>\n\n\n\n<a class=\"gb-text button-primary gb-text-7ccdb2cf\" href=\"\/sekundarstufe\/?order=neuheiten&#038;p=1&#038;properties=e631e3fdf9e4431db7dbef70ed8005f4%7C053e5787b1fb4f928aedb8efc563f4b8\">Alle Produkte<\/a>\n<\/div>\n<\/div>\n<\/div>\n<\/div>\n<\/div>\n","protected":false},"excerpt":{"rendered":"<p>Redaktionelle Auswahl zum Thema: Differenzierung im Mathematikunterricht in der Grundschule Abgestufte \u00dcbungen zu Grundrechenarten, Zahlenverst\u00e4ndnis und Textaufgaben Materialien, die schw\u00e4chere Sch\u00fcler f\u00f6rdern und leistungsstarke Kinder fordern Spielerische Aufgabenformate, die Mathe spannend und zug\u00e4nglich machen Klar strukturierte Kopiervorlagen, die sofort im Unterricht einsetzbar sind Von der Redaktion empfohlen Beliebte Produkte Alle Produkte Neuheiten Alle Produkte Redaktionelle &#8230; <a title=\"Differenzierung im Mathematikunterricht\" class=\"read-more\" href=\"https:\/\/www.kohlverlag.de\/themen\/differenzierung-im-unterricht\/differenzierung-im-mathematikunterricht\/\" aria-label=\"Mehr Informationen \u00fcber Differenzierung im Mathematikunterricht\">Weiterlesen<\/a><\/p>\n","protected":false},"author":1,"featured_media":10148,"parent":10714,"menu_order":0,"comment_status":"closed","ping_status":"closed","template":"","meta":{"_acf_changed":false,"footnotes":""},"artikelnummer":[],"autorenname":[],"fach":[],"klasse":[],"produktgruppe":[],"schulform":[],"thema":[],"elementvorlage":[102],"vorlage-hero":[4869],"class_list":{"0":"post-10863","1":"page","2":"type-page","3":"status-publish","4":"has-post-thumbnail","6":"elementvorlage-landingpage","7":"vorlage-hero-portrait"},"acf":[],"_links":{"self":[{"href":"https:\/\/www.kohlverlag.de\/themen\/wp-json\/wp\/v2\/pages\/10863","targetHints":{"allow":["GET"]}}],"collection":[{"href":"https:\/\/www.kohlverlag.de\/themen\/wp-json\/wp\/v2\/pages"}],"about":[{"href":"https:\/\/www.kohlverlag.de\/themen\/wp-json\/wp\/v2\/types\/page"}],"author":[{"embeddable":true,"href":"https:\/\/www.kohlverlag.de\/themen\/wp-json\/wp\/v2\/users\/1"}],"replies":[{"embeddable":true,"href":"https:\/\/www.kohlverlag.de\/themen\/wp-json\/wp\/v2\/comments?post=10863"}],"version-history":[{"count":12,"href":"https:\/\/www.kohlverlag.de\/themen\/wp-json\/wp\/v2\/pages\/10863\/revisions"}],"predecessor-version":[{"id":13397,"href":"https:\/\/www.kohlverlag.de\/themen\/wp-json\/wp\/v2\/pages\/10863\/revisions\/13397"}],"up":[{"embeddable":true,"href":"https:\/\/www.kohlverlag.de\/themen\/wp-json\/wp\/v2\/pages\/10714"}],"wp:featuredmedia":[{"embeddable":true,"href":"https:\/\/www.kohlverlag.de\/themen\/wp-json\/wp\/v2\/media\/10148"}],"wp:attachment":[{"href":"https:\/\/www.kohlverlag.de\/themen\/wp-json\/wp\/v2\/media?parent=10863"}],"wp:term":[{"taxonomy":"artikelnummer","embeddable":true,"href":"https:\/\/www.kohlverlag.de\/themen\/wp-json\/wp\/v2\/artikelnummer?post=10863"},{"taxonomy":"autorenname","embeddable":true,"href":"https:\/\/www.kohlverlag.de\/themen\/wp-json\/wp\/v2\/autorenname?post=10863"},{"taxonomy":"fach","embeddable":true,"href":"https:\/\/www.kohlverlag.de\/themen\/wp-json\/wp\/v2\/fach?post=10863"},{"taxonomy":"klasse","embeddable":true,"href":"https:\/\/www.kohlverlag.de\/themen\/wp-json\/wp\/v2\/klasse?post=10863"},{"taxonomy":"produktgruppe","embeddable":true,"href":"https:\/\/www.kohlverlag.de\/themen\/wp-json\/wp\/v2\/produktgruppe?post=10863"},{"taxonomy":"schulform","embeddable":true,"href":"https:\/\/www.kohlverlag.de\/themen\/wp-json\/wp\/v2\/schulform?post=10863"},{"taxonomy":"thema","embeddable":true,"href":"https:\/\/www.kohlverlag.de\/themen\/wp-json\/wp\/v2\/thema?post=10863"},{"taxonomy":"elementvorlage","embeddable":true,"href":"https:\/\/www.kohlverlag.de\/themen\/wp-json\/wp\/v2\/elementvorlage?post=10863"},{"taxonomy":"vorlage-hero","embeddable":true,"href":"https:\/\/www.kohlverlag.de\/themen\/wp-json\/wp\/v2\/vorlage-hero?post=10863"}],"curies":[{"name":"wp","href":"https:\/\/api.w.org\/{rel}","templated":true}]}}