{"id":15076,"date":"2025-12-02T11:32:07","date_gmt":"2025-12-02T10:32:07","guid":{"rendered":"https:\/\/www.kohlverlag.de\/themen\/?page_id=15076"},"modified":"2025-12-12T09:32:20","modified_gmt":"2025-12-12T08:32:20","slug":"wasserkreislauf","status":"publish","type":"page","link":"https:\/\/www.kohlverlag.de\/themen\/biologie\/wasserkreislauf\/","title":{"rendered":"Wasserkreislauf"},"content":{"rendered":"\n<div class=\"container-blog\">\n<p>Der Wasserkreislauf bezeichnet den Transport und die Speicherung von Wasser, egal ob in einem regionalen Zusammenhang vor Ort oder weltweit.&nbsp;<strong>Voraussetzung f\u00fcr diesen Kreislauf ist die Ver\u00e4nderung des Aggregatzustands von Wasser.<\/strong>&nbsp;Das bedeutet, dass Wasser in verschiedenen Formen vorkommen kann. Diese Aggregatzust\u00e4nde sind gefroren, fl\u00fcssig und gasf\u00f6rmig. Der Aggregatzustand \u00e4ndert sich vor allem dadurch, dass was&nbsp;<strong>Wasser einige verschiedene Sph\u00e4ren, also Schichten rund um die Erde, durchwandert.<\/strong>&nbsp;Wichtige Sph\u00e4ren, \u00fcber die du dich informieren kannst, sind die Hydrosph\u00e4re, die Lithosph\u00e4re, die Biosph\u00e4re und die dir bekannte Atmosph\u00e4re auf der Erde.<\/p>\n\n\n<p class=\"gb-text mb-2rem\"><strong>Meist zirkuliert das Wasser aber nur zwischen dem Meer und dem Festland. <\/strong><\/p>\n\n\n<div class=\"mb-2rem gb-element-1d198331\">\n<img loading=\"lazy\" decoding=\"async\" width=\"500\" height=\"700\" class=\"mb-2rem gb-media-894e5c88\" alt=\"\" src=\"https:\/\/www.kohlverlag.de\/themen\/wp-content\/uploads\/2025\/12\/Wasserkreislauf.png\" title=\"Wasserkreislauf\" srcset=\"https:\/\/www.kohlverlag.de\/themen\/wp-content\/uploads\/2025\/12\/Wasserkreislauf.png 500w, https:\/\/www.kohlverlag.de\/themen\/wp-content\/uploads\/2025\/12\/Wasserkreislauf-214x300.png 214w\" sizes=\"auto, (max-width: 500px) 100vw, 500px\" \/>\n<\/div>\n\n\n\n<p><strong>In der Grundschule begegnet man dem Wasserkreislauf meist in der dritten oder vierten Klasse.\u00a0<\/strong>Ziel ist dabei nicht nur das wichtige Element und seine Aggregatzust\u00e4nde kennenzulernen, sondern schon fr\u00fch ein Umweltbewusstsein zu entwickeln. Die heutigen Lehrpl\u00e4ne verfolgen auch das Ziel nachhaltig und vorausschauend zu handeln. Dabei spielt Wasser als wichtige Ressource unseres Alltags eine ganz besondere Rolle.<\/p>\n<\/div>\n\n\n\n<div class=\"mb-4rem section-main gb-element-6c24fb97\" id=\"produkte\">\n<span class=\"gb-shape gb-shape-bc66b611 gb-shape--divider\"><svg preserveAspectRatio=\"none\" viewBox=\"0 0 1200 70\" xmlns=\"http:\/\/www.w3.org\/2000\/svg\"><path d=\"M670 50L600 0l-70 50H0v20h1200V50z\"><\/path><\/svg><\/span>\n\n\n\n<div class=\"container-main width-main\"><p class=\"gb-text font-h2 gb-text-804dd6a1\">Passende Arbeitsbl\u00e4tter zum Thema<\/p>\n\n<p class=\"gb-text font-h2 gb-text-e6efec23\"><em>Unterrichtsvorbereitung ganz einfach!<\/em><\/p>\n\n\n<div class=\"mb-4rem\"><div class=\"gb-looper-27d58d74\">\n<div class=\"gb-loop-item gb-loop-item-5a7b5b2c post-13278 produkt type-produkt status-publish has-post-thumbnail hentry artikelnummer-p10661 fach-biologie fach-erdkunde fach-sachunterricht klasse-klasse-3 klasse-klasse-4 klasse-klasse-5 klasse-klasse-6 klasse-klasse-7 klasse-klasse-8 schulform-grundschule schulform-sekundarstufe-i thema-luft thema-sonne thema-wasser thema-wasserkreislauf thema-wetter thema-wetterbericht thema-wettervorhersage thema-wind thema-wolken\"><p class=\"gb-text product-title gb-text-5df7e95f\">Lernwerkstatt Das Wetter &#8211; P10661<\/p>\n\n\n<div>\n\n<\/div>\n<\/div>\n\n<div class=\"gb-loop-item gb-loop-item-5a7b5b2c post-12822 produkt type-produkt status-publish has-post-thumbnail hentry artikelnummer-p10713 fach-biologie fach-sachunterricht klasse-klasse-3 klasse-klasse-4 klasse-klasse-5 klasse-klasse-6 klasse-klasse-7 klasse-klasse-8 schulform-grundschule schulform-sekundarstufe-i thema-elemente thema-energiegewinnung thema-wasser thema-wasserkreislauf thema-wasserwerk\"><p class=\"gb-text product-title gb-text-5df7e95f\">Lernwerkstatt Wasser &#8211; P10713<\/p>\n\n\n<div>\n\n<\/div>\n<\/div>\n\n<div class=\"gb-loop-item gb-loop-item-5a7b5b2c post-12604 produkt type-produkt status-publish has-post-thumbnail hentry artikelnummer-p10950 fach-biologie fach-erdkunde klasse-klasse-5 klasse-klasse-6 klasse-klasse-7 klasse-klasse-8 schulform-sekundarstufe-i thema-abholzung thema-lebensraum thema-pflanzen thema-regenwald thema-tiere thema-tropen thema-waldrodung thema-wasserkreislauf\"><p class=\"gb-text product-title gb-text-5df7e95f\">Lernwerkstatt Der Regenwald &#8211; P10950<\/p>\n\n\n<div>\n\n<\/div>\n<\/div>\n\n<div class=\"gb-loop-item gb-loop-item-5a7b5b2c post-12474 produkt type-produkt status-publish has-post-thumbnail hentry artikelnummer-p12264 fach-biologie fach-erdkunde fach-sachunterricht klasse-klasse-3 klasse-klasse-4 schulform-grundschule thema-fauna thema-flora thema-fluesse thema-seen thema-wasserkreislauf\"><p class=\"gb-text product-title gb-text-5df7e95f\">Gew\u00e4sser &#8211; B\u00e4che, Fl\u00fcsse und Seen &#8211; P12264<\/p>\n\n\n<div>\n\n<\/div>\n<\/div>\n\n<div class=\"gb-loop-item gb-loop-item-5a7b5b2c post-12359 produkt type-produkt status-publish has-post-thumbnail hentry artikelnummer-p11322 fach-erdkunde klasse-klasse-10 klasse-klasse-5 klasse-klasse-6 klasse-klasse-7 klasse-klasse-8 klasse-klasse-9 schulform-sekundarstufe-i thema-fluesse thema-inseln thema-ozeane thema-schifffahrt thema-wasserkreislauf thema-weltmeere\"><p class=\"gb-text product-title gb-text-5df7e95f\">Geografie der Meere &#8211; P11322<\/p>\n\n\n<div>\n\n<\/div>\n<\/div>\n\n<div class=\"gb-loop-item gb-loop-item-5a7b5b2c post-12236 produkt type-produkt status-publish has-post-thumbnail hentry artikelnummer-p11634 fach-biologie fach-erdkunde fach-sachunterricht klasse-klasse-2 klasse-klasse-3 klasse-klasse-4 schulform-grundschule thema-abwasser thema-klaeranlage thema-trinkwasser thema-wasser thema-wasserkreislauf thema-wasserverbrauch thema-wasserverschmutzung thema-wasserwerk\"><p class=\"gb-text product-title gb-text-5df7e95f\">Lernwerkstatt Wasser und Abwasser &#8211; Versorgung und Aufbereitung &#8211; P11634<\/p>\n\n\n<div>\n\n<\/div>\n<\/div>\n\n<div class=\"gb-loop-item gb-loop-item-5a7b5b2c post-12058 produkt type-produkt status-publish has-post-thumbnail hentry artikelnummer-p10667 fach-biologie fach-erdkunde fach-sachunterricht klasse-klasse-3 klasse-klasse-4 klasse-klasse-5 klasse-klasse-6 klasse-klasse-7 klasse-klasse-8 schulform-grundschule schulform-sekundarstufe-i thema-grundwasser thema-trinkwasser thema-wasser thema-wasserkreislauf thema-wasserverbrauch thema-wasserwerk\"><p class=\"gb-text product-title gb-text-5df7e95f\">Lernwerkstatt Kreislauf des Wassers &#8211; P10667<\/p>\n\n\n<div>\n\n<\/div>\n<\/div>\n\n<div class=\"gb-loop-item gb-loop-item-5a7b5b2c post-11721 produkt type-produkt status-publish has-post-thumbnail hentry artikelnummer-p10943 fach-biologie fach-sachunterricht klasse-klasse-2 klasse-klasse-3 klasse-klasse-4 schulform-grundschule thema-abholzung thema-naturschutz thema-pflanzen thema-regenwald thema-tiere thema-tropen thema-waldrodung thema-wasserkreislauf\"><p class=\"gb-text product-title gb-text-5df7e95f\">Lernwerkstatt Wir erforschen den Dschungel &#8211; P10943<\/p>\n\n\n<div>\n\n<\/div>\n<\/div>\n\n<div class=\"gb-loop-item gb-loop-item-5a7b5b2c post-11449 produkt type-produkt status-publish has-post-thumbnail hentry artikelnummer-p15042 fach-biologie fach-erdkunde fach-sachunterricht klasse-klasse-3 klasse-klasse-4 klasse-klasse-5 klasse-klasse-6 klasse-klasse-7 klasse-klasse-8 schulform-foerderschule schulform-grundschule schulform-sekundarstufe-i thema-kosmisch thema-legematerial thema-legestern thema-montessori thema-wasserkreislauf thema-wetter\"><p class=\"gb-text product-title gb-text-5df7e95f\">Wolken, Wind und Regen &#8211; P15042<\/p>\n\n\n<div>\n\n<\/div>\n<\/div>\n\n<div class=\"gb-loop-item gb-loop-item-5a7b5b2c post-11372 produkt type-produkt status-publish has-post-thumbnail hentry artikelnummer-p10960 fach-sachunterricht klasse-klasse-1 klasse-klasse-2 klasse-klasse-3 klasse-klasse-4 schulform-grundschule thema-aggregatzustand thema-elemente thema-wasser thema-wasserkreislauf thema-wasserverschmutzung\"><p class=\"gb-text product-title gb-text-5df7e95f\">Erforsche das Wasser &#8211; P10960<\/p>\n\n\n<div>\n\n<\/div>\n<\/div>\n<\/div><\/div>\n\n\n\n<div class=\"gb-element-c20b6a79\"><a class=\"gb-text button-primary gb-text-4ddc0548\" href=\"https:\/\/www.kohlverlag.de\/unterrichtsmaterial\/?order=neuheiten&#038;p=1&#038;properties=44be75f864fa493e949adf0d18f839b1\">weitere Produkte im Shop<\/a><\/div>\n<\/div>\n<\/div>\n\n\n\n<div class=\"container-blog\"><h2 class=\"wp-block-heading\" id=\"wie-erklaert-man-den-wasserkreislaufnbsp\">Wie erkl\u00e4rt man den Wasserkreislauf? <\/h2>\n\n\n<p>Da sich das Wasser immer in einem Kreislauf bewegt, gibt es keinen klaren Anfang und kein Ende. Es gibt aber einzelne Schritte im Wasserkreislauf, die wir hier n\u00e4her anschauen wollen.<\/p>\n\n\n\n<p><strong>Schritt 1:<\/strong><\/p>\n\n\n\n<p>Durch die Sonne verdunstet das Wasser im Meer. Deshalb steigt Wasser unsichtbar fein in den Himmel hinauf.<\/p>\n\n\n\n<p><strong>Schritt 2:<\/strong><\/p>\n\n\n\n<p>Im Himmel sammelt sich das Wasser in Wolken an.<\/p>\n\n\n\n<p><strong>Schritt 3:<\/strong><\/p>\n\n\n\n<p>Wenn die Wolke zu \u201cvoll\u201d ist, f\u00e4llt Regen aus den Wolken.<\/p>\n\n\n\n<p><strong>Schritt 4:<\/strong><\/p>\n\n\n\n<p>Dieser Regen f\u00e4llt dann auf die Erde nieder, wo sich Seen und Fl\u00fcsse ansammeln, die zur\u00fcck ins Meer str\u00f6men. Danach geht der Kreislauf wieder von vorne los.<\/p>\n\n\n\n<p>Die wichtigste Rolle f\u00fcr diesen Kreislauf nimmt neben dem Wasser die Sonne ein. Nur durch ihre W\u00e4rme kann Wasser verdunsten und gasf\u00f6rmig zum Himmel aufsteigen. Diese Verdunstung findet aber nicht nur \u00fcber Meeren, sondern auch \u00fcber Seen oder feuchten W\u00e4ldern statt.<\/p>\n\n\n\n<p>Das tolle am Wasserkreislauf ist, dass das Wasser von der Natur selbst gereinigt wird. Denn f\u00e4llt Wasser auf die Erde, versickert es meist im Boden, wo es durch Erdschichten und Kies gefiltert wird. Das Wasser, was dann wieder in Form einer Quelle austritt, ist gereinigt und sauber.<\/p>\n\n\n\n<div class=\"infobox-orange\"><p class=\"gb-text gb-text-7fab6cf6\">Der Wasserkreislauf ist absolut nachhaltig. Es geht keinerlei Wasser verloren, das Wasser \u00e4ndert lediglich seinen Aggregatzustand von fl\u00fcssig zu gasf\u00f6rmig zu gefroren und wird dann wieder fl\u00fcssig.<\/p><\/div>\n\n\n<h2 class=\"wp-block-heading\" id=\"wie-lange-dauert-der-wasserkreislauf-der-erde\">Wie lange dauert der Wasserkreislauf der Erde?<\/h2>\n\n\n<p>Wasser ist im Prinzip st\u00e4ndig in Bewegung, doch verbleibt es auch einige Zeit an einem Ort. So kann das Wasser in Seen und Gletschern zwischen 20 bis 100 Jahre bleiben. Noch l\u00e4nger in Ozeanen mit rund 3.200 Jahren und sogar 10.000 Jahre im Grundwasser. Das meist fl\u00fcssige Element verweilt also deutlich l\u00e4nger als ein Mensch und so ist der ewige Wasserkreislauf auch sehr wichtig f\u00fcr den Bestand unseres Klimas.<\/p>\n<\/div>\n","protected":false},"excerpt":{"rendered":"<p>Der Wasserkreislauf bezeichnet den Transport und die Speicherung von Wasser, egal ob in einem regionalen Zusammenhang vor Ort oder weltweit.&nbsp;Voraussetzung f\u00fcr diesen Kreislauf ist die Ver\u00e4nderung des Aggregatzustands von Wasser.&nbsp;Das bedeutet, dass Wasser in verschiedenen Formen vorkommen kann. Diese Aggregatzust\u00e4nde sind gefroren, fl\u00fcssig und gasf\u00f6rmig. Der Aggregatzustand \u00e4ndert sich vor allem dadurch, dass was&nbsp;Wasser einige &#8230; <a title=\"Wasserkreislauf\" class=\"read-more\" href=\"https:\/\/www.kohlverlag.de\/themen\/biologie\/wasserkreislauf\/\" aria-label=\"Mehr Informationen \u00fcber Wasserkreislauf\">Weiterlesen<\/a><\/p>\n","protected":false},"author":1,"featured_media":15096,"parent":15062,"menu_order":0,"comment_status":"closed","ping_status":"closed","template":"","meta":{"_acf_changed":false,"footnotes":""},"artikelnummer":[],"autorenname":[],"fach":[],"klasse":[],"produktgruppe":[],"schulform":[],"thema":[645],"elementvorlage":[7],"vorlage-hero":[4889],"class_list":{"0":"post-15076","1":"page","2":"type-page","3":"status-publish","4":"has-post-thumbnail","6":"thema-wasserkreislauf","7":"elementvorlage-beitrag","8":"vorlage-hero-hero-standard"},"acf":[],"_links":{"self":[{"href":"https:\/\/www.kohlverlag.de\/themen\/wp-json\/wp\/v2\/pages\/15076","targetHints":{"allow":["GET"]}}],"collection":[{"href":"https:\/\/www.kohlverlag.de\/themen\/wp-json\/wp\/v2\/pages"}],"about":[{"href":"https:\/\/www.kohlverlag.de\/themen\/wp-json\/wp\/v2\/types\/page"}],"author":[{"embeddable":true,"href":"https:\/\/www.kohlverlag.de\/themen\/wp-json\/wp\/v2\/users\/1"}],"replies":[{"embeddable":true,"href":"https:\/\/www.kohlverlag.de\/themen\/wp-json\/wp\/v2\/comments?post=15076"}],"version-history":[{"count":11,"href":"https:\/\/www.kohlverlag.de\/themen\/wp-json\/wp\/v2\/pages\/15076\/revisions"}],"predecessor-version":[{"id":15214,"href":"https:\/\/www.kohlverlag.de\/themen\/wp-json\/wp\/v2\/pages\/15076\/revisions\/15214"}],"up":[{"embeddable":true,"href":"https:\/\/www.kohlverlag.de\/themen\/wp-json\/wp\/v2\/pages\/15062"}],"wp:featuredmedia":[{"embeddable":true,"href":"https:\/\/www.kohlverlag.de\/themen\/wp-json\/wp\/v2\/media\/15096"}],"wp:attachment":[{"href":"https:\/\/www.kohlverlag.de\/themen\/wp-json\/wp\/v2\/media?parent=15076"}],"wp:term":[{"taxonomy":"artikelnummer","embeddable":true,"href":"https:\/\/www.kohlverlag.de\/themen\/wp-json\/wp\/v2\/artikelnummer?post=15076"},{"taxonomy":"autorenname","embeddable":true,"href":"https:\/\/www.kohlverlag.de\/themen\/wp-json\/wp\/v2\/autorenname?post=15076"},{"taxonomy":"fach","embeddable":true,"href":"https:\/\/www.kohlverlag.de\/themen\/wp-json\/wp\/v2\/fach?post=15076"},{"taxonomy":"klasse","embeddable":true,"href":"https:\/\/www.kohlverlag.de\/themen\/wp-json\/wp\/v2\/klasse?post=15076"},{"taxonomy":"produktgruppe","embeddable":true,"href":"https:\/\/www.kohlverlag.de\/themen\/wp-json\/wp\/v2\/produktgruppe?post=15076"},{"taxonomy":"schulform","embeddable":true,"href":"https:\/\/www.kohlverlag.de\/themen\/wp-json\/wp\/v2\/schulform?post=15076"},{"taxonomy":"thema","embeddable":true,"href":"https:\/\/www.kohlverlag.de\/themen\/wp-json\/wp\/v2\/thema?post=15076"},{"taxonomy":"elementvorlage","embeddable":true,"href":"https:\/\/www.kohlverlag.de\/themen\/wp-json\/wp\/v2\/elementvorlage?post=15076"},{"taxonomy":"vorlage-hero","embeddable":true,"href":"https:\/\/www.kohlverlag.de\/themen\/wp-json\/wp\/v2\/vorlage-hero?post=15076"}],"curies":[{"name":"wp","href":"https:\/\/api.w.org\/{rel}","templated":true}]}}