{"id":15097,"date":"2025-12-03T09:34:29","date_gmt":"2025-12-03T08:34:29","guid":{"rendered":"https:\/\/www.kohlverlag.de\/themen\/?page_id=15097"},"modified":"2025-12-03T09:38:40","modified_gmt":"2025-12-03T08:38:40","slug":"religion","status":"publish","type":"page","link":"https:\/\/www.kohlverlag.de\/themen\/religion\/","title":{"rendered":"Religion"},"content":{"rendered":"\n<div class=\"container-blog\">\n<p class=\"gb-text\">F\u00fcr eine\u00a0<strong>breite Toleranz und ein entsprechendes Verst\u00e4ndnis<\/strong>\u00a0unserer Welt ist der Religionsunterricht ein wichtiger Bestandteil des Schulcurriculums. Deshalb unterst\u00fctzen wir Sie mit einer breiten Auswahl an verschiedenen Unterrichtsmaterialien rund um den Religions- und Ethikunterricht. Dabei finden Sie Lernwerkst\u00e4tten, Stationenlernen oder auch tolle R\u00e4tsel und Lernspiele.\u00a0<\/p>\n\n\n\n<h2 id=\"wichtige-themen-im-religionsunterrichtnbsp\" class=\"wp-block-heading\">Wichtige Themen im Religionsunterricht <\/h2>\n\n\n\n<p>Einige wichtige Themen, die im Religionsunterricht in der Schule behandelt werden, sind:<\/p>\n\n\n\n<ul class=\"wp-block-list\">\n<li>Grundlagen des Glaubens<\/li>\n\n\n\n<li>Ethik und Moral<\/li>\n\n\n\n<li>Kultur und Traditionen<\/li>\n\n\n\n<li>der Vergleich zwischen verschiedenen Religionen<\/li>\n\n\n\n<li>Einblicke in biblische Geschichten<\/li>\n\n\n\n<li>das Zelebrieren von Feiertagen<\/li>\n\n\n\n<li>Wissenschaft und Religion<\/li>\n<\/ul>\n\n\n\n<p><br>Religion ist ein wichtiger Bestandteil unserer Kultur, daher sollte sie auch im Schulunterricht behandelt werden. In vielen L\u00e4ndern schreibt das Gesetz vor, dass Religion unterrichtet wird, aber selbst in L\u00e4ndern, in denen dies nicht der Fall ist, lehren viele Lehrerinnen und Lehrer die Grundlagen der Religion. Durch den Unterricht k\u00f6nnen die Sch\u00fcler die verschiedenen Aspekte von Religion kennenlernen und verstehen. Dadurch erhalten sie ein besseres Verst\u00e4ndnis f\u00fcr andere Kulturen und unterschiedliche Meinungen. Au\u00dferdem lernen sie \u00fcber ihre eigene Spiritualit\u00e4t und die Bedeutung des Glaubens in ihrem Leben.<\/p>\n<\/div>\n\n\n\n<div class=\"mb-4rem section-main gb-element-6c24fb97\" id=\"produkte\">\n<span class=\"gb-shape gb-shape-bc66b611 gb-shape--divider\"><svg preserveAspectRatio=\"none\" viewBox=\"0 0 1200 70\" xmlns=\"http:\/\/www.w3.org\/2000\/svg\"><path d=\"M670 50L600 0l-70 50H0v20h1200V50z\"><\/path><\/svg><\/span>\n\n\n\n<div class=\"container-main width-main\">\n<p class=\"gb-text font-h2 gb-text-804dd6a1\">Passende Arbeitsbl\u00e4tter zum Thema<\/p>\n\n\n\n<p class=\"gb-text font-h2 gb-text-e6efec23\"><em>Unterrichtsvorbereitung ganz einfach!<\/em><\/p>\n\n\n\n<div class=\"mb-4rem\"><div class=\"gb-looper-27d58d74\">\n<div class=\"gb-loop-item gb-loop-item-5a7b5b2c post-14697 produkt type-produkt status-publish has-post-thumbnail hentry artikelnummer-p11439 fach-deutsch fach-ethik fach-religion fach-sachunterricht klasse-klasse-3 klasse-klasse-4 klasse-klasse-5 klasse-klasse-6 schulform-grundschule schulform-sekundarstufe-i thema-bildergeschichten thema-kreatives-schreiben thema-weihnachten\">\n<p class=\"gb-text product-title gb-text-5df7e95f\">15 Bildergeschichten f\u00fcr die Advents- und Weihnachtszeit &#8211; P11439<\/p>\n\n\n\n<div>\n\n<\/div>\n<\/div>\n\n<div class=\"gb-loop-item gb-loop-item-5a7b5b2c post-13295 produkt type-produkt status-publish has-post-thumbnail hentry artikelnummer-p15063 fach-religion fach-sachunterricht klasse-klasse-10 klasse-klasse-3 klasse-klasse-4 klasse-klasse-5 klasse-klasse-6 klasse-klasse-7 klasse-klasse-8 klasse-klasse-9 schulform-foerderschule schulform-grundschule schulform-sekundarstufe-i thema-apostel thema-bibel thema-jesus thema-juenger thema-kosmisch thema-legematerial thema-legestern thema-montessori\">\n<p class=\"gb-text product-title gb-text-5df7e95f\">Die 12 J\u00fcnger Jesu &#8211; P15063<\/p>\n\n\n\n<div>\n\n<\/div>\n<\/div>\n\n<div class=\"gb-loop-item gb-loop-item-5a7b5b2c post-13282 produkt type-produkt status-publish has-post-thumbnail hentry artikelnummer-p12236 fach-religion klasse-klasse-10 klasse-klasse-8 klasse-klasse-9 schulform-sekundarstufe-i thema-firmung thema-kirchenjahr\">\n<p class=\"gb-text product-title gb-text-5df7e95f\">Mein Weg zur Firmung &#8211; P12236<\/p>\n\n\n\n<div>\n\n<\/div>\n<\/div>\n\n<div class=\"gb-loop-item gb-loop-item-5a7b5b2c post-13261 produkt type-produkt status-publish has-post-thumbnail hentry artikelnummer-p12468 fach-religion klasse-klasse-10 klasse-klasse-7 klasse-klasse-8 klasse-klasse-9 schulform-sekundarstufe-i thema-bibel thema-bibelzitate thema-bildimpulse\">\n<p class=\"gb-text product-title gb-text-5df7e95f\">Bibelzitate mit Bildern &#8211; P12468<\/p>\n\n\n\n<div>\n\n<\/div>\n<\/div>\n\n<div class=\"gb-loop-item gb-loop-item-5a7b5b2c post-13243 produkt type-produkt status-publish has-post-thumbnail hentry artikelnummer-p15048 fach-ethik fach-religion klasse-klasse-10 klasse-klasse-4 klasse-klasse-5 klasse-klasse-6 klasse-klasse-7 klasse-klasse-8 klasse-klasse-9 schulform-foerderschule schulform-grundschule schulform-sekundarstufe-i thema-kosmisch thema-legematerial thema-legestern thema-montessori thema-symbole\">\n<p class=\"gb-text product-title gb-text-5df7e95f\">Der Weg als Symbol &#8211; P15048<\/p>\n\n\n\n<div>\n\n<\/div>\n<\/div>\n\n<div class=\"gb-loop-item gb-loop-item-5a7b5b2c post-13237 produkt type-produkt status-publish has-post-thumbnail hentry artikelnummer-p19041 fach-ethik fach-religion klasse-klasse-10 klasse-klasse-5 klasse-klasse-6 klasse-klasse-7 klasse-klasse-8 klasse-klasse-9 produktgruppe-knapp-klar produktgruppe-kurz schulform-sekundarstufe-i thema-allgemeinwissen thema-gewissen thema-grundwissen thema-normen thema-tod thema-weltreligionen thema-werte\">\n<p class=\"gb-text product-title gb-text-5df7e95f\">Religion und Ethik &#8211; Kurz, knapp und klar! &#8211; P19041<\/p>\n\n\n\n<div>\n\n<\/div>\n<\/div>\n\n<div class=\"gb-loop-item gb-loop-item-5a7b5b2c post-13229 produkt type-produkt status-publish has-post-thumbnail hentry artikelnummer-p12456 fach-religion klasse-klasse-1 klasse-klasse-2 klasse-klasse-3 klasse-klasse-4 schulform-grundschule thema-bibel thema-krippenspiel thema-weihnachten\">\n<p class=\"gb-text product-title gb-text-5df7e95f\">Drei Krippenspiele f\u00fcr Schulen und Kirchengemeinden &#8211; P12456<\/p>\n\n\n\n<div>\n\n<\/div>\n<\/div>\n\n<div class=\"gb-loop-item gb-loop-item-5a7b5b2c post-13217 produkt type-produkt status-publish has-post-thumbnail hentry artikelnummer-p11719 fach-religion klasse-klasse-3 klasse-klasse-4 produktgruppe-stationenlernen schulform-grundschule thema-advent thema-aufgabenkarten thema-differenzierung thema-heilige-drei-koenige thema-kirchenjahr thema-nikolaus thema-selbstlernzeit thema-weihnachten\">\n<p class=\"gb-text product-title gb-text-5df7e95f\">Stationenlernen Religion &#8211; Advent und Weihnachten &#8211; P11719<\/p>\n\n\n\n<div>\n\n<\/div>\n<\/div>\n\n<div class=\"gb-loop-item gb-loop-item-5a7b5b2c post-13202 produkt type-produkt status-publish has-post-thumbnail hentry artikelnummer-p12835 fach-ethik fach-kunst fach-religion klasse-3-6-jahre klasse-klasse-1 klasse-klasse-2 klasse-klasse-3 klasse-klasse-4 schulform-foerderschule schulform-fruehes-lernen schulform-grundschule schulform-kindergarten schulform-vorschule thema-ausmalbilder thema-bastelideen thema-basteln thema-erzaehlanlaesse thema-frieden thema-friedensbewegung thema-motorik thema-sprechanlaesse\">\n<p class=\"gb-text product-title gb-text-5df7e95f\">Frieden kreativ &#8211; P12835<\/p>\n\n\n\n<div>\n\n<\/div>\n<\/div>\n\n<div class=\"gb-loop-item gb-loop-item-5a7b5b2c post-13204 produkt type-produkt status-publish has-post-thumbnail hentry artikelnummer-p10749 fach-religion klasse-klasse-4 klasse-klasse-5 klasse-klasse-6 klasse-klasse-7 klasse-klasse-8 schulform-grundschule schulform-sekundarstufe-i thema-bibel thema-evangelisch thema-katholisch thema-oekumene thema-sakramente thema-zoelibat\">\n<p class=\"gb-text product-title gb-text-5df7e95f\">Evangelisch und Katholisch &#8211; P10749<\/p>\n\n\n\n<div>\n\n<\/div>\n<\/div>\n<\/div><\/div>\n\n\n\n<div class=\"gb-element-c20b6a79\">\n<a class=\"gb-text button-primary gb-text-4ddc0548\" href=\"https:\/\/www.kohlverlag.de\/unterrichtsmaterial\/?order=topseller&#038;p=1&#038;properties=a0325e7d2a26420ba8df282a344411c8\">weitere Produkte im Shop<\/a>\n<\/div>\n<\/div>\n<\/div>\n\n\n\n<div class=\"container-blog\">\n<h2 id=\"arbeitsblaetter-fuer-den-religionsunterricht\" class=\"wp-block-heading\">Arbeitsbl\u00e4tter f\u00fcr den Religionsunterricht<\/h2>\n\n\n\n<p>Arbeitsbl\u00e4tter sind ein sehr n\u00fctzliches Werkzeug f\u00fcr den Religionsunterricht. Sie erm\u00f6glichen es Lehrern, viele unterschiedliche Themen zu behandeln und gleichzeitig die Konzentration auf wichtige Punkte zu bewahren. Au\u00dferdem k\u00f6nnen sie den Sch\u00fclern helfen, das Gelernte besser zu verstehen.<\/p>\n\n\n\n<p>Arbeitsbl\u00e4tter k\u00f6nnen eine Vielzahl von Aktivit\u00e4ten enthalten, wie zum Beispiel Fragen, Diagramme, Aufgaben und andere Aufgaben, die den Sch\u00fclern helfen, die Grundlagen des Unterrichtsstoffs besser zu verstehen. Dies hilft ihnen dabei, sp\u00e4ter schwierigere Konzepte und Ideen anzugehen.<\/p>\n\n\n\n<p>Arbeitsbl\u00e4tter k\u00f6nnen auch als \u00dcbungsb\u00f6gen verwendet werden, um sicherzustellen, dass die Sch\u00fcler auf dem richtigen Weg bleiben und die Lektion verinnerlichen. Dadurch k\u00f6nnen Lehrer leicht feststellen, ob der Unterrichtsstoff gut erfasst wurde oder ob noch weitere Erkl\u00e4rungen oder Materialien erforderlich sind.<\/p>\n\n\n\n<p>Abschlie\u00dfend kann man sagen, dass Arbeitsbl\u00e4tter ein sehr n\u00fctzliches Werkzeug f\u00fcr den Religionsunterricht sind und es ist wichtig, sie als einen integralen Bestandteil des Lernens zu betrachten.<\/p>\n<\/div>\n","protected":false},"excerpt":{"rendered":"<p>F\u00fcr eine\u00a0breite Toleranz und ein entsprechendes Verst\u00e4ndnis\u00a0unserer Welt ist der Religionsunterricht ein wichtiger Bestandteil des Schulcurriculums. Deshalb unterst\u00fctzen wir Sie mit einer breiten Auswahl an verschiedenen Unterrichtsmaterialien rund um den Religions- und Ethikunterricht. Dabei finden Sie Lernwerkst\u00e4tten, Stationenlernen oder auch tolle R\u00e4tsel und Lernspiele.\u00a0 Wichtige Themen im Religionsunterricht&nbsp; Einige wichtige Themen, die im Religionsunterricht in &#8230; <a title=\"Religion\" class=\"read-more\" href=\"https:\/\/www.kohlverlag.de\/themen\/religion\/\" aria-label=\"Mehr Informationen \u00fcber Religion\">Weiterlesen<\/a><\/p>\n","protected":false},"author":1,"featured_media":14976,"parent":0,"menu_order":0,"comment_status":"closed","ping_status":"closed","template":"","meta":{"_acf_changed":false,"footnotes":""},"artikelnummer":[],"autorenname":[],"fach":[8],"klasse":[],"produktgruppe":[],"schulform":[],"thema":[],"elementvorlage":[7],"vorlage-hero":[4889],"class_list":{"0":"post-15097","1":"page","2":"type-page","3":"status-publish","4":"has-post-thumbnail","6":"fach-religion","7":"elementvorlage-beitrag","8":"vorlage-hero-hero-standard"},"acf":[],"_links":{"self":[{"href":"https:\/\/www.kohlverlag.de\/themen\/wp-json\/wp\/v2\/pages\/15097","targetHints":{"allow":["GET"]}}],"collection":[{"href":"https:\/\/www.kohlverlag.de\/themen\/wp-json\/wp\/v2\/pages"}],"about":[{"href":"https:\/\/www.kohlverlag.de\/themen\/wp-json\/wp\/v2\/types\/page"}],"author":[{"embeddable":true,"href":"https:\/\/www.kohlverlag.de\/themen\/wp-json\/wp\/v2\/users\/1"}],"replies":[{"embeddable":true,"href":"https:\/\/www.kohlverlag.de\/themen\/wp-json\/wp\/v2\/comments?post=15097"}],"version-history":[{"count":5,"href":"https:\/\/www.kohlverlag.de\/themen\/wp-json\/wp\/v2\/pages\/15097\/revisions"}],"predecessor-version":[{"id":15103,"href":"https:\/\/www.kohlverlag.de\/themen\/wp-json\/wp\/v2\/pages\/15097\/revisions\/15103"}],"wp:featuredmedia":[{"embeddable":true,"href":"https:\/\/www.kohlverlag.de\/themen\/wp-json\/wp\/v2\/media\/14976"}],"wp:attachment":[{"href":"https:\/\/www.kohlverlag.de\/themen\/wp-json\/wp\/v2\/media?parent=15097"}],"wp:term":[{"taxonomy":"artikelnummer","embeddable":true,"href":"https:\/\/www.kohlverlag.de\/themen\/wp-json\/wp\/v2\/artikelnummer?post=15097"},{"taxonomy":"autorenname","embeddable":true,"href":"https:\/\/www.kohlverlag.de\/themen\/wp-json\/wp\/v2\/autorenname?post=15097"},{"taxonomy":"fach","embeddable":true,"href":"https:\/\/www.kohlverlag.de\/themen\/wp-json\/wp\/v2\/fach?post=15097"},{"taxonomy":"klasse","embeddable":true,"href":"https:\/\/www.kohlverlag.de\/themen\/wp-json\/wp\/v2\/klasse?post=15097"},{"taxonomy":"produktgruppe","embeddable":true,"href":"https:\/\/www.kohlverlag.de\/themen\/wp-json\/wp\/v2\/produktgruppe?post=15097"},{"taxonomy":"schulform","embeddable":true,"href":"https:\/\/www.kohlverlag.de\/themen\/wp-json\/wp\/v2\/schulform?post=15097"},{"taxonomy":"thema","embeddable":true,"href":"https:\/\/www.kohlverlag.de\/themen\/wp-json\/wp\/v2\/thema?post=15097"},{"taxonomy":"elementvorlage","embeddable":true,"href":"https:\/\/www.kohlverlag.de\/themen\/wp-json\/wp\/v2\/elementvorlage?post=15097"},{"taxonomy":"vorlage-hero","embeddable":true,"href":"https:\/\/www.kohlverlag.de\/themen\/wp-json\/wp\/v2\/vorlage-hero?post=15097"}],"curies":[{"name":"wp","href":"https:\/\/api.w.org\/{rel}","templated":true}]}}