{"id":15115,"date":"2025-12-03T11:57:44","date_gmt":"2025-12-03T10:57:44","guid":{"rendered":"https:\/\/www.kohlverlag.de\/themen\/?page_id=15115"},"modified":"2025-12-03T12:01:45","modified_gmt":"2025-12-03T11:01:45","slug":"judentum","status":"publish","type":"page","link":"https:\/\/www.kohlverlag.de\/themen\/religion\/judentum\/","title":{"rendered":"Judentum"},"content":{"rendered":"\n<div class=\"container-blog\">\n<h2 id=\"themen-der-arbeitsblaetternbsp-nbsp\" class=\"wp-block-heading\">Themen der Arbeitsbl\u00e4tter   <\/h2>\n\n\n\n<p>Ein wichtiges Thema ist die Synagoge, der j\u00fcdische Gebetsraum. Hier wird nicht nur gebetet, sondern auch gesungen und diskutiert. Die Sch\u00fclerinnen und Sch\u00fcler lernen, welche Gegenst\u00e4nde und Rituale in der Synagoge eine Rolle spielen und wie der Gottesdienst abl\u00e4uft. Ebenso k\u00f6nnen mit diesem Wissen sp\u00e4ter Vergleiche zu anderen Weltreligionen und deren Gebetsr\u00e4umen gezogen werden.<\/p>\n\n\n\n<p>Auch die Feiertage des Judentums werden thematisiert. Hierzu geh\u00f6ren zum Beispiel Chanukka, Sabbat und Schawuot.<\/p>\n\n\n\n<p>Chanukka ist auch bekannt als das j\u00fcdische Lichterfest, welches acht Tage lang gefeiert wird und an den Sieg der Makkab\u00e4er \u00fcber die griechischen Unterdr\u00fccker im zweiten Jahrhundert v.Chr. erinnert. Die zentrale Tradition von Chanukka ist das t\u00e4gliche Anz\u00fcnden einer weiteren Kerze am Chanukkaleuchter, bis am achten Tag alle acht Kerzen brennen.<\/p>\n\n\n\n<p>Sabbat, der siebte Tag der Woche, wird von Juden als Tag der Ruhe und Erholung von der Arbeit gefeiert. Am Sabbat werden keine gesch\u00e4ftlichen Aktivit\u00e4ten durchgef\u00fchrt, es wird nicht gekocht und nicht gebacken. Der Sabbat beginnt am Freitagabend bei Sonnenuntergang und endet am Samstagabend bei Einbruch der Dunkelheit.<\/p>\n\n\n\n<p>Schawuot, auch bekannt als Wochenfest, wird sieben Wochen nach dem Passahfest gefeiert und erinnert an den Empfang der Torah am Berg Sinai. Es wird als Tag des Jubels und des Dankes an Gott gefeiert. Traditionelle Br\u00e4uche sind das Lesen der Torah, das Essen von Milchprodukten und das Dekorieren von Synagogen und H\u00e4usern mit Gr\u00fcnzeug.<\/p>\n\n\n\n<p>Die Sch\u00fclerinnen und Sch\u00fcler erfahren mithilfe der Arbeitsbl\u00e4tter welche Bedeutung diese drei Festtage und viele andere haben.<\/p>\n\n\n\n<p>Ein weiteres wichtiges Thema im Judentum ist die Geschichte der Juden. Hier geht es zum Beispiel um die Entstehung des j\u00fcdischen Volkes, die Verfolgung der Juden im Mittelalter oder den Holocaust im 20. Jahrhundert. Die Sch\u00fclerinnen und Sch\u00fcler lernen, wie sich das Judentum im Laufe der Geschichte entwickelt hat und welche Bedeutung es heute hat.<\/p>\n\n\n\n<p>In den Arbeitsbl\u00e4ttern zum Thema Judentum k\u00f6nnen die Sch\u00fclerinnen und Sch\u00fcler ihr Wissen vertiefen. Dabei ist das Ziel, den Sch\u00fclerinnen und Sch\u00fclern ein Verst\u00e4ndnis f\u00fcr die Vielfalt des Judentums zu vermitteln und sie f\u00fcr die Bedeutung von Toleranz und Respekt zu sensibilisieren.<\/p>\n<\/div>\n\n\n\n<div class=\"mb-4rem section-main gb-element-6c24fb97\" id=\"produkte\">\n<span class=\"gb-shape gb-shape-bc66b611 gb-shape--divider\"><svg preserveAspectRatio=\"none\" viewBox=\"0 0 1200 70\" xmlns=\"http:\/\/www.w3.org\/2000\/svg\"><path d=\"M670 50L600 0l-70 50H0v20h1200V50z\"><\/path><\/svg><\/span>\n\n\n\n<div class=\"container-main width-main\">\n<p class=\"gb-text font-h2 gb-text-804dd6a1\">Passende Arbeitsbl\u00e4tter zum Thema<\/p>\n\n\n\n<p class=\"gb-text font-h2 gb-text-e6efec23\"><em>Unterrichtsvorbereitung ganz einfach!<\/em><\/p>\n\n\n\n<div class=\"mb-4rem\"><div class=\"gb-looper-27d58d74\">\n<div class=\"gb-loop-item gb-loop-item-5a7b5b2c post-13231 produkt type-produkt status-publish has-post-thumbnail hentry artikelnummer-p11915 fach-erdkunde fach-geschichte fach-politik klasse-klasse-10 klasse-klasse-11 klasse-klasse-12 klasse-klasse-13 klasse-klasse-5 klasse-klasse-6 klasse-klasse-7 klasse-klasse-8 klasse-klasse-9 schulform-sekundarstufe-i schulform-sekundarstufe-ii thema-aegypten thema-antike thema-asien thema-golfkrieg thema-iran thema-israel thema-judentum thema-naher-osten thema-orient thema-palaestinenser thema-persien thema-suezkrieg\">\n<p class=\"gb-text product-title gb-text-5df7e95f\">Naher Osten &#8211; Ein stetiger Konfliktherd unter der Lupe! &#8211; P11915<\/p>\n\n\n\n<div>\n\n<\/div>\n<\/div>\n\n<div class=\"gb-loop-item gb-loop-item-5a7b5b2c post-13104 produkt type-produkt status-publish has-post-thumbnail hentry artikelnummer-p11256 fach-religion klasse-klasse-5 klasse-klasse-6 klasse-klasse-7 klasse-klasse-8 schulform-sekundarstufe-i thema-braeuche thema-feste thema-israel thema-judentum thema-sabbat thema-synagoge thema-talmud thema-thora thema-weltreligionen\">\n<p class=\"gb-text product-title gb-text-5df7e95f\">Lernwerkstatt Das Judentum kennenlernen &#8211; P11256<\/p>\n\n\n\n<div>\n\n<\/div>\n<\/div>\n\n<div class=\"gb-loop-item gb-loop-item-5a7b5b2c post-13085 produkt type-produkt status-publish has-post-thumbnail hentry artikelnummer-p11215 fach-religion klasse-klasse-10 klasse-klasse-5 klasse-klasse-6 klasse-klasse-7 klasse-klasse-8 klasse-klasse-9 schulform-sekundarstufe-i thema-allgemeinwissen thema-bibel thema-buddhismus thema-christentum thema-hinduismus thema-islam thema-judentum thema-kirchenjahr thema-kreuzwortraetsel thema-raetsel thema-selbstlernzeit thema-vertretungsstunden thema-weltreligionen thema-zusatzaufgaben\">\n<p class=\"gb-text product-title gb-text-5df7e95f\">Kreuzwortr\u00e4tsel Religion &#8211; P11215<\/p>\n\n\n\n<div>\n\n<\/div>\n<\/div>\n\n<div class=\"gb-loop-item gb-loop-item-5a7b5b2c post-13040 produkt type-produkt status-publish has-post-thumbnail hentry artikelnummer-p11530 fach-religion klasse-klasse-5 klasse-klasse-6 klasse-klasse-7 schulform-sekundarstufe-i thema-aufgabenkarten thema-buddhismus thema-christentum thema-differenzierung thema-hinduismus thema-islam thema-judentum thema-selbstlernzeit thema-selbststaendiges-arbeiten thema-weltreligionen\">\n<p class=\"gb-text product-title gb-text-5df7e95f\">Stationenlernen Weltreligionen &#8211; P11530<\/p>\n\n\n\n<div>\n\n<\/div>\n<\/div>\n\n<div class=\"gb-loop-item gb-loop-item-5a7b5b2c post-12969 produkt type-produkt status-publish has-post-thumbnail hentry artikelnummer-p11416 fach-ethik fach-religion klasse-klasse-10 klasse-klasse-5 klasse-klasse-6 klasse-klasse-7 klasse-klasse-8 klasse-klasse-9 schulform-sekundarstufe-i thema-buddhismus thema-christentum thema-geschichte thema-hinduismus thema-islam thema-judentum thema-raetsel thema-vertretungsstunden thema-weltreligionen thema-zusatzaufgaben\">\n<p class=\"gb-text product-title gb-text-5df7e95f\">R\u00e4tselbuch Weltreligionen &#8211; P11416<\/p>\n\n\n\n<div>\n\n<\/div>\n<\/div>\n\n<div class=\"gb-loop-item gb-loop-item-5a7b5b2c post-11902 produkt type-produkt status-publish has-post-thumbnail hentry artikelnummer-p11748 fach-religion klasse-klasse-2 klasse-klasse-3 klasse-klasse-4 schulform-foerderschule schulform-grundschule thema-aufgabenkarten thema-bibel thema-braeuche thema-buddhismus thema-christentum thema-differenzierung thema-feste thema-hinduismus thema-islam thema-judentum thema-selbstlernzeit thema-weltreligionen\">\n<p class=\"gb-text product-title gb-text-5df7e95f\">Stationenlernen Weltreligionen \/ Klasse 2-4 &#8211; P11748<\/p>\n\n\n\n<div>\n\n<\/div>\n<\/div>\n\n<div class=\"gb-loop-item gb-loop-item-5a7b5b2c post-11872 produkt type-produkt status-publish has-post-thumbnail hentry artikelnummer-p11518 fach-religion klasse-klasse-5 klasse-klasse-6 klasse-klasse-7 klasse-klasse-8 schulform-sekundarstufe-i thema-buddhismus thema-christentum thema-hinduismus thema-islam thema-judentum thema-kombinieren thema-lesekompetenz thema-logicals thema-logikraetsel thema-logisches-denken thema-raetsel thema-vertretungsstunden thema-weltreligionen\">\n<p class=\"gb-text product-title gb-text-5df7e95f\">Logikr\u00e4tsel Weltreligionen &#8211; P11518<\/p>\n\n\n\n<div>\n\n<\/div>\n<\/div>\n\n<div class=\"gb-loop-item gb-loop-item-5a7b5b2c post-11859 produkt type-produkt status-publish has-post-thumbnail hentry artikelnummer-p10707 fach-religion klasse-klasse-3 klasse-klasse-4 klasse-klasse-5 klasse-klasse-6 klasse-klasse-7 klasse-klasse-8 schulform-grundschule schulform-sekundarstufe-i thema-braeuche thema-buddhismus thema-christentum thema-feste thema-hinduismus thema-islam thema-judentum thema-weltreligionen\">\n<p class=\"gb-text product-title gb-text-5df7e95f\">Die Weltreligionen kinderleicht verstehen &#8211; P10707<\/p>\n\n\n\n<div>\n\n<\/div>\n<\/div>\n\n<div class=\"gb-loop-item gb-loop-item-5a7b5b2c post-11691 produkt type-produkt status-publish has-post-thumbnail hentry artikelnummer-p15083 fach-religion klasse-klasse-10 klasse-klasse-3 klasse-klasse-4 klasse-klasse-5 klasse-klasse-6 klasse-klasse-7 klasse-klasse-8 klasse-klasse-9 schulform-foerderschule schulform-grundschule schulform-sekundarstufe-i thema-judentum thema-legematerial thema-legestern thema-montessori thema-weltreligionen\">\n<p class=\"gb-text product-title gb-text-5df7e95f\">Die Weltreligion Das JUDENTUM &#8211; P15083<\/p>\n\n\n\n<div>\n\n<\/div>\n<\/div>\n\n<div class=\"gb-loop-item gb-loop-item-5a7b5b2c post-11266 produkt type-produkt status-publish has-post-thumbnail hentry artikelnummer-p10700 fach-erdkunde fach-geschichte klasse-klasse-10 klasse-klasse-5 klasse-klasse-6 klasse-klasse-7 klasse-klasse-8 klasse-klasse-9 schulform-sekundarstufe-i thema-geschichte thema-gesellschaft thema-israel thema-judentum thema-naher-osten thema-palaestina thema-palaestinenser thema-zweistromland\">\n<p class=\"gb-text product-title gb-text-5df7e95f\">Lernwerkstatt Der Orient &#8211; P10700<\/p>\n\n\n\n<div>\n\n<\/div>\n<\/div>\n<\/div><\/div>\n\n\n\n<div class=\"gb-element-c20b6a79\">\n<a class=\"gb-text button-primary gb-text-4ddc0548\" href=\"\/unterrichtsmaterial\/?order=topseller&#038;p=1&#038;properties=7af5a41b6b1a4610b89a06e0bc54fc55\">weitere Produkte im Shop<\/a>\n<\/div>\n<\/div>\n<\/div>\n\n\n\n<div class=\"container-blog\">\n<h2 id=\"typen-von-arbeitsheften-zum-thema\" class=\"wp-block-heading\">Typen von Arbeitsheften zum Thema<\/h2>\n\n\n\n<p>Arbeitshefte zum Judentum gibt es beim Kohlverlag in unterschiedlichen Formaten und Methoden. Eine M\u00f6glichkeit ist das Stationenlernen, bei dem die Sch\u00fclerinnen und Sch\u00fcler an verschiedenen Stationen Informationen sammeln und Aufgaben bearbeiten. Auch Kreuzwort- und Logikr\u00e4tsel k\u00f6nnen dazu dienen, das Wissen zu testen und zu vertiefen. Zudem kann Legematerial eingesetzt werden, um Zusammenh\u00e4nge und Strukturen anschaulich darzustellen und zu veranschaulichen.<\/p>\n<\/div>\n","protected":false},"excerpt":{"rendered":"<p>Themen der Arbeitsbl\u00e4tter&nbsp; &nbsp; Ein wichtiges Thema ist die Synagoge, der j\u00fcdische Gebetsraum. Hier wird nicht nur gebetet, sondern auch gesungen und diskutiert. Die Sch\u00fclerinnen und Sch\u00fcler lernen, welche Gegenst\u00e4nde und Rituale in der Synagoge eine Rolle spielen und wie der Gottesdienst abl\u00e4uft. Ebenso k\u00f6nnen mit diesem Wissen sp\u00e4ter Vergleiche zu anderen Weltreligionen und deren &#8230; <a title=\"Judentum\" class=\"read-more\" href=\"https:\/\/www.kohlverlag.de\/themen\/religion\/judentum\/\" aria-label=\"Mehr Informationen \u00fcber Judentum\">Weiterlesen<\/a><\/p>\n","protected":false},"author":1,"featured_media":14976,"parent":15097,"menu_order":0,"comment_status":"closed","ping_status":"closed","template":"","meta":{"_acf_changed":false,"footnotes":""},"artikelnummer":[],"autorenname":[],"fach":[],"klasse":[],"produktgruppe":[],"schulform":[],"thema":[1373],"elementvorlage":[7],"vorlage-hero":[4889],"class_list":{"0":"post-15115","1":"page","2":"type-page","3":"status-publish","4":"has-post-thumbnail","6":"thema-judentum","7":"elementvorlage-beitrag","8":"vorlage-hero-hero-standard"},"acf":[],"_links":{"self":[{"href":"https:\/\/www.kohlverlag.de\/themen\/wp-json\/wp\/v2\/pages\/15115","targetHints":{"allow":["GET"]}}],"collection":[{"href":"https:\/\/www.kohlverlag.de\/themen\/wp-json\/wp\/v2\/pages"}],"about":[{"href":"https:\/\/www.kohlverlag.de\/themen\/wp-json\/wp\/v2\/types\/page"}],"author":[{"embeddable":true,"href":"https:\/\/www.kohlverlag.de\/themen\/wp-json\/wp\/v2\/users\/1"}],"replies":[{"embeddable":true,"href":"https:\/\/www.kohlverlag.de\/themen\/wp-json\/wp\/v2\/comments?post=15115"}],"version-history":[{"count":7,"href":"https:\/\/www.kohlverlag.de\/themen\/wp-json\/wp\/v2\/pages\/15115\/revisions"}],"predecessor-version":[{"id":15124,"href":"https:\/\/www.kohlverlag.de\/themen\/wp-json\/wp\/v2\/pages\/15115\/revisions\/15124"}],"up":[{"embeddable":true,"href":"https:\/\/www.kohlverlag.de\/themen\/wp-json\/wp\/v2\/pages\/15097"}],"wp:featuredmedia":[{"embeddable":true,"href":"https:\/\/www.kohlverlag.de\/themen\/wp-json\/wp\/v2\/media\/14976"}],"wp:attachment":[{"href":"https:\/\/www.kohlverlag.de\/themen\/wp-json\/wp\/v2\/media?parent=15115"}],"wp:term":[{"taxonomy":"artikelnummer","embeddable":true,"href":"https:\/\/www.kohlverlag.de\/themen\/wp-json\/wp\/v2\/artikelnummer?post=15115"},{"taxonomy":"autorenname","embeddable":true,"href":"https:\/\/www.kohlverlag.de\/themen\/wp-json\/wp\/v2\/autorenname?post=15115"},{"taxonomy":"fach","embeddable":true,"href":"https:\/\/www.kohlverlag.de\/themen\/wp-json\/wp\/v2\/fach?post=15115"},{"taxonomy":"klasse","embeddable":true,"href":"https:\/\/www.kohlverlag.de\/themen\/wp-json\/wp\/v2\/klasse?post=15115"},{"taxonomy":"produktgruppe","embeddable":true,"href":"https:\/\/www.kohlverlag.de\/themen\/wp-json\/wp\/v2\/produktgruppe?post=15115"},{"taxonomy":"schulform","embeddable":true,"href":"https:\/\/www.kohlverlag.de\/themen\/wp-json\/wp\/v2\/schulform?post=15115"},{"taxonomy":"thema","embeddable":true,"href":"https:\/\/www.kohlverlag.de\/themen\/wp-json\/wp\/v2\/thema?post=15115"},{"taxonomy":"elementvorlage","embeddable":true,"href":"https:\/\/www.kohlverlag.de\/themen\/wp-json\/wp\/v2\/elementvorlage?post=15115"},{"taxonomy":"vorlage-hero","embeddable":true,"href":"https:\/\/www.kohlverlag.de\/themen\/wp-json\/wp\/v2\/vorlage-hero?post=15115"}],"curies":[{"name":"wp","href":"https:\/\/api.w.org\/{rel}","templated":true}]}}