{"id":15347,"date":"2025-12-23T12:38:38","date_gmt":"2025-12-23T11:38:38","guid":{"rendered":"https:\/\/www.kohlverlag.de\/themen\/?page_id=15347"},"modified":"2025-12-23T12:46:28","modified_gmt":"2025-12-23T11:46:28","slug":"grundschule","status":"publish","type":"page","link":"https:\/\/www.kohlverlag.de\/themen\/deutsch\/rechtschreibung\/grundschule\/","title":{"rendered":"Rechtschreibung in der Grundschule"},"content":{"rendered":"\n<div class=\"container-blog\">\n<p>Im Rechtschreibunterricht der Grundschule legen Lehrkr\u00e4fte den Grundstein f\u00fcr eine sichere Schriftsprache. Von den ersten Buchstaben in Klasse 1 \u00fcber lautgetreues Schreiben bis hin zu komplexeren Rechtschreibstrategien in Klasse 4 durchlaufen Sch\u00fcler wichtige Entwicklungsstufen. Dabei stehen Themen wie Gro\u00df- und Kleinschreibung, Doppelkonsonanten, Dehnungen und die sichere Anwendung von Rechtschreibstrategien im Mittelpunkt. Gerade die heterogenen Lernst\u00e4nde in einer Klasse erfordern differenzierte Materialien, die jeden Sch\u00fcler auf seinem individuellen Niveau abholen.<\/p>\n\n\n\n<p>Die Arbeitsbl\u00e4tter und Kopiervorlagen des Kohl Verlags sind genau daf\u00fcr konzipiert: Sie sind praxiserprobt, direkt einsetzbar und erfordern keine aufwendige Vorbereitung. Mit klaren Aufgabenstellungen, ansprechenden Illustrationen und abwechslungsreichen \u00dcbungsformaten unterst\u00fctzen sie Lehrkr\u00e4fte dabei, Rechtschreibung strukturiert und motivierend zu vermitteln. Ob als Einf\u00fchrung, zur \u00dcbung oder zur Differenzierung \u2013 die Materialien lassen sich flexibel in den Unterrichtsalltag integrieren und decken alle wichtigen Bereiche der Rechtschreibf\u00f6rderung ab.<\/p>\n<\/div>\n\n\n\n<div class=\"mb-4rem section-main gb-element-6c24fb97\" id=\"produkte\">\n<span class=\"gb-shape gb-shape-bc66b611 gb-shape--divider\"><svg preserveAspectRatio=\"none\" viewBox=\"0 0 1200 70\" xmlns=\"http:\/\/www.w3.org\/2000\/svg\"><path d=\"M670 50L600 0l-70 50H0v20h1200V50z\"><\/path><\/svg><\/span>\n\n\n\n<div class=\"container-main width-main\"><p class=\"gb-text font-h2 gb-text-804dd6a1\">Passende Arbeitsbl\u00e4tter zum Thema<\/p>\n\n<p class=\"gb-text font-h2 gb-text-e6efec23\"><em>Unterrichtsvorbereitung ganz einfach!<\/em><\/p>\n\n\n<div class=\"mb-4rem\"><div class=\"gb-looper-27d58d74\">\n<div class=\"gb-loop-item gb-loop-item-5a7b5b2c post-13310 produkt type-produkt status-publish has-post-thumbnail hentry artikelnummer-p14175 fach-deutsch klasse-klasse-3 klasse-klasse-4 klasse-klasse-5 klasse-klasse-6 schulform-grundschule schulform-sekundarstufe-i thema-aufgaben-zum-buch thema-begleitmaterial thema-diktator thema-faschismus thema-fragen-zum-buch thema-freies-schreiben thema-geschichte thema-grammatik thema-nationalsozialisten thema-rechtschreibung thema-schullektuere thema-textarbeit\"><p class=\"gb-text product-title gb-text-5df7e95f\">Der \u00fcberaus starke Willibald &#8211; Literaturseiten &#8211; P14175<\/p>\n\n\n<div>\n<a href=\"https:\/\/www.kohlverlag.de\/der-ueberaus-starke-willibald-literaturseiten\/p14175?affiliateCode=themenseite&#038;mtm_campaign=themenseite&#038;mtm_kwd=produkt\"><img loading=\"lazy\" decoding=\"async\" width=\"827\" height=\"1169\" data-media-id=\"6833\" class=\"gb-media-18ec4790\" src=\"https:\/\/www.kohlverlag.de\/themen\/wp-content\/uploads\/2025\/07\/14175.jpg\" alt=\"Der \u00fcberaus starke Willibald \u2013 Literaturseiten \u2013 P14175\" srcset=\"https:\/\/www.kohlverlag.de\/themen\/wp-content\/uploads\/2025\/07\/14175.jpg 827w, https:\/\/www.kohlverlag.de\/themen\/wp-content\/uploads\/2025\/07\/14175-212x300.jpg 212w, https:\/\/www.kohlverlag.de\/themen\/wp-content\/uploads\/2025\/07\/14175-724x1024.jpg 724w, https:\/\/www.kohlverlag.de\/themen\/wp-content\/uploads\/2025\/07\/14175-768x1086.jpg 768w\" sizes=\"auto, (max-width: 827px) 100vw, 827px\" \/><\/a>\n\n\n<p class=\"gb-text border-radius verlauf-rot gb-text-8daa985c\">ab 15,99 \u20ac<\/p><\/div>\n<\/div>\n\n<div class=\"gb-loop-item gb-loop-item-5a7b5b2c post-13307 produkt type-produkt status-publish has-post-thumbnail hentry artikelnummer-p12509 fach-deutsch klasse-klasse-3 klasse-klasse-4 produktgruppe-stationenlernen schulform-grundschule thema-grammatik thema-leseverstaendnis thema-rechtschreibung thema-zeichensetzung\"><p class=\"gb-text product-title gb-text-5df7e95f\">Stationenlernen Fehlertexte ausbessern \/ Klasse 3-4 &#8211; P12509<\/p>\n\n\n<div>\n<a href=\"https:\/\/www.kohlverlag.de\/stationenlernen-fehlertexte-ausbessern-klasse-3-4\/p12509?affiliateCode=themenseite&#038;mtm_campaign=themenseite&#038;mtm_kwd=produkt\"><img loading=\"lazy\" decoding=\"async\" width=\"827\" height=\"1169\" data-media-id=\"6827\" class=\"gb-media-18ec4790\" src=\"https:\/\/www.kohlverlag.de\/themen\/wp-content\/uploads\/2025\/07\/12509.jpg\" alt=\"Stationenlernen Fehlertexte ausbessern \/ Klasse 3-4 \u2013 P12509\" srcset=\"https:\/\/www.kohlverlag.de\/themen\/wp-content\/uploads\/2025\/07\/12509.jpg 827w, https:\/\/www.kohlverlag.de\/themen\/wp-content\/uploads\/2025\/07\/12509-212x300.jpg 212w, https:\/\/www.kohlverlag.de\/themen\/wp-content\/uploads\/2025\/07\/12509-724x1024.jpg 724w, https:\/\/www.kohlverlag.de\/themen\/wp-content\/uploads\/2025\/07\/12509-768x1086.jpg 768w\" sizes=\"auto, (max-width: 827px) 100vw, 827px\" \/><\/a>\n\n\n<p class=\"gb-text border-radius verlauf-rot gb-text-8daa985c\">ab 13,49 \u20ac<\/p><\/div>\n<\/div>\n\n<div class=\"gb-loop-item gb-loop-item-5a7b5b2c post-13285 produkt type-produkt status-publish has-post-thumbnail hentry artikelnummer-p11232 fach-deutsch klasse-klasse-1 klasse-klasse-10 klasse-klasse-2 klasse-klasse-3 klasse-klasse-4 klasse-klasse-5 klasse-klasse-6 klasse-klasse-7 klasse-klasse-8 klasse-klasse-9 schulform-grundschule schulform-sekundarstufe-i thema-doppellaute thema-getrennt-und-zusammenschreibung thema-grammatik thema-gross-und-kleinschreibung thema-haeusliches-ueben thema-legasthenie thema-lese-rechtschreib-schwaeche thema-nachhilfe thema-rechtschreibung thema-vokale thema-vorsilben thema-wortarten thema-zeichensetzung\"><p class=\"gb-text product-title gb-text-5df7e95f\">LRS wirksam bek\u00e4mpfen! &#8211; P11232<\/p>\n\n\n<div>\n<a href=\"https:\/\/www.kohlverlag.de\/lrs-wirksam-bekaempfen\/p11232?affiliateCode=themenseite&#038;mtm_campaign=themenseite&#038;mtm_kwd=produkt\"><img loading=\"lazy\" decoding=\"async\" width=\"827\" height=\"1169\" data-media-id=\"6784\" class=\"gb-media-18ec4790\" src=\"https:\/\/www.kohlverlag.de\/themen\/wp-content\/uploads\/2025\/07\/11232.jpg\" alt=\"LRS wirksam bek\u00e4mpfen! \u2013 P11232\" srcset=\"https:\/\/www.kohlverlag.de\/themen\/wp-content\/uploads\/2025\/07\/11232.jpg 827w, https:\/\/www.kohlverlag.de\/themen\/wp-content\/uploads\/2025\/07\/11232-212x300.jpg 212w, https:\/\/www.kohlverlag.de\/themen\/wp-content\/uploads\/2025\/07\/11232-724x1024.jpg 724w, https:\/\/www.kohlverlag.de\/themen\/wp-content\/uploads\/2025\/07\/11232-768x1086.jpg 768w\" sizes=\"auto, (max-width: 827px) 100vw, 827px\" \/><\/a>\n\n\n<p class=\"gb-text border-radius verlauf-rot gb-text-8daa985c\">ab 18,99 \u20ac<\/p><\/div>\n<\/div>\n\n<div class=\"gb-loop-item gb-loop-item-5a7b5b2c post-13262 produkt type-produkt status-publish has-post-thumbnail hentry artikelnummer-p12909 fach-deutsch klasse-klasse-10 klasse-klasse-11 klasse-klasse-12 klasse-klasse-13 klasse-klasse-3 klasse-klasse-4 klasse-klasse-5 klasse-klasse-6 klasse-klasse-7 klasse-klasse-8 klasse-klasse-9 schulform-grundschule schulform-sekundarstufe-i schulform-sekundarstufe-ii thema-ausdruck thema-deutsch-als-fremdsprache thema-deutsch-als-zweitsprache thema-grammatik thema-rechtschreibung\"><p class=\"gb-text product-title gb-text-5df7e95f\">So lerne ich Deutsch &#8230; von Anfang an! &#8211; P12909<\/p>\n\n\n<div>\n<a href=\"https:\/\/www.kohlverlag.de\/so-lerne-ich-deutsch-...-von-anfang-an\/p12909?affiliateCode=themenseite&#038;mtm_campaign=themenseite&#038;mtm_kwd=produkt\"><img loading=\"lazy\" decoding=\"async\" width=\"827\" height=\"1169\" data-media-id=\"6738\" class=\"gb-media-18ec4790\" src=\"https:\/\/www.kohlverlag.de\/themen\/wp-content\/uploads\/2025\/07\/12909.jpg\" alt=\"So lerne ich Deutsch \u2026 von Anfang an! \u2013 P12909\" srcset=\"https:\/\/www.kohlverlag.de\/themen\/wp-content\/uploads\/2025\/07\/12909.jpg 827w, https:\/\/www.kohlverlag.de\/themen\/wp-content\/uploads\/2025\/07\/12909-212x300.jpg 212w, https:\/\/www.kohlverlag.de\/themen\/wp-content\/uploads\/2025\/07\/12909-724x1024.jpg 724w, https:\/\/www.kohlverlag.de\/themen\/wp-content\/uploads\/2025\/07\/12909-768x1086.jpg 768w\" sizes=\"auto, (max-width: 827px) 100vw, 827px\" \/><\/a>\n\n\n<p class=\"gb-text border-radius verlauf-rot gb-text-8daa985c\">ab 17,49 \u20ac<\/p><\/div>\n<\/div>\n\n<div class=\"gb-loop-item gb-loop-item-5a7b5b2c post-13263 produkt type-produkt status-publish has-post-thumbnail hentry artikelnummer-p11991 fach-deutsch klasse-klasse-10 klasse-klasse-11 klasse-klasse-12 klasse-klasse-13 klasse-klasse-2 klasse-klasse-3 klasse-klasse-4 klasse-klasse-5 klasse-klasse-6 klasse-klasse-7 klasse-klasse-8 klasse-klasse-9 schulform-grundschule schulform-sekundarstufe-i schulform-sekundarstufe-ii thema-deutsch-als-zweitsprache thema-grammatik thema-grundwortschatz thema-rechtschreibung thema-spiele thema-vorbereitungsklassen thema-wortschatz thema-wortschatzarbeit thema-wortschatzuebungen\"><p class=\"gb-text product-title gb-text-5df7e95f\">DaZ-Spiele in drei Niveaustufen 1 &#8211; P11991<\/p>\n\n\n<div>\n<a href=\"https:\/\/www.kohlverlag.de\/daz-spiele-in-drei-niveaustufen-1\/p11991?affiliateCode=themenseite&#038;mtm_campaign=themenseite&#038;mtm_kwd=produkt\"><img loading=\"lazy\" decoding=\"async\" width=\"827\" height=\"1169\" data-media-id=\"6740\" class=\"gb-media-18ec4790\" src=\"https:\/\/www.kohlverlag.de\/themen\/wp-content\/uploads\/2025\/07\/11991.jpg\" alt=\"DaZ-Spiele in drei Niveaustufen 1 \u2013 P11991\" srcset=\"https:\/\/www.kohlverlag.de\/themen\/wp-content\/uploads\/2025\/07\/11991.jpg 827w, https:\/\/www.kohlverlag.de\/themen\/wp-content\/uploads\/2025\/07\/11991-212x300.jpg 212w, https:\/\/www.kohlverlag.de\/themen\/wp-content\/uploads\/2025\/07\/11991-724x1024.jpg 724w, https:\/\/www.kohlverlag.de\/themen\/wp-content\/uploads\/2025\/07\/11991-768x1086.jpg 768w\" sizes=\"auto, (max-width: 827px) 100vw, 827px\" \/><\/a>\n\n\n<p class=\"gb-text border-radius verlauf-rot gb-text-8daa985c\">ab 16,49 \u20ac<\/p><\/div>\n<\/div>\n\n<div class=\"gb-loop-item gb-loop-item-5a7b5b2c post-13258 produkt type-produkt status-publish has-post-thumbnail hentry artikelnummer-p12043 fach-deutsch klasse-klasse-10 klasse-klasse-11 klasse-klasse-12 klasse-klasse-13 klasse-klasse-2 klasse-klasse-3 klasse-klasse-4 klasse-klasse-5 klasse-klasse-6 klasse-klasse-7 klasse-klasse-8 klasse-klasse-9 schulform-grundschule schulform-sekundarstufe-i schulform-sekundarstufe-ii thema-deutsch-als-zweitsprache thema-grammatik thema-grundwortschatz thema-rechtschreibung thema-spiele thema-vorbereitungsklassen thema-wortschatz thema-wortschatzarbeit thema-wortschatzuebungen\"><p class=\"gb-text product-title gb-text-5df7e95f\">DaZ-Spiele in drei Niveaustufen 2 &#8211; P12043<\/p>\n\n\n<div>\n<a href=\"https:\/\/www.kohlverlag.de\/daz-spiele-in-drei-niveaustufen-2\/p12043?affiliateCode=themenseite&#038;mtm_campaign=themenseite&#038;mtm_kwd=produkt\"><img loading=\"lazy\" decoding=\"async\" width=\"827\" height=\"1169\" data-media-id=\"6730\" class=\"gb-media-18ec4790\" src=\"https:\/\/www.kohlverlag.de\/themen\/wp-content\/uploads\/2025\/07\/12043.jpg\" alt=\"DaZ-Spiele in drei Niveaustufen 2 \u2013 P12043\" srcset=\"https:\/\/www.kohlverlag.de\/themen\/wp-content\/uploads\/2025\/07\/12043.jpg 827w, https:\/\/www.kohlverlag.de\/themen\/wp-content\/uploads\/2025\/07\/12043-212x300.jpg 212w, https:\/\/www.kohlverlag.de\/themen\/wp-content\/uploads\/2025\/07\/12043-724x1024.jpg 724w, https:\/\/www.kohlverlag.de\/themen\/wp-content\/uploads\/2025\/07\/12043-768x1086.jpg 768w\" sizes=\"auto, (max-width: 827px) 100vw, 827px\" \/><\/a>\n\n\n<p class=\"gb-text border-radius verlauf-rot gb-text-8daa985c\">ab 16,49 \u20ac<\/p><\/div>\n<\/div>\n\n<div class=\"gb-loop-item gb-loop-item-5a7b5b2c post-13245 produkt type-produkt status-publish has-post-thumbnail hentry artikelnummer-p11383 fach-deutsch klasse-klasse-4 schulform-grundschule thema-grammatik thema-kreatives-schreiben thema-lesekompetenz thema-rechtschreibung thema-textarbeit thema-wochenplan\"><p class=\"gb-text product-title gb-text-5df7e95f\">Wochenplan Deutsch \/ Klasse 4 &#8211; P11383<\/p>\n\n\n<div>\n<a href=\"https:\/\/www.kohlverlag.de\/wochenplan-deutsch-klasse-4\/p11383?affiliateCode=themenseite&#038;mtm_campaign=themenseite&#038;mtm_kwd=produkt\"><img loading=\"lazy\" decoding=\"async\" width=\"827\" height=\"1169\" data-media-id=\"6704\" class=\"gb-media-18ec4790\" src=\"https:\/\/www.kohlverlag.de\/themen\/wp-content\/uploads\/2025\/07\/11383.jpg\" alt=\"Wochenplan Deutsch \/ Klasse 4 \u2013 P11383\" srcset=\"https:\/\/www.kohlverlag.de\/themen\/wp-content\/uploads\/2025\/07\/11383.jpg 827w, https:\/\/www.kohlverlag.de\/themen\/wp-content\/uploads\/2025\/07\/11383-212x300.jpg 212w, https:\/\/www.kohlverlag.de\/themen\/wp-content\/uploads\/2025\/07\/11383-724x1024.jpg 724w, https:\/\/www.kohlverlag.de\/themen\/wp-content\/uploads\/2025\/07\/11383-768x1086.jpg 768w\" sizes=\"auto, (max-width: 827px) 100vw, 827px\" \/><\/a>\n\n\n<p class=\"gb-text border-radius verlauf-rot gb-text-8daa985c\">ab 14,49 \u20ac<\/p><\/div>\n<\/div>\n\n<div class=\"gb-loop-item gb-loop-item-5a7b5b2c post-13179 produkt type-produkt status-publish has-post-thumbnail hentry artikelnummer-p10908 fach-deutsch klasse-klasse-4 klasse-klasse-5 schulform-grundschule schulform-sekundarstufe-i thema-bildungsstandards thema-diktate thema-freies-schreiben thema-grammatik thema-grundlagen thema-lerneinheiten thema-lernzielkontrolle thema-rechtschreibung thema-sprachbetrachtung thema-textarbeit\"><p class=\"gb-text product-title gb-text-5df7e95f\">Fit f\u00fcr Klasse F\u00fcnf! \/ Deutsch &#8211; P10908<\/p>\n\n\n<div>\n<a href=\"https:\/\/www.kohlverlag.de\/fit-fuer-klasse-fuenf-deutsch\/p10908?affiliateCode=themenseite&#038;mtm_campaign=themenseite&#038;mtm_kwd=produkt\"><img loading=\"lazy\" decoding=\"async\" width=\"827\" height=\"1169\" data-media-id=\"6572\" class=\"gb-media-18ec4790\" src=\"https:\/\/www.kohlverlag.de\/themen\/wp-content\/uploads\/2025\/07\/10908.jpg\" alt=\"Fit f\u00fcr Klasse F\u00fcnf! \/ Deutsch \u2013 P10908\" srcset=\"https:\/\/www.kohlverlag.de\/themen\/wp-content\/uploads\/2025\/07\/10908.jpg 827w, https:\/\/www.kohlverlag.de\/themen\/wp-content\/uploads\/2025\/07\/10908-212x300.jpg 212w, https:\/\/www.kohlverlag.de\/themen\/wp-content\/uploads\/2025\/07\/10908-724x1024.jpg 724w, https:\/\/www.kohlverlag.de\/themen\/wp-content\/uploads\/2025\/07\/10908-768x1086.jpg 768w\" sizes=\"auto, (max-width: 827px) 100vw, 827px\" \/><\/a>\n\n\n<p class=\"gb-text border-radius verlauf-rot gb-text-8daa985c\">ab 16,49 \u20ac<\/p><\/div>\n<\/div>\n\n<div class=\"gb-loop-item gb-loop-item-5a7b5b2c post-13174 produkt type-produkt status-publish has-post-thumbnail hentry artikelnummer-p10723 fach-deutsch klasse-klasse-3 klasse-klasse-4 schulform-foerderschule schulform-grundschule thema-grammatik thema-kommasetzung thema-rechtschreibung thema-zeichensetzung\"><p class=\"gb-text product-title gb-text-5df7e95f\">Lernwerkstatt Zeichensetzung kinderleicht \/ Grundschule &#8211; P10723<\/p>\n\n\n<div>\n<a href=\"https:\/\/www.kohlverlag.de\/lernwerkstatt-zeichensetzung-kinderleicht-grundschule\/p10723?affiliateCode=themenseite&#038;mtm_campaign=themenseite&#038;mtm_kwd=produkt\"><img loading=\"lazy\" decoding=\"async\" width=\"827\" height=\"1169\" data-media-id=\"6563\" class=\"gb-media-18ec4790\" src=\"https:\/\/www.kohlverlag.de\/themen\/wp-content\/uploads\/2025\/07\/10723.jpg\" alt=\"Lernwerkstatt Zeichensetzung kinderleicht \/ Grundschule \u2013 P10723\" srcset=\"https:\/\/www.kohlverlag.de\/themen\/wp-content\/uploads\/2025\/07\/10723.jpg 827w, https:\/\/www.kohlverlag.de\/themen\/wp-content\/uploads\/2025\/07\/10723-212x300.jpg 212w, https:\/\/www.kohlverlag.de\/themen\/wp-content\/uploads\/2025\/07\/10723-724x1024.jpg 724w, https:\/\/www.kohlverlag.de\/themen\/wp-content\/uploads\/2025\/07\/10723-768x1086.jpg 768w\" sizes=\"auto, (max-width: 827px) 100vw, 827px\" \/><\/a>\n\n\n<p class=\"gb-text border-radius verlauf-rot gb-text-8daa985c\">ab 12,49 \u20ac<\/p><\/div>\n<\/div>\n\n<div class=\"gb-loop-item gb-loop-item-5a7b5b2c post-13148 produkt type-produkt status-publish has-post-thumbnail hentry artikelnummer-p14192 fach-deutsch klasse-klasse-1 klasse-klasse-2 klasse-klasse-3 schulform-grundschule thema-aufgaben-zum-buch thema-begleitmaterial thema-fragen-zum-buch thema-freies-schreiben thema-grammatik thema-lesekompetenz thema-rechtschreibung thema-schullektuere thema-textarbeit\"><p class=\"gb-text product-title gb-text-5df7e95f\">Hanno malt sich einen Drachen &#8211; Literaturseiten &#8211; P14192<\/p>\n\n\n<div>\n<a href=\"https:\/\/www.kohlverlag.de\/hanno-malt-sich-einen-drachen-literaturseiten\/p14192?affiliateCode=themenseite&#038;mtm_campaign=themenseite&#038;mtm_kwd=produkt\"><img loading=\"lazy\" decoding=\"async\" width=\"827\" height=\"1169\" data-media-id=\"6511\" class=\"gb-media-18ec4790\" src=\"https:\/\/www.kohlverlag.de\/themen\/wp-content\/uploads\/2025\/07\/14192.jpg\" alt=\"Hanno malt sich einen Drachen \u2013 Literaturseiten \u2013 P14192\" srcset=\"https:\/\/www.kohlverlag.de\/themen\/wp-content\/uploads\/2025\/07\/14192.jpg 827w, https:\/\/www.kohlverlag.de\/themen\/wp-content\/uploads\/2025\/07\/14192-212x300.jpg 212w, https:\/\/www.kohlverlag.de\/themen\/wp-content\/uploads\/2025\/07\/14192-724x1024.jpg 724w, https:\/\/www.kohlverlag.de\/themen\/wp-content\/uploads\/2025\/07\/14192-768x1086.jpg 768w\" sizes=\"auto, (max-width: 827px) 100vw, 827px\" \/><\/a>\n\n\n<p class=\"gb-text border-radius verlauf-rot gb-text-8daa985c\">ab 14,99 \u20ac<\/p><\/div>\n<\/div>\n<\/div><\/div>\n\n\n\n<div class=\"gb-element-c20b6a79\"><a class=\"gb-text button-primary gb-text-4ddc0548\" href=\"https:\/\/www.kohlverlag.de\/grundschule\/?order=topseller&#038;p=1&#038;properties=7af5a41b6b1a4610b89a06e0bc54fc55%7Cd0d89f33af7d42d2b29f682f485ed0be\">weitere Produkte im Shop<\/a><\/div>\n<\/div>\n<\/div>\n\n\n\n<div class=\"container-blog\">\n<p><strong>Typische Themen und Bereiche:<\/strong><\/p>\n\n\n\n<ul class=\"wp-block-list\">\n<li>Laut-Buchstaben-Zuordnung und lautgetreues Schreiben<\/li>\n\n\n\n<li>Gro\u00df- und Kleinschreibung von Nomen und Satzanf\u00e4ngen<\/li>\n\n\n\n<li>Doppelkonsonanten, Dehnungen und schwierige Laute<\/li>\n\n\n\n<li>Rechtschreibstrategien wie Verl\u00e4ngern, Ableiten und Merkw\u00f6rter<\/li>\n\n\n\n<li>Wortschatztraining und Lernw\u00f6rter\u00fcbungen<\/li>\n<\/ul>\n<\/div>\n","protected":false},"excerpt":{"rendered":"<p>Im Rechtschreibunterricht der Grundschule legen Lehrkr\u00e4fte den Grundstein f\u00fcr eine sichere Schriftsprache. Von den ersten Buchstaben in Klasse 1 \u00fcber lautgetreues Schreiben bis hin zu komplexeren Rechtschreibstrategien in Klasse 4 durchlaufen Sch\u00fcler wichtige Entwicklungsstufen. Dabei stehen Themen wie Gro\u00df- und Kleinschreibung, Doppelkonsonanten, Dehnungen und die sichere Anwendung von Rechtschreibstrategien im Mittelpunkt. Gerade die heterogenen Lernst\u00e4nde &#8230; <a title=\"Rechtschreibung in der Grundschule\" class=\"read-more\" href=\"https:\/\/www.kohlverlag.de\/themen\/deutsch\/rechtschreibung\/grundschule\/\" aria-label=\"Mehr Informationen \u00fcber Rechtschreibung in der Grundschule\">Weiterlesen<\/a><\/p>\n","protected":false},"author":1,"featured_media":15261,"parent":15339,"menu_order":0,"comment_status":"closed","ping_status":"closed","template":"","meta":{"_acf_changed":false,"footnotes":""},"artikelnummer":[],"autorenname":[],"fach":[],"klasse":[],"produktgruppe":[],"schulform":[21],"thema":[48],"elementvorlage":[7],"vorlage-hero":[4889],"class_list":{"0":"post-15347","1":"page","2":"type-page","3":"status-publish","4":"has-post-thumbnail","6":"schulform-grundschule","7":"thema-rechtschreibung","8":"elementvorlage-beitrag","9":"vorlage-hero-hero-standard"},"acf":[],"_links":{"self":[{"href":"https:\/\/www.kohlverlag.de\/themen\/wp-json\/wp\/v2\/pages\/15347","targetHints":{"allow":["GET"]}}],"collection":[{"href":"https:\/\/www.kohlverlag.de\/themen\/wp-json\/wp\/v2\/pages"}],"about":[{"href":"https:\/\/www.kohlverlag.de\/themen\/wp-json\/wp\/v2\/types\/page"}],"author":[{"embeddable":true,"href":"https:\/\/www.kohlverlag.de\/themen\/wp-json\/wp\/v2\/users\/1"}],"replies":[{"embeddable":true,"href":"https:\/\/www.kohlverlag.de\/themen\/wp-json\/wp\/v2\/comments?post=15347"}],"version-history":[{"count":8,"href":"https:\/\/www.kohlverlag.de\/themen\/wp-json\/wp\/v2\/pages\/15347\/revisions"}],"predecessor-version":[{"id":15358,"href":"https:\/\/www.kohlverlag.de\/themen\/wp-json\/wp\/v2\/pages\/15347\/revisions\/15358"}],"up":[{"embeddable":true,"href":"https:\/\/www.kohlverlag.de\/themen\/wp-json\/wp\/v2\/pages\/15339"}],"wp:featuredmedia":[{"embeddable":true,"href":"https:\/\/www.kohlverlag.de\/themen\/wp-json\/wp\/v2\/media\/15261"}],"wp:attachment":[{"href":"https:\/\/www.kohlverlag.de\/themen\/wp-json\/wp\/v2\/media?parent=15347"}],"wp:term":[{"taxonomy":"artikelnummer","embeddable":true,"href":"https:\/\/www.kohlverlag.de\/themen\/wp-json\/wp\/v2\/artikelnummer?post=15347"},{"taxonomy":"autorenname","embeddable":true,"href":"https:\/\/www.kohlverlag.de\/themen\/wp-json\/wp\/v2\/autorenname?post=15347"},{"taxonomy":"fach","embeddable":true,"href":"https:\/\/www.kohlverlag.de\/themen\/wp-json\/wp\/v2\/fach?post=15347"},{"taxonomy":"klasse","embeddable":true,"href":"https:\/\/www.kohlverlag.de\/themen\/wp-json\/wp\/v2\/klasse?post=15347"},{"taxonomy":"produktgruppe","embeddable":true,"href":"https:\/\/www.kohlverlag.de\/themen\/wp-json\/wp\/v2\/produktgruppe?post=15347"},{"taxonomy":"schulform","embeddable":true,"href":"https:\/\/www.kohlverlag.de\/themen\/wp-json\/wp\/v2\/schulform?post=15347"},{"taxonomy":"thema","embeddable":true,"href":"https:\/\/www.kohlverlag.de\/themen\/wp-json\/wp\/v2\/thema?post=15347"},{"taxonomy":"elementvorlage","embeddable":true,"href":"https:\/\/www.kohlverlag.de\/themen\/wp-json\/wp\/v2\/elementvorlage?post=15347"},{"taxonomy":"vorlage-hero","embeddable":true,"href":"https:\/\/www.kohlverlag.de\/themen\/wp-json\/wp\/v2\/vorlage-hero?post=15347"}],"curies":[{"name":"wp","href":"https:\/\/api.w.org\/{rel}","templated":true}]}}