{"id":15385,"date":"2026-01-02T11:29:09","date_gmt":"2026-01-02T10:29:09","guid":{"rendered":"https:\/\/www.kohlverlag.de\/themen\/?page_id=15385"},"modified":"2026-01-02T11:45:02","modified_gmt":"2026-01-02T10:45:02","slug":"grundschule","status":"publish","type":"page","link":"https:\/\/www.kohlverlag.de\/themen\/biologie\/grundschule\/","title":{"rendered":"Biologie in der Grundschule"},"content":{"rendered":"\n<div class=\"container-blog\"><h2 class=\"wp-block-heading\" id=\"biologie-in-der-grundschule-lebendig-vermitteln\">Biologie in der Grundschule lebendig vermitteln<\/h2>\n\n\n<p>Der Biologieunterricht in der Grundschule weckt die nat\u00fcrliche Neugier der Kinder auf ihre Umwelt. Ob Pflanzen, Tiere, der menschliche K\u00f6rper oder Lebensr\u00e4ume \u2013 in den Klassen 1 bis 4 lernen Sch\u00fcler grundlegende biologische Zusammenh\u00e4nge kennen und entwickeln ein erstes Verst\u00e4ndnis f\u00fcr Naturph\u00e4nomene. Durch handlungsorientierte Zug\u00e4nge und altersgerechte Materialien wird der Grundstein f\u00fcr naturwissenschaftliches Denken gelegt.<\/p>\n\n\n\n<p>Die <strong>Arbeitsbl\u00e4tter und Kopiervorlagen vom Kohl-Verlag<\/strong> sind speziell f\u00fcr den Einsatz in der Grundschule konzipiert: anschaulich illustriert, differenziert nach Lernniveaus und sofort im Unterricht einsetzbar. Sie sparen wertvolle Vorbereitungszeit und erm\u00f6glichen es Ihnen, biologische Themen spannend und kindgerecht zu vermitteln \u2013 ohne aufwendige Materialsuche.<\/p>\n<\/div>\n\n\n\n<div class=\"mb-4rem section-main gb-element-6c24fb97\" id=\"produkte\">\n<span class=\"gb-shape gb-shape-bc66b611 gb-shape--divider\"><svg xmlns=\"http:\/\/www.w3.org\/2000\/svg\" viewBox=\"0 0 1200 70\" preserveAspectRatio=\"none\"><path d=\"M670 50L600 0l-70 50H0v20h1200V50z\"><\/path><\/svg><\/span>\n\n\n\n<div class=\"container-main width-main\"><p class=\"gb-text font-h2 gb-text-804dd6a1\">Passende Arbeitsbl\u00e4tter zum Thema<\/p>\n\n<p class=\"gb-text font-h2 gb-text-e6efec23\"><em>Unterrichtsvorbereitung ganz einfach!<\/em><\/p>\n\n\n<div class=\"mb-4rem\"><div class=\"gb-looper-27d58d74\">\n<div class=\"gb-loop-item gb-loop-item-5a7b5b2c post-14641 produkt type-produkt status-publish has-post-thumbnail hentry artikelnummer-p13219 fach-biologie fach-sachunterricht klasse-klasse-2 klasse-klasse-3 klasse-klasse-4 schulform-foerderschule schulform-grundschule thema-affen thema-baeren thema-elefanten thema-giraffe thema-grosskatzen thema-krokodil thema-raubtiere thema-reptilien thema-voegel thema-zootiere\"><p class=\"gb-text product-title gb-text-5df7e95f\">Lernwerkstatt Zootiere &#8211; P13219<\/p>\n\n\n<div>\n\n<\/div>\n<\/div>\n\n<div class=\"gb-loop-item gb-loop-item-5a7b5b2c post-13320 produkt type-produkt status-publish has-post-thumbnail hentry artikelnummer-p10968 fach-biologie fach-sachunterricht klasse-klasse-3 klasse-klasse-4 klasse-klasse-5 klasse-klasse-6 klasse-klasse-7 schulform-grundschule schulform-sekundarstufe-i thema-elefanten thema-lebensraum thema-steppe\"><p class=\"gb-text product-title gb-text-5df7e95f\">Lernwerkstatt Elefanten &#8211; P10968<\/p>\n\n\n<div>\n\n<\/div>\n<\/div>\n\n<div class=\"gb-loop-item gb-loop-item-5a7b5b2c post-13306 produkt type-produkt status-publish has-post-thumbnail hentry artikelnummer-p12585 fach-biologie fach-hauswirtschaft fach-sachunterricht klasse-klasse-2 klasse-klasse-3 klasse-klasse-4 klasse-klasse-5 klasse-klasse-6 schulform-grundschule schulform-sekundarstufe-i thema-ernaehrung thema-ernaehrungskreis thema-ernaehrungspyramide thema-gemuese thema-gesunde-ernaehrung thema-gesundheit thema-getreide thema-naehrstoffe thema-obst thema-zucker\"><p class=\"gb-text product-title gb-text-5df7e95f\">Lernwerkstatt Gesunde Ern\u00e4hrung mit Kindern und Jugendlichen &#8211; P12585<\/p>\n\n\n<div>\n\n<\/div>\n<\/div>\n\n<div class=\"gb-loop-item gb-loop-item-5a7b5b2c post-13278 produkt type-produkt status-publish has-post-thumbnail hentry artikelnummer-p10661 fach-biologie fach-erdkunde fach-sachunterricht klasse-klasse-3 klasse-klasse-4 klasse-klasse-5 klasse-klasse-6 klasse-klasse-7 klasse-klasse-8 schulform-grundschule schulform-sekundarstufe-i thema-luft thema-sonne thema-wasser thema-wasserkreislauf thema-wetter thema-wetterbericht thema-wettervorhersage thema-wind thema-wolken\"><p class=\"gb-text product-title gb-text-5df7e95f\">Lernwerkstatt Das Wetter &#8211; P10661<\/p>\n\n\n<div>\n\n<\/div>\n<\/div>\n\n<div class=\"gb-loop-item gb-loop-item-5a7b5b2c post-13198 produkt type-produkt status-publish has-post-thumbnail hentry artikelnummer-p12072 fach-biologie fach-erdkunde fach-sachunterricht klasse-klasse-3 klasse-klasse-4 klasse-klasse-5 klasse-klasse-6 klasse-klasse-7 schulform-grundschule schulform-sekundarstufe-i thema-alpen thema-gebirge thema-gletscher thema-hochgebirge\"><p class=\"gb-text product-title gb-text-5df7e95f\">Lernwerkstatt Die Alpen &#8211; P12072<\/p>\n\n\n<div>\n\n<\/div>\n<\/div>\n\n<div class=\"gb-loop-item gb-loop-item-5a7b5b2c post-13146 produkt type-produkt status-publish has-post-thumbnail hentry artikelnummer-p10917 fach-biologie fach-sachunterricht klasse-klasse-2 klasse-klasse-3 klasse-klasse-4 schulform-grundschule thema-fahrrad thema-fahrradpruefung thema-schulweg thema-verkehrserziehung thema-verkehrszeichen\"><p class=\"gb-text product-title gb-text-5df7e95f\">Lernwerkstatt Verkehrserziehung &#8211; P10917<\/p>\n\n\n<div>\n\n<\/div>\n<\/div>\n\n<div class=\"gb-loop-item gb-loop-item-5a7b5b2c post-13132 produkt type-produkt status-publish has-post-thumbnail hentry artikelnummer-p12602 fach-biologie klasse-klasse-10 klasse-klasse-3 klasse-klasse-4 klasse-klasse-5 klasse-klasse-6 klasse-klasse-7 klasse-klasse-8 klasse-klasse-9 schulform-foerderschule schulform-grundschule schulform-sekundarstufe-i thema-baumarten thema-baeume thema-biologie thema-foerdermaterial thema-inklusion thema-stockwerke thema-waldbewohner thema-waldtiere\"><p class=\"gb-text product-title gb-text-5df7e95f\">\u00d6kosystem Wald &#8211; P12602<\/p>\n\n\n<div>\n\n<\/div>\n<\/div>\n\n<div class=\"gb-loop-item gb-loop-item-5a7b5b2c post-13127 produkt type-produkt status-publish has-post-thumbnail hentry artikelnummer-p10817 fach-biologie fach-sachunterricht klasse-klasse-2 klasse-klasse-3 klasse-klasse-4 klasse-klasse-5 klasse-klasse-6 schulform-grundschule schulform-sekundarstufe-i thema-baumarten thema-baeume thema-blatt thema-blattformen thema-bluete thema-botanik thema-rinde thema-wurzeln\"><p class=\"gb-text product-title gb-text-5df7e95f\">Lernwerkstatt Heimische B\u00e4ume &#8211; P10817<\/p>\n\n\n<div>\n\n<\/div>\n<\/div>\n\n<div class=\"gb-loop-item gb-loop-item-5a7b5b2c post-13114 produkt type-produkt status-publish has-post-thumbnail hentry artikelnummer-p10791 fach-biologie fach-sachunterricht klasse-klasse-3 klasse-klasse-4 klasse-klasse-5 klasse-klasse-6 schulform-grundschule schulform-sekundarstufe-i thema-advent thema-bastelideen thema-basteln thema-feste thema-jahreszeiten thema-nikolaus thema-raunaechte thema-weihnachten thema-winter\"><p class=\"gb-text product-title gb-text-5df7e95f\">Lernwerkstatt WINTER &#8211; P10791<\/p>\n\n\n<div>\n\n<\/div>\n<\/div>\n\n<div class=\"gb-loop-item gb-loop-item-5a7b5b2c post-13109 produkt type-produkt status-publish has-post-thumbnail hentry artikelnummer-p11880 fach-biologie fach-erdkunde fach-sachunterricht klasse-klasse-3 klasse-klasse-4 klasse-klasse-5 klasse-klasse-6 klasse-klasse-7 schulform-grundschule schulform-sekundarstufe-i thema-arktis thema-inuit thema-klimawandel thema-lebensraeume thema-nordpol thema-polargebiet\"><p class=\"gb-text product-title gb-text-5df7e95f\">Lernwerkstatt Die Arktis als Lebensraum &#8211; P11880<\/p>\n\n\n<div>\n\n<\/div>\n<\/div>\n<\/div><\/div>\n\n\n\n<div class=\"gb-element-c20b6a79\"><a class=\"gb-text button-primary gb-text-4ddc0548\" href=\"https:\/\/www.kohlverlag.de\/grundschule\/?order=topseller&#038;p=1&#038;properties=27388b9c53dc4951aceeb94bd770c41b\">weitere Produkte im Shop<\/a><\/div>\n<\/div>\n<\/div>\n\n\n\n<div class=\"container-blog\"><h2 class=\"wp-block-heading\" id=\"typische-themen-im-biologieunterricht-der-grundschule\">Typische Themen im Biologieunterricht der Grundschule:<\/h2>\n\n\n<ul class=\"wp-block-list\">\n<li><strong>Tiere und ihre Lebensr\u00e4ume<\/strong> (Wald, Wiese, Gew\u00e4sser)<\/li>\n\n\n\n<li><strong>Pflanzen und ihr Wachstum<\/strong> (vom Samen zur Bl\u00fcte)<\/li>\n\n\n\n<li><strong>Der menschliche K\u00f6rper<\/strong> (Sinne, Organe, gesunde Ern\u00e4hrung)<\/li>\n\n\n\n<li><strong>Jahreszeiten und Naturkreisl\u00e4ufe<\/strong><\/li>\n\n\n\n<li><strong>Umweltschutz und Nachhaltigkeit<\/strong><\/li>\n<\/ul>\n<\/div>\n","protected":false},"excerpt":{"rendered":"<p>Biologie in der Grundschule lebendig vermitteln Der Biologieunterricht in der Grundschule weckt die nat\u00fcrliche Neugier der Kinder auf ihre Umwelt. Ob Pflanzen, Tiere, der menschliche K\u00f6rper oder Lebensr\u00e4ume \u2013 in den Klassen 1 bis 4 lernen Sch\u00fcler grundlegende biologische Zusammenh\u00e4nge kennen und entwickeln ein erstes Verst\u00e4ndnis f\u00fcr Naturph\u00e4nomene. Durch handlungsorientierte Zug\u00e4nge und altersgerechte Materialien wird &#8230; <a title=\"Biologie in der Grundschule\" class=\"read-more\" href=\"https:\/\/www.kohlverlag.de\/themen\/biologie\/grundschule\/\" aria-label=\"Mehr Informationen \u00fcber Biologie in der Grundschule\">Weiterlesen<\/a><\/p>\n","protected":false},"author":1,"featured_media":15264,"parent":15062,"menu_order":0,"comment_status":"closed","ping_status":"closed","template":"","meta":{"_acf_changed":false,"footnotes":""},"artikelnummer":[],"autorenname":[],"fach":[38],"klasse":[],"produktgruppe":[],"schulform":[],"thema":[],"elementvorlage":[7],"vorlage-hero":[4889],"class_list":{"0":"post-15385","1":"page","2":"type-page","3":"status-publish","4":"has-post-thumbnail","6":"fach-biologie","7":"elementvorlage-beitrag","8":"vorlage-hero-hero-standard"},"acf":[],"_links":{"self":[{"href":"https:\/\/www.kohlverlag.de\/themen\/wp-json\/wp\/v2\/pages\/15385","targetHints":{"allow":["GET"]}}],"collection":[{"href":"https:\/\/www.kohlverlag.de\/themen\/wp-json\/wp\/v2\/pages"}],"about":[{"href":"https:\/\/www.kohlverlag.de\/themen\/wp-json\/wp\/v2\/types\/page"}],"author":[{"embeddable":true,"href":"https:\/\/www.kohlverlag.de\/themen\/wp-json\/wp\/v2\/users\/1"}],"replies":[{"embeddable":true,"href":"https:\/\/www.kohlverlag.de\/themen\/wp-json\/wp\/v2\/comments?post=15385"}],"version-history":[{"count":9,"href":"https:\/\/www.kohlverlag.de\/themen\/wp-json\/wp\/v2\/pages\/15385\/revisions"}],"predecessor-version":[{"id":15404,"href":"https:\/\/www.kohlverlag.de\/themen\/wp-json\/wp\/v2\/pages\/15385\/revisions\/15404"}],"up":[{"embeddable":true,"href":"https:\/\/www.kohlverlag.de\/themen\/wp-json\/wp\/v2\/pages\/15062"}],"wp:featuredmedia":[{"embeddable":true,"href":"https:\/\/www.kohlverlag.de\/themen\/wp-json\/wp\/v2\/media\/15264"}],"wp:attachment":[{"href":"https:\/\/www.kohlverlag.de\/themen\/wp-json\/wp\/v2\/media?parent=15385"}],"wp:term":[{"taxonomy":"artikelnummer","embeddable":true,"href":"https:\/\/www.kohlverlag.de\/themen\/wp-json\/wp\/v2\/artikelnummer?post=15385"},{"taxonomy":"autorenname","embeddable":true,"href":"https:\/\/www.kohlverlag.de\/themen\/wp-json\/wp\/v2\/autorenname?post=15385"},{"taxonomy":"fach","embeddable":true,"href":"https:\/\/www.kohlverlag.de\/themen\/wp-json\/wp\/v2\/fach?post=15385"},{"taxonomy":"klasse","embeddable":true,"href":"https:\/\/www.kohlverlag.de\/themen\/wp-json\/wp\/v2\/klasse?post=15385"},{"taxonomy":"produktgruppe","embeddable":true,"href":"https:\/\/www.kohlverlag.de\/themen\/wp-json\/wp\/v2\/produktgruppe?post=15385"},{"taxonomy":"schulform","embeddable":true,"href":"https:\/\/www.kohlverlag.de\/themen\/wp-json\/wp\/v2\/schulform?post=15385"},{"taxonomy":"thema","embeddable":true,"href":"https:\/\/www.kohlverlag.de\/themen\/wp-json\/wp\/v2\/thema?post=15385"},{"taxonomy":"elementvorlage","embeddable":true,"href":"https:\/\/www.kohlverlag.de\/themen\/wp-json\/wp\/v2\/elementvorlage?post=15385"},{"taxonomy":"vorlage-hero","embeddable":true,"href":"https:\/\/www.kohlverlag.de\/themen\/wp-json\/wp\/v2\/vorlage-hero?post=15385"}],"curies":[{"name":"wp","href":"https:\/\/api.w.org\/{rel}","templated":true}]}}