{"id":15396,"date":"2026-01-02T11:41:07","date_gmt":"2026-01-02T10:41:07","guid":{"rendered":"https:\/\/www.kohlverlag.de\/themen\/?page_id=15396"},"modified":"2026-01-02T11:47:15","modified_gmt":"2026-01-02T10:47:15","slug":"sekundarstufe","status":"publish","type":"page","link":"https:\/\/www.kohlverlag.de\/themen\/biologie\/sekundarstufe\/","title":{"rendered":"Biologie in der Sekundarstufe"},"content":{"rendered":"\n<div class=\"container-blog\"><h2 class=\"wp-block-heading\" id=\"biologieunterricht-in-der-sekundarstufe-fachlich-fundiert-gestalten\">Biologieunterricht in der Sekundarstufe fachlich fundiert gestalten<\/h2>\n\n\n<p>In der Sekundarstufe wird der Biologieunterricht zunehmend wissenschaftlicher und systematischer. Von Klasse 5 bis 10 vertiefen Sch\u00fcler ihr Verst\u00e4ndnis f\u00fcr Lebewesen, \u00d6kosysteme und biologische Prozesse. <strong>Zellbiologie, Genetik, Evolution, \u00d6kologie und die Funktionsweise des menschlichen K\u00f6rpers<\/strong> stehen im Mittelpunkt \u2013 Themen, die sowohl fachliches Wissen als auch abstraktes Denken erfordern. Gleichzeitig m\u00fcssen Sch\u00fcler lernen, biologische Experimente durchzuf\u00fchren, Ergebnisse zu protokollieren und naturwissenschaftliche Zusammenh\u00e4nge kritisch zu bewerten.<\/p>\n\n\n\n<p>Die <strong>Arbeitsbl\u00e4tter und Kopiervorlagen vom Kohl-Verlag<\/strong> unterst\u00fctzen Sie dabei, anspruchsvolle Inhalte strukturiert und anschaulich zu vermitteln. Mit differenzierten Aufgaben, schematischen Darstellungen und lehrplankonformen Inhalten sind die Materialien <strong>sofort einsatzbereit<\/strong> und erleichtern Ihnen die Unterrichtsvorbereitung erheblich \u2013 von der schnellen Vertretungsstunde bis zur gezielten Pr\u00fcfungsvorbereitung.<\/p>\n<\/div>\n\n\n\n<div class=\"mb-4rem section-main gb-element-6c24fb97\" id=\"produkte\">\n<span class=\"gb-shape gb-shape-bc66b611 gb-shape--divider\"><svg xmlns=\"http:\/\/www.w3.org\/2000\/svg\" viewBox=\"0 0 1200 70\" preserveAspectRatio=\"none\"><path d=\"M670 50L600 0l-70 50H0v20h1200V50z\"><\/path><\/svg><\/span>\n\n\n\n<div class=\"container-main width-main\"><p class=\"gb-text font-h2 gb-text-804dd6a1\">Passende Arbeitsbl\u00e4tter zum Thema<\/p>\n\n<p class=\"gb-text font-h2 gb-text-e6efec23\"><em>Unterrichtsvorbereitung ganz einfach!<\/em><\/p>\n\n\n<div class=\"mb-4rem\"><div class=\"gb-looper-27d58d74\">\n<div class=\"gb-loop-item gb-loop-item-5a7b5b2c post-14684 produkt type-produkt status-publish has-post-thumbnail hentry artikelnummer-p11196 fach-biologie klasse-klasse-10 klasse-klasse-5 klasse-klasse-6 klasse-klasse-7 klasse-klasse-8 klasse-klasse-9 schulform-foerderschule schulform-sekundarstufe-i thema-bionik thema-evolution thema-fische thema-haustiere thema-kriechtiere thema-nutztiere thema-saeugetiere thema-tierwelt thema-voegel thema-wirbellose-tiere\"><p class=\"gb-text product-title gb-text-5df7e95f\">Biologie kurz, knapp und klar \/ Band 1: Zoologie &#8211; P11196<\/p>\n\n\n<div>\n<a href=\"https:\/\/www.kohlverlag.de\/biologie-kurz-knapp-und-klar-band-1-zoologie\/p11196?affiliateCode=themenseite&#038;mtm_campaign=themenseite&#038;mtm_kwd=produkt\"><img loading=\"lazy\" decoding=\"async\" width=\"827\" height=\"1169\" data-media-id=\"4644\" class=\"gb-media-18ec4790\" src=\"https:\/\/www.kohlverlag.de\/themen\/wp-content\/uploads\/2025\/07\/11196.jpg\" alt=\"Biologie kurz, knapp und klar \/ Band 1: Zoologie \u2013 P11196\" srcset=\"https:\/\/www.kohlverlag.de\/themen\/wp-content\/uploads\/2025\/07\/11196.jpg 827w, https:\/\/www.kohlverlag.de\/themen\/wp-content\/uploads\/2025\/07\/11196-212x300.jpg 212w, https:\/\/www.kohlverlag.de\/themen\/wp-content\/uploads\/2025\/07\/11196-724x1024.jpg 724w, https:\/\/www.kohlverlag.de\/themen\/wp-content\/uploads\/2025\/07\/11196-768x1086.jpg 768w\" sizes=\"auto, (max-width: 827px) 100vw, 827px\" \/><\/a>\n\n\n<p class=\"gb-text border-radius verlauf-rot gb-text-8daa985c\">ab 15,99 \u20ac<\/p><\/div>\n<\/div>\n\n<div class=\"gb-loop-item gb-loop-item-5a7b5b2c post-14678 produkt type-produkt status-publish has-post-thumbnail hentry artikelnummer-p11419 fach-biologie klasse-klasse-10 klasse-klasse-5 klasse-klasse-6 klasse-klasse-7 klasse-klasse-8 klasse-klasse-9 schulform-foerderschule schulform-sekundarstufe-i thema-allgemeinwissen thema-biologie thema-ernaehrung thema-gesundheit thema-humanbiologie thema-koerper thema-koerperteile thema-krankheit thema-mensch thema-sexualerziehung\"><p class=\"gb-text product-title gb-text-5df7e95f\">Biologie kurz, knapp und klar! \/ Band 3: Humanbiologie &#8211; P11419<\/p>\n\n\n<div>\n<a href=\"https:\/\/www.kohlverlag.de\/biologie-kurz-knapp-und-klar-band-3-humanbiologie\/p11419?affiliateCode=themenseite&#038;mtm_campaign=themenseite&#038;mtm_kwd=produkt\"><img loading=\"lazy\" decoding=\"async\" width=\"827\" height=\"1169\" data-media-id=\"3985\" class=\"gb-media-18ec4790\" src=\"https:\/\/www.kohlverlag.de\/themen\/wp-content\/uploads\/2025\/07\/11419.jpg\" alt=\"Biologie kurz, knapp und klar! \/ Band 3: Humanbiologie \u2013 P11419\" srcset=\"https:\/\/www.kohlverlag.de\/themen\/wp-content\/uploads\/2025\/07\/11419.jpg 827w, https:\/\/www.kohlverlag.de\/themen\/wp-content\/uploads\/2025\/07\/11419-212x300.jpg 212w, https:\/\/www.kohlverlag.de\/themen\/wp-content\/uploads\/2025\/07\/11419-724x1024.jpg 724w, https:\/\/www.kohlverlag.de\/themen\/wp-content\/uploads\/2025\/07\/11419-768x1086.jpg 768w\" sizes=\"auto, (max-width: 827px) 100vw, 827px\" \/><\/a>\n\n\n<p class=\"gb-text border-radius verlauf-rot gb-text-8daa985c\">ab 16,49 \u20ac<\/p><\/div>\n<\/div>\n\n<div class=\"gb-loop-item gb-loop-item-5a7b5b2c post-14677 produkt type-produkt status-publish has-post-thumbnail hentry artikelnummer-p11272 fach-biologie klasse-klasse-10 klasse-klasse-5 klasse-klasse-6 klasse-klasse-7 klasse-klasse-8 klasse-klasse-9 schulform-foerderschule schulform-sekundarstufe-i thema-biologie thema-bionik thema-botanik thema-flora thema-oekosystem thema-pflanzenwelt thema-pilze\"><p class=\"gb-text product-title gb-text-5df7e95f\">Biologie kurz, knapp und klar \/ Band 2: Botanik &#8211; P11272<\/p>\n\n\n<div>\n<a href=\"https:\/\/www.kohlverlag.de\/biologie-kurz-knapp-und-klar-band-2-botanik\/p11272?affiliateCode=themenseite&#038;mtm_campaign=themenseite&#038;mtm_kwd=produkt\"><img loading=\"lazy\" decoding=\"async\" width=\"827\" height=\"1169\" data-media-id=\"3919\" class=\"gb-media-18ec4790\" src=\"https:\/\/www.kohlverlag.de\/themen\/wp-content\/uploads\/2025\/07\/11272.jpg\" alt=\"Biologie kurz, knapp und klar \/ Band 2: Botanik \u2013 P11272\" srcset=\"https:\/\/www.kohlverlag.de\/themen\/wp-content\/uploads\/2025\/07\/11272.jpg 827w, https:\/\/www.kohlverlag.de\/themen\/wp-content\/uploads\/2025\/07\/11272-212x300.jpg 212w, https:\/\/www.kohlverlag.de\/themen\/wp-content\/uploads\/2025\/07\/11272-724x1024.jpg 724w, https:\/\/www.kohlverlag.de\/themen\/wp-content\/uploads\/2025\/07\/11272-768x1086.jpg 768w\" sizes=\"auto, (max-width: 827px) 100vw, 827px\" \/><\/a>\n\n\n<p class=\"gb-text border-radius verlauf-rot gb-text-8daa985c\">ab 15,99 \u20ac<\/p><\/div>\n<\/div>\n\n<div class=\"gb-loop-item gb-loop-item-5a7b5b2c post-14655 produkt type-produkt status-publish has-post-thumbnail hentry artikelnummer-p13230 fach-biologie klasse-klasse-10 klasse-klasse-7 klasse-klasse-8 klasse-klasse-9 produktgruppe-stationenlernen schulform-sekundarstufe-i thema-atmung thema-bewegung thema-biologie thema-blutkreislauf thema-gesundheit thema-menschlicher-koerper thema-zellatmung\"><p class=\"gb-text product-title gb-text-5df7e95f\">Stationenlernen Herz-Kreislauf-System &#8211; P13230<\/p>\n\n\n<div>\n<a href=\"https:\/\/www.kohlverlag.de\/stationenlernen-herz-kreislauf-system\/p13230?affiliateCode=themenseite&#038;mtm_campaign=themenseite&#038;mtm_kwd=produkt\"><img loading=\"lazy\" decoding=\"async\" width=\"827\" height=\"1169\" data-media-id=\"14656\" class=\"gb-media-18ec4790\" src=\"https:\/\/www.kohlverlag.de\/themen\/wp-content\/uploads\/2025\/11\/13230.jpg\" alt=\"Stationenlernen Herz-Kreislauf-System \u2013 P13230\" srcset=\"https:\/\/www.kohlverlag.de\/themen\/wp-content\/uploads\/2025\/11\/13230.jpg 827w, https:\/\/www.kohlverlag.de\/themen\/wp-content\/uploads\/2025\/11\/13230-212x300.jpg 212w, https:\/\/www.kohlverlag.de\/themen\/wp-content\/uploads\/2025\/11\/13230-724x1024.jpg 724w, https:\/\/www.kohlverlag.de\/themen\/wp-content\/uploads\/2025\/11\/13230-768x1086.jpg 768w\" sizes=\"auto, (max-width: 827px) 100vw, 827px\" \/><\/a>\n\n\n<p class=\"gb-text border-radius verlauf-rot gb-text-8daa985c\">ab 15,99 \u20ac<\/p><\/div>\n<\/div>\n\n<div class=\"gb-loop-item gb-loop-item-5a7b5b2c post-14653 produkt type-produkt status-publish has-post-thumbnail hentry artikelnummer-p13227 fach-biologie klasse-klasse-10 klasse-klasse-5 klasse-klasse-6 klasse-klasse-7 klasse-klasse-8 klasse-klasse-9 schulform-sekundarstufe-i thema-erde thema-evolution thema-genetik thema-lebensraeume thema-pflanzen thema-tiere\"><p class=\"gb-text product-title gb-text-5df7e95f\">Lernmodul 4: Allgemeine Biologie  \/  Basics-Trainer &#8211; P13227<\/p>\n\n\n<div>\n<a href=\"https:\/\/www.kohlverlag.de\/lernmodul-4-allgemeine-biologie-basics-trainer\/p13227?affiliateCode=themenseite&#038;mtm_campaign=themenseite&#038;mtm_kwd=produkt\"><img loading=\"lazy\" decoding=\"async\" width=\"827\" height=\"1169\" data-media-id=\"14654\" class=\"gb-media-18ec4790\" src=\"https:\/\/www.kohlverlag.de\/themen\/wp-content\/uploads\/2025\/11\/13227.jpg\" alt=\"Lernmodul 4: Allgemeine Biologie  \/  Basics-Trainer \u2013 P13227\" srcset=\"https:\/\/www.kohlverlag.de\/themen\/wp-content\/uploads\/2025\/11\/13227.jpg 827w, https:\/\/www.kohlverlag.de\/themen\/wp-content\/uploads\/2025\/11\/13227-212x300.jpg 212w, https:\/\/www.kohlverlag.de\/themen\/wp-content\/uploads\/2025\/11\/13227-724x1024.jpg 724w, https:\/\/www.kohlverlag.de\/themen\/wp-content\/uploads\/2025\/11\/13227-768x1086.jpg 768w\" sizes=\"auto, (max-width: 827px) 100vw, 827px\" \/><\/a>\n\n\n<p class=\"gb-text border-radius verlauf-rot gb-text-8daa985c\">ab 17,49 \u20ac<\/p><\/div>\n<\/div>\n\n<div class=\"gb-loop-item gb-loop-item-5a7b5b2c post-14619 produkt type-produkt status-publish has-post-thumbnail hentry artikelnummer-p17001 fach-biologie klasse-klasse-10 klasse-klasse-5 klasse-klasse-6 klasse-klasse-7 klasse-klasse-8 klasse-klasse-9 schulform-sekundarstufe-i thema-alkohol thema-atmung thema-blutkreislauf thema-drogen thema-evolution thema-fortpflanzung thema-geschlechter thema-geschlechtskrankheiten thema-hormone thema-immunsystem thema-krankheit thema-muskeln thema-nervensystem thema-organe thema-sinnesorgane thema-skelett thema-verdauung thema-verdauungsorgane thema-verhuetung thema-zellbiologie\"><p class=\"gb-text product-title gb-text-5df7e95f\">Komplettpaket* Lernmodul 1: Der Mensch &#8211; P17001<\/p>\n\n\n<div>\n<a href=\"https:\/\/www.kohlverlag.de\/komplettpaket-lernmodul-1-der-mensch\/p17001?affiliateCode=themenseite&#038;mtm_campaign=themenseite&#038;mtm_kwd=produkt\"><img loading=\"lazy\" decoding=\"async\" width=\"827\" height=\"1169\" data-media-id=\"14620\" class=\"gb-media-18ec4790\" src=\"https:\/\/www.kohlverlag.de\/themen\/wp-content\/uploads\/2025\/11\/17001.jpg\" alt=\"Komplettpaket* Lernmodul 1: Der Mensch \u2013 P17001\" srcset=\"https:\/\/www.kohlverlag.de\/themen\/wp-content\/uploads\/2025\/11\/17001.jpg 827w, https:\/\/www.kohlverlag.de\/themen\/wp-content\/uploads\/2025\/11\/17001-212x300.jpg 212w, https:\/\/www.kohlverlag.de\/themen\/wp-content\/uploads\/2025\/11\/17001-724x1024.jpg 724w, https:\/\/www.kohlverlag.de\/themen\/wp-content\/uploads\/2025\/11\/17001-768x1086.jpg 768w\" sizes=\"auto, (max-width: 827px) 100vw, 827px\" \/><\/a>\n\n\n<p class=\"gb-text border-radius verlauf-rot gb-text-8daa985c\">ab 65,00 \u20ac<\/p><\/div>\n<\/div>\n\n<div class=\"gb-loop-item gb-loop-item-5a7b5b2c post-14618 produkt type-produkt status-publish has-post-thumbnail hentry artikelnummer-p13029 fach-biologie klasse-klasse-10 klasse-klasse-5 klasse-klasse-6 klasse-klasse-7 klasse-klasse-8 klasse-klasse-9 schulform-sekundarstufe-i thema-allgemeinbildung thema-allgemeinwissen thema-gesundheit thema-grundwissen thema-haeusliches-ueben thema-krankheit thema-nachhilfe thema-selbstlernzeit\"><p class=\"gb-text product-title gb-text-5df7e95f\">Allgemeinwissen f\u00f6rdern \/ Band 25: GESUNDHEIT und K\u00d6RPER &#8211; P13029<\/p>\n\n\n<div>\n<a href=\"https:\/\/www.kohlverlag.de\/allgemeinwissen-foerdern-band-25-gesundheit-und-koerper\/p13029?affiliateCode=themenseite&#038;mtm_campaign=themenseite&#038;mtm_kwd=produkt\"><img loading=\"lazy\" decoding=\"async\" width=\"827\" height=\"1169\" data-media-id=\"2135\" class=\"gb-media-18ec4790\" src=\"https:\/\/www.kohlverlag.de\/themen\/wp-content\/uploads\/2025\/07\/13029.jpg\" alt=\"Allgemeinwissen f\u00f6rdern \/ Band 25: GESUNDHEIT und K\u00d6RPER \u2013 P13029\" srcset=\"https:\/\/www.kohlverlag.de\/themen\/wp-content\/uploads\/2025\/07\/13029.jpg 827w, https:\/\/www.kohlverlag.de\/themen\/wp-content\/uploads\/2025\/07\/13029-212x300.jpg 212w, https:\/\/www.kohlverlag.de\/themen\/wp-content\/uploads\/2025\/07\/13029-724x1024.jpg 724w, https:\/\/www.kohlverlag.de\/themen\/wp-content\/uploads\/2025\/07\/13029-768x1086.jpg 768w\" sizes=\"auto, (max-width: 827px) 100vw, 827px\" \/><\/a>\n\n\n<p class=\"gb-text border-radius verlauf-rot gb-text-8daa985c\">ab 16,49 \u20ac<\/p><\/div>\n<\/div>\n\n<div class=\"gb-loop-item gb-loop-item-5a7b5b2c post-13320 produkt type-produkt status-publish has-post-thumbnail hentry artikelnummer-p10968 fach-biologie fach-sachunterricht klasse-klasse-3 klasse-klasse-4 klasse-klasse-5 klasse-klasse-6 klasse-klasse-7 schulform-grundschule schulform-sekundarstufe-i thema-elefanten thema-lebensraum thema-steppe\"><p class=\"gb-text product-title gb-text-5df7e95f\">Lernwerkstatt Elefanten &#8211; P10968<\/p>\n\n\n<div>\n<a href=\"https:\/\/www.kohlverlag.de\/lernwerkstatt-elefanten\/p10968?affiliateCode=themenseite&#038;mtm_campaign=themenseite&#038;mtm_kwd=produkt\"><img loading=\"lazy\" decoding=\"async\" width=\"827\" height=\"1169\" data-media-id=\"6853\" class=\"gb-media-18ec4790\" src=\"https:\/\/www.kohlverlag.de\/themen\/wp-content\/uploads\/2025\/07\/10968.jpg\" alt=\"Lernwerkstatt Elefanten \u2013 P10968\" srcset=\"https:\/\/www.kohlverlag.de\/themen\/wp-content\/uploads\/2025\/07\/10968.jpg 827w, https:\/\/www.kohlverlag.de\/themen\/wp-content\/uploads\/2025\/07\/10968-212x300.jpg 212w, https:\/\/www.kohlverlag.de\/themen\/wp-content\/uploads\/2025\/07\/10968-724x1024.jpg 724w, https:\/\/www.kohlverlag.de\/themen\/wp-content\/uploads\/2025\/07\/10968-768x1086.jpg 768w\" sizes=\"auto, (max-width: 827px) 100vw, 827px\" \/><\/a>\n\n\n<p class=\"gb-text border-radius verlauf-rot gb-text-8daa985c\">ab 10,99 \u20ac<\/p><\/div>\n<\/div>\n\n<div class=\"gb-loop-item gb-loop-item-5a7b5b2c post-13305 produkt type-produkt status-publish has-post-thumbnail hentry artikelnummer-p12190 fach-biologie fach-erdkunde klasse-klasse-10 klasse-klasse-5 klasse-klasse-6 klasse-klasse-7 klasse-klasse-8 klasse-klasse-9 schulform-sekundarstufe-i thema-grundlagen thema-grundwissen thema-lebensgemeinschaften thema-oekologie thema-wechselbeziehungen\"><p class=\"gb-text product-title gb-text-5df7e95f\">Basiswissen \u00d6kologie &#8211; P12190<\/p>\n\n\n<div>\n<a href=\"https:\/\/www.kohlverlag.de\/basiswissen-oekologie\/p12190?affiliateCode=themenseite&#038;mtm_campaign=themenseite&#038;mtm_kwd=produkt\"><img loading=\"lazy\" decoding=\"async\" width=\"827\" height=\"1169\" data-media-id=\"6823\" class=\"gb-media-18ec4790\" src=\"https:\/\/www.kohlverlag.de\/themen\/wp-content\/uploads\/2025\/07\/12190.jpg\" alt=\"Basiswissen \u00d6kologie \u2013 P12190\" srcset=\"https:\/\/www.kohlverlag.de\/themen\/wp-content\/uploads\/2025\/07\/12190.jpg 827w, https:\/\/www.kohlverlag.de\/themen\/wp-content\/uploads\/2025\/07\/12190-212x300.jpg 212w, https:\/\/www.kohlverlag.de\/themen\/wp-content\/uploads\/2025\/07\/12190-724x1024.jpg 724w, https:\/\/www.kohlverlag.de\/themen\/wp-content\/uploads\/2025\/07\/12190-768x1086.jpg 768w\" sizes=\"auto, (max-width: 827px) 100vw, 827px\" \/><\/a>\n\n\n<p class=\"gb-text border-radius verlauf-rot gb-text-8daa985c\">ab 13,49 \u20ac<\/p><\/div>\n<\/div>\n\n<div class=\"gb-loop-item gb-loop-item-5a7b5b2c post-13306 produkt type-produkt status-publish has-post-thumbnail hentry artikelnummer-p12585 fach-biologie fach-hauswirtschaft fach-sachunterricht klasse-klasse-2 klasse-klasse-3 klasse-klasse-4 klasse-klasse-5 klasse-klasse-6 schulform-grundschule schulform-sekundarstufe-i thema-ernaehrung thema-ernaehrungskreis thema-ernaehrungspyramide thema-gemuese thema-gesunde-ernaehrung thema-gesundheit thema-getreide thema-naehrstoffe thema-obst thema-zucker\"><p class=\"gb-text product-title gb-text-5df7e95f\">Lernwerkstatt Gesunde Ern\u00e4hrung mit Kindern und Jugendlichen &#8211; P12585<\/p>\n\n\n<div>\n<a href=\"https:\/\/www.kohlverlag.de\/lernwerkstatt-gesunde-ernaehrung-mit-kindern-und-jugendlichen\/p12585?affiliateCode=themenseite&#038;mtm_campaign=themenseite&#038;mtm_kwd=produkt\"><img loading=\"lazy\" decoding=\"async\" width=\"827\" height=\"1169\" data-media-id=\"6825\" class=\"gb-media-18ec4790\" src=\"https:\/\/www.kohlverlag.de\/themen\/wp-content\/uploads\/2025\/07\/12585.jpg\" alt=\"Lernwerkstatt Gesunde Ern\u00e4hrung mit Kindern und Jugendlichen \u2013 P12585\" srcset=\"https:\/\/www.kohlverlag.de\/themen\/wp-content\/uploads\/2025\/07\/12585.jpg 827w, https:\/\/www.kohlverlag.de\/themen\/wp-content\/uploads\/2025\/07\/12585-212x300.jpg 212w, https:\/\/www.kohlverlag.de\/themen\/wp-content\/uploads\/2025\/07\/12585-724x1024.jpg 724w, https:\/\/www.kohlverlag.de\/themen\/wp-content\/uploads\/2025\/07\/12585-768x1086.jpg 768w\" sizes=\"auto, (max-width: 827px) 100vw, 827px\" \/><\/a>\n\n\n<p class=\"gb-text border-radius verlauf-rot gb-text-8daa985c\">ab 14,49 \u20ac<\/p><\/div>\n<\/div>\n<\/div><\/div>\n\n\n\n<div class=\"gb-element-c20b6a79\"><a class=\"gb-text button-primary gb-text-4ddc0548\" href=\"https:\/\/www.kohlverlag.de\/sekundarstufe\/?order=topseller&#038;p=1&#038;properties=27388b9c53dc4951aceeb94bd770c41b\">weitere Produkte im Shop<\/a><\/div>\n<\/div>\n<\/div>\n\n\n\n<div class=\"container-blog\"><h2 class=\"wp-block-heading\" id=\"zentrale-themen-im-biologieunterricht-der-sekundarstufe\">Zentrale Themen im Biologieunterricht der Sekundarstufe:<\/h2>\n\n\n<ul class=\"wp-block-list\">\n<li><strong>Zellbiologie und Mikroskopie<\/strong><\/li>\n\n\n\n<li><strong>Genetik und Vererbungslehre<\/strong><\/li>\n\n\n\n<li><strong>Evolution und Stammesentwicklung<\/strong><\/li>\n\n\n\n<li><strong>\u00d6kosysteme und Umweltschutz<\/strong><\/li>\n\n\n\n<li><strong>Humanbiologie<\/strong> (Organsysteme, Fortpflanzung, Immunsystem)<\/li>\n\n\n\n<li><strong>Fotosynthese und Stoffwechselprozesse<\/strong><\/li>\n<\/ul>\n<\/div>\n","protected":false},"excerpt":{"rendered":"<p>Biologieunterricht in der Sekundarstufe fachlich fundiert gestalten In der Sekundarstufe wird der Biologieunterricht zunehmend wissenschaftlicher und systematischer. Von Klasse 5 bis 10 vertiefen Sch\u00fcler ihr Verst\u00e4ndnis f\u00fcr Lebewesen, \u00d6kosysteme und biologische Prozesse. Zellbiologie, Genetik, Evolution, \u00d6kologie und die Funktionsweise des menschlichen K\u00f6rpers stehen im Mittelpunkt \u2013 Themen, die sowohl fachliches Wissen als auch abstraktes Denken &#8230; <a title=\"Biologie in der Sekundarstufe\" class=\"read-more\" href=\"https:\/\/www.kohlverlag.de\/themen\/biologie\/sekundarstufe\/\" aria-label=\"Mehr Informationen \u00fcber Biologie in der Sekundarstufe\">Weiterlesen<\/a><\/p>\n","protected":false},"author":1,"featured_media":15262,"parent":15062,"menu_order":0,"comment_status":"closed","ping_status":"closed","template":"","meta":{"_acf_changed":false,"footnotes":""},"artikelnummer":[],"autorenname":[],"fach":[38],"klasse":[],"produktgruppe":[],"schulform":[],"thema":[],"elementvorlage":[7],"vorlage-hero":[4889],"class_list":{"0":"post-15396","1":"page","2":"type-page","3":"status-publish","4":"has-post-thumbnail","6":"fach-biologie","7":"elementvorlage-beitrag","8":"vorlage-hero-hero-standard"},"acf":[],"_links":{"self":[{"href":"https:\/\/www.kohlverlag.de\/themen\/wp-json\/wp\/v2\/pages\/15396","targetHints":{"allow":["GET"]}}],"collection":[{"href":"https:\/\/www.kohlverlag.de\/themen\/wp-json\/wp\/v2\/pages"}],"about":[{"href":"https:\/\/www.kohlverlag.de\/themen\/wp-json\/wp\/v2\/types\/page"}],"author":[{"embeddable":true,"href":"https:\/\/www.kohlverlag.de\/themen\/wp-json\/wp\/v2\/users\/1"}],"replies":[{"embeddable":true,"href":"https:\/\/www.kohlverlag.de\/themen\/wp-json\/wp\/v2\/comments?post=15396"}],"version-history":[{"count":5,"href":"https:\/\/www.kohlverlag.de\/themen\/wp-json\/wp\/v2\/pages\/15396\/revisions"}],"predecessor-version":[{"id":15403,"href":"https:\/\/www.kohlverlag.de\/themen\/wp-json\/wp\/v2\/pages\/15396\/revisions\/15403"}],"up":[{"embeddable":true,"href":"https:\/\/www.kohlverlag.de\/themen\/wp-json\/wp\/v2\/pages\/15062"}],"wp:featuredmedia":[{"embeddable":true,"href":"https:\/\/www.kohlverlag.de\/themen\/wp-json\/wp\/v2\/media\/15262"}],"wp:attachment":[{"href":"https:\/\/www.kohlverlag.de\/themen\/wp-json\/wp\/v2\/media?parent=15396"}],"wp:term":[{"taxonomy":"artikelnummer","embeddable":true,"href":"https:\/\/www.kohlverlag.de\/themen\/wp-json\/wp\/v2\/artikelnummer?post=15396"},{"taxonomy":"autorenname","embeddable":true,"href":"https:\/\/www.kohlverlag.de\/themen\/wp-json\/wp\/v2\/autorenname?post=15396"},{"taxonomy":"fach","embeddable":true,"href":"https:\/\/www.kohlverlag.de\/themen\/wp-json\/wp\/v2\/fach?post=15396"},{"taxonomy":"klasse","embeddable":true,"href":"https:\/\/www.kohlverlag.de\/themen\/wp-json\/wp\/v2\/klasse?post=15396"},{"taxonomy":"produktgruppe","embeddable":true,"href":"https:\/\/www.kohlverlag.de\/themen\/wp-json\/wp\/v2\/produktgruppe?post=15396"},{"taxonomy":"schulform","embeddable":true,"href":"https:\/\/www.kohlverlag.de\/themen\/wp-json\/wp\/v2\/schulform?post=15396"},{"taxonomy":"thema","embeddable":true,"href":"https:\/\/www.kohlverlag.de\/themen\/wp-json\/wp\/v2\/thema?post=15396"},{"taxonomy":"elementvorlage","embeddable":true,"href":"https:\/\/www.kohlverlag.de\/themen\/wp-json\/wp\/v2\/elementvorlage?post=15396"},{"taxonomy":"vorlage-hero","embeddable":true,"href":"https:\/\/www.kohlverlag.de\/themen\/wp-json\/wp\/v2\/vorlage-hero?post=15396"}],"curies":[{"name":"wp","href":"https:\/\/api.w.org\/{rel}","templated":true}]}}