{"id":15433,"date":"2026-01-06T10:06:08","date_gmt":"2026-01-06T09:06:08","guid":{"rendered":"https:\/\/www.kohlverlag.de\/themen\/?page_id=15433"},"modified":"2026-01-06T10:08:27","modified_gmt":"2026-01-06T09:08:27","slug":"grundschule","status":"publish","type":"page","link":"https:\/\/www.kohlverlag.de\/themen\/deutsch\/grammatik\/grundschule\/","title":{"rendered":"Grammatik in der Grundschule"},"content":{"rendered":"\n<div class=\"container-blog\"><h2 class=\"wp-block-heading\" id=\"grammatik-in-der-grundschule-sprachstrukturen-entdecken-und-begreifen\">Grammatik in der Grundschule: Sprachstrukturen entdecken und begreifen<\/h2>\n\n\n<p>Der Grammatikunterricht in der Grundschule legt die Basis f\u00fcr alle weiteren Sprachkompetenzen. In den Klassen 1 bis 4 lernen Sch\u00fcler, <strong>Wortarten zu unterscheiden, einfache Satzstrukturen zu erkennen und erste Zeitformen zu bilden<\/strong>. Dabei steht nicht das Auswendiglernen von Regeln im Vordergrund, sondern das entdeckende, handlungsorientierte Lernen. Kinder sollen Sprache als System begreifen und grammatische Strukturen spielerisch erforschen \u2013 durch Sortieren, Zuordnen, Bauen und Ausprobieren.<\/p>\n\n\n\n<p>Die zentralen Themen umfassen die Wortarten (Nomen, Verben, Adjektive), die Unterscheidung von Singular und Plural, das Bilden verschiedener Zeitformen (Pr\u00e4sens, Pr\u00e4teritum, Perfekt) sowie erste Einblicke in Satzglieder und Satzarten. Besonders wichtig ist dabei die Verbindung zur Rechtschreibung: Viele orthografische Regeln wie die Gro\u00df- und Kleinschreibung basieren auf grammatischem Wissen.<\/p>\n<\/div>\n\n\n\n<div class=\"mb-4rem section-main gb-element-6c24fb97\" id=\"produkte\">\n<span class=\"gb-shape gb-shape-bc66b611 gb-shape--divider\"><svg preserveAspectRatio=\"none\" viewBox=\"0 0 1200 70\" xmlns=\"http:\/\/www.w3.org\/2000\/svg\"><path d=\"M670 50L600 0l-70 50H0v20h1200V50z\"><\/path><\/svg><\/span>\n\n\n\n<div class=\"container-main width-main\"><p class=\"gb-text font-h2 gb-text-804dd6a1\">Passende Arbeitsbl\u00e4tter zum Thema<\/p>\n\n<p class=\"gb-text font-h2 gb-text-e6efec23\"><em>Unterrichtsvorbereitung ganz einfach!<\/em><\/p>\n\n\n<div class=\"mb-4rem\"><div class=\"gb-looper-27d58d74\">\n<div class=\"gb-loop-item gb-loop-item-5a7b5b2c post-14702 produkt type-produkt status-publish has-post-thumbnail hentry artikelnummer-p10809 fach-deutsch klasse-klasse-5 klasse-klasse-6 klasse-klasse-7 schulform-foerderschule schulform-sekundarstufe-i thema-adverbiale-bestimmung thema-grammatik thema-hauptsaetze thema-nebensaetze thema-objekt thema-praedikat thema-rechtschreibung thema-satzarten thema-satzuebungen thema-spielerisches-lernen thema-subjekt\"><p class=\"gb-text product-title gb-text-5df7e95f\">Grammatik-Trainer \/ Band 3: Satzteile und Satzarten &#8211; P10809<\/p>\n\n\n<div>\n\n<\/div>\n<\/div>\n\n<div class=\"gb-loop-item gb-loop-item-5a7b5b2c post-14659 produkt type-produkt status-publish has-post-thumbnail hentry artikelnummer-p13225 fach-deutsch klasse-klasse-10 klasse-klasse-8 klasse-klasse-9 schulform-sekundarstufe-i thema-briefe thema-grammatik thema-rechtschreibung thema-synonyme thema-woertliche-rede thema-wortschatz thema-worttrennung thema-zeichensetzung\"><p class=\"gb-text product-title gb-text-5df7e95f\">Stilistik  \/  Beurteilen und Verbessern des eigenen Schreibstils &#8211; P13225<\/p>\n\n\n<div>\n\n<\/div>\n<\/div>\n\n<div class=\"gb-loop-item gb-loop-item-5a7b5b2c post-13310 produkt type-produkt status-publish has-post-thumbnail hentry artikelnummer-p14175 fach-deutsch klasse-klasse-3 klasse-klasse-4 klasse-klasse-5 klasse-klasse-6 schulform-grundschule schulform-sekundarstufe-i thema-aufgaben-zum-buch thema-begleitmaterial thema-diktator thema-faschismus thema-fragen-zum-buch thema-freies-schreiben thema-geschichte thema-grammatik thema-nationalsozialisten thema-rechtschreibung thema-schullektuere thema-textarbeit\"><p class=\"gb-text product-title gb-text-5df7e95f\">Der \u00fcberaus starke Willibald &#8211; Literaturseiten &#8211; P14175<\/p>\n\n\n<div>\n\n<\/div>\n<\/div>\n\n<div class=\"gb-loop-item gb-loop-item-5a7b5b2c post-13315 produkt type-produkt status-publish has-post-thumbnail hentry artikelnummer-p11654 fach-deutsch klasse-klasse-5 schulform-sekundarstufe-i thema-grammatik thema-kreatives-schreiben thema-lerneinheiten thema-lesekompetenz thema-lesetexte thema-rechtschreibung thema-selbststaendiges-arbeiten thema-wochenplan\"><p class=\"gb-text product-title gb-text-5df7e95f\">Wochenplan Deutsch \/ Klasse 5 &#8211; P11654<\/p>\n\n\n<div>\n\n<\/div>\n<\/div>\n\n<div class=\"gb-loop-item gb-loop-item-5a7b5b2c post-13307 produkt type-produkt status-publish has-post-thumbnail hentry artikelnummer-p12509 fach-deutsch klasse-klasse-3 klasse-klasse-4 produktgruppe-stationenlernen schulform-grundschule thema-grammatik thema-leseverstaendnis thema-rechtschreibung thema-zeichensetzung\"><p class=\"gb-text product-title gb-text-5df7e95f\">Stationenlernen Fehlertexte ausbessern \/ Klasse 3-4 &#8211; P12509<\/p>\n\n\n<div>\n\n<\/div>\n<\/div>\n\n<div class=\"gb-loop-item gb-loop-item-5a7b5b2c post-13299 produkt type-produkt status-publish has-post-thumbnail hentry artikelnummer-p10809 fach-deutsch klasse-klasse-5 klasse-klasse-6 klasse-klasse-7 schulform-foerderschule schulform-sekundarstufe-i thema-adverbiale-bestimmung thema-grammatik thema-hauptsaetze thema-nebensaetze thema-objekt thema-praedikat thema-rechtschreibung thema-satzarten thema-satzuebungen thema-spielerisches-lernen thema-subjekt\"><p class=\"gb-text product-title gb-text-5df7e95f\">Grammatik-Trainer III &#8211; P10809<\/p>\n\n\n<div>\n\n<\/div>\n<\/div>\n\n<div class=\"gb-loop-item gb-loop-item-5a7b5b2c post-13285 produkt type-produkt status-publish has-post-thumbnail hentry artikelnummer-p11232 fach-deutsch klasse-klasse-1 klasse-klasse-10 klasse-klasse-2 klasse-klasse-3 klasse-klasse-4 klasse-klasse-5 klasse-klasse-6 klasse-klasse-7 klasse-klasse-8 klasse-klasse-9 schulform-grundschule schulform-sekundarstufe-i thema-doppellaute thema-getrennt-und-zusammenschreibung thema-grammatik thema-gross-und-kleinschreibung thema-haeusliches-ueben thema-legasthenie thema-lese-rechtschreib-schwaeche thema-nachhilfe thema-rechtschreibung thema-vokale thema-vorsilben thema-wortarten thema-zeichensetzung\"><p class=\"gb-text product-title gb-text-5df7e95f\">LRS wirksam bek\u00e4mpfen! &#8211; P11232<\/p>\n\n\n<div>\n\n<\/div>\n<\/div>\n\n<div class=\"gb-loop-item gb-loop-item-5a7b5b2c post-13262 produkt type-produkt status-publish has-post-thumbnail hentry artikelnummer-p12909 fach-deutsch klasse-klasse-10 klasse-klasse-11 klasse-klasse-12 klasse-klasse-13 klasse-klasse-3 klasse-klasse-4 klasse-klasse-5 klasse-klasse-6 klasse-klasse-7 klasse-klasse-8 klasse-klasse-9 schulform-grundschule schulform-sekundarstufe-i schulform-sekundarstufe-ii thema-ausdruck thema-deutsch-als-fremdsprache thema-deutsch-als-zweitsprache thema-grammatik thema-rechtschreibung\"><p class=\"gb-text product-title gb-text-5df7e95f\">So lerne ich Deutsch &#8230; von Anfang an! &#8211; P12909<\/p>\n\n\n<div>\n\n<\/div>\n<\/div>\n\n<div class=\"gb-loop-item gb-loop-item-5a7b5b2c post-13263 produkt type-produkt status-publish has-post-thumbnail hentry artikelnummer-p11991 fach-deutsch klasse-klasse-10 klasse-klasse-11 klasse-klasse-12 klasse-klasse-13 klasse-klasse-2 klasse-klasse-3 klasse-klasse-4 klasse-klasse-5 klasse-klasse-6 klasse-klasse-7 klasse-klasse-8 klasse-klasse-9 schulform-grundschule schulform-sekundarstufe-i schulform-sekundarstufe-ii thema-deutsch-als-zweitsprache thema-grammatik thema-grundwortschatz thema-rechtschreibung thema-spiele thema-vorbereitungsklassen thema-wortschatz thema-wortschatzarbeit thema-wortschatzuebungen\"><p class=\"gb-text product-title gb-text-5df7e95f\">DaZ-Spiele in drei Niveaustufen 1 &#8211; P11991<\/p>\n\n\n<div>\n\n<\/div>\n<\/div>\n\n<div class=\"gb-loop-item gb-loop-item-5a7b5b2c post-13253 produkt type-produkt status-publish has-post-thumbnail hentry artikelnummer-p12301 fach-deutsch klasse-klasse-8 schulform-sekundarstufe-i thema-fremdwoerter thema-getrennt-und-zusammenschreibung thema-grammatik thema-rechtschreibung thema-schaerfung thema-substantivierung thema-zusammengesetzte-woerter\"><p class=\"gb-text product-title gb-text-5df7e95f\">Rechtschreibung &#8230; aber richtig! \/ Klasse 8 &#8211; P12301<\/p>\n\n\n<div>\n\n<\/div>\n<\/div>\n<\/div><\/div>\n\n\n\n<div class=\"gb-element-c20b6a79\"><a class=\"gb-text button-primary gb-text-4ddc0548\" href=\"https:\/\/www.kohlverlag.de\/grundschule\/?order=topseller&#038;p=1&#038;properties=7af5a41b6b1a4610b89a06e0bc54fc55%7Cbea45dd11b6f4480b16aa7f660941bdf\">weitere Produkte im Shop<\/a><\/div>\n<\/div>\n<\/div>\n\n\n\n<div class=\"container-blog\"><h3 class=\"wp-block-heading\" id=\"praxiserprobte-materialien-fuer-ihren-unterricht\">Praxiserprobte Materialien f\u00fcr Ihren Unterricht<\/h3>\n\n\n<p>Die Arbeitsbl\u00e4tter und Kopiervorlagen des Kohl Verlags sind speziell f\u00fcr den Grundschulunterricht konzipiert und <strong>ohne lange Vorbereitung sofort einsetzbar<\/strong>. Sie bieten verschiedene Schwierigkeitsstufen, sodass Sie problemlos differenzieren k\u00f6nnen \u2013 ob f\u00fcr leistungsstarke Sch\u00fcler, die mehr Herausforderung brauchen, oder f\u00fcr Kinder mit F\u00f6rderbedarf. Die Materialien sind ansprechend gestaltet, motivieren durch abwechslungsreiche Aufgabenformate und folgen einem klaren didaktischen Aufbau, der sich an den Lehrpl\u00e4nen orientiert.<\/p>\n\n\n\n<p><strong>Typische Themenbereiche unserer Grammatik-Materialien:<\/strong><\/p>\n\n\n\n<ul class=\"wp-block-list\">\n<li>Wortarten erkennen und zuordnen (Nomen, Verben, Adjektive)<\/li>\n\n\n\n<li>Einzahl und Mehrzahl bilden<\/li>\n\n\n\n<li>Zeitformen \u00fcben (Gegenwart, Vergangenheit, Zukunft)<\/li>\n\n\n\n<li>Satzglieder bestimmen und S\u00e4tze bilden<\/li>\n\n\n\n<li>Gro\u00df- und Kleinschreibung grammatisch verstehen<\/li>\n<\/ul>\n<\/div>\n","protected":false},"excerpt":{"rendered":"<p>Grammatik in der Grundschule: Sprachstrukturen entdecken und begreifen Der Grammatikunterricht in der Grundschule legt die Basis f\u00fcr alle weiteren Sprachkompetenzen. In den Klassen 1 bis 4 lernen Sch\u00fcler, Wortarten zu unterscheiden, einfache Satzstrukturen zu erkennen und erste Zeitformen zu bilden. Dabei steht nicht das Auswendiglernen von Regeln im Vordergrund, sondern das entdeckende, handlungsorientierte Lernen. Kinder &#8230; <a title=\"Grammatik in der Grundschule\" class=\"read-more\" href=\"https:\/\/www.kohlverlag.de\/themen\/deutsch\/grammatik\/grundschule\/\" aria-label=\"Mehr Informationen \u00fcber Grammatik in der Grundschule\">Weiterlesen<\/a><\/p>\n","protected":false},"author":1,"featured_media":15267,"parent":15426,"menu_order":0,"comment_status":"closed","ping_status":"closed","template":"","meta":{"_acf_changed":false,"footnotes":""},"artikelnummer":[],"autorenname":[],"fach":[16],"klasse":[],"produktgruppe":[],"schulform":[],"thema":[49],"elementvorlage":[7],"vorlage-hero":[4889],"class_list":{"0":"post-15433","1":"page","2":"type-page","3":"status-publish","4":"has-post-thumbnail","6":"fach-deutsch","7":"thema-grammatik","8":"elementvorlage-beitrag","9":"vorlage-hero-hero-standard"},"acf":[],"_links":{"self":[{"href":"https:\/\/www.kohlverlag.de\/themen\/wp-json\/wp\/v2\/pages\/15433","targetHints":{"allow":["GET"]}}],"collection":[{"href":"https:\/\/www.kohlverlag.de\/themen\/wp-json\/wp\/v2\/pages"}],"about":[{"href":"https:\/\/www.kohlverlag.de\/themen\/wp-json\/wp\/v2\/types\/page"}],"author":[{"embeddable":true,"href":"https:\/\/www.kohlverlag.de\/themen\/wp-json\/wp\/v2\/users\/1"}],"replies":[{"embeddable":true,"href":"https:\/\/www.kohlverlag.de\/themen\/wp-json\/wp\/v2\/comments?post=15433"}],"version-history":[{"count":3,"href":"https:\/\/www.kohlverlag.de\/themen\/wp-json\/wp\/v2\/pages\/15433\/revisions"}],"predecessor-version":[{"id":15436,"href":"https:\/\/www.kohlverlag.de\/themen\/wp-json\/wp\/v2\/pages\/15433\/revisions\/15436"}],"up":[{"embeddable":true,"href":"https:\/\/www.kohlverlag.de\/themen\/wp-json\/wp\/v2\/pages\/15426"}],"wp:featuredmedia":[{"embeddable":true,"href":"https:\/\/www.kohlverlag.de\/themen\/wp-json\/wp\/v2\/media\/15267"}],"wp:attachment":[{"href":"https:\/\/www.kohlverlag.de\/themen\/wp-json\/wp\/v2\/media?parent=15433"}],"wp:term":[{"taxonomy":"artikelnummer","embeddable":true,"href":"https:\/\/www.kohlverlag.de\/themen\/wp-json\/wp\/v2\/artikelnummer?post=15433"},{"taxonomy":"autorenname","embeddable":true,"href":"https:\/\/www.kohlverlag.de\/themen\/wp-json\/wp\/v2\/autorenname?post=15433"},{"taxonomy":"fach","embeddable":true,"href":"https:\/\/www.kohlverlag.de\/themen\/wp-json\/wp\/v2\/fach?post=15433"},{"taxonomy":"klasse","embeddable":true,"href":"https:\/\/www.kohlverlag.de\/themen\/wp-json\/wp\/v2\/klasse?post=15433"},{"taxonomy":"produktgruppe","embeddable":true,"href":"https:\/\/www.kohlverlag.de\/themen\/wp-json\/wp\/v2\/produktgruppe?post=15433"},{"taxonomy":"schulform","embeddable":true,"href":"https:\/\/www.kohlverlag.de\/themen\/wp-json\/wp\/v2\/schulform?post=15433"},{"taxonomy":"thema","embeddable":true,"href":"https:\/\/www.kohlverlag.de\/themen\/wp-json\/wp\/v2\/thema?post=15433"},{"taxonomy":"elementvorlage","embeddable":true,"href":"https:\/\/www.kohlverlag.de\/themen\/wp-json\/wp\/v2\/elementvorlage?post=15433"},{"taxonomy":"vorlage-hero","embeddable":true,"href":"https:\/\/www.kohlverlag.de\/themen\/wp-json\/wp\/v2\/vorlage-hero?post=15433"}],"curies":[{"name":"wp","href":"https:\/\/api.w.org\/{rel}","templated":true}]}}