{"id":15462,"date":"2026-01-07T09:46:27","date_gmt":"2026-01-07T08:46:27","guid":{"rendered":"https:\/\/www.kohlverlag.de\/themen\/?page_id=15462"},"modified":"2026-01-07T10:25:31","modified_gmt":"2026-01-07T09:25:31","slug":"klasse-2","status":"publish","type":"page","link":"https:\/\/www.kohlverlag.de\/themen\/deutsch\/klasse-2\/","title":{"rendered":"Deutsch in Klasse 2"},"content":{"rendered":"\n<div class=\"container-blog\">\n<p>In der <strong>zweiten Klasse<\/strong> festigen die Kinder ihre Lese- und Schreibf\u00e4higkeiten und entwickeln zunehmend Sicherheit im Umgang mit der Schriftsprache. Der Fokus liegt auf <strong>fl\u00fcssigem Lesen<\/strong>, dem Verstehen einfacher Texte und dem <em>eigenst\u00e4ndigen Verfassen von S\u00e4tzen und kurzen Geschichten<\/em>. Rechtschreibstrategien werden eingef\u00fchrt, die Wortschatzarbeit intensiviert und grammatische Grundlagen wie <strong>Wortarten<\/strong> spielerisch erarbeitet. Dabei ist es wichtig, die Freude am Lesen und Schreiben zu erhalten und die Kinder individuell zu f\u00f6rdern.<\/p>\n<\/div>\n\n\n\n<div class=\"mb-4rem section-main gb-element-6c24fb97\" id=\"produkte\">\n<span class=\"gb-shape gb-shape-bc66b611 gb-shape--divider\"><svg preserveAspectRatio=\"none\" viewBox=\"0 0 1200 70\" xmlns=\"http:\/\/www.w3.org\/2000\/svg\"><path d=\"M670 50L600 0l-70 50H0v20h1200V50z\"><\/path><\/svg><\/span>\n\n\n\n<div class=\"container-main width-main\">\n<p class=\"gb-text font-h2 gb-text-804dd6a1\">Passende Arbeitsbl\u00e4tter zum Thema<\/p>\n\n\n\n<p class=\"gb-text font-h2 gb-text-e6efec23\"><em>Unterrichtsvorbereitung ganz einfach!<\/em><\/p>\n\n\n\n<div class=\"mb-4rem\"><div class=\"gb-looper-27d58d74\">\n<div class=\"gb-loop-item gb-loop-item-5a7b5b2c post-14685 produkt type-produkt status-publish has-post-thumbnail hentry artikelnummer-p12623 fach-anfangsunterricht fach-deutsch fach-kunst klasse-3-6-jahre klasse-klasse-1 klasse-klasse-2 schulform-fruehes-lernen schulform-grundschule schulform-kindergarten schulform-vorschule thema-feinmotorik thema-konzentration thema-motorik thema-schreibvoraussetzung thema-schulvorbereitung thema-schwunguebungen thema-wahrnehmung\">\n<p class=\"gb-text product-title gb-text-5df7e95f\">Erste Schwung\u00fcbungen  \/  F\u00f6rderung der Feinmotorik &#8211; P12623<\/p>\n\n\n\n<div>\n\n<\/div>\n<\/div>\n\n<div class=\"gb-loop-item gb-loop-item-5a7b5b2c post-14679 produkt type-produkt status-publish has-post-thumbnail hentry artikelnummer-p12518 fach-deutsch fach-sonstiges klasse-klasse-1 klasse-klasse-2 klasse-klasse-3 klasse-klasse-4 klasse-klasse-5 klasse-klasse-6 schulform-grundschule schulform-sekundarstufe-i thema-auge-hand-koordination thema-feinmotorik thema-konzentration thema-koordination thema-motorik\">\n<p class=\"gb-text product-title gb-text-5df7e95f\">Das Auge-Hand-Koordinationstraining &#8211; P12518<\/p>\n\n\n\n<div>\n\n<\/div>\n<\/div>\n\n<div class=\"gb-loop-item gb-loop-item-5a7b5b2c post-14676 produkt type-produkt status-publish has-post-thumbnail hentry artikelnummer-p11366 fach-anfangsunterricht fach-deutsch fach-kunst klasse-3-6-jahre klasse-klasse-1 klasse-klasse-2 schulform-fruehes-lernen schulform-grundschule schulform-kindergarten schulform-vorschule thema-feinmotorik thema-konzentration thema-motorik thema-schreibvoraussetzung thema-schulvorbereitung thema-schwunguebungen\">\n<p class=\"gb-text product-title gb-text-5df7e95f\">Schwung\u00fcbungen f\u00f6rdern und festigen &#8211; P11366<\/p>\n\n\n\n<div>\n\n<\/div>\n<\/div>\n\n<div class=\"gb-loop-item gb-loop-item-5a7b5b2c post-14625 produkt type-produkt status-publish has-post-thumbnail hentry artikelnummer-p17003 fach-deutsch klasse-klasse-1 klasse-klasse-2 klasse-klasse-3 klasse-klasse-4 schulform-foerderschule schulform-grundschule thema-lesefoerderung thema-lesekompetenz thema-lesetexte thema-lesetraining thema-leseverstaendnis thema-sinnerfassendes-lesen\">\n<p class=\"gb-text product-title gb-text-5df7e95f\">Komplettpaket* Der Leseprofi Grundschule &#8211; P17003<\/p>\n\n\n\n<div>\n\n<\/div>\n<\/div>\n\n<div class=\"gb-loop-item gb-loop-item-5a7b5b2c post-14627 produkt type-produkt status-publish has-post-thumbnail hentry artikelnummer-p17004 fach-deutsch klasse-klasse-1 klasse-klasse-2 klasse-klasse-3 klasse-klasse-4 schulform-foerderschule schulform-grundschule thema-lesefoerderung thema-lesekompetenz thema-lesetexte thema-lesetraining thema-leseverstaendnis thema-sinnerfassendes-lesen\">\n<p class=\"gb-text product-title gb-text-5df7e95f\">Komplettpaket* Der Leseprofi-Arbeitshefte Grundschule &#8211; P17004<\/p>\n\n\n\n<div>\n\n<\/div>\n<\/div>\n\n<div class=\"gb-loop-item gb-loop-item-5a7b5b2c post-13333 produkt type-produkt status-publish has-post-thumbnail hentry artikelnummer-p11742 fach-deutsch klasse-klasse-1 klasse-klasse-2 klasse-klasse-3 klasse-klasse-4 schulform-foerderschule schulform-grundschule thema-bildkarten thema-konzentration thema-koordination thema-lesekompetenz thema-motorik thema-wortkarten\">\n<p class=\"gb-text product-title gb-text-5df7e95f\">Legespiel mit W\u00f6rtern &#8211; P11742<\/p>\n\n\n\n<div>\n\n<\/div>\n<\/div>\n\n<div class=\"gb-loop-item gb-loop-item-5a7b5b2c post-13309 produkt type-produkt status-publish has-post-thumbnail hentry artikelnummer-p11097 fach-deutsch klasse-klasse-1 klasse-klasse-2 schulform-grundschule thema-schriftsprache thema-sprachdefizite thema-textarbeit thema-wortbedeutung thema-worterklaerungen thema-wortschatzarbeit\">\n<p class=\"gb-text product-title gb-text-5df7e95f\">So werde ich Sprachprofi! \/ Klasse 1-2 &#8211; P11097<\/p>\n\n\n\n<div>\n\n<\/div>\n<\/div>\n\n<div class=\"gb-loop-item gb-loop-item-5a7b5b2c post-13285 produkt type-produkt status-publish has-post-thumbnail hentry artikelnummer-p11232 fach-deutsch klasse-klasse-1 klasse-klasse-10 klasse-klasse-2 klasse-klasse-3 klasse-klasse-4 klasse-klasse-5 klasse-klasse-6 klasse-klasse-7 klasse-klasse-8 klasse-klasse-9 schulform-grundschule schulform-sekundarstufe-i thema-doppellaute thema-getrennt-und-zusammenschreibung thema-grammatik thema-gross-und-kleinschreibung thema-haeusliches-ueben thema-legasthenie thema-lese-rechtschreib-schwaeche thema-nachhilfe thema-rechtschreibung thema-vokale thema-vorsilben thema-wortarten thema-zeichensetzung\">\n<p class=\"gb-text product-title gb-text-5df7e95f\">LRS wirksam bek\u00e4mpfen! &#8211; P11232<\/p>\n\n\n\n<div>\n\n<\/div>\n<\/div>\n\n<div class=\"gb-loop-item gb-loop-item-5a7b5b2c post-13273 produkt type-produkt status-publish has-post-thumbnail hentry artikelnummer-p12990 fach-deutsch klasse-3-6-jahre klasse-klasse-1 klasse-klasse-2 klasse-klasse-3 klasse-klasse-4 schulform-foerderschule schulform-fruehes-lernen schulform-grundschule schulform-kindergarten schulform-vorschule thema-grundwortschatz thema-lesekompetenz thema-lesen-lernen thema-textarbeit thema-textverstaendnis thema-wortschatz\">\n<p class=\"gb-text product-title gb-text-5df7e95f\">Erstes Deutsch &#8211; P12990<\/p>\n\n\n\n<div>\n\n<\/div>\n<\/div>\n\n<div class=\"gb-loop-item gb-loop-item-5a7b5b2c post-13263 produkt type-produkt status-publish has-post-thumbnail hentry artikelnummer-p11991 fach-deutsch klasse-klasse-10 klasse-klasse-11 klasse-klasse-12 klasse-klasse-13 klasse-klasse-2 klasse-klasse-3 klasse-klasse-4 klasse-klasse-5 klasse-klasse-6 klasse-klasse-7 klasse-klasse-8 klasse-klasse-9 schulform-grundschule schulform-sekundarstufe-i schulform-sekundarstufe-ii thema-deutsch-als-zweitsprache thema-grammatik thema-grundwortschatz thema-rechtschreibung thema-spiele thema-vorbereitungsklassen thema-wortschatz thema-wortschatzarbeit thema-wortschatzuebungen\">\n<p class=\"gb-text product-title gb-text-5df7e95f\">DaZ-Spiele in drei Niveaustufen 1 &#8211; P11991<\/p>\n\n\n\n<div>\n\n<\/div>\n<\/div>\n<\/div><\/div>\n\n\n\n<div class=\"gb-element-c20b6a79\">\n<a class=\"gb-text button-primary gb-text-4ddc0548\" href=\"https:\/\/www.kohlverlag.de\/grundschule\/?order=topseller&#038;p=1&#038;properties=37be9fe76b5646b0bfd4c653b6e02536%7C7af5a41b6b1a4610b89a06e0bc54fc55\">weitere Produkte im Shop<\/a>\n<\/div>\n<\/div>\n<\/div>\n\n\n\n<div class=\"container-blog\">\n<h2 id=\"praxiserprobte-materialien-fuer-ihren-unterricht\" class=\"wp-block-heading\">Praxiserprobte Materialien f\u00fcr Ihren Unterricht<\/h2>\n\n\n\n<p>Die <strong>Arbeitsbl\u00e4tter des Kohl Verlags<\/strong> f\u00fcr Klasse 2 sind gezielt auf die Anforderungen dieser Lernstufe abgestimmt: motivierend gestaltet, klar strukturiert und <strong>ohne Vorbereitungsaufwand einsetzbar<\/strong>. Sie bieten vielf\u00e4ltige \u00dcbungen zu Rechtschreibung, Leseverst\u00e4ndnis und Textproduktion. Dank verschiedener <em>Schwierigkeitsstufen<\/em> k\u00f6nnen Sie problemlos differenzieren und sowohl leistungsstarke als auch f\u00f6rderbed\u00fcrftige Sch\u00fcler optimal unterst\u00fctzen.<\/p>\n\n\n\n<p><strong>Typische Themen in Klasse 2:<\/strong><\/p>\n\n\n\n<ul class=\"wp-block-list\">\n<li>Rechtschreibstrategien anwenden<\/li>\n\n\n\n<li>Leseverst\u00e4ndnis trainieren<\/li>\n\n\n\n<li>Nomen, Verben und Adjektive kennenlernen<\/li>\n\n\n\n<li>Geschichten schreiben<\/li>\n\n\n\n<li>Gro\u00df- und Kleinschreibung \u00fcben<\/li>\n<\/ul>\n<\/div>\n","protected":false},"excerpt":{"rendered":"<p>In der zweiten Klasse festigen die Kinder ihre Lese- und Schreibf\u00e4higkeiten und entwickeln zunehmend Sicherheit im Umgang mit der Schriftsprache. Der Fokus liegt auf fl\u00fcssigem Lesen, dem Verstehen einfacher Texte und dem eigenst\u00e4ndigen Verfassen von S\u00e4tzen und kurzen Geschichten. Rechtschreibstrategien werden eingef\u00fchrt, die Wortschatzarbeit intensiviert und grammatische Grundlagen wie Wortarten spielerisch erarbeitet. Dabei ist es &#8230; <a title=\"Deutsch in Klasse 2\" class=\"read-more\" href=\"https:\/\/www.kohlverlag.de\/themen\/deutsch\/klasse-2\/\" aria-label=\"Mehr Informationen \u00fcber Deutsch in Klasse 2\">Weiterlesen<\/a><\/p>\n","protected":false},"author":1,"featured_media":15267,"parent":374,"menu_order":0,"comment_status":"closed","ping_status":"closed","template":"","meta":{"_acf_changed":false,"footnotes":""},"artikelnummer":[],"autorenname":[],"fach":[16],"klasse":[28],"produktgruppe":[],"schulform":[],"thema":[],"elementvorlage":[7],"vorlage-hero":[4889],"class_list":{"0":"post-15462","1":"page","2":"type-page","3":"status-publish","4":"has-post-thumbnail","6":"fach-deutsch","7":"klasse-klasse-2","8":"elementvorlage-beitrag","9":"vorlage-hero-hero-standard"},"acf":[],"_links":{"self":[{"href":"https:\/\/www.kohlverlag.de\/themen\/wp-json\/wp\/v2\/pages\/15462","targetHints":{"allow":["GET"]}}],"collection":[{"href":"https:\/\/www.kohlverlag.de\/themen\/wp-json\/wp\/v2\/pages"}],"about":[{"href":"https:\/\/www.kohlverlag.de\/themen\/wp-json\/wp\/v2\/types\/page"}],"author":[{"embeddable":true,"href":"https:\/\/www.kohlverlag.de\/themen\/wp-json\/wp\/v2\/users\/1"}],"replies":[{"embeddable":true,"href":"https:\/\/www.kohlverlag.de\/themen\/wp-json\/wp\/v2\/comments?post=15462"}],"version-history":[{"count":3,"href":"https:\/\/www.kohlverlag.de\/themen\/wp-json\/wp\/v2\/pages\/15462\/revisions"}],"predecessor-version":[{"id":15466,"href":"https:\/\/www.kohlverlag.de\/themen\/wp-json\/wp\/v2\/pages\/15462\/revisions\/15466"}],"up":[{"embeddable":true,"href":"https:\/\/www.kohlverlag.de\/themen\/wp-json\/wp\/v2\/pages\/374"}],"wp:featuredmedia":[{"embeddable":true,"href":"https:\/\/www.kohlverlag.de\/themen\/wp-json\/wp\/v2\/media\/15267"}],"wp:attachment":[{"href":"https:\/\/www.kohlverlag.de\/themen\/wp-json\/wp\/v2\/media?parent=15462"}],"wp:term":[{"taxonomy":"artikelnummer","embeddable":true,"href":"https:\/\/www.kohlverlag.de\/themen\/wp-json\/wp\/v2\/artikelnummer?post=15462"},{"taxonomy":"autorenname","embeddable":true,"href":"https:\/\/www.kohlverlag.de\/themen\/wp-json\/wp\/v2\/autorenname?post=15462"},{"taxonomy":"fach","embeddable":true,"href":"https:\/\/www.kohlverlag.de\/themen\/wp-json\/wp\/v2\/fach?post=15462"},{"taxonomy":"klasse","embeddable":true,"href":"https:\/\/www.kohlverlag.de\/themen\/wp-json\/wp\/v2\/klasse?post=15462"},{"taxonomy":"produktgruppe","embeddable":true,"href":"https:\/\/www.kohlverlag.de\/themen\/wp-json\/wp\/v2\/produktgruppe?post=15462"},{"taxonomy":"schulform","embeddable":true,"href":"https:\/\/www.kohlverlag.de\/themen\/wp-json\/wp\/v2\/schulform?post=15462"},{"taxonomy":"thema","embeddable":true,"href":"https:\/\/www.kohlverlag.de\/themen\/wp-json\/wp\/v2\/thema?post=15462"},{"taxonomy":"elementvorlage","embeddable":true,"href":"https:\/\/www.kohlverlag.de\/themen\/wp-json\/wp\/v2\/elementvorlage?post=15462"},{"taxonomy":"vorlage-hero","embeddable":true,"href":"https:\/\/www.kohlverlag.de\/themen\/wp-json\/wp\/v2\/vorlage-hero?post=15462"}],"curies":[{"name":"wp","href":"https:\/\/api.w.org\/{rel}","templated":true}]}}