{"id":15468,"date":"2026-01-07T10:02:40","date_gmt":"2026-01-07T09:02:40","guid":{"rendered":"https:\/\/www.kohlverlag.de\/themen\/?page_id=15468"},"modified":"2026-01-07T10:25:39","modified_gmt":"2026-01-07T09:25:39","slug":"klasse-3","status":"publish","type":"page","link":"https:\/\/www.kohlverlag.de\/themen\/deutsch\/klasse-3\/","title":{"rendered":"Deutsch in Klasse 3"},"content":{"rendered":"\n<div class=\"container-blog\">\n<p>In der <strong>dritten Klasse<\/strong> erweitern die Kinder ihre sprachlichen Kompetenzen deutlich. Das <strong>Leseverst\u00e4ndnis<\/strong> wird vertieft, l\u00e4ngere Texte werden erschlossen und analysiert. Beim Schreiben stehen nun <em>strukturierte Textsorten<\/em> wie Berichte, Beschreibungen und Erz\u00e4hlungen im Mittelpunkt. Die <strong>Rechtschreibung<\/strong> wird systematisch ausgebaut \u2013 von Wortbausteinen \u00fcber Verl\u00e4ngerungsproben bis zur Gro\u00df- und Kleinschreibung. Auch die Grammatik gewinnt an Bedeutung: Satzglieder, Zeitformen und Wortarten werden intensiv ge\u00fcbt. Ziel ist es, die Sch\u00fcler zu sicheren und selbstst\u00e4ndigen Schreibern zu machen.<\/p>\n<\/div>\n\n\n\n<div class=\"mb-4rem section-main gb-element-6c24fb97\" id=\"produkte\">\n<span class=\"gb-shape gb-shape-bc66b611 gb-shape--divider\"><svg preserveAspectRatio=\"none\" viewBox=\"0 0 1200 70\" xmlns=\"http:\/\/www.w3.org\/2000\/svg\"><path d=\"M670 50L600 0l-70 50H0v20h1200V50z\"><\/path><\/svg><\/span>\n\n\n\n<div class=\"container-main width-main\"><p class=\"gb-text font-h2 gb-text-804dd6a1\">Passende Arbeitsbl\u00e4tter zum Thema<\/p>\n\n<p class=\"gb-text font-h2 gb-text-e6efec23\"><em>Unterrichtsvorbereitung ganz einfach!<\/em><\/p>\n\n\n<div class=\"mb-4rem\"><div class=\"gb-looper-27d58d74\">\n<div class=\"gb-loop-item gb-loop-item-5a7b5b2c post-14700 produkt type-produkt status-publish has-post-thumbnail hentry artikelnummer-p11562 fach-deutsch klasse-klasse-10 klasse-klasse-11 klasse-klasse-12 klasse-klasse-13 klasse-klasse-3 klasse-klasse-4 klasse-klasse-5 klasse-klasse-6 klasse-klasse-7 klasse-klasse-8 klasse-klasse-9 schulform-grundschule schulform-sekundarstufe-i schulform-sekundarstufe-ii thema-deutsch-als-zweitsprache thema-grundwortschatz thema-vorbereitungsklassen thema-wortschatzarbeit thema-wortschatzuebungen\"><p class=\"gb-text product-title gb-text-5df7e95f\">Deutsch als Zweitsprache in Vorbereitungsklassen \/ Band 3 &#8211; P11562<\/p>\n\n\n<div>\n\n<\/div>\n<\/div>\n\n<div class=\"gb-loop-item gb-loop-item-5a7b5b2c post-14697 produkt type-produkt status-publish has-post-thumbnail hentry artikelnummer-p11439 fach-deutsch fach-ethik fach-religion fach-sachunterricht klasse-klasse-3 klasse-klasse-4 klasse-klasse-5 klasse-klasse-6 schulform-grundschule schulform-sekundarstufe-i thema-bildergeschichten thema-kreatives-schreiben thema-weihnachten\"><p class=\"gb-text product-title gb-text-5df7e95f\">15 Bildergeschichten f\u00fcr die Advents- und Weihnachtszeit &#8211; P11439<\/p>\n\n\n<div>\n\n<\/div>\n<\/div>\n\n<div class=\"gb-loop-item gb-loop-item-5a7b5b2c post-14679 produkt type-produkt status-publish has-post-thumbnail hentry artikelnummer-p12518 fach-deutsch fach-sonstiges klasse-klasse-1 klasse-klasse-2 klasse-klasse-3 klasse-klasse-4 klasse-klasse-5 klasse-klasse-6 schulform-grundschule schulform-sekundarstufe-i thema-auge-hand-koordination thema-feinmotorik thema-konzentration thema-koordination thema-motorik\"><p class=\"gb-text product-title gb-text-5df7e95f\">Das Auge-Hand-Koordinationstraining &#8211; P12518<\/p>\n\n\n<div>\n\n<\/div>\n<\/div>\n\n<div class=\"gb-loop-item gb-loop-item-5a7b5b2c post-14673 produkt type-produkt status-publish has-post-thumbnail hentry artikelnummer-p11652 fach-deutsch klasse-klasse-10 klasse-klasse-11 klasse-klasse-12 klasse-klasse-13 klasse-klasse-3 klasse-klasse-4 klasse-klasse-5 klasse-klasse-6 klasse-klasse-7 klasse-klasse-8 klasse-klasse-9 schulform-grundschule schulform-sekundarstufe-i schulform-sekundarstufe-ii thema-4-faelle thema-deutsch-als-zweitsprache thema-grundwortschatz thema-vorbereitungsklassen thema-wortbedeutung thema-wortschatzarbeit thema-wortschatzuebungen\"><p class=\"gb-text product-title gb-text-5df7e95f\">Deutsch als Zweitsprache in Vorbereitungsklassen \/ Band 5 &#8211; P11652<\/p>\n\n\n<div>\n\n<\/div>\n<\/div>\n\n<div class=\"gb-loop-item gb-loop-item-5a7b5b2c post-14661 produkt type-produkt status-publish has-post-thumbnail hentry artikelnummer-p19051 fach-deutsch klasse-klasse-3 schulform-grundschule thema-akrostichon thema-freies-schreiben thema-kreatives-schreiben thema-vertretungsstunden thema-zusatzaufgaben thema-zusatzmaterial\"><p class=\"gb-text product-title gb-text-5df7e95f\">Lerntheke Freies Schreiben \/ Klasse 3 &#8211; P19051<\/p>\n\n\n<div>\n\n<\/div>\n<\/div>\n\n<div class=\"gb-loop-item gb-loop-item-5a7b5b2c post-14625 produkt type-produkt status-publish has-post-thumbnail hentry artikelnummer-p17003 fach-deutsch klasse-klasse-1 klasse-klasse-2 klasse-klasse-3 klasse-klasse-4 schulform-foerderschule schulform-grundschule thema-lesefoerderung thema-lesekompetenz thema-lesetexte thema-lesetraining thema-leseverstaendnis thema-sinnerfassendes-lesen\"><p class=\"gb-text product-title gb-text-5df7e95f\">Komplettpaket* Der Leseprofi Grundschule &#8211; P17003<\/p>\n\n\n<div>\n\n<\/div>\n<\/div>\n\n<div class=\"gb-loop-item gb-loop-item-5a7b5b2c post-14627 produkt type-produkt status-publish has-post-thumbnail hentry artikelnummer-p17004 fach-deutsch klasse-klasse-1 klasse-klasse-2 klasse-klasse-3 klasse-klasse-4 schulform-foerderschule schulform-grundschule thema-lesefoerderung thema-lesekompetenz thema-lesetexte thema-lesetraining thema-leseverstaendnis thema-sinnerfassendes-lesen\"><p class=\"gb-text product-title gb-text-5df7e95f\">Komplettpaket* Der Leseprofi-Arbeitshefte Grundschule &#8211; P17004<\/p>\n\n\n<div>\n\n<\/div>\n<\/div>\n\n<div class=\"gb-loop-item gb-loop-item-5a7b5b2c post-13334 produkt type-produkt status-publish has-post-thumbnail hentry artikelnummer-p12410 fach-deutsch klasse-klasse-3 klasse-klasse-4 klasse-klasse-5 klasse-klasse-6 klasse-klasse-7 schulform-foerderschule schulform-grundschule schulform-sekundarstufe-i thema-alphabet thema-buchstaben thema-konzentration thema-legasthenie thema-lese-rechtschreib-schwaeche thema-lesen-lernen thema-lesetexte thema-lesetraining thema-sinnerfassendes-lesen\"><p class=\"gb-text product-title gb-text-5df7e95f\">Lesen lernen mit Ferdinand &#8211; P12410<\/p>\n\n\n<div>\n\n<\/div>\n<\/div>\n\n<div class=\"gb-loop-item gb-loop-item-5a7b5b2c post-13333 produkt type-produkt status-publish has-post-thumbnail hentry artikelnummer-p11742 fach-deutsch klasse-klasse-1 klasse-klasse-2 klasse-klasse-3 klasse-klasse-4 schulform-foerderschule schulform-grundschule thema-bildkarten thema-konzentration thema-koordination thema-lesekompetenz thema-motorik thema-wortkarten\"><p class=\"gb-text product-title gb-text-5df7e95f\">Legespiel mit W\u00f6rtern &#8211; P11742<\/p>\n\n\n<div>\n\n<\/div>\n<\/div>\n\n<div class=\"gb-loop-item gb-loop-item-5a7b5b2c post-13310 produkt type-produkt status-publish has-post-thumbnail hentry artikelnummer-p14175 fach-deutsch klasse-klasse-3 klasse-klasse-4 klasse-klasse-5 klasse-klasse-6 schulform-grundschule schulform-sekundarstufe-i thema-aufgaben-zum-buch thema-begleitmaterial thema-diktator thema-faschismus thema-fragen-zum-buch thema-freies-schreiben thema-geschichte thema-grammatik thema-nationalsozialisten thema-rechtschreibung thema-schullektuere thema-textarbeit\"><p class=\"gb-text product-title gb-text-5df7e95f\">Der \u00fcberaus starke Willibald &#8211; Literaturseiten &#8211; P14175<\/p>\n\n\n<div>\n\n<\/div>\n<\/div>\n<\/div><\/div>\n\n\n\n<div class=\"gb-element-c20b6a79\"><a class=\"gb-text button-primary gb-text-4ddc0548\" href=\"\/unterrichtsmaterial\/?order=topseller&#038;p=1&#038;properties=7af5a41b6b1a4610b89a06e0bc54fc55\">weitere Produkte im Shop<\/a><\/div>\n<\/div>\n<\/div>\n\n\n\n<div class=\"container-blog\"><h3 class=\"wp-block-heading\" id=\"praxiserprobte-materialien-fuer-ihren-unterricht\">Praxiserprobte Materialien f\u00fcr Ihren Unterricht<\/h3>\n\n\n<p>Die <strong>Kopiervorlagen des Kohl Verlags<\/strong> f\u00fcr Klasse 3 bieten Ihnen durchdachte \u00dcbungen zu allen relevanten Deutschthemen: von Rechtschreibstrategien \u00fcber Textverst\u00e4ndnis bis hin zu kreativen Schreibanl\u00e4ssen. Die Materialien sind <strong>sofort einsetzbar<\/strong>, differenziert aufbereitet und erm\u00f6glichen es, sowohl Grundlagen zu festigen als auch leistungsstarke Sch\u00fcler herauszufordern. <em>Ohne lange Vorbereitung<\/em> gestalten Sie damit einen abwechslungsreichen und lehrplankonformen Deutschunterricht.<\/p>\n\n\n\n<p><strong>Typische Themen in Klasse 3:<\/strong><\/p>\n\n\n\n<ul class=\"wp-block-list\">\n<li>W\u00f6rtliche Rede und Satzzeichen<\/li>\n\n\n\n<li>Satzglieder bestimmen<\/li>\n\n\n\n<li>Aufs\u00e4tze schreiben (Berichte, Beschreibungen)<\/li>\n\n\n\n<li>Rechtschreibstrategien vertiefen<\/li>\n\n\n\n<li>Pr\u00e4sens, Pr\u00e4teritum und Perfekt<\/li>\n<\/ul>\n<\/div>\n","protected":false},"excerpt":{"rendered":"<p>In der dritten Klasse erweitern die Kinder ihre sprachlichen Kompetenzen deutlich. Das Leseverst\u00e4ndnis wird vertieft, l\u00e4ngere Texte werden erschlossen und analysiert. Beim Schreiben stehen nun strukturierte Textsorten wie Berichte, Beschreibungen und Erz\u00e4hlungen im Mittelpunkt. Die Rechtschreibung wird systematisch ausgebaut \u2013 von Wortbausteinen \u00fcber Verl\u00e4ngerungsproben bis zur Gro\u00df- und Kleinschreibung. Auch die Grammatik gewinnt an Bedeutung: &#8230; <a title=\"Deutsch in Klasse 3\" class=\"read-more\" href=\"https:\/\/www.kohlverlag.de\/themen\/deutsch\/klasse-3\/\" aria-label=\"Mehr Informationen \u00fcber Deutsch in Klasse 3\">Weiterlesen<\/a><\/p>\n","protected":false},"author":1,"featured_media":15267,"parent":374,"menu_order":0,"comment_status":"closed","ping_status":"closed","template":"","meta":{"_acf_changed":false,"footnotes":""},"artikelnummer":[],"autorenname":[],"fach":[16],"klasse":[17],"produktgruppe":[],"schulform":[],"thema":[],"elementvorlage":[7],"vorlage-hero":[4889],"class_list":{"0":"post-15468","1":"page","2":"type-page","3":"status-publish","4":"has-post-thumbnail","6":"fach-deutsch","7":"klasse-klasse-3","8":"elementvorlage-beitrag","9":"vorlage-hero-hero-standard"},"acf":[],"_links":{"self":[{"href":"https:\/\/www.kohlverlag.de\/themen\/wp-json\/wp\/v2\/pages\/15468","targetHints":{"allow":["GET"]}}],"collection":[{"href":"https:\/\/www.kohlverlag.de\/themen\/wp-json\/wp\/v2\/pages"}],"about":[{"href":"https:\/\/www.kohlverlag.de\/themen\/wp-json\/wp\/v2\/types\/page"}],"author":[{"embeddable":true,"href":"https:\/\/www.kohlverlag.de\/themen\/wp-json\/wp\/v2\/users\/1"}],"replies":[{"embeddable":true,"href":"https:\/\/www.kohlverlag.de\/themen\/wp-json\/wp\/v2\/comments?post=15468"}],"version-history":[{"count":2,"href":"https:\/\/www.kohlverlag.de\/themen\/wp-json\/wp\/v2\/pages\/15468\/revisions"}],"predecessor-version":[{"id":15470,"href":"https:\/\/www.kohlverlag.de\/themen\/wp-json\/wp\/v2\/pages\/15468\/revisions\/15470"}],"up":[{"embeddable":true,"href":"https:\/\/www.kohlverlag.de\/themen\/wp-json\/wp\/v2\/pages\/374"}],"wp:featuredmedia":[{"embeddable":true,"href":"https:\/\/www.kohlverlag.de\/themen\/wp-json\/wp\/v2\/media\/15267"}],"wp:attachment":[{"href":"https:\/\/www.kohlverlag.de\/themen\/wp-json\/wp\/v2\/media?parent=15468"}],"wp:term":[{"taxonomy":"artikelnummer","embeddable":true,"href":"https:\/\/www.kohlverlag.de\/themen\/wp-json\/wp\/v2\/artikelnummer?post=15468"},{"taxonomy":"autorenname","embeddable":true,"href":"https:\/\/www.kohlverlag.de\/themen\/wp-json\/wp\/v2\/autorenname?post=15468"},{"taxonomy":"fach","embeddable":true,"href":"https:\/\/www.kohlverlag.de\/themen\/wp-json\/wp\/v2\/fach?post=15468"},{"taxonomy":"klasse","embeddable":true,"href":"https:\/\/www.kohlverlag.de\/themen\/wp-json\/wp\/v2\/klasse?post=15468"},{"taxonomy":"produktgruppe","embeddable":true,"href":"https:\/\/www.kohlverlag.de\/themen\/wp-json\/wp\/v2\/produktgruppe?post=15468"},{"taxonomy":"schulform","embeddable":true,"href":"https:\/\/www.kohlverlag.de\/themen\/wp-json\/wp\/v2\/schulform?post=15468"},{"taxonomy":"thema","embeddable":true,"href":"https:\/\/www.kohlverlag.de\/themen\/wp-json\/wp\/v2\/thema?post=15468"},{"taxonomy":"elementvorlage","embeddable":true,"href":"https:\/\/www.kohlverlag.de\/themen\/wp-json\/wp\/v2\/elementvorlage?post=15468"},{"taxonomy":"vorlage-hero","embeddable":true,"href":"https:\/\/www.kohlverlag.de\/themen\/wp-json\/wp\/v2\/vorlage-hero?post=15468"}],"curies":[{"name":"wp","href":"https:\/\/api.w.org\/{rel}","templated":true}]}}