{"id":15471,"date":"2026-01-07T10:22:35","date_gmt":"2026-01-07T09:22:35","guid":{"rendered":"https:\/\/www.kohlverlag.de\/themen\/?page_id=15471"},"modified":"2026-01-07T10:28:20","modified_gmt":"2026-01-07T09:28:20","slug":"klasse-4","status":"publish","type":"page","link":"https:\/\/www.kohlverlag.de\/themen\/deutsch\/klasse-4\/","title":{"rendered":"Deutsch in Klasse 4"},"content":{"rendered":"\n<div class=\"container-blog\">\n<p>Die <strong>vierte Klasse<\/strong> bildet den Abschluss der Grundschulzeit und bereitet die Kinder gezielt auf die weiterf\u00fchrende Schule vor. Der <strong>Deutschunterricht<\/strong> wird anspruchsvoller: L\u00e4ngere Texte werden gelesen und interpretiert, komplexere <em>Aufsatzformen<\/em> wie Berichte, Vorgangsbeschreibungen und Argumentationen werden erarbeitet. Die <strong>Rechtschreibung<\/strong> muss sicher beherrscht werden, grammatische Strukturen wie die vier F\u00e4lle, Satzglieder und Konjunktionen werden vertieft. Auch das <em>selbstst\u00e4ndige \u00dcberarbeiten<\/em> eigener Texte gewinnt an Bedeutung. Ziel ist es, die Sch\u00fcler sprachlich fit und selbstbewusst f\u00fcr den \u00dcbergang zu machen.<\/p>\n<\/div>\n\n\n\n<div class=\"mb-4rem section-main gb-element-6c24fb97\" id=\"produkte\">\n<span class=\"gb-shape gb-shape-bc66b611 gb-shape--divider\"><svg xmlns=\"http:\/\/www.w3.org\/2000\/svg\" viewBox=\"0 0 1200 70\" preserveAspectRatio=\"none\"><path d=\"M670 50L600 0l-70 50H0v20h1200V50z\"><\/path><\/svg><\/span>\n\n\n\n<div class=\"container-main width-main\">\n<p class=\"gb-text font-h2 gb-text-804dd6a1\">Passende Arbeitsbl\u00e4tter zum Thema<\/p>\n\n\n\n<p class=\"gb-text font-h2 gb-text-e6efec23\"><em>Unterrichtsvorbereitung ganz einfach!<\/em><\/p>\n\n\n\n<div class=\"mb-4rem\"><div class=\"gb-looper-27d58d74\">\n<div class=\"gb-loop-item gb-loop-item-5a7b5b2c post-14700 produkt type-produkt status-publish has-post-thumbnail hentry artikelnummer-p11562 fach-deutsch klasse-klasse-10 klasse-klasse-11 klasse-klasse-12 klasse-klasse-13 klasse-klasse-3 klasse-klasse-4 klasse-klasse-5 klasse-klasse-6 klasse-klasse-7 klasse-klasse-8 klasse-klasse-9 schulform-grundschule schulform-sekundarstufe-i schulform-sekundarstufe-ii thema-deutsch-als-zweitsprache thema-grundwortschatz thema-vorbereitungsklassen thema-wortschatzarbeit thema-wortschatzuebungen\">\n<p class=\"gb-text product-title gb-text-5df7e95f\">Deutsch als Zweitsprache in Vorbereitungsklassen \/ Band 3 &#8211; P11562<\/p>\n\n\n\n<div>\n\n<\/div>\n<\/div>\n\n<div class=\"gb-loop-item gb-loop-item-5a7b5b2c post-14697 produkt type-produkt status-publish has-post-thumbnail hentry artikelnummer-p11439 fach-deutsch fach-ethik fach-religion fach-sachunterricht klasse-klasse-3 klasse-klasse-4 klasse-klasse-5 klasse-klasse-6 schulform-grundschule schulform-sekundarstufe-i thema-bildergeschichten thema-kreatives-schreiben thema-weihnachten\">\n<p class=\"gb-text product-title gb-text-5df7e95f\">15 Bildergeschichten f\u00fcr die Advents- und Weihnachtszeit &#8211; P11439<\/p>\n\n\n\n<div>\n\n<\/div>\n<\/div>\n\n<div class=\"gb-loop-item gb-loop-item-5a7b5b2c post-14679 produkt type-produkt status-publish has-post-thumbnail hentry artikelnummer-p12518 fach-deutsch fach-sonstiges klasse-klasse-1 klasse-klasse-2 klasse-klasse-3 klasse-klasse-4 klasse-klasse-5 klasse-klasse-6 schulform-grundschule schulform-sekundarstufe-i thema-auge-hand-koordination thema-feinmotorik thema-konzentration thema-koordination thema-motorik\">\n<p class=\"gb-text product-title gb-text-5df7e95f\">Das Auge-Hand-Koordinationstraining &#8211; P12518<\/p>\n\n\n\n<div>\n\n<\/div>\n<\/div>\n\n<div class=\"gb-loop-item gb-loop-item-5a7b5b2c post-14673 produkt type-produkt status-publish has-post-thumbnail hentry artikelnummer-p11652 fach-deutsch klasse-klasse-10 klasse-klasse-11 klasse-klasse-12 klasse-klasse-13 klasse-klasse-3 klasse-klasse-4 klasse-klasse-5 klasse-klasse-6 klasse-klasse-7 klasse-klasse-8 klasse-klasse-9 schulform-grundschule schulform-sekundarstufe-i schulform-sekundarstufe-ii thema-4-faelle thema-deutsch-als-zweitsprache thema-grundwortschatz thema-vorbereitungsklassen thema-wortbedeutung thema-wortschatzarbeit thema-wortschatzuebungen\">\n<p class=\"gb-text product-title gb-text-5df7e95f\">Deutsch als Zweitsprache in Vorbereitungsklassen \/ Band 5 &#8211; P11652<\/p>\n\n\n\n<div>\n\n<\/div>\n<\/div>\n\n<div class=\"gb-loop-item gb-loop-item-5a7b5b2c post-14663 produkt type-produkt status-publish has-post-thumbnail hentry artikelnummer-p19052 fach-deutsch klasse-klasse-4 schulform-grundschule thema-cluster thema-freies-schreiben thema-kreatives-schreiben thema-personenbeschreibung thema-vertretungsstunden thema-zusatzaufgaben thema-zusatzmaterial\">\n<p class=\"gb-text product-title gb-text-5df7e95f\">Lerntheke Freies Schreiben \/ Klasse 4 &#8211; P19052<\/p>\n\n\n\n<div>\n\n<\/div>\n<\/div>\n\n<div class=\"gb-loop-item gb-loop-item-5a7b5b2c post-14625 produkt type-produkt status-publish has-post-thumbnail hentry artikelnummer-p17003 fach-deutsch klasse-klasse-1 klasse-klasse-2 klasse-klasse-3 klasse-klasse-4 schulform-foerderschule schulform-grundschule thema-lesefoerderung thema-lesekompetenz thema-lesetexte thema-lesetraining thema-leseverstaendnis thema-sinnerfassendes-lesen\">\n<p class=\"gb-text product-title gb-text-5df7e95f\">Komplettpaket* Der Leseprofi Grundschule &#8211; P17003<\/p>\n\n\n\n<div>\n\n<\/div>\n<\/div>\n\n<div class=\"gb-loop-item gb-loop-item-5a7b5b2c post-14627 produkt type-produkt status-publish has-post-thumbnail hentry artikelnummer-p17004 fach-deutsch klasse-klasse-1 klasse-klasse-2 klasse-klasse-3 klasse-klasse-4 schulform-foerderschule schulform-grundschule thema-lesefoerderung thema-lesekompetenz thema-lesetexte thema-lesetraining thema-leseverstaendnis thema-sinnerfassendes-lesen\">\n<p class=\"gb-text product-title gb-text-5df7e95f\">Komplettpaket* Der Leseprofi-Arbeitshefte Grundschule &#8211; P17004<\/p>\n\n\n\n<div>\n\n<\/div>\n<\/div>\n\n<div class=\"gb-loop-item gb-loop-item-5a7b5b2c post-13334 produkt type-produkt status-publish has-post-thumbnail hentry artikelnummer-p12410 fach-deutsch klasse-klasse-3 klasse-klasse-4 klasse-klasse-5 klasse-klasse-6 klasse-klasse-7 schulform-foerderschule schulform-grundschule schulform-sekundarstufe-i thema-alphabet thema-buchstaben thema-konzentration thema-legasthenie thema-lese-rechtschreib-schwaeche thema-lesen-lernen thema-lesetexte thema-lesetraining thema-sinnerfassendes-lesen\">\n<p class=\"gb-text product-title gb-text-5df7e95f\">Lesen lernen mit Ferdinand &#8211; P12410<\/p>\n\n\n\n<div>\n\n<\/div>\n<\/div>\n\n<div class=\"gb-loop-item gb-loop-item-5a7b5b2c post-13333 produkt type-produkt status-publish has-post-thumbnail hentry artikelnummer-p11742 fach-deutsch klasse-klasse-1 klasse-klasse-2 klasse-klasse-3 klasse-klasse-4 schulform-foerderschule schulform-grundschule thema-bildkarten thema-konzentration thema-koordination thema-lesekompetenz thema-motorik thema-wortkarten\">\n<p class=\"gb-text product-title gb-text-5df7e95f\">Legespiel mit W\u00f6rtern &#8211; P11742<\/p>\n\n\n\n<div>\n\n<\/div>\n<\/div>\n\n<div class=\"gb-loop-item gb-loop-item-5a7b5b2c post-13310 produkt type-produkt status-publish has-post-thumbnail hentry artikelnummer-p14175 fach-deutsch klasse-klasse-3 klasse-klasse-4 klasse-klasse-5 klasse-klasse-6 schulform-grundschule schulform-sekundarstufe-i thema-aufgaben-zum-buch thema-begleitmaterial thema-diktator thema-faschismus thema-fragen-zum-buch thema-freies-schreiben thema-geschichte thema-grammatik thema-nationalsozialisten thema-rechtschreibung thema-schullektuere thema-textarbeit\">\n<p class=\"gb-text product-title gb-text-5df7e95f\">Der \u00fcberaus starke Willibald &#8211; Literaturseiten &#8211; P14175<\/p>\n\n\n\n<div>\n\n<\/div>\n<\/div>\n<\/div><\/div>\n\n\n\n<div class=\"gb-element-c20b6a79\">\n<a class=\"gb-text button-primary gb-text-4ddc0548\" href=\"https:\/\/www.kohlverlag.de\/grundschule\/?order=topseller&#038;p=1&#038;properties=985f58d22de6444f90962a7d7c22c307%7C7af5a41b6b1a4610b89a06e0bc54fc55\">weitere Produkte im Shop<\/a>\n<\/div>\n<\/div>\n<\/div>\n\n\n\n<div class=\"container-blog\">\n<h3 id=\"praxiserprobte-materialien-fuer-ihren-unterricht\" class=\"wp-block-heading\">Praxiserprobte Materialien f\u00fcr Ihren Unterricht<\/h3>\n\n\n\n<p>Die <strong>Arbeitsbl\u00e4tter des Kohl Verlags<\/strong> f\u00fcr Klasse 4 unterst\u00fctzen Sie dabei, alle relevanten Kompetenzen systematisch aufzubauen. Von anspruchsvollen Lesetexten \u00fcber Grammatik\u00fcbungen bis hin zu strukturierten Schreibaufgaben \u2013 die Materialien sind <strong>lehrplankonform<\/strong>, klar gegliedert und <strong>sofort einsetzbar<\/strong>. Verschiedene Schwierigkeitsstufen erm\u00f6glichen es Ihnen, <em>ohne gro\u00dfen Aufwand<\/em> zu differenzieren und jeden Sch\u00fcler optimal auf den \u00dcbertritt vorzubereiten.<\/p>\n\n\n\n<p><strong>Typische Themen in Klasse 4:<\/strong><\/p>\n\n\n\n<ul class=\"wp-block-list\">\n<li><a href=\"https:\/\/www.kohlverlag.de\/themen\/deutsch\/die-4-faelle\/\" data-type=\"page\" data-id=\"15406\">Die vier F\u00e4lle<\/a> (Nominativ, Genitiv, Dativ, Akkusativ)<\/li>\n\n\n\n<li>Satzglieder und Satzarten<\/li>\n\n\n\n<li>Berichte und Vorgangsbeschreibungen schreiben<\/li>\n\n\n\n<li>Rechtschreibung systematisch festigen<\/li>\n\n\n\n<li>Texte \u00fcberarbeiten und korrigieren<\/li>\n<\/ul>\n<\/div>\n","protected":false},"excerpt":{"rendered":"<p>Die vierte Klasse bildet den Abschluss der Grundschulzeit und bereitet die Kinder gezielt auf die weiterf\u00fchrende Schule vor. Der Deutschunterricht wird anspruchsvoller: L\u00e4ngere Texte werden gelesen und interpretiert, komplexere Aufsatzformen wie Berichte, Vorgangsbeschreibungen und Argumentationen werden erarbeitet. Die Rechtschreibung muss sicher beherrscht werden, grammatische Strukturen wie die vier F\u00e4lle, Satzglieder und Konjunktionen werden vertieft. Auch &#8230; <a title=\"Deutsch in Klasse 4\" class=\"read-more\" href=\"https:\/\/www.kohlverlag.de\/themen\/deutsch\/klasse-4\/\" aria-label=\"Mehr Informationen \u00fcber Deutsch in Klasse 4\">Weiterlesen<\/a><\/p>\n","protected":false},"author":1,"featured_media":15267,"parent":374,"menu_order":0,"comment_status":"closed","ping_status":"closed","template":"","meta":{"_acf_changed":false,"footnotes":""},"artikelnummer":[],"autorenname":[],"fach":[16],"klasse":[18],"produktgruppe":[],"schulform":[],"thema":[],"elementvorlage":[7],"vorlage-hero":[4889],"class_list":{"0":"post-15471","1":"page","2":"type-page","3":"status-publish","4":"has-post-thumbnail","6":"fach-deutsch","7":"klasse-klasse-4","8":"elementvorlage-beitrag","9":"vorlage-hero-hero-standard"},"acf":[],"_links":{"self":[{"href":"https:\/\/www.kohlverlag.de\/themen\/wp-json\/wp\/v2\/pages\/15471","targetHints":{"allow":["GET"]}}],"collection":[{"href":"https:\/\/www.kohlverlag.de\/themen\/wp-json\/wp\/v2\/pages"}],"about":[{"href":"https:\/\/www.kohlverlag.de\/themen\/wp-json\/wp\/v2\/types\/page"}],"author":[{"embeddable":true,"href":"https:\/\/www.kohlverlag.de\/themen\/wp-json\/wp\/v2\/users\/1"}],"replies":[{"embeddable":true,"href":"https:\/\/www.kohlverlag.de\/themen\/wp-json\/wp\/v2\/comments?post=15471"}],"version-history":[{"count":5,"href":"https:\/\/www.kohlverlag.de\/themen\/wp-json\/wp\/v2\/pages\/15471\/revisions"}],"predecessor-version":[{"id":15478,"href":"https:\/\/www.kohlverlag.de\/themen\/wp-json\/wp\/v2\/pages\/15471\/revisions\/15478"}],"up":[{"embeddable":true,"href":"https:\/\/www.kohlverlag.de\/themen\/wp-json\/wp\/v2\/pages\/374"}],"wp:featuredmedia":[{"embeddable":true,"href":"https:\/\/www.kohlverlag.de\/themen\/wp-json\/wp\/v2\/media\/15267"}],"wp:attachment":[{"href":"https:\/\/www.kohlverlag.de\/themen\/wp-json\/wp\/v2\/media?parent=15471"}],"wp:term":[{"taxonomy":"artikelnummer","embeddable":true,"href":"https:\/\/www.kohlverlag.de\/themen\/wp-json\/wp\/v2\/artikelnummer?post=15471"},{"taxonomy":"autorenname","embeddable":true,"href":"https:\/\/www.kohlverlag.de\/themen\/wp-json\/wp\/v2\/autorenname?post=15471"},{"taxonomy":"fach","embeddable":true,"href":"https:\/\/www.kohlverlag.de\/themen\/wp-json\/wp\/v2\/fach?post=15471"},{"taxonomy":"klasse","embeddable":true,"href":"https:\/\/www.kohlverlag.de\/themen\/wp-json\/wp\/v2\/klasse?post=15471"},{"taxonomy":"produktgruppe","embeddable":true,"href":"https:\/\/www.kohlverlag.de\/themen\/wp-json\/wp\/v2\/produktgruppe?post=15471"},{"taxonomy":"schulform","embeddable":true,"href":"https:\/\/www.kohlverlag.de\/themen\/wp-json\/wp\/v2\/schulform?post=15471"},{"taxonomy":"thema","embeddable":true,"href":"https:\/\/www.kohlverlag.de\/themen\/wp-json\/wp\/v2\/thema?post=15471"},{"taxonomy":"elementvorlage","embeddable":true,"href":"https:\/\/www.kohlverlag.de\/themen\/wp-json\/wp\/v2\/elementvorlage?post=15471"},{"taxonomy":"vorlage-hero","embeddable":true,"href":"https:\/\/www.kohlverlag.de\/themen\/wp-json\/wp\/v2\/vorlage-hero?post=15471"}],"curies":[{"name":"wp","href":"https:\/\/api.w.org\/{rel}","templated":true}]}}