{"id":15479,"date":"2026-01-07T11:12:59","date_gmt":"2026-01-07T10:12:59","guid":{"rendered":"https:\/\/www.kohlverlag.de\/themen\/?page_id=15479"},"modified":"2026-01-07T11:16:44","modified_gmt":"2026-01-07T10:16:44","slug":"klasse-5","status":"publish","type":"page","link":"https:\/\/www.kohlverlag.de\/themen\/deutsch\/klasse-5\/","title":{"rendered":"Deutsch in Klasse 5"},"content":{"rendered":"\n<div class=\"container-blog\">\n<p>Die <strong>f\u00fcnfte Klasse<\/strong> markiert den \u00dcbergang in die Sekundarstufe und stellt neue Anforderungen an die Sch\u00fcler. Der <strong>Deutschunterricht<\/strong> wird anspruchsvoller und systematischer: Literarische Texte werden analysiert, <em>Textgattungen<\/em> wie M\u00e4rchen, Fabeln und Sagen genauer betrachtet. Beim Schreiben stehen <strong>strukturierte Aufsatzformen<\/strong> wie Erz\u00e4hlungen, Berichte und Beschreibungen im Fokus. Die Grammatik wird vertieft \u2013 Satzglieder, Wortarten und Zeitformen werden gefestigt und erweitert. Auch die <em>Rechtschreibung<\/em> wird weiter trainiert, um eine sichere schriftliche Ausdrucksf\u00e4higkeit zu gew\u00e4hrleisten. Heterogene Lerngruppen erfordern dabei eine klare Differenzierung.<\/p>\n<\/div>\n\n\n\n<div class=\"mb-4rem section-main gb-element-6c24fb97\" id=\"produkte\">\n<span class=\"gb-shape gb-shape-bc66b611 gb-shape--divider\"><svg preserveAspectRatio=\"none\" viewBox=\"0 0 1200 70\" xmlns=\"http:\/\/www.w3.org\/2000\/svg\"><path d=\"M670 50L600 0l-70 50H0v20h1200V50z\"><\/path><\/svg><\/span>\n\n\n\n<div class=\"container-main width-main\"><p class=\"gb-text font-h2 gb-text-804dd6a1\">Passende Arbeitsbl\u00e4tter zum Thema<\/p>\n\n<p class=\"gb-text font-h2 gb-text-e6efec23\"><em>Unterrichtsvorbereitung ganz einfach!<\/em><\/p>\n\n\n<div class=\"mb-4rem\"><div class=\"gb-looper-27d58d74\">\n<div class=\"gb-loop-item gb-loop-item-5a7b5b2c post-14702 produkt type-produkt status-publish has-post-thumbnail hentry artikelnummer-p10809 fach-deutsch klasse-klasse-5 klasse-klasse-6 klasse-klasse-7 schulform-foerderschule schulform-sekundarstufe-i thema-adverbiale-bestimmung thema-grammatik thema-hauptsaetze thema-nebensaetze thema-objekt thema-praedikat thema-rechtschreibung thema-satzarten thema-satzuebungen thema-spielerisches-lernen thema-subjekt\"><p class=\"gb-text product-title gb-text-5df7e95f\">Grammatik-Trainer \/ Band 3: Satzteile und Satzarten &#8211; P10809<\/p>\n\n\n<div>\n\n<\/div>\n<\/div>\n\n<div class=\"gb-loop-item gb-loop-item-5a7b5b2c post-14700 produkt type-produkt status-publish has-post-thumbnail hentry artikelnummer-p11562 fach-deutsch klasse-klasse-10 klasse-klasse-11 klasse-klasse-12 klasse-klasse-13 klasse-klasse-3 klasse-klasse-4 klasse-klasse-5 klasse-klasse-6 klasse-klasse-7 klasse-klasse-8 klasse-klasse-9 schulform-grundschule schulform-sekundarstufe-i schulform-sekundarstufe-ii thema-deutsch-als-zweitsprache thema-grundwortschatz thema-vorbereitungsklassen thema-wortschatzarbeit thema-wortschatzuebungen\"><p class=\"gb-text product-title gb-text-5df7e95f\">Deutsch als Zweitsprache in Vorbereitungsklassen \/ Band 3 &#8211; P11562<\/p>\n\n\n<div>\n\n<\/div>\n<\/div>\n\n<div class=\"gb-loop-item gb-loop-item-5a7b5b2c post-14697 produkt type-produkt status-publish has-post-thumbnail hentry artikelnummer-p11439 fach-deutsch fach-ethik fach-religion fach-sachunterricht klasse-klasse-3 klasse-klasse-4 klasse-klasse-5 klasse-klasse-6 schulform-grundschule schulform-sekundarstufe-i thema-bildergeschichten thema-kreatives-schreiben thema-weihnachten\"><p class=\"gb-text product-title gb-text-5df7e95f\">15 Bildergeschichten f\u00fcr die Advents- und Weihnachtszeit &#8211; P11439<\/p>\n\n\n<div>\n\n<\/div>\n<\/div>\n\n<div class=\"gb-loop-item gb-loop-item-5a7b5b2c post-14683 produkt type-produkt status-publish has-post-thumbnail hentry artikelnummer-p12551 fach-deutsch klasse-klasse-5 klasse-klasse-6 klasse-klasse-7 schulform-sekundarstufe-i thema-kreatives-schreiben thema-lesetexte thema-literaturunterricht thema-textverstaendnis thema-vertretungsstunden thema-wochenplan\"><p class=\"gb-text product-title gb-text-5df7e95f\">Schreibwerkstatt Astrid Lindgren &#8211; P12551<\/p>\n\n\n<div>\n\n<\/div>\n<\/div>\n\n<div class=\"gb-loop-item gb-loop-item-5a7b5b2c post-14679 produkt type-produkt status-publish has-post-thumbnail hentry artikelnummer-p12518 fach-deutsch fach-sonstiges klasse-klasse-1 klasse-klasse-2 klasse-klasse-3 klasse-klasse-4 klasse-klasse-5 klasse-klasse-6 schulform-grundschule schulform-sekundarstufe-i thema-auge-hand-koordination thema-feinmotorik thema-konzentration thema-koordination thema-motorik\"><p class=\"gb-text product-title gb-text-5df7e95f\">Das Auge-Hand-Koordinationstraining &#8211; P12518<\/p>\n\n\n<div>\n\n<\/div>\n<\/div>\n\n<div class=\"gb-loop-item gb-loop-item-5a7b5b2c post-14673 produkt type-produkt status-publish has-post-thumbnail hentry artikelnummer-p11652 fach-deutsch klasse-klasse-10 klasse-klasse-11 klasse-klasse-12 klasse-klasse-13 klasse-klasse-3 klasse-klasse-4 klasse-klasse-5 klasse-klasse-6 klasse-klasse-7 klasse-klasse-8 klasse-klasse-9 schulform-grundschule schulform-sekundarstufe-i schulform-sekundarstufe-ii thema-4-faelle thema-deutsch-als-zweitsprache thema-grundwortschatz thema-vorbereitungsklassen thema-wortbedeutung thema-wortschatzarbeit thema-wortschatzuebungen\"><p class=\"gb-text product-title gb-text-5df7e95f\">Deutsch als Zweitsprache in Vorbereitungsklassen \/ Band 5 &#8211; P11652<\/p>\n\n\n<div>\n\n<\/div>\n<\/div>\n\n<div class=\"gb-loop-item gb-loop-item-5a7b5b2c post-14631 produkt type-produkt status-publish has-post-thumbnail hentry artikelnummer-p17007 fach-deutsch klasse-klasse-10 klasse-klasse-5 klasse-klasse-6 klasse-klasse-7 klasse-klasse-8 klasse-klasse-9 schulform-sekundarstufe-i thema-lesefoerderung thema-lesekompetenz thema-lesetexte thema-lesetraining thema-leseverstaendnis thema-sinnerfassendes-lesen\"><p class=\"gb-text product-title gb-text-5df7e95f\">Komplettpaket* Der Leseprofi &#8211; Arbeitshefte Sekundarstufe &#8211; P17007<\/p>\n\n\n<div>\n\n<\/div>\n<\/div>\n\n<div class=\"gb-loop-item gb-loop-item-5a7b5b2c post-14629 produkt type-produkt status-publish has-post-thumbnail hentry artikelnummer-p17006 fach-deutsch klasse-klasse-10 klasse-klasse-5 klasse-klasse-6 klasse-klasse-7 klasse-klasse-8 klasse-klasse-9 schulform-sekundarstufe-i thema-lesefoerderung thema-lesekompetenz thema-lesetexte thema-lesetraining thema-leseverstaendnis thema-sinnerfassendes-lesen\"><p class=\"gb-text product-title gb-text-5df7e95f\">Komplettpaket* Der Leseprofi Sekundarstufe &#8211; P17006<\/p>\n\n\n<div>\n\n<\/div>\n<\/div>\n\n<div class=\"gb-loop-item gb-loop-item-5a7b5b2c post-13334 produkt type-produkt status-publish has-post-thumbnail hentry artikelnummer-p12410 fach-deutsch klasse-klasse-3 klasse-klasse-4 klasse-klasse-5 klasse-klasse-6 klasse-klasse-7 schulform-foerderschule schulform-grundschule schulform-sekundarstufe-i thema-alphabet thema-buchstaben thema-konzentration thema-legasthenie thema-lese-rechtschreib-schwaeche thema-lesen-lernen thema-lesetexte thema-lesetraining thema-sinnerfassendes-lesen\"><p class=\"gb-text product-title gb-text-5df7e95f\">Lesen lernen mit Ferdinand &#8211; P12410<\/p>\n\n\n<div>\n\n<\/div>\n<\/div>\n\n<div class=\"gb-loop-item gb-loop-item-5a7b5b2c post-13310 produkt type-produkt status-publish has-post-thumbnail hentry artikelnummer-p14175 fach-deutsch klasse-klasse-3 klasse-klasse-4 klasse-klasse-5 klasse-klasse-6 schulform-grundschule schulform-sekundarstufe-i thema-aufgaben-zum-buch thema-begleitmaterial thema-diktator thema-faschismus thema-fragen-zum-buch thema-freies-schreiben thema-geschichte thema-grammatik thema-nationalsozialisten thema-rechtschreibung thema-schullektuere thema-textarbeit\"><p class=\"gb-text product-title gb-text-5df7e95f\">Der \u00fcberaus starke Willibald &#8211; Literaturseiten &#8211; P14175<\/p>\n\n\n<div>\n\n<\/div>\n<\/div>\n<\/div><\/div>\n\n\n\n<div class=\"gb-element-c20b6a79\"><a class=\"gb-text button-primary gb-text-4ddc0548\" href=\"https:\/\/www.kohlverlag.de\/sekundarstufe\/?order=topseller&#038;p=1&#038;properties=d7aa00dec30e41db8ca72ae231875d62%7C7af5a41b6b1a4610b89a06e0bc54fc55\">weitere Produkte im Shop<\/a><\/div>\n<\/div>\n<\/div>\n\n\n\n<div class=\"container-blog\"><h3 class=\"wp-block-heading\" id=\"praxiserprobte-materialien-fuer-ihren-unterricht\">Praxiserprobte Materialien f\u00fcr Ihren Unterricht<\/h3>\n\n\n<p>Die <strong>Kopiervorlagen des Kohl Verlags<\/strong> f\u00fcr Klasse 5 bieten Ihnen umfassende Unterst\u00fctzung f\u00fcr diese \u00dcbergangsstufe. Sie finden differenzierte \u00dcbungen zu Textverst\u00e4ndnis, Grammatik, Rechtschreibung und Aufsatztraining \u2013 <strong>sofort einsetzbar<\/strong> und ohne lange Vorbereitung. Die Materialien ber\u00fccksichtigen unterschiedliche Leistungsniveaus und erm\u00f6glichen es Ihnen, alle Sch\u00fcler <em>gezielt zu f\u00f6rdern<\/em> und den \u00dcbergang von der Grundschule erfolgreich zu gestalten.<\/p>\n\n\n\n<p><strong>Typische Themen in Klasse 5:<\/strong><\/p>\n\n\n\n<ul class=\"wp-block-list\">\n<li>M\u00e4rchen, Fabeln und Sagen analysieren<\/li>\n\n\n\n<li>Erz\u00e4hlungen und Berichte verfassen<\/li>\n\n\n\n<li>Wortarten und Satzglieder vertiefen<\/li>\n\n\n\n<li>Rechtschreibstrategien anwenden<\/li>\n\n\n\n<li>Lesetechniken und Texterschlie\u00dfung<\/li>\n<\/ul>\n<\/div>\n","protected":false},"excerpt":{"rendered":"<p>Die f\u00fcnfte Klasse markiert den \u00dcbergang in die Sekundarstufe und stellt neue Anforderungen an die Sch\u00fcler. Der Deutschunterricht wird anspruchsvoller und systematischer: Literarische Texte werden analysiert, Textgattungen wie M\u00e4rchen, Fabeln und Sagen genauer betrachtet. Beim Schreiben stehen strukturierte Aufsatzformen wie Erz\u00e4hlungen, Berichte und Beschreibungen im Fokus. Die Grammatik wird vertieft \u2013 Satzglieder, Wortarten und Zeitformen &#8230; <a title=\"Deutsch in Klasse 5\" class=\"read-more\" href=\"https:\/\/www.kohlverlag.de\/themen\/deutsch\/klasse-5\/\" aria-label=\"Mehr Informationen \u00fcber Deutsch in Klasse 5\">Weiterlesen<\/a><\/p>\n","protected":false},"author":1,"featured_media":15267,"parent":374,"menu_order":0,"comment_status":"closed","ping_status":"closed","template":"","meta":{"_acf_changed":false,"footnotes":""},"artikelnummer":[],"autorenname":[],"fach":[16],"klasse":[9],"produktgruppe":[],"schulform":[],"thema":[],"elementvorlage":[7],"vorlage-hero":[4889],"class_list":{"0":"post-15479","1":"page","2":"type-page","3":"status-publish","4":"has-post-thumbnail","6":"fach-deutsch","7":"klasse-klasse-5","8":"elementvorlage-beitrag","9":"vorlage-hero-hero-standard"},"acf":[],"_links":{"self":[{"href":"https:\/\/www.kohlverlag.de\/themen\/wp-json\/wp\/v2\/pages\/15479","targetHints":{"allow":["GET"]}}],"collection":[{"href":"https:\/\/www.kohlverlag.de\/themen\/wp-json\/wp\/v2\/pages"}],"about":[{"href":"https:\/\/www.kohlverlag.de\/themen\/wp-json\/wp\/v2\/types\/page"}],"author":[{"embeddable":true,"href":"https:\/\/www.kohlverlag.de\/themen\/wp-json\/wp\/v2\/users\/1"}],"replies":[{"embeddable":true,"href":"https:\/\/www.kohlverlag.de\/themen\/wp-json\/wp\/v2\/comments?post=15479"}],"version-history":[{"count":2,"href":"https:\/\/www.kohlverlag.de\/themen\/wp-json\/wp\/v2\/pages\/15479\/revisions"}],"predecessor-version":[{"id":15481,"href":"https:\/\/www.kohlverlag.de\/themen\/wp-json\/wp\/v2\/pages\/15479\/revisions\/15481"}],"up":[{"embeddable":true,"href":"https:\/\/www.kohlverlag.de\/themen\/wp-json\/wp\/v2\/pages\/374"}],"wp:featuredmedia":[{"embeddable":true,"href":"https:\/\/www.kohlverlag.de\/themen\/wp-json\/wp\/v2\/media\/15267"}],"wp:attachment":[{"href":"https:\/\/www.kohlverlag.de\/themen\/wp-json\/wp\/v2\/media?parent=15479"}],"wp:term":[{"taxonomy":"artikelnummer","embeddable":true,"href":"https:\/\/www.kohlverlag.de\/themen\/wp-json\/wp\/v2\/artikelnummer?post=15479"},{"taxonomy":"autorenname","embeddable":true,"href":"https:\/\/www.kohlverlag.de\/themen\/wp-json\/wp\/v2\/autorenname?post=15479"},{"taxonomy":"fach","embeddable":true,"href":"https:\/\/www.kohlverlag.de\/themen\/wp-json\/wp\/v2\/fach?post=15479"},{"taxonomy":"klasse","embeddable":true,"href":"https:\/\/www.kohlverlag.de\/themen\/wp-json\/wp\/v2\/klasse?post=15479"},{"taxonomy":"produktgruppe","embeddable":true,"href":"https:\/\/www.kohlverlag.de\/themen\/wp-json\/wp\/v2\/produktgruppe?post=15479"},{"taxonomy":"schulform","embeddable":true,"href":"https:\/\/www.kohlverlag.de\/themen\/wp-json\/wp\/v2\/schulform?post=15479"},{"taxonomy":"thema","embeddable":true,"href":"https:\/\/www.kohlverlag.de\/themen\/wp-json\/wp\/v2\/thema?post=15479"},{"taxonomy":"elementvorlage","embeddable":true,"href":"https:\/\/www.kohlverlag.de\/themen\/wp-json\/wp\/v2\/elementvorlage?post=15479"},{"taxonomy":"vorlage-hero","embeddable":true,"href":"https:\/\/www.kohlverlag.de\/themen\/wp-json\/wp\/v2\/vorlage-hero?post=15479"}],"curies":[{"name":"wp","href":"https:\/\/api.w.org\/{rel}","templated":true}]}}