{"id":15496,"date":"2026-01-08T08:34:22","date_gmt":"2026-01-08T07:34:22","guid":{"rendered":"https:\/\/www.kohlverlag.de\/themen\/?page_id=15496"},"modified":"2026-01-08T08:35:18","modified_gmt":"2026-01-08T07:35:18","slug":"sekundarstufe","status":"publish","type":"page","link":"https:\/\/www.kohlverlag.de\/themen\/deutsch\/rechtschreibung\/sekundarstufe\/","title":{"rendered":"Rechtschreibung in der Sekundarstufe"},"content":{"rendered":"\n<div class=\"container-blog\">\n<p>In der <strong>Sekundarstufe<\/strong> geht es bei der Rechtschreibung nicht mehr um das Erlernen grundlegender Regeln, sondern um deren sichere Anwendung in komplexeren Texten und Schreibsituationen. Sch\u00fcler sollen orthografische Ph\u00e4nomene wie Fremdw\u00f6rter, zusammengesetzte W\u00f6rter, schwierige Getrennt- und Zusammenschreibung sowie Kommasetzung beherrschen. Gleichzeitig wird die F\u00e4higkeit zur Selbstkorrektur und das Bewusstsein f\u00fcr typische Fehlerquellen gesch\u00e4rft \u2013 wichtige Kompetenzen f\u00fcr alle weiterf\u00fchrenden Schulformen und sp\u00e4teren beruflichen Anforderungen.<\/p>\n<\/div>\n\n\n\n<div class=\"mb-4rem section-main gb-element-6c24fb97\" id=\"produkte\">\n<span class=\"gb-shape gb-shape-bc66b611 gb-shape--divider\"><svg preserveAspectRatio=\"none\" viewBox=\"0 0 1200 70\" xmlns=\"http:\/\/www.w3.org\/2000\/svg\"><path d=\"M670 50L600 0l-70 50H0v20h1200V50z\"><\/path><\/svg><\/span>\n\n\n\n<div class=\"container-main width-main\"><p class=\"gb-text font-h2 gb-text-804dd6a1\">Passende Arbeitsbl\u00e4tter zum Thema<\/p>\n\n<p class=\"gb-text font-h2 gb-text-e6efec23\"><em>Unterrichtsvorbereitung ganz einfach!<\/em><\/p>\n\n\n<div class=\"mb-4rem\"><div class=\"gb-looper-27d58d74\">\n<div class=\"gb-loop-item gb-loop-item-5a7b5b2c post-14702 produkt type-produkt status-publish has-post-thumbnail hentry artikelnummer-p10809 fach-deutsch klasse-klasse-5 klasse-klasse-6 klasse-klasse-7 schulform-foerderschule schulform-sekundarstufe-i thema-adverbiale-bestimmung thema-grammatik thema-hauptsaetze thema-nebensaetze thema-objekt thema-praedikat thema-rechtschreibung thema-satzarten thema-satzuebungen thema-spielerisches-lernen thema-subjekt\"><p class=\"gb-text product-title gb-text-5df7e95f\">Grammatik-Trainer \/ Band 3: Satzteile und Satzarten &#8211; P10809<\/p>\n\n\n<div>\n\n<\/div>\n<\/div>\n\n<div class=\"gb-loop-item gb-loop-item-5a7b5b2c post-14659 produkt type-produkt status-publish has-post-thumbnail hentry artikelnummer-p13225 fach-deutsch klasse-klasse-10 klasse-klasse-8 klasse-klasse-9 schulform-sekundarstufe-i thema-briefe thema-grammatik thema-rechtschreibung thema-synonyme thema-woertliche-rede thema-wortschatz thema-worttrennung thema-zeichensetzung\"><p class=\"gb-text product-title gb-text-5df7e95f\">Stilistik  \/  Beurteilen und Verbessern des eigenen Schreibstils &#8211; P13225<\/p>\n\n\n<div>\n\n<\/div>\n<\/div>\n\n<div class=\"gb-loop-item gb-loop-item-5a7b5b2c post-13310 produkt type-produkt status-publish has-post-thumbnail hentry artikelnummer-p14175 fach-deutsch klasse-klasse-3 klasse-klasse-4 klasse-klasse-5 klasse-klasse-6 schulform-grundschule schulform-sekundarstufe-i thema-aufgaben-zum-buch thema-begleitmaterial thema-diktator thema-faschismus thema-fragen-zum-buch thema-freies-schreiben thema-geschichte thema-grammatik thema-nationalsozialisten thema-rechtschreibung thema-schullektuere thema-textarbeit\"><p class=\"gb-text product-title gb-text-5df7e95f\">Der \u00fcberaus starke Willibald &#8211; Literaturseiten &#8211; P14175<\/p>\n\n\n<div>\n\n<\/div>\n<\/div>\n\n<div class=\"gb-loop-item gb-loop-item-5a7b5b2c post-13315 produkt type-produkt status-publish has-post-thumbnail hentry artikelnummer-p11654 fach-deutsch klasse-klasse-5 schulform-sekundarstufe-i thema-grammatik thema-kreatives-schreiben thema-lerneinheiten thema-lesekompetenz thema-lesetexte thema-rechtschreibung thema-selbststaendiges-arbeiten thema-wochenplan\"><p class=\"gb-text product-title gb-text-5df7e95f\">Wochenplan Deutsch \/ Klasse 5 &#8211; P11654<\/p>\n\n\n<div>\n\n<\/div>\n<\/div>\n\n<div class=\"gb-loop-item gb-loop-item-5a7b5b2c post-13307 produkt type-produkt status-publish has-post-thumbnail hentry artikelnummer-p12509 fach-deutsch klasse-klasse-3 klasse-klasse-4 produktgruppe-stationenlernen schulform-grundschule thema-grammatik thema-leseverstaendnis thema-rechtschreibung thema-zeichensetzung\"><p class=\"gb-text product-title gb-text-5df7e95f\">Stationenlernen Fehlertexte ausbessern \/ Klasse 3-4 &#8211; P12509<\/p>\n\n\n<div>\n\n<\/div>\n<\/div>\n\n<div class=\"gb-loop-item gb-loop-item-5a7b5b2c post-13299 produkt type-produkt status-publish has-post-thumbnail hentry artikelnummer-p10809 fach-deutsch klasse-klasse-5 klasse-klasse-6 klasse-klasse-7 schulform-foerderschule schulform-sekundarstufe-i thema-adverbiale-bestimmung thema-grammatik thema-hauptsaetze thema-nebensaetze thema-objekt thema-praedikat thema-rechtschreibung thema-satzarten thema-satzuebungen thema-spielerisches-lernen thema-subjekt\"><p class=\"gb-text product-title gb-text-5df7e95f\">Grammatik-Trainer III &#8211; P10809<\/p>\n\n\n<div>\n\n<\/div>\n<\/div>\n\n<div class=\"gb-loop-item gb-loop-item-5a7b5b2c post-13285 produkt type-produkt status-publish has-post-thumbnail hentry artikelnummer-p11232 fach-deutsch klasse-klasse-1 klasse-klasse-10 klasse-klasse-2 klasse-klasse-3 klasse-klasse-4 klasse-klasse-5 klasse-klasse-6 klasse-klasse-7 klasse-klasse-8 klasse-klasse-9 schulform-grundschule schulform-sekundarstufe-i thema-doppellaute thema-getrennt-und-zusammenschreibung thema-grammatik thema-gross-und-kleinschreibung thema-haeusliches-ueben thema-legasthenie thema-lese-rechtschreib-schwaeche thema-nachhilfe thema-rechtschreibung thema-vokale thema-vorsilben thema-wortarten thema-zeichensetzung\"><p class=\"gb-text product-title gb-text-5df7e95f\">LRS wirksam bek\u00e4mpfen! &#8211; P11232<\/p>\n\n\n<div>\n\n<\/div>\n<\/div>\n\n<div class=\"gb-loop-item gb-loop-item-5a7b5b2c post-13262 produkt type-produkt status-publish has-post-thumbnail hentry artikelnummer-p12909 fach-deutsch klasse-klasse-10 klasse-klasse-11 klasse-klasse-12 klasse-klasse-13 klasse-klasse-3 klasse-klasse-4 klasse-klasse-5 klasse-klasse-6 klasse-klasse-7 klasse-klasse-8 klasse-klasse-9 schulform-grundschule schulform-sekundarstufe-i schulform-sekundarstufe-ii thema-ausdruck thema-deutsch-als-fremdsprache thema-deutsch-als-zweitsprache thema-grammatik thema-rechtschreibung\"><p class=\"gb-text product-title gb-text-5df7e95f\">So lerne ich Deutsch &#8230; von Anfang an! &#8211; P12909<\/p>\n\n\n<div>\n\n<\/div>\n<\/div>\n\n<div class=\"gb-loop-item gb-loop-item-5a7b5b2c post-13263 produkt type-produkt status-publish has-post-thumbnail hentry artikelnummer-p11991 fach-deutsch klasse-klasse-10 klasse-klasse-11 klasse-klasse-12 klasse-klasse-13 klasse-klasse-2 klasse-klasse-3 klasse-klasse-4 klasse-klasse-5 klasse-klasse-6 klasse-klasse-7 klasse-klasse-8 klasse-klasse-9 schulform-grundschule schulform-sekundarstufe-i schulform-sekundarstufe-ii thema-deutsch-als-zweitsprache thema-grammatik thema-grundwortschatz thema-rechtschreibung thema-spiele thema-vorbereitungsklassen thema-wortschatz thema-wortschatzarbeit thema-wortschatzuebungen\"><p class=\"gb-text product-title gb-text-5df7e95f\">DaZ-Spiele in drei Niveaustufen 1 &#8211; P11991<\/p>\n\n\n<div>\n\n<\/div>\n<\/div>\n\n<div class=\"gb-loop-item gb-loop-item-5a7b5b2c post-13253 produkt type-produkt status-publish has-post-thumbnail hentry artikelnummer-p12301 fach-deutsch klasse-klasse-8 schulform-sekundarstufe-i thema-fremdwoerter thema-getrennt-und-zusammenschreibung thema-grammatik thema-rechtschreibung thema-schaerfung thema-substantivierung thema-zusammengesetzte-woerter\"><p class=\"gb-text product-title gb-text-5df7e95f\">Rechtschreibung &#8230; aber richtig! \/ Klasse 8 &#8211; P12301<\/p>\n\n\n<div>\n\n<\/div>\n<\/div>\n<\/div><\/div>\n\n\n\n<div class=\"gb-element-c20b6a79\"><a class=\"gb-text button-primary gb-text-4ddc0548\" href=\"https:\/\/www.kohlverlag.de\/sekundarstufe\/?order=topseller&#038;p=1&#038;properties=7af5a41b6b1a4610b89a06e0bc54fc55%7Cd0d89f33af7d42d2b29f682f485ed0be\">weitere Produkte im Shop<\/a><\/div>\n<\/div>\n<\/div>\n\n\n\n<div class=\"container-blog\">\n<p>Unsere <strong>Arbeitsbl\u00e4tter zur Rechtschreibung f\u00fcr die Sekundarstufe<\/strong> bieten gezielte \u00dcbungen zu den h\u00e4ufigsten Problemfeldern und lassen sich flexibel im Unterricht einsetzen. Sie erm\u00f6glichen differenziertes Arbeiten, enthalten Selbstkontrollm\u00f6glichkeiten und f\u00f6rdern eigenverantwortliches Lernen. Ob zur Wiederholung von Grundlagen, als systematisches Rechtschreibtraining oder zur Vorbereitung auf Pr\u00fcfungen \u2013 die Materialien unterst\u00fctzen Sie dabei, Rechtschreibkompetenz nachhaltig zu festigen und Sicherheit im schriftlichen Ausdruck zu vermitteln.<\/p>\n\n\n\n<p><strong>Typische Themenbereiche:<\/strong><\/p>\n\n\n\n<ul class=\"wp-block-list\">\n<li>Getrennt- und Zusammenschreibung<\/li>\n\n\n\n<li>Gro\u00df- und Kleinschreibung (Substantivierungen)<\/li>\n\n\n\n<li>Fremdw\u00f6rter und Fachbegriffe<\/li>\n\n\n\n<li>Kommasetzung bei Nebens\u00e4tzen<\/li>\n\n\n\n<li>Fehleranalyse und Selbstkorrektur<\/li>\n<\/ul>\n<\/div>\n","protected":false},"excerpt":{"rendered":"<p>In der Sekundarstufe geht es bei der Rechtschreibung nicht mehr um das Erlernen grundlegender Regeln, sondern um deren sichere Anwendung in komplexeren Texten und Schreibsituationen. Sch\u00fcler sollen orthografische Ph\u00e4nomene wie Fremdw\u00f6rter, zusammengesetzte W\u00f6rter, schwierige Getrennt- und Zusammenschreibung sowie Kommasetzung beherrschen. Gleichzeitig wird die F\u00e4higkeit zur Selbstkorrektur und das Bewusstsein f\u00fcr typische Fehlerquellen gesch\u00e4rft \u2013 wichtige &#8230; <a title=\"Rechtschreibung in der Sekundarstufe\" class=\"read-more\" href=\"https:\/\/www.kohlverlag.de\/themen\/deutsch\/rechtschreibung\/sekundarstufe\/\" aria-label=\"Mehr Informationen \u00fcber Rechtschreibung in der Sekundarstufe\">Weiterlesen<\/a><\/p>\n","protected":false},"author":1,"featured_media":15261,"parent":15339,"menu_order":0,"comment_status":"closed","ping_status":"closed","template":"","meta":{"_acf_changed":false,"footnotes":""},"artikelnummer":[],"autorenname":[],"fach":[],"klasse":[],"produktgruppe":[],"schulform":[21],"thema":[48],"elementvorlage":[7],"vorlage-hero":[4889],"class_list":{"0":"post-15496","1":"page","2":"type-page","3":"status-publish","4":"has-post-thumbnail","6":"schulform-grundschule","7":"thema-rechtschreibung","8":"elementvorlage-beitrag","9":"vorlage-hero-hero-standard"},"acf":[],"_links":{"self":[{"href":"https:\/\/www.kohlverlag.de\/themen\/wp-json\/wp\/v2\/pages\/15496","targetHints":{"allow":["GET"]}}],"collection":[{"href":"https:\/\/www.kohlverlag.de\/themen\/wp-json\/wp\/v2\/pages"}],"about":[{"href":"https:\/\/www.kohlverlag.de\/themen\/wp-json\/wp\/v2\/types\/page"}],"author":[{"embeddable":true,"href":"https:\/\/www.kohlverlag.de\/themen\/wp-json\/wp\/v2\/users\/1"}],"replies":[{"embeddable":true,"href":"https:\/\/www.kohlverlag.de\/themen\/wp-json\/wp\/v2\/comments?post=15496"}],"version-history":[{"count":1,"href":"https:\/\/www.kohlverlag.de\/themen\/wp-json\/wp\/v2\/pages\/15496\/revisions"}],"predecessor-version":[{"id":15497,"href":"https:\/\/www.kohlverlag.de\/themen\/wp-json\/wp\/v2\/pages\/15496\/revisions\/15497"}],"up":[{"embeddable":true,"href":"https:\/\/www.kohlverlag.de\/themen\/wp-json\/wp\/v2\/pages\/15339"}],"wp:featuredmedia":[{"embeddable":true,"href":"https:\/\/www.kohlverlag.de\/themen\/wp-json\/wp\/v2\/media\/15261"}],"wp:attachment":[{"href":"https:\/\/www.kohlverlag.de\/themen\/wp-json\/wp\/v2\/media?parent=15496"}],"wp:term":[{"taxonomy":"artikelnummer","embeddable":true,"href":"https:\/\/www.kohlverlag.de\/themen\/wp-json\/wp\/v2\/artikelnummer?post=15496"},{"taxonomy":"autorenname","embeddable":true,"href":"https:\/\/www.kohlverlag.de\/themen\/wp-json\/wp\/v2\/autorenname?post=15496"},{"taxonomy":"fach","embeddable":true,"href":"https:\/\/www.kohlverlag.de\/themen\/wp-json\/wp\/v2\/fach?post=15496"},{"taxonomy":"klasse","embeddable":true,"href":"https:\/\/www.kohlverlag.de\/themen\/wp-json\/wp\/v2\/klasse?post=15496"},{"taxonomy":"produktgruppe","embeddable":true,"href":"https:\/\/www.kohlverlag.de\/themen\/wp-json\/wp\/v2\/produktgruppe?post=15496"},{"taxonomy":"schulform","embeddable":true,"href":"https:\/\/www.kohlverlag.de\/themen\/wp-json\/wp\/v2\/schulform?post=15496"},{"taxonomy":"thema","embeddable":true,"href":"https:\/\/www.kohlverlag.de\/themen\/wp-json\/wp\/v2\/thema?post=15496"},{"taxonomy":"elementvorlage","embeddable":true,"href":"https:\/\/www.kohlverlag.de\/themen\/wp-json\/wp\/v2\/elementvorlage?post=15496"},{"taxonomy":"vorlage-hero","embeddable":true,"href":"https:\/\/www.kohlverlag.de\/themen\/wp-json\/wp\/v2\/vorlage-hero?post=15496"}],"curies":[{"name":"wp","href":"https:\/\/api.w.org\/{rel}","templated":true}]}}