{"id":16,"date":"2025-01-17T08:20:47","date_gmt":"2025-01-17T07:20:47","guid":{"rendered":"https:\/\/www.kohlverlag.de\/themen\/?page_id=16"},"modified":"2026-03-30T09:20:56","modified_gmt":"2026-03-30T07:20:56","slug":"startseite","status":"publish","type":"page","link":"https:\/\/www.kohlverlag.de\/themen\/","title":{"rendered":"Startseite"},"content":{"rendered":"\n<div class=\"section-main verlauf-rot gb-element-e68a5388\">\n<span class=\"gb-shape gb-shape-e9b5c3da gb-shape--divider\"><svg xmlns=\"http:\/\/www.w3.org\/2000\/svg\" viewBox=\"0 0 1200 130.3\" preserveAspectRatio=\"none\"><path d=\"M0 107.9l40-22.2c40-21.9 120-66.9 200-62.2 80 4.4 160 57.8 240 53.3C560 72 640 10.4 720 1.2S880 37 960 59c80 22.3 160 22.3 200 22.3h40v49H0v-22.4z\"><\/path><\/svg><\/span>\n\n\n\n<div class=\"container-main width-main\">\n<div class=\"container-flex gb-element-e3937b52\">\n<div class=\"col-55 gb-element-a826bb55\">\n<div class=\"mb-1rem gb-element-1cc36a5f\">\n<div class=\"gb-element-0c2cb692\"><p class=\"gb-text-d09eacda\"><span class=\"gb-shape\"><svg xmlns=\"http:\/\/www.w3.org\/2000\/svg\" viewbox=\"0 0 576 512\"><!--!Font Awesome Free 6.7.2 by @fontawesome - https:\/\/fontawesome.com License - https:\/\/fontawesome.com\/license\/free Copyright 2025 Fonticons, Inc.--><path d=\"M316.9 18C311.6 7 300.4 0 288.1 0s-23.4 7-28.8 18L195 150.3 51.4 171.5c-12 1.8-22 10.2-25.7 21.7s-.7 24.2 7.9 32.7L137.8 329 113.2 474.7c-2 12 3 24.2 12.9 31.3s23 8 33.8 2.3l128.3-68.5 128.3 68.5c10.8 5.7 23.9 4.9 33.8-2.3s14.9-19.3 12.9-31.3L438.5 329 542.7 225.9c8.6-8.5 11.7-21.2 7.9-32.7s-13.7-19.9-25.7-21.7L381.2 150.3 316.9 18z\"><\/path><\/svg><\/span><\/p>\n\n<p class=\"gb-text-5dbc6db8\"><span class=\"gb-shape\"><svg xmlns=\"http:\/\/www.w3.org\/2000\/svg\" viewbox=\"0 0 576 512\"><!--!Font Awesome Free 6.7.2 by @fontawesome - https:\/\/fontawesome.com License - https:\/\/fontawesome.com\/license\/free Copyright 2025 Fonticons, Inc.--><path d=\"M316.9 18C311.6 7 300.4 0 288.1 0s-23.4 7-28.8 18L195 150.3 51.4 171.5c-12 1.8-22 10.2-25.7 21.7s-.7 24.2 7.9 32.7L137.8 329 113.2 474.7c-2 12 3 24.2 12.9 31.3s23 8 33.8 2.3l128.3-68.5 128.3 68.5c10.8 5.7 23.9 4.9 33.8-2.3s14.9-19.3 12.9-31.3L438.5 329 542.7 225.9c8.6-8.5 11.7-21.2 7.9-32.7s-13.7-19.9-25.7-21.7L381.2 150.3 316.9 18z\"><\/path><\/svg><\/span><\/p>\n\n<p class=\"gb-text-05b29cec\"><span class=\"gb-shape\"><svg xmlns=\"http:\/\/www.w3.org\/2000\/svg\" viewbox=\"0 0 576 512\"><!--!Font Awesome Free 6.7.2 by @fontawesome - https:\/\/fontawesome.com License - https:\/\/fontawesome.com\/license\/free Copyright 2025 Fonticons, Inc.--><path d=\"M316.9 18C311.6 7 300.4 0 288.1 0s-23.4 7-28.8 18L195 150.3 51.4 171.5c-12 1.8-22 10.2-25.7 21.7s-.7 24.2 7.9 32.7L137.8 329 113.2 474.7c-2 12 3 24.2 12.9 31.3s23 8 33.8 2.3l128.3-68.5 128.3 68.5c10.8 5.7 23.9 4.9 33.8-2.3s14.9-19.3 12.9-31.3L438.5 329 542.7 225.9c8.6-8.5 11.7-21.2 7.9-32.7s-13.7-19.9-25.7-21.7L381.2 150.3 316.9 18z\"><\/path><\/svg><\/span><\/p>\n\n<p class=\"gb-text-feed3ae7\"><span class=\"gb-shape\"><svg xmlns=\"http:\/\/www.w3.org\/2000\/svg\" viewbox=\"0 0 576 512\"><!--!Font Awesome Free 6.7.2 by @fontawesome - https:\/\/fontawesome.com License - https:\/\/fontawesome.com\/license\/free Copyright 2025 Fonticons, Inc.--><path d=\"M316.9 18C311.6 7 300.4 0 288.1 0s-23.4 7-28.8 18L195 150.3 51.4 171.5c-12 1.8-22 10.2-25.7 21.7s-.7 24.2 7.9 32.7L137.8 329 113.2 474.7c-2 12 3 24.2 12.9 31.3s23 8 33.8 2.3l128.3-68.5 128.3 68.5c10.8 5.7 23.9 4.9 33.8-2.3s14.9-19.3 12.9-31.3L438.5 329 542.7 225.9c8.6-8.5 11.7-21.2 7.9-32.7s-13.7-19.9-25.7-21.7L381.2 150.3 316.9 18z\"><\/path><\/svg><\/span><\/p>\n\n<p class=\"gb-text-a1795335\"><span class=\"gb-shape\"><svg xmlns=\"http:\/\/www.w3.org\/2000\/svg\" viewbox=\"0 0 576 512\"><!--!Font Awesome Free 6.7.2 by @fontawesome - https:\/\/fontawesome.com License - https:\/\/fontawesome.com\/license\/free Copyright 2025 Fonticons, Inc.--><path d=\"M316.9 18C311.6 7 300.4 0 288.1 0s-23.4 7-28.8 18L195 150.3 51.4 171.5c-12 1.8-22 10.2-25.7 21.7s-.7 24.2 7.9 32.7L137.8 329 113.2 474.7c-2 12 3 24.2 12.9 31.3s23 8 33.8 2.3l128.3-68.5 128.3 68.5c10.8 5.7 23.9 4.9 33.8-2.3s14.9-19.3 12.9-31.3L438.5 329 542.7 225.9c8.6-8.5 11.7-21.2 7.9-32.7s-13.7-19.9-25.7-21.7L381.2 150.3 316.9 18z\"><\/path><\/svg><\/span><\/p><\/div>\n\n\n<p class=\"gb-text font-small gb-text-8de5fcd8\"><a href=\"https:\/\/www.provenexpert.com\/kohl-verlag\/\" target=\"_blank\" rel=\"noreferrer noopener\">4,38 von 25 Bewertungen<\/a><\/p><\/div>\n\n\n<h1 class=\"gb-text mb-2rem font-h1\" id=\"kohls-kostproben-fuer-lehrer-amp-eltern\">Kohls Kostproben f\u00fcr Lehrer &amp; Eltern<\/h1>\n\n<p class=\"mb-05rem gb-text-3c2fd391\"><span class=\"gb-shape\"><svg aria-hidden=\"true\" role=\"img\" height=\"1em\" width=\"1em\" viewbox=\"0 0 512 512\" xmlns=\"http:\/\/www.w3.org\/2000\/svg\"><path fill=\"currentColor\" d=\"M256 8C119 8 8 119 8 256s111 248 248 248 248-111 248-248S393 8 256 8zm92.49 313l-20 25a16 16 0 01-22.49 2.5l-67-49.72a40 40 0 01-15-31.23V112a16 16 0 0116-16h32a16 16 0 0116 16v144l58 42.5a16 16 0 012.49 22.5z\"><\/path><\/svg><\/span><span class=\"gb-text\"><strong>Sofort einsetzbar \u2013 spart Zeit &amp; Nerven<\/strong><\/span><\/p>\n\n<p class=\"mb-05rem gb-text-a1f24c6e\"><span class=\"gb-shape\"><svg aria-hidden=\"true\" role=\"img\" height=\"1em\" width=\"1em\" viewbox=\"0 0 512 512\" xmlns=\"http:\/\/www.w3.org\/2000\/svg\"><path fill=\"currentColor\" d=\"M256 8C119 8 8 119 8 256s111 248 248 248 248-111 248-248S393 8 256 8zm92.49 313l-20 25a16 16 0 01-22.49 2.5l-67-49.72a40 40 0 01-15-31.23V112a16 16 0 0116-16h32a16 16 0 0116 16v144l58 42.5a16 16 0 012.49 22.5z\"><\/path><\/svg><\/span><span class=\"gb-text\"><strong><strong>Didaktisch durchdacht \u2013 f\u00fcr nachhaltiges Lernen<\/strong><\/strong><\/span><\/p>\n\n<p class=\"mb-2rem gb-text-2cc6d64f\"><span class=\"gb-shape\"><svg aria-hidden=\"true\" role=\"img\" height=\"1em\" width=\"1em\" viewbox=\"0 0 512 512\" xmlns=\"http:\/\/www.w3.org\/2000\/svg\"><path fill=\"currentColor\" d=\"M256 8C119 8 8 119 8 256s111 248 248 248 248-111 248-248S393 8 256 8zm92.49 313l-20 25a16 16 0 01-22.49 2.5l-67-49.72a40 40 0 01-15-31.23V112a16 16 0 0116-16h32a16 16 0 0116 16v144l58 42.5a16 16 0 012.49 22.5z\"><\/path><\/svg><\/span><span class=\"gb-text\"><strong>Flexibel einsetzbar \u2013 f\u00fcr alle Unterrichtssituationen<\/strong><\/span><\/p><\/div>\n\n\n\n<div class=\"col-45 gb-element-e7eb6170\">\n<img loading=\"lazy\" decoding=\"async\" width=\"476\" height=\"700\" class=\"border-radius gb-media-cfd43bd3\" alt=\"\" src=\"https:\/\/www.kohlverlag.de\/themen\/wp-content\/uploads\/2025\/06\/Design-ohne-Titel-52.png\" title=\"Design ohne Titel (52)\" srcset=\"https:\/\/www.kohlverlag.de\/themen\/wp-content\/uploads\/2025\/06\/Design-ohne-Titel-52.png 476w, https:\/\/www.kohlverlag.de\/themen\/wp-content\/uploads\/2025\/06\/Design-ohne-Titel-52-204x300.png 204w\" sizes=\"auto, (max-width: 476px) 100vw, 476px\" \/>\n<\/div>\n<\/div>\n<\/div>\n<\/div>\n\n\n\n<div class=\"section-main gb-element-d0cd46fb\">\n<div class=\"width-main container-main\">\n<div class=\"gb-carousel gb-carousel-dd738fb1\" data-slides-per-view=\"1\" data-space-between=\"24px\" data-carousel-id=\"dd738fb1\">\n<div><div class=\"gb-carousel-items\">\n<div class=\"gb-loop-item gb-carousel-item post-15941 page type-page status-publish has-post-thumbnail thema-perfekt thema-zeitformen elementvorlage-beitrag vorlage-hero-hero-standard\">\n<article class=\"gb-element-af354b5d\" style=\"--inline-bg-image: url(https:\/\/www.kohlverlag.de\/themen\/wp-content\/uploads\/2025\/12\/9-hero.webp)\"><h2 class=\"gb-text gb-text-13be751c\" id=\"postmeta-keykleinerh1titellinkpost\"><a href=\"https:\/\/www.kohlverlag.de\/themen\/deutsch\/zeitformen\/perfekt\/\">Perfekt im Deutschunterricht \u2013 die vollendete Vergangenheit unterrichten<\/a><\/h2><\/article>\n<\/div>\n\n<div class=\"gb-loop-item gb-carousel-item post-15930 page type-page status-publish has-post-thumbnail thema-praesens elementvorlage-beitrag vorlage-hero-hero-standard\">\n<article class=\"gb-element-af354b5d\" style=\"--inline-bg-image: url(https:\/\/www.kohlverlag.de\/themen\/wp-content\/uploads\/2025\/12\/6-hero.webp)\"><h2 class=\"gb-text gb-text-13be751c\" id=\"postmeta-keykleinerh1titellinkpost\"><a href=\"https:\/\/www.kohlverlag.de\/themen\/deutsch\/zeitformen\/praesens\/\">Pr\u00e4sens im Deutschunterricht \u2013 Zeitform der Gegenwart unterrichten<\/a><\/h2><\/article>\n<\/div>\n\n<div class=\"gb-loop-item gb-carousel-item post-15923 page type-page status-publish has-post-thumbnail thema-zeitformen elementvorlage-beitrag vorlage-hero-hero-standard\">\n<article class=\"gb-element-af354b5d\" style=\"--inline-bg-image: url(https:\/\/www.kohlverlag.de\/themen\/wp-content\/uploads\/2025\/12\/10-hero.webp)\"><h2 class=\"gb-text gb-text-13be751c\" id=\"postmeta-keykleinerh1titellinkpost\"><a href=\"https:\/\/www.kohlverlag.de\/themen\/deutsch\/zeitformen\/\">Zeitformen im Deutschunterricht \u2013 \u00dcbersicht f\u00fcr Lehrkr\u00e4fte<\/a><\/h2><\/article>\n<\/div>\n<\/div><\/div>\n\n\n\n<button aria-label=\"Previous slide\" class=\"gb-carousel-control gb-carousel-control-7429a336 gb-carousel-control--previous\" data-carousel-control=\"prev\"><span class=\"gb-carousel-control-icon\"><svg xmlns=\"http:\/\/www.w3.org\/2000\/svg\" viewBox=\"0 0 256 256\" fill=\"currentColor\"><path d=\"M165.66,202.34a8,8,0,0,1-11.32,11.32l-80-80a8,8,0,0,1,0-11.32l80-80a8,8,0,0,1,11.32,11.32L91.31,128Z\"><\/path><\/svg><\/span><\/button>\n\n\n\n<button aria-label=\"Next slide\" class=\"gb-carousel-control gb-carousel-control-5d91b487 gb-carousel-control--next\" data-carousel-control=\"next\"><span class=\"gb-carousel-control-icon\"><svg xmlns=\"http:\/\/www.w3.org\/2000\/svg\" viewBox=\"0 0 256 256\" fill=\"currentColor\"><path d=\"M181.66,133.66l-80,80a8,8,0,0,1-11.32-11.32L164.69,128,90.34,53.66a8,8,0,0,1,11.32-11.32l80,80A8,8,0,0,1,181.66,133.66Z\"><\/path><\/svg><\/span><\/button>\n<\/div>\n<\/div>\n<\/div>\n\n\n\n<div class=\"section-main\">\n<div class=\"width-main container-main\">\n<div><div class=\"gb-looper-ba371bd2\">\n<div class=\"gb-loop-item gb-loop-item-faa09ed8 post-15941 page type-page status-publish has-post-thumbnail thema-perfekt thema-zeitformen elementvorlage-beitrag vorlage-hero-hero-standard\">\n<a href=\"https:\/\/www.kohlverlag.de\/themen\/deutsch\/zeitformen\/perfekt\/\"><img loading=\"lazy\" decoding=\"async\" width=\"1120\" height=\"375\" data-media-id=\"15265\" class=\"border-radius gb-media-464614f1\" src=\"https:\/\/www.kohlverlag.de\/themen\/wp-content\/uploads\/2025\/12\/9-hero.webp\" alt=\"Perfekt\" srcset=\"https:\/\/www.kohlverlag.de\/themen\/wp-content\/uploads\/2025\/12\/9-hero.webp 1120w, https:\/\/www.kohlverlag.de\/themen\/wp-content\/uploads\/2025\/12\/9-hero-300x100.webp 300w, https:\/\/www.kohlverlag.de\/themen\/wp-content\/uploads\/2025\/12\/9-hero-1024x343.webp 1024w, https:\/\/www.kohlverlag.de\/themen\/wp-content\/uploads\/2025\/12\/9-hero-768x257.webp 768w\" sizes=\"auto, (max-width: 1120px) 100vw, 1120px\" \/><\/a>\n\n\n<h3 class=\"gb-text gb-text-e277502f\" id=\"postmeta-keykleinerh1titellinkpost\"><a href=\"https:\/\/www.kohlverlag.de\/themen\/deutsch\/zeitformen\/perfekt\/\">Perfekt im Deutschunterricht \u2013 die vollendete Vergangenheit unterrichten<\/a><\/h3>\n\n<p class=\"gb-text gb-text-71fa9315\">31. M\u00e4rz 2026<\/p><\/div>\n\n<div class=\"gb-loop-item gb-loop-item-faa09ed8 post-15930 page type-page status-publish has-post-thumbnail thema-praesens elementvorlage-beitrag vorlage-hero-hero-standard\">\n<a href=\"https:\/\/www.kohlverlag.de\/themen\/deutsch\/zeitformen\/praesens\/\"><img loading=\"lazy\" decoding=\"async\" width=\"1120\" height=\"375\" data-media-id=\"15262\" class=\"border-radius gb-media-464614f1\" src=\"https:\/\/www.kohlverlag.de\/themen\/wp-content\/uploads\/2025\/12\/6-hero.webp\" alt=\"Pr\u00e4sens\" srcset=\"https:\/\/www.kohlverlag.de\/themen\/wp-content\/uploads\/2025\/12\/6-hero.webp 1120w, https:\/\/www.kohlverlag.de\/themen\/wp-content\/uploads\/2025\/12\/6-hero-300x100.webp 300w, https:\/\/www.kohlverlag.de\/themen\/wp-content\/uploads\/2025\/12\/6-hero-1024x343.webp 1024w, https:\/\/www.kohlverlag.de\/themen\/wp-content\/uploads\/2025\/12\/6-hero-768x257.webp 768w\" sizes=\"auto, (max-width: 1120px) 100vw, 1120px\" \/><\/a>\n\n\n<h3 class=\"gb-text gb-text-e277502f\" id=\"postmeta-keykleinerh1titellinkpost\"><a href=\"https:\/\/www.kohlverlag.de\/themen\/deutsch\/zeitformen\/praesens\/\">Pr\u00e4sens im Deutschunterricht \u2013 Zeitform der Gegenwart unterrichten<\/a><\/h3>\n\n<p class=\"gb-text gb-text-71fa9315\">30. M\u00e4rz 2026<\/p><\/div>\n\n<div class=\"gb-loop-item gb-loop-item-faa09ed8 post-15923 page type-page status-publish has-post-thumbnail thema-zeitformen elementvorlage-beitrag vorlage-hero-hero-standard\">\n<a href=\"https:\/\/www.kohlverlag.de\/themen\/deutsch\/zeitformen\/\"><img loading=\"lazy\" decoding=\"async\" width=\"1120\" height=\"375\" data-media-id=\"15266\" class=\"border-radius gb-media-464614f1\" src=\"https:\/\/www.kohlverlag.de\/themen\/wp-content\/uploads\/2025\/12\/10-hero.webp\" alt=\"Zeitformen\" srcset=\"https:\/\/www.kohlverlag.de\/themen\/wp-content\/uploads\/2025\/12\/10-hero.webp 1120w, https:\/\/www.kohlverlag.de\/themen\/wp-content\/uploads\/2025\/12\/10-hero-300x100.webp 300w, https:\/\/www.kohlverlag.de\/themen\/wp-content\/uploads\/2025\/12\/10-hero-1024x343.webp 1024w, https:\/\/www.kohlverlag.de\/themen\/wp-content\/uploads\/2025\/12\/10-hero-768x257.webp 768w\" sizes=\"auto, (max-width: 1120px) 100vw, 1120px\" \/><\/a>\n\n\n<h3 class=\"gb-text gb-text-e277502f\" id=\"postmeta-keykleinerh1titellinkpost\"><a href=\"https:\/\/www.kohlverlag.de\/themen\/deutsch\/zeitformen\/\">Zeitformen im Deutschunterricht \u2013 \u00dcbersicht f\u00fcr Lehrkr\u00e4fte<\/a><\/h3>\n\n<p class=\"gb-text gb-text-71fa9315\">30. M\u00e4rz 2026<\/p><\/div>\n\n<div class=\"gb-loop-item gb-loop-item-faa09ed8 post-15917 page type-page status-publish has-post-thumbnail thema-pronomen elementvorlage-beitrag vorlage-hero-hero-standard\">\n<a href=\"https:\/\/www.kohlverlag.de\/themen\/deutsch\/wortarten\/pronomen\/relativpronomen\/\"><img loading=\"lazy\" decoding=\"async\" width=\"1120\" height=\"375\" data-media-id=\"15265\" class=\"border-radius gb-media-464614f1\" src=\"https:\/\/www.kohlverlag.de\/themen\/wp-content\/uploads\/2025\/12\/9-hero.webp\" alt=\"Relativpronomen\" srcset=\"https:\/\/www.kohlverlag.de\/themen\/wp-content\/uploads\/2025\/12\/9-hero.webp 1120w, https:\/\/www.kohlverlag.de\/themen\/wp-content\/uploads\/2025\/12\/9-hero-300x100.webp 300w, https:\/\/www.kohlverlag.de\/themen\/wp-content\/uploads\/2025\/12\/9-hero-1024x343.webp 1024w, https:\/\/www.kohlverlag.de\/themen\/wp-content\/uploads\/2025\/12\/9-hero-768x257.webp 768w\" sizes=\"auto, (max-width: 1120px) 100vw, 1120px\" \/><\/a>\n\n\n<h3 class=\"gb-text gb-text-e277502f\" id=\"postmeta-keykleinerh1titellinkpost\"><a href=\"https:\/\/www.kohlverlag.de\/themen\/deutsch\/wortarten\/pronomen\/relativpronomen\/\">Relativpronomen im Deutschunterricht \u2013 Erkl\u00e4rung, Deklination und \u00dcbungstipps<\/a><\/h3>\n\n<p class=\"gb-text gb-text-71fa9315\">30. M\u00e4rz 2026<\/p><\/div>\n\n<div class=\"gb-loop-item gb-loop-item-faa09ed8 post-15909 page type-page status-publish has-post-thumbnail thema-pronomen elementvorlage-beitrag vorlage-hero-hero-standard\">\n<a href=\"https:\/\/www.kohlverlag.de\/themen\/deutsch\/wortarten\/pronomen\/indefinitpronomen\/\"><img loading=\"lazy\" decoding=\"async\" width=\"1120\" height=\"375\" data-media-id=\"15263\" class=\"border-radius gb-media-464614f1\" src=\"https:\/\/www.kohlverlag.de\/themen\/wp-content\/uploads\/2025\/12\/7-hero.webp\" alt=\"Indefinitpronomen\" srcset=\"https:\/\/www.kohlverlag.de\/themen\/wp-content\/uploads\/2025\/12\/7-hero.webp 1120w, https:\/\/www.kohlverlag.de\/themen\/wp-content\/uploads\/2025\/12\/7-hero-300x100.webp 300w, https:\/\/www.kohlverlag.de\/themen\/wp-content\/uploads\/2025\/12\/7-hero-1024x343.webp 1024w, https:\/\/www.kohlverlag.de\/themen\/wp-content\/uploads\/2025\/12\/7-hero-768x257.webp 768w\" sizes=\"auto, (max-width: 1120px) 100vw, 1120px\" \/><\/a>\n\n\n<h3 class=\"gb-text gb-text-e277502f\" id=\"postmeta-keykleinerh1titellinkpost\"><a href=\"https:\/\/www.kohlverlag.de\/themen\/deutsch\/wortarten\/pronomen\/indefinitpronomen\/\">Indefinitpronomen im Deutschunterricht \u2013 Erkl\u00e4rung, \u00dcbersicht und \u00dcbungstipps<\/a><\/h3>\n\n<p class=\"gb-text gb-text-71fa9315\">30. M\u00e4rz 2026<\/p><\/div>\n\n<div class=\"gb-loop-item gb-loop-item-faa09ed8 post-15886 page type-page status-publish has-post-thumbnail thema-pronomen elementvorlage-beitrag vorlage-hero-hero-standard\">\n<a href=\"https:\/\/www.kohlverlag.de\/themen\/deutsch\/wortarten\/pronomen\/reflexivpronomen\/\"><img loading=\"lazy\" decoding=\"async\" width=\"1120\" height=\"375\" data-media-id=\"15265\" class=\"border-radius gb-media-464614f1\" src=\"https:\/\/www.kohlverlag.de\/themen\/wp-content\/uploads\/2025\/12\/9-hero.webp\" alt=\"Reflexivpronomen\" srcset=\"https:\/\/www.kohlverlag.de\/themen\/wp-content\/uploads\/2025\/12\/9-hero.webp 1120w, https:\/\/www.kohlverlag.de\/themen\/wp-content\/uploads\/2025\/12\/9-hero-300x100.webp 300w, https:\/\/www.kohlverlag.de\/themen\/wp-content\/uploads\/2025\/12\/9-hero-1024x343.webp 1024w, https:\/\/www.kohlverlag.de\/themen\/wp-content\/uploads\/2025\/12\/9-hero-768x257.webp 768w\" sizes=\"auto, (max-width: 1120px) 100vw, 1120px\" \/><\/a>\n\n\n<h3 class=\"gb-text gb-text-e277502f\" id=\"postmeta-keykleinerh1titellinkpost\"><a href=\"https:\/\/www.kohlverlag.de\/themen\/deutsch\/wortarten\/pronomen\/reflexivpronomen\/\">Reflexivpronomen im Deutschunterricht \u2013 Erkl\u00e4rung, Formen und \u00dcbungstipps<\/a><\/h3>\n\n<p class=\"gb-text gb-text-71fa9315\">24. M\u00e4rz 2026<\/p><\/div>\n\n<div class=\"gb-loop-item gb-loop-item-faa09ed8 post-15879 page type-page status-publish has-post-thumbnail fach-deutsch thema-verben elementvorlage-beitrag vorlage-hero-hero-standard\">\n<a href=\"https:\/\/www.kohlverlag.de\/themen\/deutsch\/wortarten\/verben\/\"><img loading=\"lazy\" decoding=\"async\" width=\"1120\" height=\"375\" data-media-id=\"15263\" class=\"border-radius gb-media-464614f1\" src=\"https:\/\/www.kohlverlag.de\/themen\/wp-content\/uploads\/2025\/12\/7-hero.webp\" alt=\"Verben\" srcset=\"https:\/\/www.kohlverlag.de\/themen\/wp-content\/uploads\/2025\/12\/7-hero.webp 1120w, https:\/\/www.kohlverlag.de\/themen\/wp-content\/uploads\/2025\/12\/7-hero-300x100.webp 300w, https:\/\/www.kohlverlag.de\/themen\/wp-content\/uploads\/2025\/12\/7-hero-1024x343.webp 1024w, https:\/\/www.kohlverlag.de\/themen\/wp-content\/uploads\/2025\/12\/7-hero-768x257.webp 768w\" sizes=\"auto, (max-width: 1120px) 100vw, 1120px\" \/><\/a>\n\n\n<h3 class=\"gb-text gb-text-e277502f\" id=\"postmeta-keykleinerh1titellinkpost\"><a href=\"https:\/\/www.kohlverlag.de\/themen\/deutsch\/wortarten\/verben\/\">Verben im Deutschunterricht<\/a><\/h3>\n\n<p class=\"gb-text gb-text-71fa9315\">16. M\u00e4rz 2026<\/p><\/div>\n\n<div class=\"gb-loop-item gb-loop-item-faa09ed8 post-15873 page type-page status-publish has-post-thumbnail fach-deutsch thema-praepositionen elementvorlage-beitrag vorlage-hero-hero-standard\">\n<a href=\"https:\/\/www.kohlverlag.de\/themen\/deutsch\/wortarten\/praepositionen\/\"><img loading=\"lazy\" decoding=\"async\" width=\"1120\" height=\"375\" data-media-id=\"15262\" class=\"border-radius gb-media-464614f1\" src=\"https:\/\/www.kohlverlag.de\/themen\/wp-content\/uploads\/2025\/12\/6-hero.webp\" alt=\"Pr\u00e4positionen\" srcset=\"https:\/\/www.kohlverlag.de\/themen\/wp-content\/uploads\/2025\/12\/6-hero.webp 1120w, https:\/\/www.kohlverlag.de\/themen\/wp-content\/uploads\/2025\/12\/6-hero-300x100.webp 300w, https:\/\/www.kohlverlag.de\/themen\/wp-content\/uploads\/2025\/12\/6-hero-1024x343.webp 1024w, https:\/\/www.kohlverlag.de\/themen\/wp-content\/uploads\/2025\/12\/6-hero-768x257.webp 768w\" sizes=\"auto, (max-width: 1120px) 100vw, 1120px\" \/><\/a>\n\n\n<h3 class=\"gb-text gb-text-e277502f\" id=\"postmeta-keykleinerh1titellinkpost\"><a href=\"https:\/\/www.kohlverlag.de\/themen\/deutsch\/wortarten\/praepositionen\/\">Pr\u00e4positionen im Deutschunterricht<\/a><\/h3>\n\n<p class=\"gb-text gb-text-71fa9315\">16. M\u00e4rz 2026<\/p><\/div>\n\n<div class=\"gb-loop-item gb-loop-item-faa09ed8 post-15648 page type-page status-publish has-post-thumbnail fach-deutsch thema-interrogativpronomen thema-pronomen elementvorlage-beitrag vorlage-hero-hero-standard\">\n<a href=\"https:\/\/www.kohlverlag.de\/themen\/deutsch\/wortarten\/pronomen\/interrogativpronomen\/\"><img loading=\"lazy\" decoding=\"async\" width=\"1120\" height=\"375\" data-media-id=\"15264\" class=\"border-radius gb-media-464614f1\" src=\"https:\/\/www.kohlverlag.de\/themen\/wp-content\/uploads\/2025\/12\/8-hero.webp\" alt=\"Interrogativpronomen\" srcset=\"https:\/\/www.kohlverlag.de\/themen\/wp-content\/uploads\/2025\/12\/8-hero.webp 1120w, https:\/\/www.kohlverlag.de\/themen\/wp-content\/uploads\/2025\/12\/8-hero-300x100.webp 300w, https:\/\/www.kohlverlag.de\/themen\/wp-content\/uploads\/2025\/12\/8-hero-1024x343.webp 1024w, https:\/\/www.kohlverlag.de\/themen\/wp-content\/uploads\/2025\/12\/8-hero-768x257.webp 768w\" sizes=\"auto, (max-width: 1120px) 100vw, 1120px\" \/><\/a>\n\n\n<h3 class=\"gb-text gb-text-e277502f\" id=\"postmeta-keykleinerh1titellinkpost\"><a href=\"https:\/\/www.kohlverlag.de\/themen\/deutsch\/wortarten\/pronomen\/interrogativpronomen\/\">Interrogativpronomen im Deutschunterricht \u2013 Erkl\u00e4rung, Formen und \u00dcbungstipps<\/a><\/h3>\n\n<p class=\"gb-text gb-text-71fa9315\">23. Februar 2026<\/p><\/div>\n\n<div class=\"gb-loop-item gb-loop-item-faa09ed8 post-15638 page type-page status-publish has-post-thumbnail fach-deutsch thema-demonstrativpronomen thema-pronomen elementvorlage-beitrag vorlage-hero-hero-standard\">\n<a href=\"https:\/\/www.kohlverlag.de\/themen\/deutsch\/wortarten\/pronomen\/demonstrativpronomen\/\"><img loading=\"lazy\" decoding=\"async\" width=\"1120\" height=\"375\" data-media-id=\"15265\" class=\"border-radius gb-media-464614f1\" src=\"https:\/\/www.kohlverlag.de\/themen\/wp-content\/uploads\/2025\/12\/9-hero.webp\" alt=\"Demonstrativpronomen\" srcset=\"https:\/\/www.kohlverlag.de\/themen\/wp-content\/uploads\/2025\/12\/9-hero.webp 1120w, https:\/\/www.kohlverlag.de\/themen\/wp-content\/uploads\/2025\/12\/9-hero-300x100.webp 300w, https:\/\/www.kohlverlag.de\/themen\/wp-content\/uploads\/2025\/12\/9-hero-1024x343.webp 1024w, https:\/\/www.kohlverlag.de\/themen\/wp-content\/uploads\/2025\/12\/9-hero-768x257.webp 768w\" sizes=\"auto, (max-width: 1120px) 100vw, 1120px\" \/><\/a>\n\n\n<h3 class=\"gb-text gb-text-e277502f\" id=\"postmeta-keykleinerh1titellinkpost\"><a href=\"https:\/\/www.kohlverlag.de\/themen\/deutsch\/wortarten\/pronomen\/demonstrativpronomen\/\">Demonstrativpronomen im Deutschunterricht \u2013 Erkl\u00e4rung, Formen und \u00dcbungstipps<\/a><\/h3>\n\n<p class=\"gb-text gb-text-71fa9315\">23. Februar 2026<\/p><\/div>\n<\/div>\n\n\n<div class=\"gb-element-0bdd77fa gb-query-loop-pagination\"><a class=\"gb-text gb-text-ab5b6b6e\" href=\"http:\/\/%7B%7Bprevious_posts_page_url%7D%7D\">Zur\u00fcck<\/a>\n\n<nav class=\"gb-query-page-numbers-675dd76e\"><span aria-current=\"page\" class=\"page-numbers current\">1<\/span>\n<a class=\"page-numbers\" href=\"?query-ca5c9a26-page=2\">2<\/a>\n<a class=\"page-numbers\" href=\"?query-ca5c9a26-page=3\">3<\/a>\n<a class=\"page-numbers\" href=\"?query-ca5c9a26-page=4\">4<\/a>\n<span class=\"page-numbers dots\">&hellip;<\/span>\n<a class=\"page-numbers\" href=\"?query-ca5c9a26-page=9\">9<\/a><\/nav>\n\n<a class=\"gb-text gb-text-7f9c9714\" href=\"http:\/\/%7B%7Bnext_posts_page_url%7D%7D\">Weiter<\/a><\/div>\n\n\n<\/div>\n<\/div>\n<\/div>\n","protected":false},"excerpt":{"rendered":"<p>4,38 von 25 Bewertungen Kohls Kostproben f\u00fcr Lehrer &amp; Eltern Sofort einsetzbar \u2013 spart Zeit &amp; Nerven Didaktisch durchdacht \u2013 f\u00fcr nachhaltiges Lernen Flexibel einsetzbar \u2013 f\u00fcr alle Unterrichtssituationen<\/p>\n","protected":false},"author":1,"featured_media":0,"parent":0,"menu_order":0,"comment_status":"closed","ping_status":"closed","template":"","meta":{"_acf_changed":false,"footnotes":""},"artikelnummer":[],"autorenname":[],"fach":[],"klasse":[],"produktgruppe":[],"schulform":[],"thema":[],"elementvorlage":[],"vorlage-hero":[],"class_list":["post-16","page","type-page","status-publish"],"acf":[],"_links":{"self":[{"href":"https:\/\/www.kohlverlag.de\/themen\/wp-json\/wp\/v2\/pages\/16","targetHints":{"allow":["GET"]}}],"collection":[{"href":"https:\/\/www.kohlverlag.de\/themen\/wp-json\/wp\/v2\/pages"}],"about":[{"href":"https:\/\/www.kohlverlag.de\/themen\/wp-json\/wp\/v2\/types\/page"}],"author":[{"embeddable":true,"href":"https:\/\/www.kohlverlag.de\/themen\/wp-json\/wp\/v2\/users\/1"}],"replies":[{"embeddable":true,"href":"https:\/\/www.kohlverlag.de\/themen\/wp-json\/wp\/v2\/comments?post=16"}],"version-history":[{"count":130,"href":"https:\/\/www.kohlverlag.de\/themen\/wp-json\/wp\/v2\/pages\/16\/revisions"}],"predecessor-version":[{"id":15908,"href":"https:\/\/www.kohlverlag.de\/themen\/wp-json\/wp\/v2\/pages\/16\/revisions\/15908"}],"wp:attachment":[{"href":"https:\/\/www.kohlverlag.de\/themen\/wp-json\/wp\/v2\/media?parent=16"}],"wp:term":[{"taxonomy":"artikelnummer","embeddable":true,"href":"https:\/\/www.kohlverlag.de\/themen\/wp-json\/wp\/v2\/artikelnummer?post=16"},{"taxonomy":"autorenname","embeddable":true,"href":"https:\/\/www.kohlverlag.de\/themen\/wp-json\/wp\/v2\/autorenname?post=16"},{"taxonomy":"fach","embeddable":true,"href":"https:\/\/www.kohlverlag.de\/themen\/wp-json\/wp\/v2\/fach?post=16"},{"taxonomy":"klasse","embeddable":true,"href":"https:\/\/www.kohlverlag.de\/themen\/wp-json\/wp\/v2\/klasse?post=16"},{"taxonomy":"produktgruppe","embeddable":true,"href":"https:\/\/www.kohlverlag.de\/themen\/wp-json\/wp\/v2\/produktgruppe?post=16"},{"taxonomy":"schulform","embeddable":true,"href":"https:\/\/www.kohlverlag.de\/themen\/wp-json\/wp\/v2\/schulform?post=16"},{"taxonomy":"thema","embeddable":true,"href":"https:\/\/www.kohlverlag.de\/themen\/wp-json\/wp\/v2\/thema?post=16"},{"taxonomy":"elementvorlage","embeddable":true,"href":"https:\/\/www.kohlverlag.de\/themen\/wp-json\/wp\/v2\/elementvorlage?post=16"},{"taxonomy":"vorlage-hero","embeddable":true,"href":"https:\/\/www.kohlverlag.de\/themen\/wp-json\/wp\/v2\/vorlage-hero?post=16"}],"curies":[{"name":"wp","href":"https:\/\/api.w.org\/{rel}","templated":true}]}}