{"id":1736,"date":"2025-07-01T10:59:34","date_gmt":"2025-07-01T08:59:34","guid":{"rendered":"https:\/\/www.kohlverlag.de\/themen\/?page_id=1736"},"modified":"2025-12-23T09:15:57","modified_gmt":"2025-12-23T08:15:57","slug":"adjektive","status":"publish","type":"page","link":"https:\/\/www.kohlverlag.de\/themen\/deutsch\/wortarten\/adjektive\/","title":{"rendered":"Adjektive"},"content":{"rendered":"<div class=\"gb-container gb-container-54b17d19 container-blog\">\n<h2 class=\"wp-block-heading\" id=\"was-sind-adjektive\">Was sind Adjektive?<\/h2>\n\n\n<p>Die <strong>Wortart<\/strong> Adjektive (auch \u201eEigenschaftsw\u00f6rter\u201c genannt) beschreiben, wie etwas ist. Sie beantworten Fragen wie: <strong>Wie ist etwas? Wie sieht es aus? Wie f\u00fchlt es sich an?<\/strong><\/p>\n\n\n\n<p><strong>Beispiele:<\/strong><\/p>\n\n\n\n<ul class=\"wp-block-list\">\n<li>Der <strong>gro\u00dfe<\/strong> Baum steht im Garten. <\/li>\n\n\n\n<li>Sie tr\u00e4gt eine <strong>rote<\/strong> Jacke.<\/li>\n\n\n\n<li>Das Essen schmeckt <strong>lecker<\/strong>.<\/li>\n<\/ul>\n\n\n\n<p><strong>Adjektive k\u00f6nnen gesteigert werden:<\/strong><\/p>\n\n\n\n<ul class=\"wp-block-list\">\n<li><strong>Positiv (Grundform):<\/strong> sch\u00f6n<\/li>\n\n\n\n<li><strong>Komparativ (Vergleichsform):<\/strong> sch\u00f6ner<\/li>\n\n\n\n<li><strong>Superlativ (H\u00f6chstform):<\/strong> am sch\u00f6nsten<\/li>\n<\/ul>\n\n<\/div>\n\n\n<div class=\"mb-4rem section-main gb-element-6c24fb97\" id=\"produkte\">\n<span class=\"gb-shape gb-shape-bc66b611 gb-shape--divider\"><svg preserveAspectRatio=\"none\" viewBox=\"0 0 1200 70\" xmlns=\"http:\/\/www.w3.org\/2000\/svg\"><path d=\"M670 50L600 0l-70 50H0v20h1200V50z\"><\/path><\/svg><\/span>\n\n\n\n<div class=\"container-main width-main\"><p class=\"gb-text font-h2 gb-text-804dd6a1\">Passende Arbeitsbl\u00e4tter zum Thema<\/p>\n\n<p class=\"gb-text font-h2 gb-text-e6efec23\"><em>Unterrichtsvorbereitung ganz einfach!<\/em><\/p>\n\n\n<div><div class=\"gb-looper-27d58d74\">\n<div class=\"gb-loop-item gb-loop-item-5a7b5b2c post-13271 produkt type-produkt status-publish has-post-thumbnail hentry artikelnummer-p11410 fach-deutsch klasse-klasse-5 klasse-klasse-6 schulform-sekundarstufe-i thema-adjektive thema-allgemeinwissen thema-grundlagen thema-nomen thema-raetsel thema-selbstlernzeit thema-verben thema-vertretungsstunden thema-wortschatz\">\n\n<\/div>\n\n<div class=\"gb-loop-item gb-loop-item-5a7b5b2c post-13155 produkt type-produkt status-publish has-post-thumbnail hentry artikelnummer-p12401 fach-deutsch klasse-klasse-10 klasse-klasse-5 klasse-klasse-6 klasse-klasse-7 klasse-klasse-8 klasse-klasse-9 schulform-sekundarstufe-i thema-adjektive thema-grammatik thema-nomen thema-personenbeschreibung thema-rechtschreibung thema-schriftsprache thema-spielerisches-lernen thema-sprachkompetenz thema-textarbeit thema-verben thema-wortschatz thema-wortschatzarbeit\">\n\n<\/div>\n\n<div class=\"gb-loop-item gb-loop-item-5a7b5b2c post-13150 produkt type-produkt status-publish has-post-thumbnail hentry artikelnummer-p12303 fach-deutsch klasse-klasse-3 produktgruppe-lueckenfueller-deutsch schulform-grundschule thema-4-faelle thema-adjektive thema-aufsatz thema-bildergeschichten thema-freies-schreiben thema-grammatik thema-grundlagen thema-kreatives-schreiben thema-lesen-lernen thema-nomen thema-perfekt thema-praesens thema-praeteritum thema-rechtschreibung thema-satzglieder thema-schreiben-lernen thema-verben thema-vertretungsstunden thema-zusammengesetzte-nomen thema-zusatzaufgaben\">\n\n<\/div>\n\n<div class=\"gb-loop-item gb-loop-item-5a7b5b2c post-12981 produkt type-produkt status-publish has-post-thumbnail hentry artikelnummer-p12937 fach-anfangsunterricht fach-deutsch klasse-klasse-3 schulform-foerderschule schulform-grundschule thema-adjektive thema-aufmerksamkeitstraining thema-ausdruck thema-grammatik thema-konzentration thema-lesen-lernen thema-nomen thema-rechtschreibung thema-schreibkompetenz thema-uebungen thema-verben\">\n\n<\/div>\n\n<div class=\"gb-loop-item gb-loop-item-5a7b5b2c post-12936 produkt type-produkt status-publish has-post-thumbnail hentry artikelnummer-p12091 fach-deutsch klasse-klasse-10 klasse-klasse-5 klasse-klasse-6 klasse-klasse-7 klasse-klasse-8 klasse-klasse-9 schulform-sekundarstufe-i thema-adjektive thema-adverbien thema-grammatik thema-grundlagen thema-konjunktionen thema-nomen thema-praepositionen thema-pronomen thema-rechtschreibung thema-verben thema-wortarten\">\n\n<\/div>\n\n<div class=\"gb-loop-item gb-loop-item-5a7b5b2c post-12901 produkt type-produkt status-publish has-post-thumbnail hentry artikelnummer-p12596 fach-anfangsunterricht fach-deutsch klasse-klasse-1 schulform-grundschule thema-adjektive thema-artikel thema-buchstaben thema-grammatik thema-lesen-lernen thema-nomen thema-schreiben-lernen thema-selbstlaute thema-umlaute thema-verben thema-vokale thema-weihnachten\">\n\n<\/div>\n\n<div class=\"gb-loop-item gb-loop-item-5a7b5b2c post-12890 produkt type-produkt status-publish has-post-thumbnail hentry artikelnummer-p11870 fach-deutsch klasse-klasse-3 klasse-klasse-4 schulform-foerderschule schulform-grundschule thema-adjektive thema-allgemeinwissen thema-kreuzwortraetsel thema-legasthenie thema-lese-rechtschreib-schwaeche thema-raetsel thema-rechtschreibung thema-selbstlernzeit thema-silben thema-vertretungsstunden thema-vokale thema-vorsilben\">\n\n<\/div>\n\n<div class=\"gb-loop-item gb-loop-item-5a7b5b2c post-12726 produkt type-produkt status-publish has-post-thumbnail hentry artikelnummer-p12597 fach-deutsch klasse-klasse-2 schulform-grundschule thema-adjektive thema-artikel thema-grammatik thema-lesen-lernen thema-nomen thema-schreiben-lernen thema-selbstlaute thema-verben thema-vokale thema-weihnachten thema-zusammengesetzte-nomen\">\n\n<\/div>\n\n<div class=\"gb-loop-item gb-loop-item-5a7b5b2c post-12715 produkt type-produkt status-publish has-post-thumbnail hentry artikelnummer-p12612 fach-anfangsunterricht fach-deutsch klasse-klasse-1 schulform-grundschule thema-adjektive thema-alphabet thema-artikel thema-doppellaute thema-grammatik thema-lesen-lernen thema-nomen thema-ostern thema-schreiben-lernen thema-selbstlaute thema-silben thema-silbentrennung thema-silbenuebungen thema-umlaute thema-verben thema-vokale\">\n\n<\/div>\n\n<div class=\"gb-loop-item gb-loop-item-5a7b5b2c post-12686 produkt type-produkt status-publish has-post-thumbnail hentry artikelnummer-p11757 fach-deutsch klasse-klasse-7 schulform-sekundarstufe-i thema-adjektive thema-adverbiale-bestimmung thema-adverbien thema-aktiv thema-aufgabenkarten thema-dehnung thema-differenzierung thema-erzaehlung thema-fabeln thema-freies-schreiben thema-fremdwoerter thema-grammatik thema-gross-und-kleinschreibung thema-indirekte-rede thema-infinitiv thema-kommasetzung thema-konjunktiv thema-kreatives-schreiben thema-passiv thema-rechtschreibung thema-satzglieder thema-selbstlernzeit thema-silben thema-silbentrennung thema-textarbeit thema-verben thema-wortarten thema-woertliche-rede thema-zeichensetzung thema-zeitformen\">\n\n<\/div>\n<\/div><\/div>\n<\/div>\n<\/div>\n\n\n\n<div class=\"container-blog\"><h2 class=\"wp-block-heading\" id=\"wann-lernen-kinder-adjektive-in-der-schule\">Wann lernen Kinder Adjektive in der Schule?<\/h2>\n\n<p class=\"gb-text mb-4rem\">Adjektive werden in der <strong>1. und 2. Klasse<\/strong> eingef\u00fchrt. Dabei lernen Kinder zun\u00e4chst einfache Adjektive, um Gegenst\u00e4nde und Personen zu beschreiben. In der <strong>3. und 4. Klasse<\/strong> kommen dann Steigerungsformen hinzu. Sp\u00e4ter, in der weiterf\u00fchrenden Schule, wird die Verwendung von Adjektiven in komplexeren Satzstrukturen und Texten vertieft.<\/p>\n\n\n<div><div >\n<div class=\"gb-loop-item mb-4rem gb-loop-item-7e18d04a post-12631 produkt type-produkt status-publish has-post-thumbnail hentry artikelnummer-p11336 fach-deutsch klasse-klasse-3 klasse-klasse-4 klasse-klasse-5 klasse-klasse-6 schulform-foerderschule schulform-grundschule schulform-sekundarstufe-i thema-adjektive thema-deutsch-als-zweitsprache thema-grammatik thema-haeusliches-ueben thema-legasthenie thema-lernzielkontrolle thema-lese-rechtschreib-schwaeche thema-nachhilfe thema-rechtschreibung\">\n<div class=\"container-main border-radius box-padding-40 verlauf-primary gb-element-2ec062b4\">\n\n\n<div class=\"container-flex gb-element-015c8144\">\n<div class=\"border-radius col-30 gb-element-fa806d5f\">\n<img loading=\"lazy\" decoding=\"async\" width=\"827\" height=\"1169\" data-media-id=\"5484\" class=\"border-radius gb-media-3153241d\" alt=\"\" src=\"https:\/\/www.kohlverlag.de\/themen\/wp-content\/uploads\/2025\/07\/11336.jpg\" title=\"13149_1920x1920 (1)\" srcset=\"https:\/\/www.kohlverlag.de\/themen\/wp-content\/uploads\/2025\/07\/11336.jpg 827w, https:\/\/www.kohlverlag.de\/themen\/wp-content\/uploads\/2025\/07\/11336-212x300.jpg 212w, https:\/\/www.kohlverlag.de\/themen\/wp-content\/uploads\/2025\/07\/11336-724x1024.jpg 724w, https:\/\/www.kohlverlag.de\/themen\/wp-content\/uploads\/2025\/07\/11336-768x1086.jpg 768w\" sizes=\"auto, (max-width: 827px) 100vw, 827px\" \/>\n<\/div>\n\n\n\n<div class=\"border-radius col-80\">\n<div class=\"border-radius gb-element-19fcac78\">\n<div class=\"mb-2rem col-80 gb-element-a1a63314\">\n\n<p class=\"gb-text font-small\"><strong>Altersstufen:<\/strong> <span>Klasse 3<\/span>, <span>Klasse 4<\/span>, <span>Klasse 5<\/span>, <span>Klasse 6<\/span><\/p>\n\n\n<div class=\"container-flex font-small gb-element-8976a259\"><p class=\"gb-text font-tag gb-text-b10a03c3\"><span>Deutsch<\/span><\/p>\n\n<\/div>\n<\/div>\n\n\n\n<div class=\"mb-2rem col-80 gb-element-bdba6f64\">\n\n\n\n<\/div>\n\n\n\n<div class=\"gb-element-5acf9f3b\">\n\n<a class=\"gb-text border-radius button-red gb-text-7ee6ccf0\" href=\"\">Jetzt verwenden<\/a>\n\n<a class=\"gb-text border-radius gb-text-c7c98114\" href=\"\">Zur Leseprobe<\/a><\/div>\n<\/div>\n<\/div>\n<\/div>\n<\/div>\n<\/div>\n<\/div><\/div>\n\n\n\n<hr class=\"wp-block-separator has-alpha-channel-opacity\"\/>\n\n\n<h2 class=\"wp-block-heading\" id=\"probleme-die-schueler-mit-adjektiven-haben\">Probleme die Sch\u00fcler mit Adjektiven haben<\/h2>\n\n\n<div class=\"container-flex mb-2rem gb-element-37b356cd\">\n<div class=\"col-50 infobox-primary gb-element-0d7a26ba\"><p class=\"gb-text gb-text-5ed97eb4\">Ihre Sch\u00fcler verwechseln Adjektive mit Verben und Nomen?<\/p><\/div>\n\n\n\n<div class=\"col-50 infobox-green gb-element-fc2972c2\"><p class=\"gb-text gb-text-3cd59680\">Arbeitsbl\u00e4tter mit anschaulichen \u00dcbungen zur Wortartenerkennung \u2013 spielerisch und klar strukturiert.<\/p><\/div>\n<\/div>\n\n\n\n<div class=\"container-flex mb-2rem gb-element-3d9a4c7c\">\n<div class=\"col-50 infobox-primary gb-element-dfc9b134\"><p class=\"gb-text gb-text-13c7eecb\">Adjektive? Ihre Sch\u00fcler beschreiben alles nur mit \u201asch\u00f6n\u2018 oder \u201agut\u2018?<\/p><\/div>\n\n\n\n<div class=\"col-50 infobox-green gb-element-ac56f926\"><p class=\"gb-text gb-text-f53a7215\">Kreative Adjektiv-Poster, Wortsammlungen und Schreibanl\u00e4sse \u2013 f\u00fcr mehr Ausdrucksst\u00e4rke im Aufsatz.<\/p><\/div>\n<\/div>\n\n\n\n<div class=\"container-flex mb-2rem gb-element-677a2498\">\n<div class=\"col-50 infobox-primary gb-element-1dab9068\"><p class=\"gb-text gb-text-2cefade4\">Ihre Sch\u00fcler schreiben langweilige Geschichten?<\/p><\/div>\n\n\n\n<div class=\"col-50 infobox-green gb-element-324c01c9\"><p class=\"gb-text gb-text-9ec7d28b\">Arbeitshefte mit Schreibaufgaben und Adjektiv-Impulsen \u2013 spannende Texte schreiben leicht gemacht.<\/p><\/div>\n<\/div>\n\n\n\n<div class=\"container-flex mb-2rem gb-element-e7b0b4c8\">\n<div class=\"col-50 infobox-primary gb-element-3c0cc3f0\"><p class=\"gb-text gb-text-2726ec0b\">Grammatik ist langweilig? Nicht mit diesen Adjektiv-Spielen!<\/p><\/div>\n\n\n\n<div class=\"col-50 infobox-green gb-element-9e179c10\"><p class=\"gb-text gb-text-2694e499\">Interaktive Lernspiele und R\u00e4tsel rund ums Adjektiv \u2013 spielerisch Adjektive \u00fcben.<\/p><\/div>\n<\/div>\n\n\n\n<div class=\"container-flex mb-2rem gb-element-5ffcb85e\">\n<div class=\"col-50 infobox-primary gb-element-b00d9d32\"><p class=\"gb-text gb-text-7a94fa49\">Steigerung von Adjektiven? Ihre Sch\u00fcler raten statt wissen?<\/p><\/div>\n\n\n\n<div class=\"col-50 infobox-green gb-element-a9e3996c\"><p class=\"gb-text gb-text-df957218\">Arbeitsbl\u00e4tter mit bildhaften Vergleichs\u00fcbungen \u2013 verst\u00e4ndlich und einpr\u00e4gsam.<\/p><\/div>\n<\/div>\n\n\n\n<hr class=\"wp-block-separator has-alpha-channel-opacity\"\/>\n\n\n\n<div><div >\n<div class=\"gb-loop-item mb-4rem gb-loop-item-1f88af6b post-11724 produkt type-produkt status-publish has-post-thumbnail hentry artikelnummer-p11934 fach-deutsch klasse-klasse-10 klasse-klasse-11 klasse-klasse-12 klasse-klasse-13 klasse-klasse-2 klasse-klasse-3 klasse-klasse-4 klasse-klasse-5 klasse-klasse-6 klasse-klasse-7 klasse-klasse-8 klasse-klasse-9 schulform-grundschule schulform-sekundarstufe-i schulform-sekundarstufe-ii thema-allgemeinwissen thema-deutsch-als-zweitsprache thema-raetsel thema-selbstlernzeit thema-vertretungsstunden\">\n<div class=\"container-main border-radius box-padding-40 verlauf-primary gb-element-5414e8bc\">\n\n\n<div class=\"container-flex gb-element-668071ac\">\n<div class=\"border-radius col-30 gb-element-c3ce8c6f\">\n<img loading=\"lazy\" decoding=\"async\" width=\"200\" height=\"283\" data-media-id=\"13957\" class=\"border-radius gb-media-aa2dd5e1\" alt=\"\" src=\"https:\/\/www.kohlverlag.de\/themen\/wp-content\/uploads\/2025\/09\/11934_1920x1920-1.webp\" title=\"13149_1920x1920 (1)\"\/>\n<\/div>\n\n\n\n<div class=\"border-radius col-80\">\n<div class=\"border-radius gb-element-62a9bc2f\">\n<div class=\"mb-2rem col-80 gb-element-3f340928\">\n\n<p class=\"gb-text font-small\"><strong>Altersstufen:<\/strong> <span>Klasse 10<\/span>, <span>Klasse 11<\/span>, <span>Klasse 12<\/span>, <span>Klasse 13<\/span>, <span>Klasse 2<\/span>, <span>Klasse 3<\/span>, <span>Klasse 4<\/span>, <span>Klasse 5<\/span>, <span>Klasse 6<\/span>, <span>Klasse 7<\/span>, <span>Klasse 8<\/span>, <span>Klasse 9<\/span><\/p>\n\n\n<div class=\"container-flex font-small gb-element-ffc2c6b5\"><p class=\"gb-text font-tag gb-text-8797ecb7\"><span>Deutsch<\/span><\/p>\n\n<\/div>\n<\/div>\n\n\n\n<div class=\"mb-2rem col-80 gb-element-21ea9cb5\">\n\n\n\n<\/div>\n\n\n\n<div class=\"gb-element-163210fb\">\n\n<a class=\"gb-text border-radius button-red gb-text-2a883a8d\" href=\"\">Jetzt verwenden<\/a>\n\n<a class=\"gb-text border-radius gb-text-cc174ff7\" href=\"\">Zur Leseprobe<\/a><\/div>\n<\/div>\n<\/div>\n<\/div>\n<\/div>\n<\/div>\n<\/div><\/div>\n\n\n<h2 class=\"wp-block-heading\" id=\"tipps-fuer-lehrer-und-eltern\">Tipps f\u00fcr Lehrer und Eltern<\/h2>\n\n\n<div class=\"mb-4rem\">\n<ol class=\"wp-block-list\">\n<li><strong>Adjektive im Alltag entdecken:<\/strong> Lass dein Kind beschreiben, was es sieht oder f\u00fchlt (\u201eWie schmeckt der Apfel?\u201c \u2013 \u201eS\u00fc\u00df und saftig!\u201c).<\/li>\n\n\n\n<li><strong>Adjektive im Spiel \u00fcben:<\/strong> Spiele wie \u201eIch sehe was, was du nicht siehst\u201c f\u00f6rdern das genaue Beschreiben.<\/li>\n\n\n\n<li><strong>Steigerungen spielerisch lernen:<\/strong> Erfinde S\u00e4tze wie \u201eDer Hund ist schnell, aber die Katze ist schneller. Doch der Gepard ist am schnellsten!\u201c<\/li>\n\n\n\n<li><strong>Bunte Arbeitsbl\u00e4tter und R\u00e4tsel:<\/strong> Kreuzwortr\u00e4tsel oder L\u00fcckentexte helfen, Adjektive spielerisch zu verinnerlichen.<\/li>\n<\/ol>\n<\/div>\n<\/div>\n","protected":false},"excerpt":{"rendered":"<p>Was sind Adjektive? Die Wortart Adjektive (auch \u201eEigenschaftsw\u00f6rter\u201c genannt) beschreiben, wie etwas ist. Sie beantworten Fragen wie: Wie ist etwas? Wie sieht es aus? Wie f\u00fchlt es sich an? Beispiele: Adjektive k\u00f6nnen gesteigert werden: Passende Arbeitsbl\u00e4tter zum Thema Unterrichtsvorbereitung ganz einfach! Wann lernen Kinder Adjektive in der Schule? Adjektive werden in der 1. und 2. &#8230; <a title=\"Adjektive\" class=\"read-more\" href=\"https:\/\/www.kohlverlag.de\/themen\/deutsch\/wortarten\/adjektive\/\" aria-label=\"Mehr Informationen \u00fcber Adjektive\">Weiterlesen<\/a><\/p>\n","protected":false},"author":1,"featured_media":10148,"parent":15334,"menu_order":0,"comment_status":"closed","ping_status":"closed","template":"","meta":{"_acf_changed":false,"footnotes":""},"artikelnummer":[],"autorenname":[4890],"fach":[16],"klasse":[4846],"produktgruppe":[],"schulform":[],"thema":[43],"elementvorlage":[7],"vorlage-hero":[4889],"class_list":{"0":"post-1736","1":"page","2":"type-page","3":"status-publish","4":"has-post-thumbnail","6":"autorenname-nina-bergmann","7":"fach-deutsch","8":"klasse-alle","9":"thema-adjektive","10":"elementvorlage-beitrag","11":"vorlage-hero-hero-standard"},"acf":[],"_links":{"self":[{"href":"https:\/\/www.kohlverlag.de\/themen\/wp-json\/wp\/v2\/pages\/1736","targetHints":{"allow":["GET"]}}],"collection":[{"href":"https:\/\/www.kohlverlag.de\/themen\/wp-json\/wp\/v2\/pages"}],"about":[{"href":"https:\/\/www.kohlverlag.de\/themen\/wp-json\/wp\/v2\/types\/page"}],"author":[{"embeddable":true,"href":"https:\/\/www.kohlverlag.de\/themen\/wp-json\/wp\/v2\/users\/1"}],"replies":[{"embeddable":true,"href":"https:\/\/www.kohlverlag.de\/themen\/wp-json\/wp\/v2\/comments?post=1736"}],"version-history":[{"count":92,"href":"https:\/\/www.kohlverlag.de\/themen\/wp-json\/wp\/v2\/pages\/1736\/revisions"}],"predecessor-version":[{"id":14437,"href":"https:\/\/www.kohlverlag.de\/themen\/wp-json\/wp\/v2\/pages\/1736\/revisions\/14437"}],"up":[{"embeddable":true,"href":"https:\/\/www.kohlverlag.de\/themen\/wp-json\/wp\/v2\/pages\/15334"}],"wp:featuredmedia":[{"embeddable":true,"href":"https:\/\/www.kohlverlag.de\/themen\/wp-json\/wp\/v2\/media\/10148"}],"wp:attachment":[{"href":"https:\/\/www.kohlverlag.de\/themen\/wp-json\/wp\/v2\/media?parent=1736"}],"wp:term":[{"taxonomy":"artikelnummer","embeddable":true,"href":"https:\/\/www.kohlverlag.de\/themen\/wp-json\/wp\/v2\/artikelnummer?post=1736"},{"taxonomy":"autorenname","embeddable":true,"href":"https:\/\/www.kohlverlag.de\/themen\/wp-json\/wp\/v2\/autorenname?post=1736"},{"taxonomy":"fach","embeddable":true,"href":"https:\/\/www.kohlverlag.de\/themen\/wp-json\/wp\/v2\/fach?post=1736"},{"taxonomy":"klasse","embeddable":true,"href":"https:\/\/www.kohlverlag.de\/themen\/wp-json\/wp\/v2\/klasse?post=1736"},{"taxonomy":"produktgruppe","embeddable":true,"href":"https:\/\/www.kohlverlag.de\/themen\/wp-json\/wp\/v2\/produktgruppe?post=1736"},{"taxonomy":"schulform","embeddable":true,"href":"https:\/\/www.kohlverlag.de\/themen\/wp-json\/wp\/v2\/schulform?post=1736"},{"taxonomy":"thema","embeddable":true,"href":"https:\/\/www.kohlverlag.de\/themen\/wp-json\/wp\/v2\/thema?post=1736"},{"taxonomy":"elementvorlage","embeddable":true,"href":"https:\/\/www.kohlverlag.de\/themen\/wp-json\/wp\/v2\/elementvorlage?post=1736"},{"taxonomy":"vorlage-hero","embeddable":true,"href":"https:\/\/www.kohlverlag.de\/themen\/wp-json\/wp\/v2\/vorlage-hero?post=1736"}],"curies":[{"name":"wp","href":"https:\/\/api.w.org\/{rel}","templated":true}]}}