{"id":1952,"date":"2025-07-07T08:46:07","date_gmt":"2025-07-07T06:46:07","guid":{"rendered":"https:\/\/www.kohlverlag.de\/themen\/?page_id=1952"},"modified":"2025-12-04T10:17:00","modified_gmt":"2025-12-04T09:17:00","slug":"nrw","status":"publish","type":"page","link":"https:\/\/www.kohlverlag.de\/themen\/ferien\/nrw\/","title":{"rendered":"Ferien in NRW"},"content":{"rendered":"\n<div class=\"width-main container-main\">\n<div>\n<div class=\"gb-tabs gb-tabs-92c9cce1\" data-opened-tab=\"1\" data-transition=\"fade\">\n<div class=\"gb-tabs__menu gb-tabs__menu-7cd683ab\" role=\"tablist\">\n<div tabindex=\"0\" class=\"gb-tabs__menu-item col-50 gb-tabs__menu-item-794f638b gb-block-is-current\" role=\"tab\" id=\"gb-tab-menu-item-794f638b\"><span class=\"gb-text gb-text-e27c0c86\">2025 \/ 2026<\/span><\/div>\n\n\n\n<div tabindex=\"0\" class=\"gb-tabs__menu-item col-50 gb-tabs__menu-item-ef78b037\" role=\"tab\" id=\"gb-tab-menu-item-ef78b037\"><span class=\"gb-text gb-text-9363924e\">2026 \/ 2027<\/span><\/div>\n<\/div>\n\n\n\n<div class=\"gb-tabs__items\">\n<div class=\"gb-tabs__item gb-tabs__item-21d39c59 gb-tabs__item-open\" role=\"tabpanel\" id=\"gb-tab-item-21d39c59\">\n<div><h2 class=\"wp-block-heading\" id=\"ferien-in-nrw-2025-2026\">Ferien in NRW 2025 \/ 2026<\/h2>\n\n\n<div>\n<figure class=\"wp-block-table\"><table class=\"has-fixed-layout\"><thead><tr><th>Ferien<\/th><th>Von<\/th><th>Bis<\/th><\/tr><\/thead><tbody><tr><td>Sommerferien<\/td><td>14.07.2025<\/td><td>26.08.2025<\/td><\/tr><tr><td>Herbstferien<\/td><td>13.10.2025<\/td><td>25.10.2025<\/td><\/tr><tr><td>Weihnachtsferien<\/td><td>22.12.2025<\/td><td>06.01.2026<\/td><\/tr><tr><td>Winterferien<\/td><td>&#8211;<\/td><td>&#8211;<\/td><\/tr><tr><td>Osterferien<\/td><td>30.03.2026<\/td><td>11.04.2026<\/td><\/tr><tr><td>Pfingsferien<\/td><td>26.05.2026<\/td><td>26.05.2026<\/td><\/tr><\/tbody><\/table><\/figure>\n<\/div>\n\n\n\n<hr class=\"wp-block-separator has-alpha-channel-opacity\"\/>\n\n\n<h2 class=\"wp-block-heading\" id=\"feiertage-in-nrw-2025-2026\">Feiertage in NRW 2025 \/ 2026<\/h2>\n\n\n<figure class=\"wp-block-table\"><table class=\"has-fixed-layout\"><thead><tr><th>Name<\/th><th>2025<\/th><th>2026<\/th><\/tr><\/thead><tbody><tr><td>Neujahr<\/td><td>01.01.2025<\/td><td>01.01.2026<\/td><\/tr><tr><td>Heilige Drei K\u00f6nige<\/td><td>&#8211;<\/td><td>&#8211;<\/td><\/tr><tr><td>Karfreitag<\/td><td>18.04.2025<\/td><td>03.04.2026<\/td><\/tr><tr><td>Ostermontag<\/td><td>21.04.2025<\/td><td>06.04.2026<\/td><\/tr><tr><td>Tag der Arbeit<\/td><td>01.05.2025<\/td><td>01.05.2026<\/td><\/tr><tr><td>Christi Himmelfahrt<\/td><td>29.05.2025<\/td><td>14.05.2026<\/td><\/tr><tr><td>Pfingsmontag<\/td><td>09.06.2025<\/td><td>25.05.2026<\/td><\/tr><tr><td>Fronleichnam<\/td><td>19.06.2025<\/td><td>04.06.2026<\/td><\/tr><tr><td>Tag der Deutschen Einheit<\/td><td>03.10.2025<\/td><td>03.10.2025<\/td><\/tr><tr><td>Allerheiligen<\/td><td>01.11.2025<\/td><td>01.11.2025<\/td><\/tr><tr><td>1. Weihnachtstag<\/td><td>25.12.2025<\/td><td>25.12.2025<\/td><\/tr><tr><td>2. Weihnachtstag<\/td><td>26.12.2025<\/td><td>26.12.2025<\/td><\/tr><\/tbody><\/table><\/figure>\n<\/div>\n<\/div>\n\n\n\n<div class=\"gb-tabs__item gb-tabs__item-427e96a4\" role=\"tabpanel\" id=\"gb-tab-item-427e96a4\">\n<div><h2 class=\"wp-block-heading\" id=\"ferien-in-nrw-2026-2027\">Ferien in NRW 2026 \/ 2027<\/h2>\n\n\n<div>\n<figure class=\"wp-block-table\"><table class=\"has-fixed-layout\"><thead><tr><th>Ferien<\/th><th>Von<\/th><th>Bis<\/th><\/tr><\/thead><tbody><tr><td>Sommerferien<\/td><td>20.07.2026<\/td><td>01.09.2026<\/td><\/tr><tr><td>Herbstferien<\/td><td>17.10.2026<\/td><td>17.10.2026<\/td><\/tr><tr><td>Weihnachtsferien<\/td><td>23.12.2026<\/td><td>06.01.2027<\/td><\/tr><tr><td>Winterferien<\/td><td>&#8211;<\/td><td>&#8211;<\/td><\/tr><tr><td>Osterferien<\/td><td>22.03.2027<\/td><td>03.04.2027<\/td><\/tr><tr><td>Pfingsferien<\/td><td>18.05.2027<\/td><td>18.05.2027<\/td><\/tr><\/tbody><\/table><\/figure>\n<\/div>\n\n\n\n<hr class=\"wp-block-separator has-alpha-channel-opacity\"\/>\n\n\n<h2 class=\"wp-block-heading\" id=\"feiertage-in-nrw-2026-2027\">Feiertage in NRW 2026 \/ 2027<\/h2>\n\n\n<figure class=\"wp-block-table\"><table class=\"has-fixed-layout\"><thead><tr><th>Name<\/th><th>2026<\/th><th>2027<\/th><\/tr><\/thead><tbody><tr><td>Neujahr<\/td><td>01.01.2026<\/td><td>01.01.2027<\/td><\/tr><tr><td>Heilige Drei K\u00f6nige<\/td><td>&#8211;<\/td><td>&#8211;<\/td><\/tr><tr><td>Karfreitag<\/td><td>03.04.2026<\/td><td>26.03.2027<\/td><\/tr><tr><td>Ostermontag<\/td><td>06.04.2026<\/td><td>29.03.2027<\/td><\/tr><tr><td>Tag der Arbeit<\/td><td>01.05.2026<\/td><td>01.05.2027<\/td><\/tr><tr><td>Christi Himmelfahrt<\/td><td>14.05.2026<\/td><td>13.05.2027<\/td><\/tr><tr><td>Pfingsmontag<\/td><td>25.05.2026<\/td><td>24.05.2027<\/td><\/tr><tr><td>Fronleichnam<\/td><td>04.06.2026<\/td><td>03.06.2027<\/td><\/tr><tr><td>Tag der Deutschen Einheit<\/td><td>03.10.2026<\/td><td>03.10.2027<\/td><\/tr><tr><td>Allerheiligen<\/td><td>01.11.2026<\/td><td>01.11.2027<\/td><\/tr><tr><td>1. Weihnachtstag<\/td><td>25.12.2026<\/td><td>25.12.2027<\/td><\/tr><tr><td>2. Weihnachtstag<\/td><td>26.12.2026<\/td><td>26.12.2027<\/td><\/tr><\/tbody><\/table><\/figure>\n<\/div>\n<\/div>\n<\/div>\n<\/div>\n<\/div>\n<\/div>\n\n\n\n<div>\n<div class=\"mb-4rem section-main gb-element-6c24fb97\" id=\"produkte\">\n<span class=\"gb-shape gb-shape-bc66b611 gb-shape--divider\"><svg xmlns=\"http:\/\/www.w3.org\/2000\/svg\" viewBox=\"0 0 1200 70\" preserveAspectRatio=\"none\"><path d=\"M670 50L600 0l-70 50H0v20h1200V50z\"><\/path><\/svg><\/span>\n\n\n\n<div class=\"container-main width-main\"><p class=\"gb-text font-h2 gb-text-804dd6a1\">Passende Arbeitsbl\u00e4tter zum Thema<\/p>\n\n<p class=\"gb-text font-h2 gb-text-e6efec23\"><em>Unterrichtsvorbereitung ganz einfach!<\/em><\/p>\n\n\n<div class=\"mb-4rem\"><div class=\"gb-looper-27d58d74\">\n<div class=\"gb-loop-item gb-loop-item-5a7b5b2c post-13327 produkt type-produkt status-publish has-post-thumbnail hentry artikelnummer-p12889 fach-sachunterricht klasse-klasse-1 klasse-klasse-2 klasse-klasse-3 klasse-klasse-4 schulform-grundschule thema-alpen thema-bundeslaender thema-landschaften thema-oesterreich thema-regionen thema-sehenswuerdigkeiten\"><p class=\"gb-text product-title gb-text-5df7e95f\"><a href=\"https:\/\/www.kohlverlag.de\/entdecke-oesterreich\/p12889?affiliateCode=themenseite&#038;mtm_campaign=themenseite&#038;mtm_kwd=produkt\">Entdecke \u00d6sterreich<\/a><\/p>\n\n\n<div class=\"gb-element-02313a6b\">\n<div class=\"gb-element-47f3f1d0\">\n<a href=\"https:\/\/www.kohlverlag.de\/entdecke-oesterreich\/p12889?affiliateCode=themenseite&#038;mtm_campaign=themenseite&#038;mtm_kwd=produkt\"><img loading=\"lazy\" decoding=\"async\" width=\"827\" height=\"1169\" data-media-id=\"6867\" class=\"gb-media-18ec4790\" src=\"https:\/\/www.kohlverlag.de\/themen\/wp-content\/uploads\/2025\/07\/12889.jpg\" alt=\"Entdecke \u00d6sterreich \u2013 P12889\" srcset=\"https:\/\/www.kohlverlag.de\/themen\/wp-content\/uploads\/2025\/07\/12889.jpg 827w, https:\/\/www.kohlverlag.de\/themen\/wp-content\/uploads\/2025\/07\/12889-212x300.jpg 212w, https:\/\/www.kohlverlag.de\/themen\/wp-content\/uploads\/2025\/07\/12889-724x1024.jpg 724w, https:\/\/www.kohlverlag.de\/themen\/wp-content\/uploads\/2025\/07\/12889-768x1086.jpg 768w\" sizes=\"auto, (max-width: 827px) 100vw, 827px\" \/><\/a>\n<\/div>\n<\/div>\n\n\n\n<div><a class=\"gb-text button-primary gb-text-2d1ce735\" href=\"\">zum Produkt<\/a>\n\n<\/div>\n<\/div>\n\n<div class=\"gb-loop-item gb-loop-item-5a7b5b2c post-13312 produkt type-produkt status-publish has-post-thumbnail hentry artikelnummer-p12604 fach-erdkunde klasse-klasse-10 klasse-klasse-3 klasse-klasse-4 klasse-klasse-5 klasse-klasse-6 klasse-klasse-7 klasse-klasse-8 klasse-klasse-9 schulform-foerderschule schulform-grundschule schulform-sekundarstufe-i thema-bundeslaender thema-deutschland thema-foerdermaterial thema-inklusion\"><p class=\"gb-text product-title gb-text-5df7e95f\"><a href=\"https:\/\/www.kohlverlag.de\/wir-entdecken-deutschland\/p12604?affiliateCode=themenseite&#038;mtm_campaign=themenseite&#038;mtm_kwd=produkt\">Wir entdecken Deutschland<\/a><\/p>\n\n\n<div class=\"gb-element-02313a6b\">\n<div class=\"gb-element-47f3f1d0\">\n<a href=\"https:\/\/www.kohlverlag.de\/wir-entdecken-deutschland\/p12604?affiliateCode=themenseite&#038;mtm_campaign=themenseite&#038;mtm_kwd=produkt\"><img loading=\"lazy\" decoding=\"async\" width=\"827\" height=\"1169\" data-media-id=\"6837\" class=\"gb-media-18ec4790\" src=\"https:\/\/www.kohlverlag.de\/themen\/wp-content\/uploads\/2025\/07\/12604.jpg\" alt=\"Wir entdecken Deutschland \u2013 P12604\" srcset=\"https:\/\/www.kohlverlag.de\/themen\/wp-content\/uploads\/2025\/07\/12604.jpg 827w, https:\/\/www.kohlverlag.de\/themen\/wp-content\/uploads\/2025\/07\/12604-212x300.jpg 212w, https:\/\/www.kohlverlag.de\/themen\/wp-content\/uploads\/2025\/07\/12604-724x1024.jpg 724w, https:\/\/www.kohlverlag.de\/themen\/wp-content\/uploads\/2025\/07\/12604-768x1086.jpg 768w\" sizes=\"auto, (max-width: 827px) 100vw, 827px\" \/><\/a>\n<\/div>\n<\/div>\n\n\n\n<div><a class=\"gb-text button-primary gb-text-2d1ce735\" href=\"\">zum Produkt<\/a>\n\n<a class=\"gb-text button-primary gb-text-7ca28532\" href=\"\">Leseprobe<\/a><\/div>\n<\/div>\n\n<div class=\"gb-loop-item gb-loop-item-5a7b5b2c post-12911 produkt type-produkt status-publish has-post-thumbnail hentry artikelnummer-p12490 fach-erdkunde fach-sachunterricht klasse-klasse-4 klasse-klasse-5 klasse-klasse-6 schulform-grundschule schulform-sekundarstufe-i thema-bundeslaender thema-deutschland thema-fluesse thema-gebirge thema-heimatkunde thema-heimatort thema-kultur thema-landkarten thema-landschaften\"><p class=\"gb-text product-title gb-text-5df7e95f\"><a href=\"https:\/\/www.kohlverlag.de\/schleswig-holstein\/p12490?affiliateCode=themenseite&#038;mtm_campaign=themenseite&#038;mtm_kwd=produkt\">Schleswig-Holstein<\/a><\/p>\n\n\n<div class=\"gb-element-02313a6b\">\n<div class=\"gb-element-47f3f1d0\">\n<a href=\"https:\/\/www.kohlverlag.de\/schleswig-holstein\/p12490?affiliateCode=themenseite&#038;mtm_campaign=themenseite&#038;mtm_kwd=produkt\"><img loading=\"lazy\" decoding=\"async\" width=\"827\" height=\"1169\" data-media-id=\"6041\" class=\"gb-media-18ec4790\" src=\"https:\/\/www.kohlverlag.de\/themen\/wp-content\/uploads\/2025\/07\/12490.jpg\" alt=\"Schleswig-Holstein \u2013 P12490\" srcset=\"https:\/\/www.kohlverlag.de\/themen\/wp-content\/uploads\/2025\/07\/12490.jpg 827w, https:\/\/www.kohlverlag.de\/themen\/wp-content\/uploads\/2025\/07\/12490-212x300.jpg 212w, https:\/\/www.kohlverlag.de\/themen\/wp-content\/uploads\/2025\/07\/12490-724x1024.jpg 724w, https:\/\/www.kohlverlag.de\/themen\/wp-content\/uploads\/2025\/07\/12490-768x1086.jpg 768w\" sizes=\"auto, (max-width: 827px) 100vw, 827px\" \/><\/a>\n<\/div>\n<\/div>\n\n\n\n<div><a class=\"gb-text button-primary gb-text-2d1ce735\" href=\"\">zum Produkt<\/a>\n\n<\/div>\n<\/div>\n\n<div class=\"gb-loop-item gb-loop-item-5a7b5b2c post-12713 produkt type-produkt status-publish has-post-thumbnail hentry artikelnummer-p11581 fach-erdkunde fach-sachunterricht klasse-klasse-3 klasse-klasse-4 klasse-klasse-5 klasse-klasse-6 schulform-grundschule schulform-sekundarstufe-i thema-alpen thema-bundeslaender thema-deutschland thema-fluesse thema-gebirge thema-landschaften\"><p class=\"gb-text product-title gb-text-5df7e95f\"><a href=\"https:\/\/www.kohlverlag.de\/lernwerkstatt-von-den-alpen-bis-zur-kueste\/p11581?affiliateCode=themenseite&#038;mtm_campaign=themenseite&#038;mtm_kwd=produkt\">Lernwerkstatt Von den Alpen bis zur K\u00fcste<\/a><\/p>\n\n\n<div class=\"gb-element-02313a6b\">\n<div class=\"gb-element-47f3f1d0\">\n<a href=\"https:\/\/www.kohlverlag.de\/lernwerkstatt-von-den-alpen-bis-zur-kueste\/p11581?affiliateCode=themenseite&#038;mtm_campaign=themenseite&#038;mtm_kwd=produkt\"><img loading=\"lazy\" decoding=\"async\" width=\"827\" height=\"1169\" data-media-id=\"5648\" class=\"gb-media-18ec4790\" src=\"https:\/\/www.kohlverlag.de\/themen\/wp-content\/uploads\/2025\/07\/11581.jpg\" alt=\"Lernwerkstatt Von den Alpen bis zur K\u00fcste \u2013 P11581\" srcset=\"https:\/\/www.kohlverlag.de\/themen\/wp-content\/uploads\/2025\/07\/11581.jpg 827w, https:\/\/www.kohlverlag.de\/themen\/wp-content\/uploads\/2025\/07\/11581-212x300.jpg 212w, https:\/\/www.kohlverlag.de\/themen\/wp-content\/uploads\/2025\/07\/11581-724x1024.jpg 724w, https:\/\/www.kohlverlag.de\/themen\/wp-content\/uploads\/2025\/07\/11581-768x1086.jpg 768w\" sizes=\"auto, (max-width: 827px) 100vw, 827px\" \/><\/a>\n<\/div>\n<\/div>\n\n\n\n<div><a class=\"gb-text button-primary gb-text-2d1ce735\" href=\"\">zum Produkt<\/a>\n\n<\/div>\n<\/div>\n\n<div class=\"gb-loop-item gb-loop-item-5a7b5b2c post-12674 produkt type-produkt status-publish has-post-thumbnail hentry artikelnummer-p11403 fach-erdkunde fach-sachunterricht klasse-klasse-3 klasse-klasse-4 klasse-klasse-5 klasse-klasse-6 schulform-grundschule schulform-sekundarstufe-i thema-bundeslaender thema-deutschland thema-fluesse thema-gebirge thema-hauptstaedte thema-heimatkunde thema-landschaften\"><p class=\"gb-text product-title gb-text-5df7e95f\"><a href=\"https:\/\/www.kohlverlag.de\/merktraining-deutschland\/p11403?affiliateCode=themenseite&#038;mtm_campaign=themenseite&#038;mtm_kwd=produkt\">Merktraining Deutschland<\/a><\/p>\n\n\n<div class=\"gb-element-02313a6b\">\n<div class=\"gb-element-47f3f1d0\">\n<a href=\"https:\/\/www.kohlverlag.de\/merktraining-deutschland\/p11403?affiliateCode=themenseite&#038;mtm_campaign=themenseite&#038;mtm_kwd=produkt\"><img loading=\"lazy\" decoding=\"async\" width=\"827\" height=\"1169\" data-media-id=\"5570\" class=\"gb-media-18ec4790\" src=\"https:\/\/www.kohlverlag.de\/themen\/wp-content\/uploads\/2025\/07\/11403.jpg\" alt=\"Merktraining Deutschland \u2013 P11403\" srcset=\"https:\/\/www.kohlverlag.de\/themen\/wp-content\/uploads\/2025\/07\/11403.jpg 827w, https:\/\/www.kohlverlag.de\/themen\/wp-content\/uploads\/2025\/07\/11403-212x300.jpg 212w, https:\/\/www.kohlverlag.de\/themen\/wp-content\/uploads\/2025\/07\/11403-724x1024.jpg 724w, https:\/\/www.kohlverlag.de\/themen\/wp-content\/uploads\/2025\/07\/11403-768x1086.jpg 768w\" sizes=\"auto, (max-width: 827px) 100vw, 827px\" \/><\/a>\n<\/div>\n<\/div>\n\n\n\n<div><a class=\"gb-text button-primary gb-text-2d1ce735\" href=\"\">zum Produkt<\/a>\n\n<\/div>\n<\/div>\n\n<div class=\"gb-loop-item gb-loop-item-5a7b5b2c post-12346 produkt type-produkt status-publish has-post-thumbnail hentry artikelnummer-p12943 fach-erdkunde klasse-klasse-10 klasse-klasse-5 klasse-klasse-6 klasse-klasse-7 klasse-klasse-8 klasse-klasse-9 schulform-sekundarstufe-i thema-bundeslaender thema-deutschland thema-raetsel thema-vertretungsstunden thema-zusatzaufgaben\"><p class=\"gb-text product-title gb-text-5df7e95f\"><a href=\"https:\/\/www.kohlverlag.de\/raetselbuch-zu-deutschlands-geografie\/p12943?affiliateCode=themenseite&#038;mtm_campaign=themenseite&#038;mtm_kwd=produkt\">R\u00e4tselbuch zu Deutschlands Geografie<\/a><\/p>\n\n\n<div class=\"gb-element-02313a6b\">\n<div class=\"gb-element-47f3f1d0\">\n<a href=\"https:\/\/www.kohlverlag.de\/raetselbuch-zu-deutschlands-geografie\/p12943?affiliateCode=themenseite&#038;mtm_campaign=themenseite&#038;mtm_kwd=produkt\"><img loading=\"lazy\" decoding=\"async\" width=\"827\" height=\"1169\" data-media-id=\"4919\" class=\"gb-media-18ec4790\" src=\"https:\/\/www.kohlverlag.de\/themen\/wp-content\/uploads\/2025\/07\/12943.jpg\" alt=\"R\u00e4tselbuch zu Deutschlands Geografie \u2013 P12943\" srcset=\"https:\/\/www.kohlverlag.de\/themen\/wp-content\/uploads\/2025\/07\/12943.jpg 827w, https:\/\/www.kohlverlag.de\/themen\/wp-content\/uploads\/2025\/07\/12943-212x300.jpg 212w, https:\/\/www.kohlverlag.de\/themen\/wp-content\/uploads\/2025\/07\/12943-724x1024.jpg 724w, https:\/\/www.kohlverlag.de\/themen\/wp-content\/uploads\/2025\/07\/12943-768x1086.jpg 768w\" sizes=\"auto, (max-width: 827px) 100vw, 827px\" \/><\/a>\n<\/div>\n<\/div>\n\n\n\n<div><a class=\"gb-text button-primary gb-text-2d1ce735\" href=\"\">zum Produkt<\/a>\n\n<\/div>\n<\/div>\n\n<div class=\"gb-loop-item gb-loop-item-5a7b5b2c post-12293 produkt type-produkt status-publish has-post-thumbnail hentry artikelnummer-p12320 fach-erdkunde fach-sachunterricht klasse-klasse-1 klasse-klasse-2 klasse-klasse-3 klasse-klasse-4 schulform-grundschule thema-bundeslaender thema-deutschland\"><p class=\"gb-text product-title gb-text-5df7e95f\"><a href=\"https:\/\/www.kohlverlag.de\/erforsche-unsere-heimat-deutschland\/p12320?affiliateCode=themenseite&#038;mtm_campaign=themenseite&#038;mtm_kwd=produkt\">Erforsche unsere Heimat Deutschland<\/a><\/p>\n\n\n<div class=\"gb-element-02313a6b\">\n<div class=\"gb-element-47f3f1d0\">\n<a href=\"https:\/\/www.kohlverlag.de\/erforsche-unsere-heimat-deutschland\/p12320?affiliateCode=themenseite&#038;mtm_campaign=themenseite&#038;mtm_kwd=produkt\"><img loading=\"lazy\" decoding=\"async\" width=\"827\" height=\"1169\" data-media-id=\"4814\" class=\"gb-media-18ec4790\" src=\"https:\/\/www.kohlverlag.de\/themen\/wp-content\/uploads\/2025\/07\/12320.jpg\" alt=\"Erforsche unsere Heimat Deutschland \u2013 P12320\" srcset=\"https:\/\/www.kohlverlag.de\/themen\/wp-content\/uploads\/2025\/07\/12320.jpg 827w, https:\/\/www.kohlverlag.de\/themen\/wp-content\/uploads\/2025\/07\/12320-212x300.jpg 212w, https:\/\/www.kohlverlag.de\/themen\/wp-content\/uploads\/2025\/07\/12320-724x1024.jpg 724w, https:\/\/www.kohlverlag.de\/themen\/wp-content\/uploads\/2025\/07\/12320-768x1086.jpg 768w\" sizes=\"auto, (max-width: 827px) 100vw, 827px\" \/><\/a>\n<\/div>\n<\/div>\n\n\n\n<div><a class=\"gb-text button-primary gb-text-2d1ce735\" href=\"\">zum Produkt<\/a>\n\n<\/div>\n<\/div>\n\n<div class=\"gb-loop-item gb-loop-item-5a7b5b2c post-12260 produkt type-produkt status-publish has-post-thumbnail hentry artikelnummer-p11320 fach-erdkunde klasse-klasse-10 klasse-klasse-5 klasse-klasse-6 klasse-klasse-7 klasse-klasse-8 klasse-klasse-9 schulform-sekundarstufe-i thema-allgemeinwissen thema-bundeslaender thema-erde thema-kontinente thema-kreuzwortraetsel thema-raetsel thema-selbstlernzeit thema-vertretungsstunden\"><p class=\"gb-text product-title gb-text-5df7e95f\"><a href=\"https:\/\/www.kohlverlag.de\/kreuzwortraetsel-erdkunde\/p11320?affiliateCode=themenseite&#038;mtm_campaign=themenseite&#038;mtm_kwd=produkt\">Kreuzwortr\u00e4tsel Erdkunde<\/a><\/p>\n\n\n<div class=\"gb-element-02313a6b\">\n<div class=\"gb-element-47f3f1d0\">\n<a href=\"https:\/\/www.kohlverlag.de\/kreuzwortraetsel-erdkunde\/p11320?affiliateCode=themenseite&#038;mtm_campaign=themenseite&#038;mtm_kwd=produkt\"><img loading=\"lazy\" decoding=\"async\" width=\"827\" height=\"1169\" data-media-id=\"4749\" class=\"gb-media-18ec4790\" src=\"https:\/\/www.kohlverlag.de\/themen\/wp-content\/uploads\/2025\/07\/11320.jpg\" alt=\"Kreuzwortr\u00e4tsel Erdkunde \u2013 P11320\" srcset=\"https:\/\/www.kohlverlag.de\/themen\/wp-content\/uploads\/2025\/07\/11320.jpg 827w, https:\/\/www.kohlverlag.de\/themen\/wp-content\/uploads\/2025\/07\/11320-212x300.jpg 212w, https:\/\/www.kohlverlag.de\/themen\/wp-content\/uploads\/2025\/07\/11320-724x1024.jpg 724w, https:\/\/www.kohlverlag.de\/themen\/wp-content\/uploads\/2025\/07\/11320-768x1086.jpg 768w\" sizes=\"auto, (max-width: 827px) 100vw, 827px\" \/><\/a>\n<\/div>\n<\/div>\n\n\n\n<div><a class=\"gb-text button-primary gb-text-2d1ce735\" href=\"\">zum Produkt<\/a>\n\n<\/div>\n<\/div>\n<\/div><\/div>\n<\/div>\n<\/div>\n<\/div>\n\n\n<div class=\"gb-container gb-container-54b17d19 mycontainer container-blog\">\n\n<hr class=\"wp-block-separator has-alpha-channel-opacity\"\/>\n\n\n<h2 class=\"gb-text font-h2\" id=\"welche-ferien-gibt-es-in-nrw\">Welche Ferien gibt es in NRW?<\/h2>\n\n\n<p>In NRW gibt es j\u00e4hrlich sechs verschiedene Ferienzeiten:<\/p>\n\n\n\n<ul class=\"wp-block-list\">\n<li><strong>Osterferien<\/strong> (zwei Wochen): Meist im M\u00e4rz oder April.<\/li>\n\n\n\n<li><strong>Pfingstferien<\/strong> (ein bis zwei Tage): Hier wird in NRW nur ein verl\u00e4ngertes Wochenende eingeplant.<\/li>\n\n\n\n<li><strong>Sommerferien<\/strong> (sechs Wochen): Enden meist Mitte bis Ende August.<\/li>\n\n\n\n<li><strong>Herbstferien<\/strong> (zwei Wochen): Im Oktober.<\/li>\n\n\n\n<li><strong>Weihnachtsferien<\/strong> (zwei Wochen): Um Weihnachten und Neujahr.<\/li>\n\n\n\n<li><strong>Bewegliche Ferientage<\/strong>: Diese liegen im Ermessen der Schulen und k\u00f6nnen f\u00fcr Br\u00fcckentage genutzt werden.<\/li>\n<\/ul>\n\n\n\n<p>Die genauen Termine f\u00fcr die Ferien werden j\u00e4hrlich von der Kultusministerkonferenz koordiniert und langfristig festgelegt, um den Ferienbeginn zwischen den Bundesl\u00e4ndern zu entzerren.<\/p>\n\n<\/div>\n\n<div class=\"gb-container gb-container-81127692 mycontainer container-blog\">\n<h2 class=\"wp-block-heading\" id=\"tipps-fuer-eltern-und-lehrer-die-ferien-sinnvoll-zu-gestalten\">Tipps f\u00fcr Eltern und Lehrer, die Ferien sinnvoll zu gestalten<\/h2>\n\n<h3 class=\"gb-headline gb-headline-8abeb09f gb-headline-text font-h3\" id=\"fuer-lehrer\">F\u00fcr Lehrer:<\/h3>\n\n\n<ol class=\"wp-block-list\">\n<li><strong>Planung und Reflexion:<\/strong> Nutze die Ferien, um Unterrichtsinhalte zu \u00fcberarbeiten oder neue Ideen f\u00fcr den Schulalltag zu entwickeln.<\/li>\n\n\n\n<li><strong>Fortbildung:<\/strong> Ferienzeiten eignen sich ideal f\u00fcr die Teilnahme an Workshops oder Seminaren.<\/li>\n\n\n\n<li><strong>Erholung nicht vergessen:<\/strong> Plane bewusst freie Tage ein, um neue Energie zu tanken.<\/li>\n<\/ol>\n\n\n<h3 class=\"gb-headline gb-headline-4e7300f8 gb-headline-text font-h3\" id=\"fuer-eltern\">F\u00fcr Eltern:<\/h3>\n\n\n<ol class=\"wp-block-list\">\n<li><strong>Strukturierter Tagesablauf:<\/strong> Vor allem in den l\u00e4ngeren Sommerferien hilft eine klare Tagesstruktur, Langeweile vorzubeugen.<\/li>\n\n\n\n<li><strong>Aktivit\u00e4ten und Ausfl\u00fcge:<\/strong> Besuche Museen, Freizeitparks oder Naturparks in NRW, um die Ferien spannend zu gestalten.<\/li>\n\n\n\n<li><strong>Sanfter \u00dcbergang:<\/strong> Plane gegen Ende der Ferien ein paar ruhige Tage ein, damit sich die Kinder langsam wieder an den Schulalltag gew\u00f6hnen k\u00f6nnen.<\/li>\n<\/ol>\n\n\n\n<hr class=\"wp-block-separator has-alpha-channel-opacity\"\/>\n\n\n<h2 class=\"wp-block-heading\" id=\"besonderheiten-in-nrw\">Besonderheiten in NRW<\/h2>\n\n\n<p>Eine Besonderheit in NRW sind die beweglichen Ferientage, die jede Schule individuell vergeben kann. Oft werden sie genutzt, um Br\u00fcckentage zu verl\u00e4ngern, z. B. nach Himmelfahrt oder Fronleichnam. Informiere dich fr\u00fchzeitig bei der Schule deines Kindes, um optimal planen zu k\u00f6nnen.<\/p>\n\n<\/div>","protected":false},"excerpt":{"rendered":"<p>Passende Arbeitsbl\u00e4tter zum Thema Unterrichtsvorbereitung ganz einfach! Welche Ferien gibt es in NRW? In NRW gibt es j\u00e4hrlich sechs verschiedene Ferienzeiten: Die genauen Termine f\u00fcr die Ferien werden j\u00e4hrlich von der Kultusministerkonferenz koordiniert und langfristig festgelegt, um den Ferienbeginn zwischen den Bundesl\u00e4ndern zu entzerren. Tipps f\u00fcr Eltern und Lehrer, die Ferien sinnvoll zu gestalten F\u00fcr &#8230; <a title=\"Ferien in NRW\" class=\"read-more\" href=\"https:\/\/www.kohlverlag.de\/themen\/ferien\/nrw\/\" aria-label=\"Mehr Informationen \u00fcber Ferien in NRW\">Weiterlesen<\/a><\/p>\n","protected":false},"author":1,"featured_media":10148,"parent":569,"menu_order":0,"comment_status":"closed","ping_status":"closed","template":"","meta":{"_acf_changed":false,"footnotes":""},"artikelnummer":[],"autorenname":[],"fach":[],"klasse":[],"produktgruppe":[],"schulform":[],"thema":[],"elementvorlage":[7],"vorlage-hero":[4889],"class_list":{"0":"post-1952","1":"page","2":"type-page","3":"status-publish","4":"has-post-thumbnail","6":"elementvorlage-beitrag","7":"vorlage-hero-hero-standard"},"acf":[],"_links":{"self":[{"href":"https:\/\/www.kohlverlag.de\/themen\/wp-json\/wp\/v2\/pages\/1952","targetHints":{"allow":["GET"]}}],"collection":[{"href":"https:\/\/www.kohlverlag.de\/themen\/wp-json\/wp\/v2\/pages"}],"about":[{"href":"https:\/\/www.kohlverlag.de\/themen\/wp-json\/wp\/v2\/types\/page"}],"author":[{"embeddable":true,"href":"https:\/\/www.kohlverlag.de\/themen\/wp-json\/wp\/v2\/users\/1"}],"replies":[{"embeddable":true,"href":"https:\/\/www.kohlverlag.de\/themen\/wp-json\/wp\/v2\/comments?post=1952"}],"version-history":[{"count":50,"href":"https:\/\/www.kohlverlag.de\/themen\/wp-json\/wp\/v2\/pages\/1952\/revisions"}],"predecessor-version":[{"id":15156,"href":"https:\/\/www.kohlverlag.de\/themen\/wp-json\/wp\/v2\/pages\/1952\/revisions\/15156"}],"up":[{"embeddable":true,"href":"https:\/\/www.kohlverlag.de\/themen\/wp-json\/wp\/v2\/pages\/569"}],"wp:featuredmedia":[{"embeddable":true,"href":"https:\/\/www.kohlverlag.de\/themen\/wp-json\/wp\/v2\/media\/10148"}],"wp:attachment":[{"href":"https:\/\/www.kohlverlag.de\/themen\/wp-json\/wp\/v2\/media?parent=1952"}],"wp:term":[{"taxonomy":"artikelnummer","embeddable":true,"href":"https:\/\/www.kohlverlag.de\/themen\/wp-json\/wp\/v2\/artikelnummer?post=1952"},{"taxonomy":"autorenname","embeddable":true,"href":"https:\/\/www.kohlverlag.de\/themen\/wp-json\/wp\/v2\/autorenname?post=1952"},{"taxonomy":"fach","embeddable":true,"href":"https:\/\/www.kohlverlag.de\/themen\/wp-json\/wp\/v2\/fach?post=1952"},{"taxonomy":"klasse","embeddable":true,"href":"https:\/\/www.kohlverlag.de\/themen\/wp-json\/wp\/v2\/klasse?post=1952"},{"taxonomy":"produktgruppe","embeddable":true,"href":"https:\/\/www.kohlverlag.de\/themen\/wp-json\/wp\/v2\/produktgruppe?post=1952"},{"taxonomy":"schulform","embeddable":true,"href":"https:\/\/www.kohlverlag.de\/themen\/wp-json\/wp\/v2\/schulform?post=1952"},{"taxonomy":"thema","embeddable":true,"href":"https:\/\/www.kohlverlag.de\/themen\/wp-json\/wp\/v2\/thema?post=1952"},{"taxonomy":"elementvorlage","embeddable":true,"href":"https:\/\/www.kohlverlag.de\/themen\/wp-json\/wp\/v2\/elementvorlage?post=1952"},{"taxonomy":"vorlage-hero","embeddable":true,"href":"https:\/\/www.kohlverlag.de\/themen\/wp-json\/wp\/v2\/vorlage-hero?post=1952"}],"curies":[{"name":"wp","href":"https:\/\/api.w.org\/{rel}","templated":true}]}}